{"id":32781,"date":"2022-12-21T20:15:01","date_gmt":"2022-12-21T20:15:01","guid":{"rendered":"https:\/\/blogsaverroes.juntadeandalucia.es\/colemediterraneo\/?page_id=32781"},"modified":"2022-12-21T20:15:01","modified_gmt":"2022-12-21T20:15:01","slug":"talleres-de-sadeco-en-ed-infantil","status":"publish","type":"page","link":"https:\/\/blogsaverroes.juntadeandalucia.es\/colemediterraneo\/cursos-anteriores\/curso-2023-2024\/ed-infantil\/talleres-de-sadeco-en-ed-infantil\/","title":{"rendered":"Talleres de SADECO en Ed. Infantil"},"content":{"rendered":"<p>El alumnado de Infantil ha realizado unos interesantes talleres ofrecidos por parte de la empresa SADECO en el que se trabaja la concienciaci\u00f3n del alumnado en cuestiones relacionadas con el reciclaje, la limpieza de nuestro entorno,&nbsp; la reducci\u00f3n de los residuos, etc.<\/p>\n<p>De una manera divertida y l\u00fadica se trabajan todos estos aspectos.&nbsp; Aqu\u00ed os dejamos unas im\u00e1genes de esta actividad:<\/p>\n<p><a href=\"https:\/\/blogsaverroes.juntadeandalucia.es\/colemediterraneo\/ed-infantil\/talleres-de-sadeco-en-ed-infantil\/img-20221215-wa0005\/\" rel=\"attachment wp-att-32783\"><img loading=\"lazy\" decoding=\"async\" class=\"alignnone size-large wp-image-32783\" src=\"https:\/\/blogsaverroes.juntadeandalucia.es\/colemediterraneo\/files\/2022\/12\/IMG-20221215-WA0005-1024x576.jpg\" alt=\"\" width=\"782\" height=\"440\" srcset=\"https:\/\/blogsaverroes.juntadeandalucia.es\/colemediterraneo\/files\/2022\/12\/IMG-20221215-WA0005-1024x576.jpg 1024w, https:\/\/blogsaverroes.juntadeandalucia.es\/colemediterraneo\/files\/2022\/12\/IMG-20221215-WA0005-300x169.jpg 300w, https:\/\/blogsaverroes.juntadeandalucia.es\/colemediterraneo\/files\/2022\/12\/IMG-20221215-WA0005-768x432.jpg 768w, https:\/\/blogsaverroes.juntadeandalucia.es\/colemediterraneo\/files\/2022\/12\/IMG-20221215-WA0005-1536x864.jpg 1536w, https:\/\/blogsaverroes.juntadeandalucia.es\/colemediterraneo\/files\/2022\/12\/IMG-20221215-WA0005.jpg 1600w\" sizes=\"(max-width: 782px) 100vw, 782px\" \/><\/a> <a href=\"https:\/\/blogsaverroes.juntadeandalucia.es\/colemediterraneo\/ed-infantil\/talleres-de-sadeco-en-ed-infantil\/img-20221215-wa0006\/\" rel=\"attachment wp-att-32784\"><img loading=\"lazy\" decoding=\"async\" class=\"alignnone size-large wp-image-32784\" src=\"https:\/\/blogsaverroes.juntadeandalucia.es\/colemediterraneo\/files\/2022\/12\/IMG-20221215-WA0006-1024x576.jpg\" alt=\"\" width=\"782\" height=\"440\" srcset=\"https:\/\/blogsaverroes.juntadeandalucia.es\/colemediterraneo\/files\/2022\/12\/IMG-20221215-WA0006-1024x576.jpg 1024w, https:\/\/blogsaverroes.juntadeandalucia.es\/colemediterraneo\/files\/2022\/12\/IMG-20221215-WA0006-300x169.jpg 300w, https:\/\/blogsaverroes.juntadeandalucia.es\/colemediterraneo\/files\/2022\/12\/IMG-20221215-WA0006-768x432.jpg 768w, https:\/\/blogsaverroes.juntadeandalucia.es\/colemediterraneo\/files\/2022\/12\/IMG-20221215-WA0006-1536x864.jpg 1536w, https:\/\/blogsaverroes.juntadeandalucia.es\/colemediterraneo\/files\/2022\/12\/IMG-20221215-WA0006.jpg 1600w\" sizes=\"(max-width: 782px) 100vw, 782px\" \/><\/a> <a href=\"https:\/\/blogsaverroes.juntadeandalucia.es\/colemediterraneo\/ed-infantil\/talleres-de-sadeco-en-ed-infantil\/img-20221215-wa0007\/\" rel=\"attachment wp-att-32785\"><img loading=\"lazy\" decoding=\"async\" class=\"alignnone size-large wp-image-32785\" src=\"https:\/\/blogsaverroes.juntadeandalucia.es\/colemediterraneo\/files\/2022\/12\/IMG-20221215-WA0007-1024x576.jpg\" alt=\"\" width=\"782\" height=\"440\" srcset=\"https:\/\/blogsaverroes.juntadeandalucia.es\/colemediterraneo\/files\/2022\/12\/IMG-20221215-WA0007-1024x576.jpg 1024w, https:\/\/blogsaverroes.juntadeandalucia.es\/colemediterraneo\/files\/2022\/12\/IMG-20221215-WA0007-300x169.jpg 300w, https:\/\/blogsaverroes.juntadeandalucia.es\/colemediterraneo\/files\/2022\/12\/IMG-20221215-WA0007-768x432.jpg 768w, https:\/\/blogsaverroes.juntadeandalucia.es\/colemediterraneo\/files\/2022\/12\/IMG-20221215-WA0007-1536x864.jpg 1536w, https:\/\/blogsaverroes.juntadeandalucia.es\/colemediterraneo\/files\/2022\/12\/IMG-20221215-WA0007.jpg 1600w\" sizes=\"(max-width: 782px) 100vw, 782px\" \/><\/a> <a href=\"https:\/\/blogsaverroes.juntadeandalucia.es\/colemediterraneo\/ed-infantil\/talleres-de-sadeco-en-ed-infantil\/img-20221215-wa0008\/\" rel=\"attachment wp-att-32786\"><img loading=\"lazy\" decoding=\"async\" class=\"alignnone size-large wp-image-32786\" src=\"https:\/\/blogsaverroes.juntadeandalucia.es\/colemediterraneo\/files\/2022\/12\/IMG-20221215-WA0008-1024x576.jpg\" alt=\"\" width=\"782\" height=\"440\" srcset=\"https:\/\/blogsaverroes.juntadeandalucia.es\/colemediterraneo\/files\/2022\/12\/IMG-20221215-WA0008-1024x576.jpg 1024w, https:\/\/blogsaverroes.juntadeandalucia.es\/colemediterraneo\/files\/2022\/12\/IMG-20221215-WA0008-300x169.jpg 300w, https:\/\/blogsaverroes.juntadeandalucia.es\/colemediterraneo\/files\/2022\/12\/IMG-20221215-WA0008-768x432.jpg 768w, https:\/\/blogsaverroes.juntadeandalucia.es\/colemediterraneo\/files\/2022\/12\/IMG-20221215-WA0008-1536x864.jpg 1536w, https:\/\/blogsaverroes.juntadeandalucia.es\/colemediterraneo\/files\/2022\/12\/IMG-20221215-WA0008.jpg 1600w\" sizes=\"(max-width: 782px) 100vw, 782px\" \/><\/a> <a href=\"https:\/\/blogsaverroes.juntadeandalucia.es\/colemediterraneo\/ed-infantil\/talleres-de-sadeco-en-ed-infantil\/img-20221215-wa0009\/\" rel=\"attachment wp-att-32787\"><img loading=\"lazy\" decoding=\"async\" class=\"alignnone size-large wp-image-32787\" src=\"https:\/\/blogsaverroes.juntadeandalucia.es\/colemediterraneo\/files\/2022\/12\/IMG-20221215-WA0009-1024x576.jpg\" alt=\"\" width=\"782\" height=\"440\" srcset=\"https:\/\/blogsaverroes.juntadeandalucia.es\/colemediterraneo\/files\/2022\/12\/IMG-20221215-WA0009-1024x576.jpg 1024w, https:\/\/blogsaverroes.juntadeandalucia.es\/colemediterraneo\/files\/2022\/12\/IMG-20221215-WA0009-300x169.jpg 300w, https:\/\/blogsaverroes.juntadeandalucia.es\/colemediterraneo\/files\/2022\/12\/IMG-20221215-WA0009-768x432.jpg 768w, https:\/\/blogsaverroes.juntadeandalucia.es\/colemediterraneo\/files\/2022\/12\/IMG-20221215-WA0009-1536x864.jpg 1536w, https:\/\/blogsaverroes.juntadeandalucia.es\/colemediterraneo\/files\/2022\/12\/IMG-20221215-WA0009.jpg 1600w\" sizes=\"(max-width: 782px) 100vw, 782px\" \/><\/a> <a href=\"https:\/\/blogsaverroes.juntadeandalucia.es\/colemediterraneo\/ed-infantil\/talleres-de-sadeco-en-ed-infantil\/img-20221215-wa0010\/\" rel=\"attachment wp-att-32788\"><img loading=\"lazy\" decoding=\"async\" class=\"alignnone size-large wp-image-32788\" src=\"https:\/\/blogsaverroes.juntadeandalucia.es\/colemediterraneo\/files\/2022\/12\/IMG-20221215-WA0010-1024x576.jpg\" alt=\"\" width=\"782\" height=\"440\" srcset=\"https:\/\/blogsaverroes.juntadeandalucia.es\/colemediterraneo\/files\/2022\/12\/IMG-20221215-WA0010-1024x576.jpg 1024w, https:\/\/blogsaverroes.juntadeandalucia.es\/colemediterraneo\/files\/2022\/12\/IMG-20221215-WA0010-300x169.jpg 300w, https:\/\/blogsaverroes.juntadeandalucia.es\/colemediterraneo\/files\/2022\/12\/IMG-20221215-WA0010-768x432.jpg 768w, https:\/\/blogsaverroes.juntadeandalucia.es\/colemediterraneo\/files\/2022\/12\/IMG-20221215-WA0010-1536x864.jpg 1536w, https:\/\/blogsaverroes.juntadeandalucia.es\/colemediterraneo\/files\/2022\/12\/IMG-20221215-WA0010.jpg 1600w\" sizes=\"(max-width: 782px) 100vw, 782px\" \/><\/a> <a href=\"https:\/\/blogsaverroes.juntadeandalucia.es\/colemediterraneo\/ed-infantil\/talleres-de-sadeco-en-ed-infantil\/img-20221215-wa0032\/\" rel=\"attachment wp-att-32789\"><img loading=\"lazy\" decoding=\"async\" class=\"alignnone size-large wp-image-32789\" src=\"https:\/\/blogsaverroes.juntadeandalucia.es\/colemediterraneo\/files\/2022\/12\/IMG-20221215-WA0032-1024x768.jpg\" alt=\"\" width=\"782\" height=\"587\" srcset=\"https:\/\/blogsaverroes.juntadeandalucia.es\/colemediterraneo\/files\/2022\/12\/IMG-20221215-WA0032-1024x768.jpg 1024w, https:\/\/blogsaverroes.juntadeandalucia.es\/colemediterraneo\/files\/2022\/12\/IMG-20221215-WA0032-300x225.jpg 300w, https:\/\/blogsaverroes.juntadeandalucia.es\/colemediterraneo\/files\/2022\/12\/IMG-20221215-WA0032-768x576.jpg 768w, https:\/\/blogsaverroes.juntadeandalucia.es\/colemediterraneo\/files\/2022\/12\/IMG-20221215-WA0032-1536x1152.jpg 1536w, https:\/\/blogsaverroes.juntadeandalucia.es\/colemediterraneo\/files\/2022\/12\/IMG-20221215-WA0032.jpg 1600w\" sizes=\"(max-width: 782px) 100vw, 782px\" \/><\/a> <a href=\"https:\/\/blogsaverroes.juntadeandalucia.es\/colemediterraneo\/ed-infantil\/talleres-de-sadeco-en-ed-infantil\/img-20221215-wa0033\/\" rel=\"attachment wp-att-32790\"><img loading=\"lazy\" decoding=\"async\" class=\"alignnone size-large wp-image-32790\" src=\"https:\/\/blogsaverroes.juntadeandalucia.es\/colemediterraneo\/files\/2022\/12\/IMG-20221215-WA0033-1024x768.jpg\" alt=\"\" width=\"782\" height=\"587\" srcset=\"https:\/\/blogsaverroes.juntadeandalucia.es\/colemediterraneo\/files\/2022\/12\/IMG-20221215-WA0033-1024x768.jpg 1024w, https:\/\/blogsaverroes.juntadeandalucia.es\/colemediterraneo\/files\/2022\/12\/IMG-20221215-WA0033-300x225.jpg 300w, https:\/\/blogsaverroes.juntadeandalucia.es\/colemediterraneo\/files\/2022\/12\/IMG-20221215-WA0033-768x576.jpg 768w, https:\/\/blogsaverroes.juntadeandalucia.es\/colemediterraneo\/files\/2022\/12\/IMG-20221215-WA0033-1536x1152.jpg 1536w, https:\/\/blogsaverroes.juntadeandalucia.es\/colemediterraneo\/files\/2022\/12\/IMG-20221215-WA0033.jpg 1600w\" sizes=\"(max-width: 782px) 100vw, 782px\" \/><\/a> <a href=\"https:\/\/blogsaverroes.juntadeandalucia.es\/colemediterraneo\/ed-infantil\/talleres-de-sadeco-en-ed-infantil\/img-20221215-wa0034\/\" rel=\"attachment wp-att-32791\"><img loading=\"lazy\" decoding=\"async\" class=\"alignnone size-large wp-image-32791\" src=\"https:\/\/blogsaverroes.juntadeandalucia.es\/colemediterraneo\/files\/2022\/12\/IMG-20221215-WA0034-1024x768.jpg\" alt=\"\" width=\"782\" height=\"587\" srcset=\"https:\/\/blogsaverroes.juntadeandalucia.es\/colemediterraneo\/files\/2022\/12\/IMG-20221215-WA0034-1024x768.jpg 1024w, https:\/\/blogsaverroes.juntadeandalucia.es\/colemediterraneo\/files\/2022\/12\/IMG-20221215-WA0034-300x225.jpg 300w, https:\/\/blogsaverroes.juntadeandalucia.es\/colemediterraneo\/files\/2022\/12\/IMG-20221215-WA0034-768x576.jpg 768w, https:\/\/blogsaverroes.juntadeandalucia.es\/colemediterraneo\/files\/2022\/12\/IMG-20221215-WA0034-1536x1152.jpg 1536w, https:\/\/blogsaverroes.juntadeandalucia.es\/colemediterraneo\/files\/2022\/12\/IMG-20221215-WA0034.jpg 1600w\" sizes=\"(max-width: 782px) 100vw, 782px\" \/><\/a> <a href=\"https:\/\/blogsaverroes.juntadeandalucia.es\/colemediterraneo\/ed-infantil\/talleres-de-sadeco-en-ed-infantil\/img-20221215-wa0035\/\" rel=\"attachment wp-att-32792\"><img loading=\"lazy\" decoding=\"async\" class=\"alignnone size-large wp-image-32792\" src=\"https:\/\/blogsaverroes.juntadeandalucia.es\/colemediterraneo\/files\/2022\/12\/IMG-20221215-WA0035-1024x768.jpg\" alt=\"\" width=\"782\" height=\"587\" srcset=\"https:\/\/blogsaverroes.juntadeandalucia.es\/colemediterraneo\/files\/2022\/12\/IMG-20221215-WA0035-1024x768.jpg 1024w, https:\/\/blogsaverroes.juntadeandalucia.es\/colemediterraneo\/files\/2022\/12\/IMG-20221215-WA0035-300x225.jpg 300w, https:\/\/blogsaverroes.juntadeandalucia.es\/colemediterraneo\/files\/2022\/12\/IMG-20221215-WA0035-768x576.jpg 768w, https:\/\/blogsaverroes.juntadeandalucia.es\/colemediterraneo\/files\/2022\/12\/IMG-20221215-WA0035-1536x1152.jpg 1536w, https:\/\/blogsaverroes.juntadeandalucia.es\/colemediterraneo\/files\/2022\/12\/IMG-20221215-WA0035.jpg 1600w\" sizes=\"(max-width: 782px) 100vw, 782px\" \/><\/a> <a href=\"https:\/\/blogsaverroes.juntadeandalucia.es\/colemediterraneo\/ed-infantil\/talleres-de-sadeco-en-ed-infantil\/img-20221215-wa0036\/\" rel=\"attachment wp-att-32793\"><img loading=\"lazy\" decoding=\"async\" class=\"alignnone size-large wp-image-32793\" src=\"https:\/\/blogsaverroes.juntadeandalucia.es\/colemediterraneo\/files\/2022\/12\/IMG-20221215-WA0036-768x1024.jpg\" alt=\"\" width=\"768\" height=\"1024\" srcset=\"https:\/\/blogsaverroes.juntadeandalucia.es\/colemediterraneo\/files\/2022\/12\/IMG-20221215-WA0036-768x1024.jpg 768w, https:\/\/blogsaverroes.juntadeandalucia.es\/colemediterraneo\/files\/2022\/12\/IMG-20221215-WA0036-225x300.jpg 225w, https:\/\/blogsaverroes.juntadeandalucia.es\/colemediterraneo\/files\/2022\/12\/IMG-20221215-WA0036-1152x1536.jpg 1152w, https:\/\/blogsaverroes.juntadeandalucia.es\/colemediterraneo\/files\/2022\/12\/IMG-20221215-WA0036.jpg 1200w\" sizes=\"(max-width: 768px) 100vw, 768px\" \/><\/a><\/p>\n","protected":false},"excerpt":{"rendered":"<p>El alumnado de Infantil ha realizado unos interesantes talleres ofrecidos por parte de la empresa SADECO en el que se trabaja la concienciaci\u00f3n del alumnado en cuestiones relacionadas con el reciclaje, la limpieza de nuestro entorno,&nbsp; la reducci\u00f3n de los residuos, etc. De una manera divertida y l\u00fadica se trabajan todos estos aspectos.&nbsp; Aqu\u00ed os &hellip; <\/p>\n<p><a class=\"more-link btn\" href=\"https:\/\/blogsaverroes.juntadeandalucia.es\/colemediterraneo\/cursos-anteriores\/curso-2023-2024\/ed-infantil\/talleres-de-sadeco-en-ed-infantil\/\">Seguir leyendo<\/a><\/p>\n","protected":false},"author":5888,"featured_media":0,"parent":32157,"menu_order":0,"comment_status":"closed","ping_status":"closed","template":"","meta":{"ngg_post_thumbnail":0,"footnotes":"","_mc_calendar":[]},"aioseo_notices":[],"post_mailing_queue_ids":[],"_links":{"self":[{"href":"https:\/\/blogsaverroes.juntadeandalucia.es\/colemediterraneo\/wp-json\/wp\/v2\/pages\/32781"}],"collection":[{"href":"https:\/\/blogsaverroes.juntadeandalucia.es\/colemediterraneo\/wp-json\/wp\/v2\/pages"}],"about":[{"href":"https:\/\/blogsaverroes.juntadeandalucia.es\/colemediterraneo\/wp-json\/wp\/v2\/types\/page"}],"author":[{"embeddable":true,"href":"https:\/\/blogsaverroes.juntadeandalucia.es\/colemediterraneo\/wp-json\/wp\/v2\/users\/5888"}],"replies":[{"embeddable":true,"href":"https:\/\/blogsaverroes.juntadeandalucia.es\/colemediterraneo\/wp-json\/wp\/v2\/comments?post=32781"}],"version-history":[{"count":3,"href":"https:\/\/blogsaverroes.juntadeandalucia.es\/colemediterraneo\/wp-json\/wp\/v2\/pages\/32781\/revisions"}],"predecessor-version":[{"id":32795,"href":"https:\/\/blogsaverroes.juntadeandalucia.es\/colemediterraneo\/wp-json\/wp\/v2\/pages\/32781\/revisions\/32795"}],"up":[{"embeddable":true,"href":"https:\/\/blogsaverroes.juntadeandalucia.es\/colemediterraneo\/wp-json\/wp\/v2\/pages\/32157"}],"wp:attachment":[{"href":"https:\/\/blogsaverroes.juntadeandalucia.es\/colemediterraneo\/wp-json\/wp\/v2\/media?parent=32781"}],"curies":[{"name":"wp","href":"https:\/\/api.w.org\/{rel}","templated":true}]}}