{"id":33976,"date":"2023-03-23T17:12:14","date_gmt":"2023-03-23T17:12:14","guid":{"rendered":"https:\/\/blogsaverroes.juntadeandalucia.es\/colemediterraneo\/?page_id=33976"},"modified":"2023-03-23T17:12:14","modified_gmt":"2023-03-23T17:12:14","slug":"nos-vamos-de-compras","status":"publish","type":"page","link":"https:\/\/blogsaverroes.juntadeandalucia.es\/colemediterraneo\/cursos-anteriores\/curso-2021-2022\/educacion-especial\/nos-vamos-de-compras\/","title":{"rendered":"Nos vamos de compras"},"content":{"rendered":"<p>El alumnado del Aula Tea ha salido a poner en pr\u00e1ctica el aprendizaje realizado dentro del aula.&nbsp; Despu\u00e9s de trabajar en su clase c\u00f3mo debemos realizar una compra, nuestros alumnos y alumnas han ido a las tiendas cercanas de barrio a poner en pr\u00e1ctica esta tarea.<\/p>\n<p>Aqu\u00ed os mostramos unas im\u00e1genes&#8230;<\/p>\n<p><a href=\"https:\/\/blogsaverroes.juntadeandalucia.es\/colemediterraneo\/cursos-anteriores\/curso-2021-2022\/educacion-especial\/nos-vamos-de-compras\/img-20230316-wa0026\/\" rel=\"attachment wp-att-33977\"><img loading=\"lazy\" decoding=\"async\" class=\"alignnone size-large wp-image-33977\" src=\"https:\/\/blogsaverroes.juntadeandalucia.es\/colemediterraneo\/files\/2023\/03\/IMG-20230316-WA0026-765x1024.jpg\" alt=\"\" width=\"765\" height=\"1024\" srcset=\"https:\/\/blogsaverroes.juntadeandalucia.es\/colemediterraneo\/files\/2023\/03\/IMG-20230316-WA0026-765x1024.jpg 765w, https:\/\/blogsaverroes.juntadeandalucia.es\/colemediterraneo\/files\/2023\/03\/IMG-20230316-WA0026-224x300.jpg 224w, https:\/\/blogsaverroes.juntadeandalucia.es\/colemediterraneo\/files\/2023\/03\/IMG-20230316-WA0026-768x1027.jpg 768w, https:\/\/blogsaverroes.juntadeandalucia.es\/colemediterraneo\/files\/2023\/03\/IMG-20230316-WA0026-1148x1536.jpg 1148w, https:\/\/blogsaverroes.juntadeandalucia.es\/colemediterraneo\/files\/2023\/03\/IMG-20230316-WA0026.jpg 1196w\" sizes=\"(max-width: 765px) 100vw, 765px\" \/><\/a> <a href=\"https:\/\/blogsaverroes.juntadeandalucia.es\/colemediterraneo\/cursos-anteriores\/curso-2021-2022\/educacion-especial\/nos-vamos-de-compras\/img-20230316-wa0027\/\" rel=\"attachment wp-att-33978\"><img loading=\"lazy\" decoding=\"async\" class=\"alignnone size-large wp-image-33978\" src=\"https:\/\/blogsaverroes.juntadeandalucia.es\/colemediterraneo\/files\/2023\/03\/IMG-20230316-WA0027-765x1024.jpg\" alt=\"\" width=\"765\" height=\"1024\" srcset=\"https:\/\/blogsaverroes.juntadeandalucia.es\/colemediterraneo\/files\/2023\/03\/IMG-20230316-WA0027-765x1024.jpg 765w, https:\/\/blogsaverroes.juntadeandalucia.es\/colemediterraneo\/files\/2023\/03\/IMG-20230316-WA0027-224x300.jpg 224w, https:\/\/blogsaverroes.juntadeandalucia.es\/colemediterraneo\/files\/2023\/03\/IMG-20230316-WA0027-768x1027.jpg 768w, https:\/\/blogsaverroes.juntadeandalucia.es\/colemediterraneo\/files\/2023\/03\/IMG-20230316-WA0027-1148x1536.jpg 1148w, https:\/\/blogsaverroes.juntadeandalucia.es\/colemediterraneo\/files\/2023\/03\/IMG-20230316-WA0027.jpg 1196w\" sizes=\"(max-width: 765px) 100vw, 765px\" \/><\/a> <a href=\"https:\/\/blogsaverroes.juntadeandalucia.es\/colemediterraneo\/cursos-anteriores\/curso-2021-2022\/educacion-especial\/nos-vamos-de-compras\/img-20230316-wa0028\/\" rel=\"attachment wp-att-33979\"><img loading=\"lazy\" decoding=\"async\" class=\"alignnone size-large wp-image-33979\" src=\"https:\/\/blogsaverroes.juntadeandalucia.es\/colemediterraneo\/files\/2023\/03\/IMG-20230316-WA0028-765x1024.jpg\" alt=\"\" width=\"765\" height=\"1024\" srcset=\"https:\/\/blogsaverroes.juntadeandalucia.es\/colemediterraneo\/files\/2023\/03\/IMG-20230316-WA0028-765x1024.jpg 765w, https:\/\/blogsaverroes.juntadeandalucia.es\/colemediterraneo\/files\/2023\/03\/IMG-20230316-WA0028-224x300.jpg 224w, https:\/\/blogsaverroes.juntadeandalucia.es\/colemediterraneo\/files\/2023\/03\/IMG-20230316-WA0028-768x1027.jpg 768w, https:\/\/blogsaverroes.juntadeandalucia.es\/colemediterraneo\/files\/2023\/03\/IMG-20230316-WA0028-1148x1536.jpg 1148w, https:\/\/blogsaverroes.juntadeandalucia.es\/colemediterraneo\/files\/2023\/03\/IMG-20230316-WA0028.jpg 1196w\" sizes=\"(max-width: 765px) 100vw, 765px\" \/><\/a> <a href=\"https:\/\/blogsaverroes.juntadeandalucia.es\/colemediterraneo\/cursos-anteriores\/curso-2021-2022\/educacion-especial\/nos-vamos-de-compras\/img-20230316-wa0029\/\" rel=\"attachment wp-att-33980\"><img loading=\"lazy\" decoding=\"async\" class=\"alignnone size-large wp-image-33980\" src=\"https:\/\/blogsaverroes.juntadeandalucia.es\/colemediterraneo\/files\/2023\/03\/IMG-20230316-WA0029-765x1024.jpg\" alt=\"\" width=\"765\" height=\"1024\" srcset=\"https:\/\/blogsaverroes.juntadeandalucia.es\/colemediterraneo\/files\/2023\/03\/IMG-20230316-WA0029-765x1024.jpg 765w, https:\/\/blogsaverroes.juntadeandalucia.es\/colemediterraneo\/files\/2023\/03\/IMG-20230316-WA0029-224x300.jpg 224w, https:\/\/blogsaverroes.juntadeandalucia.es\/colemediterraneo\/files\/2023\/03\/IMG-20230316-WA0029-768x1027.jpg 768w, https:\/\/blogsaverroes.juntadeandalucia.es\/colemediterraneo\/files\/2023\/03\/IMG-20230316-WA0029-1148x1536.jpg 1148w, https:\/\/blogsaverroes.juntadeandalucia.es\/colemediterraneo\/files\/2023\/03\/IMG-20230316-WA0029.jpg 1196w\" sizes=\"(max-width: 765px) 100vw, 765px\" \/><\/a> <a href=\"https:\/\/blogsaverroes.juntadeandalucia.es\/colemediterraneo\/cursos-anteriores\/curso-2021-2022\/educacion-especial\/nos-vamos-de-compras\/img-20230316-wa0030\/\" rel=\"attachment wp-att-33981\"><img loading=\"lazy\" decoding=\"async\" class=\"alignnone size-large wp-image-33981\" src=\"https:\/\/blogsaverroes.juntadeandalucia.es\/colemediterraneo\/files\/2023\/03\/IMG-20230316-WA0030-765x1024.jpg\" alt=\"\" width=\"765\" height=\"1024\" srcset=\"https:\/\/blogsaverroes.juntadeandalucia.es\/colemediterraneo\/files\/2023\/03\/IMG-20230316-WA0030-765x1024.jpg 765w, https:\/\/blogsaverroes.juntadeandalucia.es\/colemediterraneo\/files\/2023\/03\/IMG-20230316-WA0030-224x300.jpg 224w, https:\/\/blogsaverroes.juntadeandalucia.es\/colemediterraneo\/files\/2023\/03\/IMG-20230316-WA0030-768x1027.jpg 768w, https:\/\/blogsaverroes.juntadeandalucia.es\/colemediterraneo\/files\/2023\/03\/IMG-20230316-WA0030-1148x1536.jpg 1148w, https:\/\/blogsaverroes.juntadeandalucia.es\/colemediterraneo\/files\/2023\/03\/IMG-20230316-WA0030.jpg 1196w\" sizes=\"(max-width: 765px) 100vw, 765px\" \/><\/a> <a href=\"https:\/\/blogsaverroes.juntadeandalucia.es\/colemediterraneo\/cursos-anteriores\/curso-2021-2022\/educacion-especial\/nos-vamos-de-compras\/img-20230316-wa0031\/\" rel=\"attachment wp-att-33982\"><img loading=\"lazy\" decoding=\"async\" class=\"alignnone size-large wp-image-33982\" src=\"https:\/\/blogsaverroes.juntadeandalucia.es\/colemediterraneo\/files\/2023\/03\/IMG-20230316-WA0031-765x1024.jpg\" alt=\"\" width=\"765\" height=\"1024\" srcset=\"https:\/\/blogsaverroes.juntadeandalucia.es\/colemediterraneo\/files\/2023\/03\/IMG-20230316-WA0031-765x1024.jpg 765w, https:\/\/blogsaverroes.juntadeandalucia.es\/colemediterraneo\/files\/2023\/03\/IMG-20230316-WA0031-224x300.jpg 224w, https:\/\/blogsaverroes.juntadeandalucia.es\/colemediterraneo\/files\/2023\/03\/IMG-20230316-WA0031-768x1027.jpg 768w, https:\/\/blogsaverroes.juntadeandalucia.es\/colemediterraneo\/files\/2023\/03\/IMG-20230316-WA0031-1148x1536.jpg 1148w, https:\/\/blogsaverroes.juntadeandalucia.es\/colemediterraneo\/files\/2023\/03\/IMG-20230316-WA0031.jpg 1196w\" sizes=\"(max-width: 765px) 100vw, 765px\" \/><\/a><\/p>\n","protected":false},"excerpt":{"rendered":"<p>El alumnado del Aula Tea ha salido a poner en pr\u00e1ctica el aprendizaje realizado dentro del aula.&nbsp; Despu\u00e9s de trabajar en su clase c\u00f3mo debemos realizar una compra, nuestros alumnos y alumnas han ido a las tiendas cercanas de barrio a poner en pr\u00e1ctica esta tarea. Aqu\u00ed os mostramos unas im\u00e1genes&#8230;<\/p>\n","protected":false},"author":5888,"featured_media":0,"parent":29529,"menu_order":0,"comment_status":"closed","ping_status":"closed","template":"","meta":{"ngg_post_thumbnail":0,"footnotes":"","_mc_calendar":[]},"aioseo_notices":[],"post_mailing_queue_ids":[],"_links":{"self":[{"href":"https:\/\/blogsaverroes.juntadeandalucia.es\/colemediterraneo\/wp-json\/wp\/v2\/pages\/33976"}],"collection":[{"href":"https:\/\/blogsaverroes.juntadeandalucia.es\/colemediterraneo\/wp-json\/wp\/v2\/pages"}],"about":[{"href":"https:\/\/blogsaverroes.juntadeandalucia.es\/colemediterraneo\/wp-json\/wp\/v2\/types\/page"}],"author":[{"embeddable":true,"href":"https:\/\/blogsaverroes.juntadeandalucia.es\/colemediterraneo\/wp-json\/wp\/v2\/users\/5888"}],"replies":[{"embeddable":true,"href":"https:\/\/blogsaverroes.juntadeandalucia.es\/colemediterraneo\/wp-json\/wp\/v2\/comments?post=33976"}],"version-history":[{"count":2,"href":"https:\/\/blogsaverroes.juntadeandalucia.es\/colemediterraneo\/wp-json\/wp\/v2\/pages\/33976\/revisions"}],"predecessor-version":[{"id":33984,"href":"https:\/\/blogsaverroes.juntadeandalucia.es\/colemediterraneo\/wp-json\/wp\/v2\/pages\/33976\/revisions\/33984"}],"up":[{"embeddable":true,"href":"https:\/\/blogsaverroes.juntadeandalucia.es\/colemediterraneo\/wp-json\/wp\/v2\/pages\/29529"}],"wp:attachment":[{"href":"https:\/\/blogsaverroes.juntadeandalucia.es\/colemediterraneo\/wp-json\/wp\/v2\/media?parent=33976"}],"curies":[{"name":"wp","href":"https:\/\/api.w.org\/{rel}","templated":true}]}}