{"id":34845,"date":"2023-05-05T10:09:59","date_gmt":"2023-05-05T10:09:59","guid":{"rendered":"https:\/\/blogsaverroes.juntadeandalucia.es\/colemediterraneo\/?page_id=34845"},"modified":"2023-05-05T10:44:01","modified_gmt":"2023-05-05T10:44:01","slug":"aprendemos-mas-sobre-los-animales","status":"publish","type":"page","link":"https:\/\/blogsaverroes.juntadeandalucia.es\/colemediterraneo\/cursos-anteriores\/curso-2023-2024\/ed-infantil\/aprendemos-mas-sobre-los-animales\/","title":{"rendered":"Aprendemos m\u00e1s sobre los animales"},"content":{"rendered":"<p>Los alumnos de Magisterio preparan actividades para realizar sus pr\u00e1cticas con el alumnado.&nbsp; Aqu\u00ed os mostramos una de las sesiones llevadas a cabo en Infantil de 5 a\u00f1os aprovechando que en este momento est\u00e1n explicando el tema de los animales.<\/p>\n<p><a href=\"https:\/\/blogsaverroes.juntadeandalucia.es\/colemediterraneo\/ed-infantil\/aprendemos-mas-sobre-los-animales\/img-20230504-wa0040\/\" rel=\"attachment wp-att-34846\"><img loading=\"lazy\" decoding=\"async\" class=\"alignnone size-large wp-image-34846\" src=\"https:\/\/blogsaverroes.juntadeandalucia.es\/colemediterraneo\/files\/2023\/05\/IMG-20230504-WA0040-768x1024.jpg\" alt=\"\" width=\"768\" height=\"1024\" srcset=\"https:\/\/blogsaverroes.juntadeandalucia.es\/colemediterraneo\/files\/2023\/05\/IMG-20230504-WA0040-768x1024.jpg 768w, https:\/\/blogsaverroes.juntadeandalucia.es\/colemediterraneo\/files\/2023\/05\/IMG-20230504-WA0040-225x300.jpg 225w, https:\/\/blogsaverroes.juntadeandalucia.es\/colemediterraneo\/files\/2023\/05\/IMG-20230504-WA0040-1152x1536.jpg 1152w, https:\/\/blogsaverroes.juntadeandalucia.es\/colemediterraneo\/files\/2023\/05\/IMG-20230504-WA0040.jpg 1200w\" sizes=\"(max-width: 768px) 100vw, 768px\" \/><\/a> <a href=\"https:\/\/blogsaverroes.juntadeandalucia.es\/colemediterraneo\/ed-infantil\/aprendemos-mas-sobre-los-animales\/img-20230504-wa0041\/\" rel=\"attachment wp-att-34847\"><img loading=\"lazy\" decoding=\"async\" class=\"alignnone size-large wp-image-34847\" src=\"https:\/\/blogsaverroes.juntadeandalucia.es\/colemediterraneo\/files\/2023\/05\/IMG-20230504-WA0041-1024x768.jpg\" alt=\"\" width=\"782\" height=\"587\" srcset=\"https:\/\/blogsaverroes.juntadeandalucia.es\/colemediterraneo\/files\/2023\/05\/IMG-20230504-WA0041-1024x768.jpg 1024w, https:\/\/blogsaverroes.juntadeandalucia.es\/colemediterraneo\/files\/2023\/05\/IMG-20230504-WA0041-300x225.jpg 300w, https:\/\/blogsaverroes.juntadeandalucia.es\/colemediterraneo\/files\/2023\/05\/IMG-20230504-WA0041-768x576.jpg 768w, https:\/\/blogsaverroes.juntadeandalucia.es\/colemediterraneo\/files\/2023\/05\/IMG-20230504-WA0041-1536x1152.jpg 1536w, https:\/\/blogsaverroes.juntadeandalucia.es\/colemediterraneo\/files\/2023\/05\/IMG-20230504-WA0041.jpg 1600w\" sizes=\"(max-width: 782px) 100vw, 782px\" \/><\/a> <a href=\"https:\/\/blogsaverroes.juntadeandalucia.es\/colemediterraneo\/ed-infantil\/aprendemos-mas-sobre-los-animales\/img-20230504-wa0042\/\" rel=\"attachment wp-att-34848\"><img loading=\"lazy\" decoding=\"async\" class=\"alignnone size-large wp-image-34848\" src=\"https:\/\/blogsaverroes.juntadeandalucia.es\/colemediterraneo\/files\/2023\/05\/IMG-20230504-WA0042-1024x768.jpg\" alt=\"\" width=\"782\" height=\"587\" srcset=\"https:\/\/blogsaverroes.juntadeandalucia.es\/colemediterraneo\/files\/2023\/05\/IMG-20230504-WA0042-1024x768.jpg 1024w, https:\/\/blogsaverroes.juntadeandalucia.es\/colemediterraneo\/files\/2023\/05\/IMG-20230504-WA0042-300x225.jpg 300w, https:\/\/blogsaverroes.juntadeandalucia.es\/colemediterraneo\/files\/2023\/05\/IMG-20230504-WA0042-768x576.jpg 768w, https:\/\/blogsaverroes.juntadeandalucia.es\/colemediterraneo\/files\/2023\/05\/IMG-20230504-WA0042-1536x1152.jpg 1536w, https:\/\/blogsaverroes.juntadeandalucia.es\/colemediterraneo\/files\/2023\/05\/IMG-20230504-WA0042.jpg 1600w\" sizes=\"(max-width: 782px) 100vw, 782px\" \/><\/a> <a href=\"https:\/\/blogsaverroes.juntadeandalucia.es\/colemediterraneo\/ed-infantil\/aprendemos-mas-sobre-los-animales\/img-20230504-wa0043\/\" rel=\"attachment wp-att-34849\"><img loading=\"lazy\" decoding=\"async\" class=\"alignnone size-large wp-image-34849\" src=\"https:\/\/blogsaverroes.juntadeandalucia.es\/colemediterraneo\/files\/2023\/05\/IMG-20230504-WA0043-768x1024.jpg\" alt=\"\" width=\"768\" height=\"1024\" srcset=\"https:\/\/blogsaverroes.juntadeandalucia.es\/colemediterraneo\/files\/2023\/05\/IMG-20230504-WA0043-768x1024.jpg 768w, https:\/\/blogsaverroes.juntadeandalucia.es\/colemediterraneo\/files\/2023\/05\/IMG-20230504-WA0043-225x300.jpg 225w, https:\/\/blogsaverroes.juntadeandalucia.es\/colemediterraneo\/files\/2023\/05\/IMG-20230504-WA0043-1152x1536.jpg 1152w, https:\/\/blogsaverroes.juntadeandalucia.es\/colemediterraneo\/files\/2023\/05\/IMG-20230504-WA0043.jpg 1200w\" sizes=\"(max-width: 768px) 100vw, 768px\" \/><\/a> <a href=\"https:\/\/blogsaverroes.juntadeandalucia.es\/colemediterraneo\/ed-infantil\/aprendemos-mas-sobre-los-animales\/img-20230504-wa0044\/\" rel=\"attachment wp-att-34850\"><img loading=\"lazy\" decoding=\"async\" class=\"alignnone size-large wp-image-34850\" src=\"https:\/\/blogsaverroes.juntadeandalucia.es\/colemediterraneo\/files\/2023\/05\/IMG-20230504-WA0044-1024x768.jpg\" alt=\"\" width=\"782\" height=\"587\" srcset=\"https:\/\/blogsaverroes.juntadeandalucia.es\/colemediterraneo\/files\/2023\/05\/IMG-20230504-WA0044-1024x768.jpg 1024w, https:\/\/blogsaverroes.juntadeandalucia.es\/colemediterraneo\/files\/2023\/05\/IMG-20230504-WA0044-300x225.jpg 300w, https:\/\/blogsaverroes.juntadeandalucia.es\/colemediterraneo\/files\/2023\/05\/IMG-20230504-WA0044-768x576.jpg 768w, https:\/\/blogsaverroes.juntadeandalucia.es\/colemediterraneo\/files\/2023\/05\/IMG-20230504-WA0044-1536x1152.jpg 1536w, https:\/\/blogsaverroes.juntadeandalucia.es\/colemediterraneo\/files\/2023\/05\/IMG-20230504-WA0044.jpg 1600w\" sizes=\"(max-width: 782px) 100vw, 782px\" \/><\/a> <a href=\"https:\/\/blogsaverroes.juntadeandalucia.es\/colemediterraneo\/ed-infantil\/aprendemos-mas-sobre-los-animales\/img-20230504-wa0045\/\" rel=\"attachment wp-att-34851\"><img loading=\"lazy\" decoding=\"async\" class=\"alignnone size-large wp-image-34851\" src=\"https:\/\/blogsaverroes.juntadeandalucia.es\/colemediterraneo\/files\/2023\/05\/IMG-20230504-WA0045-1024x768.jpg\" alt=\"\" width=\"782\" height=\"587\" srcset=\"https:\/\/blogsaverroes.juntadeandalucia.es\/colemediterraneo\/files\/2023\/05\/IMG-20230504-WA0045-1024x768.jpg 1024w, https:\/\/blogsaverroes.juntadeandalucia.es\/colemediterraneo\/files\/2023\/05\/IMG-20230504-WA0045-300x225.jpg 300w, https:\/\/blogsaverroes.juntadeandalucia.es\/colemediterraneo\/files\/2023\/05\/IMG-20230504-WA0045-768x576.jpg 768w, https:\/\/blogsaverroes.juntadeandalucia.es\/colemediterraneo\/files\/2023\/05\/IMG-20230504-WA0045-1536x1152.jpg 1536w, https:\/\/blogsaverroes.juntadeandalucia.es\/colemediterraneo\/files\/2023\/05\/IMG-20230504-WA0045.jpg 1600w\" sizes=\"(max-width: 782px) 100vw, 782px\" \/><\/a> <a href=\"https:\/\/blogsaverroes.juntadeandalucia.es\/colemediterraneo\/ed-infantil\/aprendemos-mas-sobre-los-animales\/img-20230504-wa0046\/\" rel=\"attachment wp-att-34852\"><img loading=\"lazy\" decoding=\"async\" class=\"alignnone size-large wp-image-34852\" src=\"https:\/\/blogsaverroes.juntadeandalucia.es\/colemediterraneo\/files\/2023\/05\/IMG-20230504-WA0046-768x1024.jpg\" alt=\"\" width=\"768\" height=\"1024\" srcset=\"https:\/\/blogsaverroes.juntadeandalucia.es\/colemediterraneo\/files\/2023\/05\/IMG-20230504-WA0046-768x1024.jpg 768w, https:\/\/blogsaverroes.juntadeandalucia.es\/colemediterraneo\/files\/2023\/05\/IMG-20230504-WA0046-225x300.jpg 225w, https:\/\/blogsaverroes.juntadeandalucia.es\/colemediterraneo\/files\/2023\/05\/IMG-20230504-WA0046-1152x1536.jpg 1152w, https:\/\/blogsaverroes.juntadeandalucia.es\/colemediterraneo\/files\/2023\/05\/IMG-20230504-WA0046.jpg 1200w\" sizes=\"(max-width: 768px) 100vw, 768px\" \/><\/a> <a href=\"https:\/\/blogsaverroes.juntadeandalucia.es\/colemediterraneo\/ed-infantil\/aprendemos-mas-sobre-los-animales\/img-20230504-wa0047\/\" rel=\"attachment wp-att-34853\"><img loading=\"lazy\" decoding=\"async\" class=\"alignnone size-large wp-image-34853\" src=\"https:\/\/blogsaverroes.juntadeandalucia.es\/colemediterraneo\/files\/2023\/05\/IMG-20230504-WA0047-1024x768.jpg\" alt=\"\" width=\"782\" height=\"587\" srcset=\"https:\/\/blogsaverroes.juntadeandalucia.es\/colemediterraneo\/files\/2023\/05\/IMG-20230504-WA0047-1024x768.jpg 1024w, https:\/\/blogsaverroes.juntadeandalucia.es\/colemediterraneo\/files\/2023\/05\/IMG-20230504-WA0047-300x225.jpg 300w, https:\/\/blogsaverroes.juntadeandalucia.es\/colemediterraneo\/files\/2023\/05\/IMG-20230504-WA0047-768x576.jpg 768w, https:\/\/blogsaverroes.juntadeandalucia.es\/colemediterraneo\/files\/2023\/05\/IMG-20230504-WA0047-1536x1152.jpg 1536w, https:\/\/blogsaverroes.juntadeandalucia.es\/colemediterraneo\/files\/2023\/05\/IMG-20230504-WA0047.jpg 1600w\" sizes=\"(max-width: 782px) 100vw, 782px\" \/><\/a> <a href=\"https:\/\/blogsaverroes.juntadeandalucia.es\/colemediterraneo\/ed-infantil\/aprendemos-mas-sobre-los-animales\/img-20230504-wa0048\/\" rel=\"attachment wp-att-34854\"><img loading=\"lazy\" decoding=\"async\" class=\"alignnone size-large wp-image-34854\" src=\"https:\/\/blogsaverroes.juntadeandalucia.es\/colemediterraneo\/files\/2023\/05\/IMG-20230504-WA0048-1024x768.jpg\" alt=\"\" width=\"782\" height=\"587\" srcset=\"https:\/\/blogsaverroes.juntadeandalucia.es\/colemediterraneo\/files\/2023\/05\/IMG-20230504-WA0048-1024x768.jpg 1024w, https:\/\/blogsaverroes.juntadeandalucia.es\/colemediterraneo\/files\/2023\/05\/IMG-20230504-WA0048-300x225.jpg 300w, https:\/\/blogsaverroes.juntadeandalucia.es\/colemediterraneo\/files\/2023\/05\/IMG-20230504-WA0048-768x576.jpg 768w, https:\/\/blogsaverroes.juntadeandalucia.es\/colemediterraneo\/files\/2023\/05\/IMG-20230504-WA0048-1536x1152.jpg 1536w, https:\/\/blogsaverroes.juntadeandalucia.es\/colemediterraneo\/files\/2023\/05\/IMG-20230504-WA0048.jpg 1600w\" sizes=\"(max-width: 782px) 100vw, 782px\" \/><\/a> <a href=\"https:\/\/blogsaverroes.juntadeandalucia.es\/colemediterraneo\/ed-infantil\/aprendemos-mas-sobre-los-animales\/img-20230504-wa0049\/\" rel=\"attachment wp-att-34855\"><img loading=\"lazy\" decoding=\"async\" class=\"alignnone size-large wp-image-34855\" src=\"https:\/\/blogsaverroes.juntadeandalucia.es\/colemediterraneo\/files\/2023\/05\/IMG-20230504-WA0049-768x1024.jpg\" alt=\"\" width=\"768\" height=\"1024\" srcset=\"https:\/\/blogsaverroes.juntadeandalucia.es\/colemediterraneo\/files\/2023\/05\/IMG-20230504-WA0049-768x1024.jpg 768w, https:\/\/blogsaverroes.juntadeandalucia.es\/colemediterraneo\/files\/2023\/05\/IMG-20230504-WA0049-225x300.jpg 225w, https:\/\/blogsaverroes.juntadeandalucia.es\/colemediterraneo\/files\/2023\/05\/IMG-20230504-WA0049-1152x1536.jpg 1152w, https:\/\/blogsaverroes.juntadeandalucia.es\/colemediterraneo\/files\/2023\/05\/IMG-20230504-WA0049.jpg 1200w\" sizes=\"(max-width: 768px) 100vw, 768px\" \/><\/a> <a href=\"https:\/\/blogsaverroes.juntadeandalucia.es\/colemediterraneo\/ed-infantil\/aprendemos-mas-sobre-los-animales\/img-20230504-wa0050\/\" rel=\"attachment wp-att-34856\"><img loading=\"lazy\" decoding=\"async\" class=\"alignnone size-large wp-image-34856\" src=\"https:\/\/blogsaverroes.juntadeandalucia.es\/colemediterraneo\/files\/2023\/05\/IMG-20230504-WA0050-768x1024.jpg\" alt=\"\" width=\"768\" height=\"1024\" srcset=\"https:\/\/blogsaverroes.juntadeandalucia.es\/colemediterraneo\/files\/2023\/05\/IMG-20230504-WA0050-768x1024.jpg 768w, https:\/\/blogsaverroes.juntadeandalucia.es\/colemediterraneo\/files\/2023\/05\/IMG-20230504-WA0050-225x300.jpg 225w, https:\/\/blogsaverroes.juntadeandalucia.es\/colemediterraneo\/files\/2023\/05\/IMG-20230504-WA0050-1152x1536.jpg 1152w, https:\/\/blogsaverroes.juntadeandalucia.es\/colemediterraneo\/files\/2023\/05\/IMG-20230504-WA0050.jpg 1200w\" sizes=\"(max-width: 768px) 100vw, 768px\" \/><\/a> <a href=\"https:\/\/blogsaverroes.juntadeandalucia.es\/colemediterraneo\/ed-infantil\/aprendemos-mas-sobre-los-animales\/img-20230504-wa0051\/\" rel=\"attachment wp-att-34857\"><img loading=\"lazy\" decoding=\"async\" class=\"alignnone size-large wp-image-34857\" src=\"https:\/\/blogsaverroes.juntadeandalucia.es\/colemediterraneo\/files\/2023\/05\/IMG-20230504-WA0051-768x1024.jpg\" alt=\"\" width=\"768\" height=\"1024\" srcset=\"https:\/\/blogsaverroes.juntadeandalucia.es\/colemediterraneo\/files\/2023\/05\/IMG-20230504-WA0051-768x1024.jpg 768w, https:\/\/blogsaverroes.juntadeandalucia.es\/colemediterraneo\/files\/2023\/05\/IMG-20230504-WA0051-225x300.jpg 225w, https:\/\/blogsaverroes.juntadeandalucia.es\/colemediterraneo\/files\/2023\/05\/IMG-20230504-WA0051-1152x1536.jpg 1152w, https:\/\/blogsaverroes.juntadeandalucia.es\/colemediterraneo\/files\/2023\/05\/IMG-20230504-WA0051.jpg 1200w\" sizes=\"(max-width: 768px) 100vw, 768px\" \/><\/a><\/p>\n","protected":false},"excerpt":{"rendered":"<p>Los alumnos de Magisterio preparan actividades para realizar sus pr\u00e1cticas con el alumnado.&nbsp; Aqu\u00ed os mostramos una de las sesiones llevadas a cabo en Infantil de 5 a\u00f1os aprovechando que en este momento est\u00e1n explicando el tema de los animales.<\/p>\n","protected":false},"author":5888,"featured_media":0,"parent":32157,"menu_order":0,"comment_status":"closed","ping_status":"closed","template":"","meta":{"ngg_post_thumbnail":0,"footnotes":"","_mc_calendar":[]},"aioseo_notices":[],"post_mailing_queue_ids":[],"_links":{"self":[{"href":"https:\/\/blogsaverroes.juntadeandalucia.es\/colemediterraneo\/wp-json\/wp\/v2\/pages\/34845"}],"collection":[{"href":"https:\/\/blogsaverroes.juntadeandalucia.es\/colemediterraneo\/wp-json\/wp\/v2\/pages"}],"about":[{"href":"https:\/\/blogsaverroes.juntadeandalucia.es\/colemediterraneo\/wp-json\/wp\/v2\/types\/page"}],"author":[{"embeddable":true,"href":"https:\/\/blogsaverroes.juntadeandalucia.es\/colemediterraneo\/wp-json\/wp\/v2\/users\/5888"}],"replies":[{"embeddable":true,"href":"https:\/\/blogsaverroes.juntadeandalucia.es\/colemediterraneo\/wp-json\/wp\/v2\/comments?post=34845"}],"version-history":[{"count":2,"href":"https:\/\/blogsaverroes.juntadeandalucia.es\/colemediterraneo\/wp-json\/wp\/v2\/pages\/34845\/revisions"}],"predecessor-version":[{"id":34859,"href":"https:\/\/blogsaverroes.juntadeandalucia.es\/colemediterraneo\/wp-json\/wp\/v2\/pages\/34845\/revisions\/34859"}],"up":[{"embeddable":true,"href":"https:\/\/blogsaverroes.juntadeandalucia.es\/colemediterraneo\/wp-json\/wp\/v2\/pages\/32157"}],"wp:attachment":[{"href":"https:\/\/blogsaverroes.juntadeandalucia.es\/colemediterraneo\/wp-json\/wp\/v2\/media?parent=34845"}],"curies":[{"name":"wp","href":"https:\/\/api.w.org\/{rel}","templated":true}]}}