{"id":34953,"date":"2023-05-12T09:16:49","date_gmt":"2023-05-12T09:16:49","guid":{"rendered":"https:\/\/blogsaverroes.juntadeandalucia.es\/colemediterraneo\/?page_id=34953"},"modified":"2023-05-12T09:17:02","modified_gmt":"2023-05-12T09:17:02","slug":"jornadas-digitales","status":"publish","type":"page","link":"https:\/\/blogsaverroes.juntadeandalucia.es\/colemediterraneo\/cursos-anteriores\/curso-2023-2024\/primer-ciclo\/jornadas-digitales\/","title":{"rendered":"Jornadas digitales"},"content":{"rendered":"<p>Seguimos llevando a cabo jornadas digitales en las distintas aulas. Estas sesiones est\u00e1n dise\u00f1adas para acercar a nuestro alumnado a estas tecnolog\u00edas que usar\u00e1n en un futuro cercano.<\/p>\n<p style=\"text-align: center\"><a href=\"https:\/\/blogsaverroes.juntadeandalucia.es\/colemediterraneo\/primer-ciclo\/jornadas-digitales\/img-20230508-wa0028\/\" rel=\"attachment wp-att-34955\"><img loading=\"lazy\" decoding=\"async\" class=\"alignnone size-full wp-image-34955\" src=\"https:\/\/blogsaverroes.juntadeandalucia.es\/colemediterraneo\/files\/2023\/05\/IMG-20230508-WA0028.jpg\" alt=\"\" width=\"700\" height=\"394\" srcset=\"https:\/\/blogsaverroes.juntadeandalucia.es\/colemediterraneo\/files\/2023\/05\/IMG-20230508-WA0028.jpg 700w, https:\/\/blogsaverroes.juntadeandalucia.es\/colemediterraneo\/files\/2023\/05\/IMG-20230508-WA0028-300x169.jpg 300w\" sizes=\"(max-width: 700px) 100vw, 700px\" \/><\/a> <a href=\"https:\/\/blogsaverroes.juntadeandalucia.es\/colemediterraneo\/primer-ciclo\/jornadas-digitales\/img-20230508-wa0029\/\" rel=\"attachment wp-att-34956\"><img loading=\"lazy\" decoding=\"async\" class=\"alignnone size-large wp-image-34956\" src=\"https:\/\/blogsaverroes.juntadeandalucia.es\/colemediterraneo\/files\/2023\/05\/IMG-20230508-WA0029.jpg\" alt=\"\" width=\"700\" height=\"394\" srcset=\"https:\/\/blogsaverroes.juntadeandalucia.es\/colemediterraneo\/files\/2023\/05\/IMG-20230508-WA0029.jpg 700w, https:\/\/blogsaverroes.juntadeandalucia.es\/colemediterraneo\/files\/2023\/05\/IMG-20230508-WA0029-300x169.jpg 300w\" sizes=\"(max-width: 700px) 100vw, 700px\" \/><\/a><\/p>\n","protected":false},"excerpt":{"rendered":"<p>Seguimos llevando a cabo jornadas digitales en las distintas aulas. Estas sesiones est\u00e1n dise\u00f1adas para acercar a nuestro alumnado a estas tecnolog\u00edas que usar\u00e1n en un futuro cercano.<\/p>\n","protected":false},"author":5888,"featured_media":0,"parent":32160,"menu_order":0,"comment_status":"closed","ping_status":"closed","template":"","meta":{"ngg_post_thumbnail":0,"footnotes":"","_mc_calendar":[]},"aioseo_notices":[],"post_mailing_queue_ids":[],"_links":{"self":[{"href":"https:\/\/blogsaverroes.juntadeandalucia.es\/colemediterraneo\/wp-json\/wp\/v2\/pages\/34953"}],"collection":[{"href":"https:\/\/blogsaverroes.juntadeandalucia.es\/colemediterraneo\/wp-json\/wp\/v2\/pages"}],"about":[{"href":"https:\/\/blogsaverroes.juntadeandalucia.es\/colemediterraneo\/wp-json\/wp\/v2\/types\/page"}],"author":[{"embeddable":true,"href":"https:\/\/blogsaverroes.juntadeandalucia.es\/colemediterraneo\/wp-json\/wp\/v2\/users\/5888"}],"replies":[{"embeddable":true,"href":"https:\/\/blogsaverroes.juntadeandalucia.es\/colemediterraneo\/wp-json\/wp\/v2\/comments?post=34953"}],"version-history":[{"count":3,"href":"https:\/\/blogsaverroes.juntadeandalucia.es\/colemediterraneo\/wp-json\/wp\/v2\/pages\/34953\/revisions"}],"predecessor-version":[{"id":34958,"href":"https:\/\/blogsaverroes.juntadeandalucia.es\/colemediterraneo\/wp-json\/wp\/v2\/pages\/34953\/revisions\/34958"}],"up":[{"embeddable":true,"href":"https:\/\/blogsaverroes.juntadeandalucia.es\/colemediterraneo\/wp-json\/wp\/v2\/pages\/32160"}],"wp:attachment":[{"href":"https:\/\/blogsaverroes.juntadeandalucia.es\/colemediterraneo\/wp-json\/wp\/v2\/media?parent=34953"}],"curies":[{"name":"wp","href":"https:\/\/api.w.org\/{rel}","templated":true}]}}