{"id":34959,"date":"2023-05-12T09:26:00","date_gmt":"2023-05-12T09:26:00","guid":{"rendered":"https:\/\/blogsaverroes.juntadeandalucia.es\/colemediterraneo\/?page_id=34959"},"modified":"2023-05-12T09:33:22","modified_gmt":"2023-05-12T09:33:22","slug":"leyendo-a-los-clasicos","status":"publish","type":"page","link":"https:\/\/blogsaverroes.juntadeandalucia.es\/colemediterraneo\/cursos-anteriores\/curso-2023-2024\/tercer-ciclo\/leyendo-a-los-clasicos\/","title":{"rendered":"Leyendo a los cl\u00e1sicos"},"content":{"rendered":"<p>&nbsp;En estos d\u00edas de altas temperaturas, es necesario aprovechar los espacios m\u00e1s frescos para aquellas actividades que no necesitan el uso de la mesa en el aula. Aqu\u00ed os mostramos c\u00f3mo la clase de 6\u00ba A ha estado leyendo a los cl\u00e1sicos en el patio&#8230;<\/p>\n<p><a href=\"https:\/\/blogsaverroes.juntadeandalucia.es\/colemediterraneo\/tercer-ciclo\/leyendo-a-los-clasicos\/20230504_125043\/\" rel=\"attachment wp-att-34960\"><img loading=\"lazy\" decoding=\"async\" class=\"alignnone size-full wp-image-34960\" src=\"https:\/\/blogsaverroes.juntadeandalucia.es\/colemediterraneo\/files\/2023\/05\/20230504_125043.jpg\" alt=\"\" width=\"700\" height=\"341\" srcset=\"https:\/\/blogsaverroes.juntadeandalucia.es\/colemediterraneo\/files\/2023\/05\/20230504_125043.jpg 700w, https:\/\/blogsaverroes.juntadeandalucia.es\/colemediterraneo\/files\/2023\/05\/20230504_125043-300x146.jpg 300w\" sizes=\"(max-width: 700px) 100vw, 700px\" \/><\/a> <a href=\"https:\/\/blogsaverroes.juntadeandalucia.es\/colemediterraneo\/tercer-ciclo\/leyendo-a-los-clasicos\/20230504_125053\/\" rel=\"attachment wp-att-34961\"><img loading=\"lazy\" decoding=\"async\" class=\"size-large wp-image-34961 aligncenter\" src=\"https:\/\/blogsaverroes.juntadeandalucia.es\/colemediterraneo\/files\/2023\/05\/20230504_125053.jpg\" alt=\"\" width=\"341\" height=\"700\" srcset=\"https:\/\/blogsaverroes.juntadeandalucia.es\/colemediterraneo\/files\/2023\/05\/20230504_125053.jpg 341w, https:\/\/blogsaverroes.juntadeandalucia.es\/colemediterraneo\/files\/2023\/05\/20230504_125053-146x300.jpg 146w\" sizes=\"(max-width: 341px) 100vw, 341px\" \/><\/a> <a href=\"https:\/\/blogsaverroes.juntadeandalucia.es\/colemediterraneo\/tercer-ciclo\/leyendo-a-los-clasicos\/20230504_125102\/\" rel=\"attachment wp-att-34962\"><img loading=\"lazy\" decoding=\"async\" class=\"size-large wp-image-34962 aligncenter\" src=\"https:\/\/blogsaverroes.juntadeandalucia.es\/colemediterraneo\/files\/2023\/05\/20230504_125102.jpg\" alt=\"\" width=\"700\" height=\"341\" srcset=\"https:\/\/blogsaverroes.juntadeandalucia.es\/colemediterraneo\/files\/2023\/05\/20230504_125102.jpg 700w, https:\/\/blogsaverroes.juntadeandalucia.es\/colemediterraneo\/files\/2023\/05\/20230504_125102-300x146.jpg 300w\" sizes=\"(max-width: 700px) 100vw, 700px\" \/><\/a> <a href=\"https:\/\/blogsaverroes.juntadeandalucia.es\/colemediterraneo\/tercer-ciclo\/leyendo-a-los-clasicos\/20230504_125237\/\" rel=\"attachment wp-att-34963\"><img loading=\"lazy\" decoding=\"async\" class=\"size-large wp-image-34963 aligncenter\" src=\"https:\/\/blogsaverroes.juntadeandalucia.es\/colemediterraneo\/files\/2023\/05\/20230504_125237.jpg\" alt=\"\" width=\"341\" height=\"700\" srcset=\"https:\/\/blogsaverroes.juntadeandalucia.es\/colemediterraneo\/files\/2023\/05\/20230504_125237.jpg 341w, https:\/\/blogsaverroes.juntadeandalucia.es\/colemediterraneo\/files\/2023\/05\/20230504_125237-146x300.jpg 146w\" sizes=\"(max-width: 341px) 100vw, 341px\" \/><\/a><\/p>\n","protected":false},"excerpt":{"rendered":"<p>&nbsp;En estos d\u00edas de altas temperaturas, es necesario aprovechar los espacios m\u00e1s frescos para aquellas actividades que no necesitan el uso de la mesa en el aula. Aqu\u00ed os mostramos c\u00f3mo la clase de 6\u00ba A ha estado leyendo a los cl\u00e1sicos en el patio&#8230;<\/p>\n","protected":false},"author":5888,"featured_media":0,"parent":32164,"menu_order":0,"comment_status":"closed","ping_status":"closed","template":"","meta":{"ngg_post_thumbnail":0,"footnotes":"","_mc_calendar":[]},"aioseo_notices":[],"post_mailing_queue_ids":[],"_links":{"self":[{"href":"https:\/\/blogsaverroes.juntadeandalucia.es\/colemediterraneo\/wp-json\/wp\/v2\/pages\/34959"}],"collection":[{"href":"https:\/\/blogsaverroes.juntadeandalucia.es\/colemediterraneo\/wp-json\/wp\/v2\/pages"}],"about":[{"href":"https:\/\/blogsaverroes.juntadeandalucia.es\/colemediterraneo\/wp-json\/wp\/v2\/types\/page"}],"author":[{"embeddable":true,"href":"https:\/\/blogsaverroes.juntadeandalucia.es\/colemediterraneo\/wp-json\/wp\/v2\/users\/5888"}],"replies":[{"embeddable":true,"href":"https:\/\/blogsaverroes.juntadeandalucia.es\/colemediterraneo\/wp-json\/wp\/v2\/comments?post=34959"}],"version-history":[{"count":3,"href":"https:\/\/blogsaverroes.juntadeandalucia.es\/colemediterraneo\/wp-json\/wp\/v2\/pages\/34959\/revisions"}],"predecessor-version":[{"id":34966,"href":"https:\/\/blogsaverroes.juntadeandalucia.es\/colemediterraneo\/wp-json\/wp\/v2\/pages\/34959\/revisions\/34966"}],"up":[{"embeddable":true,"href":"https:\/\/blogsaverroes.juntadeandalucia.es\/colemediterraneo\/wp-json\/wp\/v2\/pages\/32164"}],"wp:attachment":[{"href":"https:\/\/blogsaverroes.juntadeandalucia.es\/colemediterraneo\/wp-json\/wp\/v2\/media?parent=34959"}],"curies":[{"name":"wp","href":"https:\/\/api.w.org\/{rel}","templated":true}]}}