{"id":35124,"date":"2023-05-24T12:14:05","date_gmt":"2023-05-24T12:14:05","guid":{"rendered":"https:\/\/blogsaverroes.juntadeandalucia.es\/colemediterraneo\/?page_id=35124"},"modified":"2023-05-24T12:14:26","modified_gmt":"2023-05-24T12:14:26","slug":"jornadas-digitales-en-1o-c","status":"publish","type":"page","link":"https:\/\/blogsaverroes.juntadeandalucia.es\/colemediterraneo\/cursos-anteriores\/curso-2023-2024\/primer-ciclo\/jornadas-digitales-en-1o-c\/","title":{"rendered":"Jornadas digitales en 1\u00ba C"},"content":{"rendered":"<p>Seguimos llevando a cabo Jornadas digitales con nuestro alumnado.&nbsp; En esta ocasi\u00f3n, han sido los alumnos y alumnas&nbsp; de 1\u00ba C los que han realizado actividades con nuestros ordenadores.&nbsp; Aqu\u00ed os mostramos unas im\u00e1genes de esta divertida sesi\u00f3n.<\/p>\n<p><a href=\"https:\/\/blogsaverroes.juntadeandalucia.es\/colemediterraneo\/?attachment_id=35114\" rel=\"attachment wp-att-35114\"><img loading=\"lazy\" decoding=\"async\" class=\"alignnone size-large wp-image-35114\" src=\"https:\/\/blogsaverroes.juntadeandalucia.es\/colemediterraneo\/files\/2023\/05\/IMG-20230524-WA0005-1024x768.jpg\" alt=\"\" width=\"782\" height=\"587\" srcset=\"https:\/\/blogsaverroes.juntadeandalucia.es\/colemediterraneo\/files\/2023\/05\/IMG-20230524-WA0005-1024x768.jpg 1024w, https:\/\/blogsaverroes.juntadeandalucia.es\/colemediterraneo\/files\/2023\/05\/IMG-20230524-WA0005-300x225.jpg 300w, https:\/\/blogsaverroes.juntadeandalucia.es\/colemediterraneo\/files\/2023\/05\/IMG-20230524-WA0005-768x576.jpg 768w, https:\/\/blogsaverroes.juntadeandalucia.es\/colemediterraneo\/files\/2023\/05\/IMG-20230524-WA0005-1536x1152.jpg 1536w, https:\/\/blogsaverroes.juntadeandalucia.es\/colemediterraneo\/files\/2023\/05\/IMG-20230524-WA0005.jpg 1600w\" sizes=\"(max-width: 782px) 100vw, 782px\" \/><\/a> <a href=\"https:\/\/blogsaverroes.juntadeandalucia.es\/colemediterraneo\/?attachment_id=35115\" rel=\"attachment wp-att-35115\"><img loading=\"lazy\" decoding=\"async\" class=\"alignnone size-large wp-image-35115\" src=\"https:\/\/blogsaverroes.juntadeandalucia.es\/colemediterraneo\/files\/2023\/05\/IMG-20230524-WA0006-1024x768.jpg\" alt=\"\" width=\"782\" height=\"587\" srcset=\"https:\/\/blogsaverroes.juntadeandalucia.es\/colemediterraneo\/files\/2023\/05\/IMG-20230524-WA0006-1024x768.jpg 1024w, https:\/\/blogsaverroes.juntadeandalucia.es\/colemediterraneo\/files\/2023\/05\/IMG-20230524-WA0006-300x225.jpg 300w, https:\/\/blogsaverroes.juntadeandalucia.es\/colemediterraneo\/files\/2023\/05\/IMG-20230524-WA0006-768x576.jpg 768w, https:\/\/blogsaverroes.juntadeandalucia.es\/colemediterraneo\/files\/2023\/05\/IMG-20230524-WA0006-1536x1152.jpg 1536w, https:\/\/blogsaverroes.juntadeandalucia.es\/colemediterraneo\/files\/2023\/05\/IMG-20230524-WA0006.jpg 1600w\" sizes=\"(max-width: 782px) 100vw, 782px\" \/><\/a> <a href=\"https:\/\/blogsaverroes.juntadeandalucia.es\/colemediterraneo\/?attachment_id=35116\" rel=\"attachment wp-att-35116\"><img loading=\"lazy\" decoding=\"async\" class=\"alignnone size-large wp-image-35116\" src=\"https:\/\/blogsaverroes.juntadeandalucia.es\/colemediterraneo\/files\/2023\/05\/IMG-20230524-WA0007-1024x768.jpg\" alt=\"\" width=\"782\" height=\"587\" srcset=\"https:\/\/blogsaverroes.juntadeandalucia.es\/colemediterraneo\/files\/2023\/05\/IMG-20230524-WA0007-1024x768.jpg 1024w, https:\/\/blogsaverroes.juntadeandalucia.es\/colemediterraneo\/files\/2023\/05\/IMG-20230524-WA0007-300x225.jpg 300w, https:\/\/blogsaverroes.juntadeandalucia.es\/colemediterraneo\/files\/2023\/05\/IMG-20230524-WA0007-768x576.jpg 768w, https:\/\/blogsaverroes.juntadeandalucia.es\/colemediterraneo\/files\/2023\/05\/IMG-20230524-WA0007-1536x1152.jpg 1536w, https:\/\/blogsaverroes.juntadeandalucia.es\/colemediterraneo\/files\/2023\/05\/IMG-20230524-WA0007.jpg 1600w\" sizes=\"(max-width: 782px) 100vw, 782px\" \/><\/a> <a href=\"https:\/\/blogsaverroes.juntadeandalucia.es\/colemediterraneo\/?attachment_id=35117\" rel=\"attachment wp-att-35117\"><img loading=\"lazy\" decoding=\"async\" class=\"alignnone size-large wp-image-35117\" src=\"https:\/\/blogsaverroes.juntadeandalucia.es\/colemediterraneo\/files\/2023\/05\/IMG-20230524-WA0008-1024x768.jpg\" alt=\"\" width=\"782\" height=\"587\" srcset=\"https:\/\/blogsaverroes.juntadeandalucia.es\/colemediterraneo\/files\/2023\/05\/IMG-20230524-WA0008-1024x768.jpg 1024w, https:\/\/blogsaverroes.juntadeandalucia.es\/colemediterraneo\/files\/2023\/05\/IMG-20230524-WA0008-300x225.jpg 300w, https:\/\/blogsaverroes.juntadeandalucia.es\/colemediterraneo\/files\/2023\/05\/IMG-20230524-WA0008-768x576.jpg 768w, https:\/\/blogsaverroes.juntadeandalucia.es\/colemediterraneo\/files\/2023\/05\/IMG-20230524-WA0008-1536x1152.jpg 1536w, https:\/\/blogsaverroes.juntadeandalucia.es\/colemediterraneo\/files\/2023\/05\/IMG-20230524-WA0008.jpg 1600w\" sizes=\"(max-width: 782px) 100vw, 782px\" \/><\/a> <a href=\"https:\/\/blogsaverroes.juntadeandalucia.es\/colemediterraneo\/?attachment_id=35118\" rel=\"attachment wp-att-35118\"><img loading=\"lazy\" decoding=\"async\" class=\"alignnone size-large wp-image-35118\" src=\"https:\/\/blogsaverroes.juntadeandalucia.es\/colemediterraneo\/files\/2023\/05\/IMG-20230524-WA0009-1024x768.jpg\" alt=\"\" width=\"782\" height=\"587\" srcset=\"https:\/\/blogsaverroes.juntadeandalucia.es\/colemediterraneo\/files\/2023\/05\/IMG-20230524-WA0009-1024x768.jpg 1024w, https:\/\/blogsaverroes.juntadeandalucia.es\/colemediterraneo\/files\/2023\/05\/IMG-20230524-WA0009-300x225.jpg 300w, https:\/\/blogsaverroes.juntadeandalucia.es\/colemediterraneo\/files\/2023\/05\/IMG-20230524-WA0009-768x576.jpg 768w, https:\/\/blogsaverroes.juntadeandalucia.es\/colemediterraneo\/files\/2023\/05\/IMG-20230524-WA0009-1536x1152.jpg 1536w, https:\/\/blogsaverroes.juntadeandalucia.es\/colemediterraneo\/files\/2023\/05\/IMG-20230524-WA0009.jpg 1600w\" sizes=\"(max-width: 782px) 100vw, 782px\" \/><\/a> <a href=\"https:\/\/blogsaverroes.juntadeandalucia.es\/colemediterraneo\/?attachment_id=35119\" rel=\"attachment wp-att-35119\"><img loading=\"lazy\" decoding=\"async\" class=\"alignnone size-large wp-image-35119\" src=\"https:\/\/blogsaverroes.juntadeandalucia.es\/colemediterraneo\/files\/2023\/05\/IMG-20230524-WA0010-1024x768.jpg\" alt=\"\" width=\"782\" height=\"587\" srcset=\"https:\/\/blogsaverroes.juntadeandalucia.es\/colemediterraneo\/files\/2023\/05\/IMG-20230524-WA0010-1024x768.jpg 1024w, https:\/\/blogsaverroes.juntadeandalucia.es\/colemediterraneo\/files\/2023\/05\/IMG-20230524-WA0010-300x225.jpg 300w, https:\/\/blogsaverroes.juntadeandalucia.es\/colemediterraneo\/files\/2023\/05\/IMG-20230524-WA0010-768x576.jpg 768w, https:\/\/blogsaverroes.juntadeandalucia.es\/colemediterraneo\/files\/2023\/05\/IMG-20230524-WA0010-1536x1152.jpg 1536w, https:\/\/blogsaverroes.juntadeandalucia.es\/colemediterraneo\/files\/2023\/05\/IMG-20230524-WA0010.jpg 1600w\" sizes=\"(max-width: 782px) 100vw, 782px\" \/><\/a> <a href=\"https:\/\/blogsaverroes.juntadeandalucia.es\/colemediterraneo\/?attachment_id=35120\" rel=\"attachment wp-att-35120\"><img loading=\"lazy\" decoding=\"async\" class=\"alignnone size-large wp-image-35120\" src=\"https:\/\/blogsaverroes.juntadeandalucia.es\/colemediterraneo\/files\/2023\/05\/IMG-20230524-WA0011-1024x768.jpg\" alt=\"\" width=\"782\" height=\"587\" srcset=\"https:\/\/blogsaverroes.juntadeandalucia.es\/colemediterraneo\/files\/2023\/05\/IMG-20230524-WA0011-1024x768.jpg 1024w, https:\/\/blogsaverroes.juntadeandalucia.es\/colemediterraneo\/files\/2023\/05\/IMG-20230524-WA0011-300x225.jpg 300w, https:\/\/blogsaverroes.juntadeandalucia.es\/colemediterraneo\/files\/2023\/05\/IMG-20230524-WA0011-768x576.jpg 768w, https:\/\/blogsaverroes.juntadeandalucia.es\/colemediterraneo\/files\/2023\/05\/IMG-20230524-WA0011-1536x1152.jpg 1536w, https:\/\/blogsaverroes.juntadeandalucia.es\/colemediterraneo\/files\/2023\/05\/IMG-20230524-WA0011.jpg 1600w\" sizes=\"(max-width: 782px) 100vw, 782px\" \/><\/a> <a href=\"https:\/\/blogsaverroes.juntadeandalucia.es\/colemediterraneo\/?attachment_id=35121\" rel=\"attachment wp-att-35121\"><img loading=\"lazy\" decoding=\"async\" class=\"alignnone size-large wp-image-35121\" src=\"https:\/\/blogsaverroes.juntadeandalucia.es\/colemediterraneo\/files\/2023\/05\/IMG-20230524-WA0012-1024x768.jpg\" alt=\"\" width=\"782\" height=\"587\" srcset=\"https:\/\/blogsaverroes.juntadeandalucia.es\/colemediterraneo\/files\/2023\/05\/IMG-20230524-WA0012-1024x768.jpg 1024w, https:\/\/blogsaverroes.juntadeandalucia.es\/colemediterraneo\/files\/2023\/05\/IMG-20230524-WA0012-300x225.jpg 300w, https:\/\/blogsaverroes.juntadeandalucia.es\/colemediterraneo\/files\/2023\/05\/IMG-20230524-WA0012-768x576.jpg 768w, https:\/\/blogsaverroes.juntadeandalucia.es\/colemediterraneo\/files\/2023\/05\/IMG-20230524-WA0012-1536x1152.jpg 1536w, https:\/\/blogsaverroes.juntadeandalucia.es\/colemediterraneo\/files\/2023\/05\/IMG-20230524-WA0012.jpg 1600w\" sizes=\"(max-width: 782px) 100vw, 782px\" \/><\/a> <a href=\"https:\/\/blogsaverroes.juntadeandalucia.es\/colemediterraneo\/?attachment_id=35122\" rel=\"attachment wp-att-35122\"><img loading=\"lazy\" decoding=\"async\" class=\"alignnone size-large wp-image-35122\" src=\"https:\/\/blogsaverroes.juntadeandalucia.es\/colemediterraneo\/files\/2023\/05\/IMG-20230524-WA0013-1024x768.jpg\" alt=\"\" width=\"782\" height=\"587\" srcset=\"https:\/\/blogsaverroes.juntadeandalucia.es\/colemediterraneo\/files\/2023\/05\/IMG-20230524-WA0013-1024x768.jpg 1024w, https:\/\/blogsaverroes.juntadeandalucia.es\/colemediterraneo\/files\/2023\/05\/IMG-20230524-WA0013-300x225.jpg 300w, https:\/\/blogsaverroes.juntadeandalucia.es\/colemediterraneo\/files\/2023\/05\/IMG-20230524-WA0013-768x576.jpg 768w, https:\/\/blogsaverroes.juntadeandalucia.es\/colemediterraneo\/files\/2023\/05\/IMG-20230524-WA0013-1536x1152.jpg 1536w, https:\/\/blogsaverroes.juntadeandalucia.es\/colemediterraneo\/files\/2023\/05\/IMG-20230524-WA0013.jpg 1600w\" sizes=\"(max-width: 782px) 100vw, 782px\" \/><\/a> <a href=\"https:\/\/blogsaverroes.juntadeandalucia.es\/colemediterraneo\/?attachment_id=35123\" rel=\"attachment wp-att-35123\"><img loading=\"lazy\" decoding=\"async\" class=\"alignnone size-large wp-image-35123\" src=\"https:\/\/blogsaverroes.juntadeandalucia.es\/colemediterraneo\/files\/2023\/05\/IMG-20230524-WA0014-1024x768.jpg\" alt=\"\" width=\"782\" height=\"587\" srcset=\"https:\/\/blogsaverroes.juntadeandalucia.es\/colemediterraneo\/files\/2023\/05\/IMG-20230524-WA0014-1024x768.jpg 1024w, https:\/\/blogsaverroes.juntadeandalucia.es\/colemediterraneo\/files\/2023\/05\/IMG-20230524-WA0014-300x225.jpg 300w, https:\/\/blogsaverroes.juntadeandalucia.es\/colemediterraneo\/files\/2023\/05\/IMG-20230524-WA0014-768x576.jpg 768w, https:\/\/blogsaverroes.juntadeandalucia.es\/colemediterraneo\/files\/2023\/05\/IMG-20230524-WA0014-1536x1152.jpg 1536w, https:\/\/blogsaverroes.juntadeandalucia.es\/colemediterraneo\/files\/2023\/05\/IMG-20230524-WA0014.jpg 1600w\" sizes=\"(max-width: 782px) 100vw, 782px\" \/><\/a><\/p>\n","protected":false},"excerpt":{"rendered":"<p>Seguimos llevando a cabo Jornadas digitales con nuestro alumnado.&nbsp; En esta ocasi\u00f3n, han sido los alumnos y alumnas&nbsp; de 1\u00ba C los que han realizado actividades con nuestros ordenadores.&nbsp; Aqu\u00ed os mostramos unas im\u00e1genes de esta divertida sesi\u00f3n.<\/p>\n","protected":false},"author":5888,"featured_media":0,"parent":32160,"menu_order":0,"comment_status":"closed","ping_status":"closed","template":"","meta":{"ngg_post_thumbnail":0,"footnotes":"","_mc_calendar":[]},"aioseo_notices":[],"post_mailing_queue_ids":[],"_links":{"self":[{"href":"https:\/\/blogsaverroes.juntadeandalucia.es\/colemediterraneo\/wp-json\/wp\/v2\/pages\/35124"}],"collection":[{"href":"https:\/\/blogsaverroes.juntadeandalucia.es\/colemediterraneo\/wp-json\/wp\/v2\/pages"}],"about":[{"href":"https:\/\/blogsaverroes.juntadeandalucia.es\/colemediterraneo\/wp-json\/wp\/v2\/types\/page"}],"author":[{"embeddable":true,"href":"https:\/\/blogsaverroes.juntadeandalucia.es\/colemediterraneo\/wp-json\/wp\/v2\/users\/5888"}],"replies":[{"embeddable":true,"href":"https:\/\/blogsaverroes.juntadeandalucia.es\/colemediterraneo\/wp-json\/wp\/v2\/comments?post=35124"}],"version-history":[{"count":2,"href":"https:\/\/blogsaverroes.juntadeandalucia.es\/colemediterraneo\/wp-json\/wp\/v2\/pages\/35124\/revisions"}],"predecessor-version":[{"id":35126,"href":"https:\/\/blogsaverroes.juntadeandalucia.es\/colemediterraneo\/wp-json\/wp\/v2\/pages\/35124\/revisions\/35126"}],"up":[{"embeddable":true,"href":"https:\/\/blogsaverroes.juntadeandalucia.es\/colemediterraneo\/wp-json\/wp\/v2\/pages\/32160"}],"wp:attachment":[{"href":"https:\/\/blogsaverroes.juntadeandalucia.es\/colemediterraneo\/wp-json\/wp\/v2\/media?parent=35124"}],"curies":[{"name":"wp","href":"https:\/\/api.w.org\/{rel}","templated":true}]}}