{"id":36724,"date":"2024-01-26T10:30:50","date_gmt":"2024-01-26T10:30:50","guid":{"rendered":"https:\/\/blogsaverroes.juntadeandalucia.es\/colemediterraneo\/?page_id=36724"},"modified":"2024-01-26T10:30:50","modified_gmt":"2024-01-26T10:30:50","slug":"aprendemos-colores-experimentando","status":"publish","type":"page","link":"https:\/\/blogsaverroes.juntadeandalucia.es\/colemediterraneo\/cursos-anteriores\/curso-2023-2024-2\/educacion-infantil\/aprendemos-colores-experimentando\/","title":{"rendered":"Aprendemos colores experimentando&#8230;"},"content":{"rendered":"<p>Nuestro alumnado m\u00e1s peque\u00f1o desarrolla su curiosidad y la usa para el aprendizaje.&nbsp; Aqu\u00ed han aprendido c\u00f3mo resulta el color verde cuando se mezclan el azul y el amarillo&#8230; Mirad qu\u00e9 graciosos c\u00f3mo aprenden&#8230;<\/p>\n<div style=\"width: 750px;\" class=\"wp-video\"><!--[if lt IE 9]><script>document.createElement('video');<\/script><![endif]-->\n<video class=\"wp-video-shortcode\" id=\"video-36724-1\" width=\"750\" height=\"425\" preload=\"metadata\" controls=\"controls\"><source type=\"video\/mp4\" src=\"https:\/\/blogsaverroes.juntadeandalucia.es\/colemediterraneo\/files\/2024\/01\/VID-20240117-WA0005.mp4?_=1\" \/><a href=\"https:\/\/blogsaverroes.juntadeandalucia.es\/colemediterraneo\/files\/2024\/01\/VID-20240117-WA0005.mp4\">https:\/\/blogsaverroes.juntadeandalucia.es\/colemediterraneo\/files\/2024\/01\/VID-20240117-WA0005.mp4<\/a><\/video><\/div>\n","protected":false},"excerpt":{"rendered":"<p>Nuestro alumnado m\u00e1s peque\u00f1o desarrolla su curiosidad y la usa para el aprendizaje.&nbsp; Aqu\u00ed han aprendido c\u00f3mo resulta el color verde cuando se mezclan el azul y el amarillo&#8230; Mirad qu\u00e9 graciosos c\u00f3mo aprenden&#8230;<\/p>\n","protected":false},"author":5888,"featured_media":0,"parent":35584,"menu_order":0,"comment_status":"closed","ping_status":"closed","template":"","meta":{"ngg_post_thumbnail":0,"footnotes":"","_mc_calendar":[]},"aioseo_notices":[],"post_mailing_queue_ids":[],"_links":{"self":[{"href":"https:\/\/blogsaverroes.juntadeandalucia.es\/colemediterraneo\/wp-json\/wp\/v2\/pages\/36724"}],"collection":[{"href":"https:\/\/blogsaverroes.juntadeandalucia.es\/colemediterraneo\/wp-json\/wp\/v2\/pages"}],"about":[{"href":"https:\/\/blogsaverroes.juntadeandalucia.es\/colemediterraneo\/wp-json\/wp\/v2\/types\/page"}],"author":[{"embeddable":true,"href":"https:\/\/blogsaverroes.juntadeandalucia.es\/colemediterraneo\/wp-json\/wp\/v2\/users\/5888"}],"replies":[{"embeddable":true,"href":"https:\/\/blogsaverroes.juntadeandalucia.es\/colemediterraneo\/wp-json\/wp\/v2\/comments?post=36724"}],"version-history":[{"count":2,"href":"https:\/\/blogsaverroes.juntadeandalucia.es\/colemediterraneo\/wp-json\/wp\/v2\/pages\/36724\/revisions"}],"predecessor-version":[{"id":36755,"href":"https:\/\/blogsaverroes.juntadeandalucia.es\/colemediterraneo\/wp-json\/wp\/v2\/pages\/36724\/revisions\/36755"}],"up":[{"embeddable":true,"href":"https:\/\/blogsaverroes.juntadeandalucia.es\/colemediterraneo\/wp-json\/wp\/v2\/pages\/35584"}],"wp:attachment":[{"href":"https:\/\/blogsaverroes.juntadeandalucia.es\/colemediterraneo\/wp-json\/wp\/v2\/media?parent=36724"}],"curies":[{"name":"wp","href":"https:\/\/api.w.org\/{rel}","templated":true}]}}