{"id":37214,"date":"2024-03-15T11:09:55","date_gmt":"2024-03-15T11:09:55","guid":{"rendered":"https:\/\/blogsaverroes.juntadeandalucia.es\/colemediterraneo\/?page_id=37214"},"modified":"2024-03-15T11:09:55","modified_gmt":"2024-03-15T11:09:55","slug":"visitamos-el-centro-de-ed-vial","status":"publish","type":"page","link":"https:\/\/blogsaverroes.juntadeandalucia.es\/colemediterraneo\/cursos-anteriores\/curso-2023-2024-2\/educacion-infantil\/visitamos-el-centro-de-ed-vial\/","title":{"rendered":"Visitamos el centro de Ed. Vial"},"content":{"rendered":"<p>El alumnado de infantil de 5 a\u00f1os ha visitado el Centro de Ed. Vial.&nbsp; All\u00ed han aprendido las normas b\u00e1sicas que debemos cumplir para&nbsp; cuidar de nuestra seguridad tanto si somos peatones como si vamos llevando nuestra bici, pat\u00edn, etc.<\/p>\n<p style=\"text-align: center\"><img loading=\"lazy\" decoding=\"async\" class=\"alignnone size-full wp-image-37215\" src=\"https:\/\/blogsaverroes.juntadeandalucia.es\/colemediterraneo\/files\/2024\/02\/IMG-20240213-WA0024.jpg\" alt=\"\" width=\"527\" height=\"700\" srcset=\"https:\/\/blogsaverroes.juntadeandalucia.es\/colemediterraneo\/files\/2024\/02\/IMG-20240213-WA0024.jpg 527w, https:\/\/blogsaverroes.juntadeandalucia.es\/colemediterraneo\/files\/2024\/02\/IMG-20240213-WA0024-226x300.jpg 226w\" sizes=\"(max-width: 527px) 100vw, 527px\" \/> <img loading=\"lazy\" decoding=\"async\" class=\"alignnone size-large wp-image-37216\" src=\"https:\/\/blogsaverroes.juntadeandalucia.es\/colemediterraneo\/files\/2024\/02\/IMG-20240213-WA0025.jpg\" alt=\"\" width=\"527\" height=\"700\" srcset=\"https:\/\/blogsaverroes.juntadeandalucia.es\/colemediterraneo\/files\/2024\/02\/IMG-20240213-WA0025.jpg 527w, https:\/\/blogsaverroes.juntadeandalucia.es\/colemediterraneo\/files\/2024\/02\/IMG-20240213-WA0025-226x300.jpg 226w\" sizes=\"(max-width: 527px) 100vw, 527px\" \/> <img loading=\"lazy\" decoding=\"async\" class=\"alignnone size-large wp-image-37217\" src=\"https:\/\/blogsaverroes.juntadeandalucia.es\/colemediterraneo\/files\/2024\/02\/IMG-20240213-WA0026.jpg\" alt=\"\" width=\"527\" height=\"700\" srcset=\"https:\/\/blogsaverroes.juntadeandalucia.es\/colemediterraneo\/files\/2024\/02\/IMG-20240213-WA0026.jpg 527w, https:\/\/blogsaverroes.juntadeandalucia.es\/colemediterraneo\/files\/2024\/02\/IMG-20240213-WA0026-226x300.jpg 226w\" sizes=\"(max-width: 527px) 100vw, 527px\" \/> <img loading=\"lazy\" decoding=\"async\" class=\"alignnone size-large wp-image-37218\" src=\"https:\/\/blogsaverroes.juntadeandalucia.es\/colemediterraneo\/files\/2024\/02\/IMG-20240213-WA0027.jpg\" alt=\"\" width=\"527\" height=\"700\" srcset=\"https:\/\/blogsaverroes.juntadeandalucia.es\/colemediterraneo\/files\/2024\/02\/IMG-20240213-WA0027.jpg 527w, https:\/\/blogsaverroes.juntadeandalucia.es\/colemediterraneo\/files\/2024\/02\/IMG-20240213-WA0027-226x300.jpg 226w\" sizes=\"(max-width: 527px) 100vw, 527px\" \/><\/p>\n","protected":false},"excerpt":{"rendered":"<p>El alumnado de infantil de 5 a\u00f1os ha visitado el Centro de Ed. Vial.&nbsp; All\u00ed han aprendido las normas b\u00e1sicas que debemos cumplir para&nbsp; cuidar de nuestra seguridad tanto si somos peatones como si vamos llevando nuestra bici, pat\u00edn, etc.<\/p>\n","protected":false},"author":5888,"featured_media":0,"parent":35584,"menu_order":0,"comment_status":"closed","ping_status":"closed","template":"","meta":{"ngg_post_thumbnail":0,"footnotes":"","_mc_calendar":[]},"aioseo_notices":[],"post_mailing_queue_ids":[],"_links":{"self":[{"href":"https:\/\/blogsaverroes.juntadeandalucia.es\/colemediterraneo\/wp-json\/wp\/v2\/pages\/37214"}],"collection":[{"href":"https:\/\/blogsaverroes.juntadeandalucia.es\/colemediterraneo\/wp-json\/wp\/v2\/pages"}],"about":[{"href":"https:\/\/blogsaverroes.juntadeandalucia.es\/colemediterraneo\/wp-json\/wp\/v2\/types\/page"}],"author":[{"embeddable":true,"href":"https:\/\/blogsaverroes.juntadeandalucia.es\/colemediterraneo\/wp-json\/wp\/v2\/users\/5888"}],"replies":[{"embeddable":true,"href":"https:\/\/blogsaverroes.juntadeandalucia.es\/colemediterraneo\/wp-json\/wp\/v2\/comments?post=37214"}],"version-history":[{"count":1,"href":"https:\/\/blogsaverroes.juntadeandalucia.es\/colemediterraneo\/wp-json\/wp\/v2\/pages\/37214\/revisions"}],"predecessor-version":[{"id":37219,"href":"https:\/\/blogsaverroes.juntadeandalucia.es\/colemediterraneo\/wp-json\/wp\/v2\/pages\/37214\/revisions\/37219"}],"up":[{"embeddable":true,"href":"https:\/\/blogsaverroes.juntadeandalucia.es\/colemediterraneo\/wp-json\/wp\/v2\/pages\/35584"}],"wp:attachment":[{"href":"https:\/\/blogsaverroes.juntadeandalucia.es\/colemediterraneo\/wp-json\/wp\/v2\/media?parent=37214"}],"curies":[{"name":"wp","href":"https:\/\/api.w.org\/{rel}","templated":true}]}}