{"id":37453,"date":"2024-09-05T17:30:07","date_gmt":"2024-09-05T17:30:07","guid":{"rendered":"https:\/\/blogsaverroes.juntadeandalucia.es\/colemediterraneo\/?page_id=37453"},"modified":"2025-02-17T15:11:53","modified_gmt":"2025-02-17T15:11:53","slug":"participacion-familias-en-patios","status":"publish","type":"page","link":"https:\/\/blogsaverroes.juntadeandalucia.es\/colemediterraneo\/cursos-anteriores\/curso-2023-2024-2\/a-nivel-de-centro-2\/2o-trimestre\/participacion-familias-en-patios\/","title":{"rendered":"Participaci\u00f3n familias en patios"},"content":{"rendered":"<h1 style=\"text-align: center\"><strong>ZOCO&nbsp; de QURTUBA &#8212; 16 de mayo<\/strong><\/h1>\n<p>Nuestro compa\u00f1ero en pr\u00e1cticas Miguel, ha realizado hoy su producto final del proyecto de innovaci\u00f3n siguiendo la tem\u00e1tica de Qurtuba: Un Zoco de la \u00e9poca de Al-Andalus con los alumnos de primer curso.<\/p>\n<p>Este trabajo aunque est\u00e1 enfocado en al \u00e1rea de conocimiento del medio natural, social y cultural, tambi\u00e9n est\u00e1 vinculado al \u00e1rea de matem\u00e1ticas, ya que los estudiantes practicar\u00e1n operaciones b\u00e1sicas diarias, como las que son necesarias para ir a la compra.<\/p>\n<p><img loading=\"lazy\" decoding=\"async\" class=\"alignnone size-large wp-image-37407\" src=\"https:\/\/blogsaverroes.juntadeandalucia.es\/colemediterraneo\/files\/2017\/01\/composicion-qurtuba-768x1024.jpg\" alt=\"\" width=\"768\" height=\"1024\" srcset=\"https:\/\/blogsaverroes.juntadeandalucia.es\/colemediterraneo\/files\/2017\/01\/composicion-qurtuba-768x1024.jpg 768w, https:\/\/blogsaverroes.juntadeandalucia.es\/colemediterraneo\/files\/2017\/01\/composicion-qurtuba-225x300.jpg 225w, https:\/\/blogsaverroes.juntadeandalucia.es\/colemediterraneo\/files\/2017\/01\/composicion-qurtuba-1152x1536.jpg 1152w, https:\/\/blogsaverroes.juntadeandalucia.es\/colemediterraneo\/files\/2017\/01\/composicion-qurtuba.jpg 1200w\" sizes=\"(max-width: 768px) 100vw, 768px\" \/><\/p>\n<p>________________<img loading=\"lazy\" decoding=\"async\" class=\"alignnone size-large wp-image-37409\" src=\"https:\/\/blogsaverroes.juntadeandalucia.es\/colemediterraneo\/files\/2017\/01\/composicion-qurtuba2-1024x700.jpg\" alt=\"\" width=\"782\" height=\"535\" srcset=\"https:\/\/blogsaverroes.juntadeandalucia.es\/colemediterraneo\/files\/2017\/01\/composicion-qurtuba2-1024x700.jpg 1024w, https:\/\/blogsaverroes.juntadeandalucia.es\/colemediterraneo\/files\/2017\/01\/composicion-qurtuba2-300x205.jpg 300w, https:\/\/blogsaverroes.juntadeandalucia.es\/colemediterraneo\/files\/2017\/01\/composicion-qurtuba2-768x525.jpg 768w, https:\/\/blogsaverroes.juntadeandalucia.es\/colemediterraneo\/files\/2017\/01\/composicion-qurtuba2.jpg 1133w\" sizes=\"(max-width: 782px) 100vw, 782px\" \/>____________________________________________<\/p>\n<h1 style=\"text-align: center\"><em><strong>D\u00cdA INTERNACIONAL DE LA FAMILIA&#8211; 15 de mayo<\/strong><\/em><\/h1>\n<p>Como cada a\u00f1o, nuestro centro celebra el 15 de mayo el \u00abD\u00eda Internacional de la Familia\u00bb en donde se pone en valor este n\u00facleo tan importante de la sociedad en sus distintas variables.<\/p>\n<p>Este curso, adem\u00e1s de algunas actividades concretas en clase, hemos realizado un programa de actos en donde se ha invitado a nuestros mayores. usuarios de la <strong>Residencia de Mayores del Parque Figueroa<\/strong>, ense\u00f1\u00e1ndoles las exposiciones tenemos en el centro, en este caso relacionadas con nuestro proyecto unificado \u00abEmb\u00e1rcate en el Mediterr\u00e1neo\u00bb.&nbsp;<\/p>\n<p>Despu\u00e9s vieron con gran entusiasmo nuestra exposici\u00f3n de miniaturas de Patios Cordobeses y pasaron al sal\u00f3n de actos donde disfrutaron de actuaciones de ni\u00f1as y ni\u00f1os de sexto curso, para terminar con la entrega de diplomas, donde participaron activamente. Como fin de fiesta nuestra compa\u00f1era- cantaora Eva enton\u00f3 el \u00abSoy Cordob\u00e9s\u00bb con la colaboraci\u00f3n de todos los presentes.<\/p>\n<p><img loading=\"lazy\" decoding=\"async\" class=\"alignnone size-full wp-image-37402\" src=\"https:\/\/blogsaverroes.juntadeandalucia.es\/colemediterraneo\/files\/2017\/01\/plantel-con-directora.jpg\" alt=\"\" width=\"956\" height=\"396\" srcset=\"https:\/\/blogsaverroes.juntadeandalucia.es\/colemediterraneo\/files\/2017\/01\/plantel-con-directora.jpg 956w, https:\/\/blogsaverroes.juntadeandalucia.es\/colemediterraneo\/files\/2017\/01\/plantel-con-directora-300x124.jpg 300w, https:\/\/blogsaverroes.juntadeandalucia.es\/colemediterraneo\/files\/2017\/01\/plantel-con-directora-768x318.jpg 768w\" sizes=\"(max-width: 956px) 100vw, 956px\" \/><\/p>\n<p>&nbsp;<\/p>\n<p><img loading=\"lazy\" decoding=\"async\" class=\"size-large wp-image-37400 aligncenter\" src=\"https:\/\/blogsaverroes.juntadeandalucia.es\/colemediterraneo\/files\/2017\/01\/plantel-1024x461.jpg\" alt=\"\" width=\"782\" height=\"352\" srcset=\"https:\/\/blogsaverroes.juntadeandalucia.es\/colemediterraneo\/files\/2017\/01\/plantel-1024x461.jpg 1024w, https:\/\/blogsaverroes.juntadeandalucia.es\/colemediterraneo\/files\/2017\/01\/plantel-300x135.jpg 300w, https:\/\/blogsaverroes.juntadeandalucia.es\/colemediterraneo\/files\/2017\/01\/plantel-768x346.jpg 768w, https:\/\/blogsaverroes.juntadeandalucia.es\/colemediterraneo\/files\/2017\/01\/plantel-1536x691.jpg 1536w, https:\/\/blogsaverroes.juntadeandalucia.es\/colemediterraneo\/files\/2017\/01\/plantel.jpg 1600w\" sizes=\"(max-width: 782px) 100vw, 782px\" \/><\/p>\n<p>&nbsp;<\/p>\n<div style=\"width: 480px;\" class=\"wp-video\"><!--[if lt IE 9]><script>document.createElement('video');<\/script><![endif]-->\n<video class=\"wp-video-shortcode\" id=\"video-37453-1\" width=\"480\" height=\"848\" preload=\"metadata\" controls=\"controls\"><source type=\"video\/mp4\" src=\"https:\/\/blogsaverroes.juntadeandalucia.es\/colemediterraneo\/files\/2017\/01\/Vdeo-dia-de-la-familia.mp4?_=1\" \/><a href=\"https:\/\/blogsaverroes.juntadeandalucia.es\/colemediterraneo\/files\/2017\/01\/Vdeo-dia-de-la-familia.mp4\">https:\/\/blogsaverroes.juntadeandalucia.es\/colemediterraneo\/files\/2017\/01\/Vdeo-dia-de-la-familia.mp4<\/a><\/video><\/div>\n<div style=\"width: 750px;\" class=\"wp-video\"><video class=\"wp-video-shortcode\" id=\"video-37453-2\" width=\"750\" height=\"425\" preload=\"metadata\" controls=\"controls\"><source type=\"video\/mp4\" src=\"https:\/\/blogsaverroes.juntadeandalucia.es\/colemediterraneo\/files\/2017\/01\/Eva-Soy-Cordobes.mp4?_=2\" \/><a href=\"https:\/\/blogsaverroes.juntadeandalucia.es\/colemediterraneo\/files\/2017\/01\/Eva-Soy-Cordobes.mp4\">https:\/\/blogsaverroes.juntadeandalucia.es\/colemediterraneo\/files\/2017\/01\/Eva-Soy-Cordobes.mp4<\/a><\/video><\/div>\n<p>&nbsp;<\/p>\n<p>________________________________________________________________________________________&nbsp;<\/p>\n<h1><strong>MAYO 2024 &#8212; PARTICIPACI\u00d3N FAMILIAR EN LA EXPOSICI\u00d3N DE PATIOS CORDOBESES<\/strong><\/h1>\n<p>Desde el \u00e1rea de Educaci\u00f3n Art\u00edstica se propone la realizaci\u00f3n de patios cordobeses en miniatura con materiales como cart\u00f3n, plastilina, etc.<\/p>\n<p>Los trabajos presentados tienen una clara participaci\u00f3n familiar, desde los abuelos&nbsp; y abuelas que han disfrutado con sus nietos y nietas en la elaboraci\u00f3n de estas peque\u00f1as maravillas que representan el esplendor de nuestro mayor cordob\u00e9s.&nbsp;<\/p>\n<p>Dejamos aqu\u00ed una muestra:<\/p>\n<p><img loading=\"lazy\" decoding=\"async\" class=\"alignnone size-large wp-image-37389\" src=\"https:\/\/blogsaverroes.juntadeandalucia.es\/colemediterraneo\/files\/2017\/01\/4-PATIOS-JUNTOS-1-1024x788.jpg\" alt=\"\" width=\"782\" height=\"602\" srcset=\"https:\/\/blogsaverroes.juntadeandalucia.es\/colemediterraneo\/files\/2017\/01\/4-PATIOS-JUNTOS-1-1024x788.jpg 1024w, https:\/\/blogsaverroes.juntadeandalucia.es\/colemediterraneo\/files\/2017\/01\/4-PATIOS-JUNTOS-1-300x231.jpg 300w, https:\/\/blogsaverroes.juntadeandalucia.es\/colemediterraneo\/files\/2017\/01\/4-PATIOS-JUNTOS-1-768x591.jpg 768w, https:\/\/blogsaverroes.juntadeandalucia.es\/colemediterraneo\/files\/2017\/01\/4-PATIOS-JUNTOS-1-1536x1182.jpg 1536w, https:\/\/blogsaverroes.juntadeandalucia.es\/colemediterraneo\/files\/2017\/01\/4-PATIOS-JUNTOS-1-2048x1575.jpg 2048w, https:\/\/blogsaverroes.juntadeandalucia.es\/colemediterraneo\/files\/2017\/01\/4-PATIOS-JUNTOS-1.jpg 1600w\" sizes=\"(max-width: 782px) 100vw, 782px\" \/><\/p>\n<p><img loading=\"lazy\" decoding=\"async\" class=\"alignnone size-full wp-image-37391\" src=\"https:\/\/blogsaverroes.juntadeandalucia.es\/colemediterraneo\/files\/2017\/01\/conjunto-patios-2.jpg\" alt=\"\" width=\"836\" height=\"668\" srcset=\"https:\/\/blogsaverroes.juntadeandalucia.es\/colemediterraneo\/files\/2017\/01\/conjunto-patios-2.jpg 836w, https:\/\/blogsaverroes.juntadeandalucia.es\/colemediterraneo\/files\/2017\/01\/conjunto-patios-2-300x240.jpg 300w, https:\/\/blogsaverroes.juntadeandalucia.es\/colemediterraneo\/files\/2017\/01\/conjunto-patios-2-768x614.jpg 768w\" sizes=\"(max-width: 836px) 100vw, 836px\" \/><\/p>\n<p><img loading=\"lazy\" decoding=\"async\" class=\"alignnone size-full wp-image-37394\" src=\"https:\/\/blogsaverroes.juntadeandalucia.es\/colemediterraneo\/files\/2017\/01\/patios-1.jpg\" alt=\"\" width=\"580\" height=\"852\" srcset=\"https:\/\/blogsaverroes.juntadeandalucia.es\/colemediterraneo\/files\/2017\/01\/patios-1.jpg 580w, https:\/\/blogsaverroes.juntadeandalucia.es\/colemediterraneo\/files\/2017\/01\/patios-1-204x300.jpg 204w\" sizes=\"(max-width: 580px) 100vw, 580px\" \/><img loading=\"lazy\" decoding=\"async\" class=\"alignnone size-full wp-image-37395\" src=\"https:\/\/blogsaverroes.juntadeandalucia.es\/colemediterraneo\/files\/2017\/01\/patios-2.jpg\" alt=\"\" width=\"580\" height=\"962\" srcset=\"https:\/\/blogsaverroes.juntadeandalucia.es\/colemediterraneo\/files\/2017\/01\/patios-2.jpg 580w, https:\/\/blogsaverroes.juntadeandalucia.es\/colemediterraneo\/files\/2017\/01\/patios-2-181x300.jpg 181w\" sizes=\"(max-width: 580px) 100vw, 580px\" \/><\/p>\n<p>___________________________<\/p>\n","protected":false},"excerpt":{"rendered":"<p>ZOCO&nbsp; de QURTUBA &#8212; 16 de mayo Nuestro compa\u00f1ero en pr\u00e1cticas Miguel, ha realizado hoy su producto final del proyecto de innovaci\u00f3n siguiendo la tem\u00e1tica de Qurtuba: Un Zoco de la \u00e9poca de Al-Andalus con los alumnos de primer curso. Este trabajo aunque est\u00e1 enfocado en al \u00e1rea de conocimiento del medio natural, social y &hellip; <\/p>\n<p><a class=\"more-link btn\" href=\"https:\/\/blogsaverroes.juntadeandalucia.es\/colemediterraneo\/cursos-anteriores\/curso-2023-2024-2\/a-nivel-de-centro-2\/2o-trimestre\/participacion-familias-en-patios\/\">Seguir leyendo<\/a><\/p>\n","protected":false},"author":5888,"featured_media":0,"parent":37387,"menu_order":0,"comment_status":"closed","ping_status":"closed","template":"","meta":{"ngg_post_thumbnail":0,"footnotes":"","_mc_calendar":[]},"aioseo_notices":[],"post_mailing_queue_ids":[],"_links":{"self":[{"href":"https:\/\/blogsaverroes.juntadeandalucia.es\/colemediterraneo\/wp-json\/wp\/v2\/pages\/37453"}],"collection":[{"href":"https:\/\/blogsaverroes.juntadeandalucia.es\/colemediterraneo\/wp-json\/wp\/v2\/pages"}],"about":[{"href":"https:\/\/blogsaverroes.juntadeandalucia.es\/colemediterraneo\/wp-json\/wp\/v2\/types\/page"}],"author":[{"embeddable":true,"href":"https:\/\/blogsaverroes.juntadeandalucia.es\/colemediterraneo\/wp-json\/wp\/v2\/users\/5888"}],"replies":[{"embeddable":true,"href":"https:\/\/blogsaverroes.juntadeandalucia.es\/colemediterraneo\/wp-json\/wp\/v2\/comments?post=37453"}],"version-history":[{"count":1,"href":"https:\/\/blogsaverroes.juntadeandalucia.es\/colemediterraneo\/wp-json\/wp\/v2\/pages\/37453\/revisions"}],"predecessor-version":[{"id":37454,"href":"https:\/\/blogsaverroes.juntadeandalucia.es\/colemediterraneo\/wp-json\/wp\/v2\/pages\/37453\/revisions\/37454"}],"up":[{"embeddable":true,"href":"https:\/\/blogsaverroes.juntadeandalucia.es\/colemediterraneo\/wp-json\/wp\/v2\/pages\/37387"}],"wp:attachment":[{"href":"https:\/\/blogsaverroes.juntadeandalucia.es\/colemediterraneo\/wp-json\/wp\/v2\/media?parent=37453"}],"curies":[{"name":"wp","href":"https:\/\/api.w.org\/{rel}","templated":true}]}}