{"id":37546,"date":"2025-02-19T13:01:48","date_gmt":"2025-02-19T13:01:48","guid":{"rendered":"https:\/\/blogsaverroes.juntadeandalucia.es\/colemediterraneo\/?page_id=37546"},"modified":"2025-02-19T13:02:34","modified_gmt":"2025-02-19T13:02:34","slug":"trabajamos-las-emociones","status":"publish","type":"page","link":"https:\/\/blogsaverroes.juntadeandalucia.es\/colemediterraneo\/cursos-anteriores\/educacion-infantil-8\/educacion-infantil-2\/trabajamos-las-emociones\/","title":{"rendered":"Trabajamos las emociones"},"content":{"rendered":"<p>Desde infantil comenzamos el trabajo de aprendizaje de las distintas emociones.&nbsp; Aprendiendo a expresar c\u00f3mo se sienten son capaces de mejorar sus relaciones con iguales haci\u00e9ndoles saber qu\u00e9 cosas o actos pueden interferir en unas adecuadas relaciones con los dem\u00e1s.&nbsp; Adem\u00e1s de ayudarles a comunicarse mejor, desarrollan su empat\u00eda.&nbsp; Aqu\u00ed os mostramos algunas im\u00e1genes de estas sesiones en 3 a\u00f1os.<img loading=\"lazy\" decoding=\"async\" class=\"alignnone size-large wp-image-37554\" src=\"https:\/\/blogsaverroes.juntadeandalucia.es\/colemediterraneo\/files\/2025\/02\/IMG-20250219-WA0035-1024x769.jpg\" alt=\"\" width=\"782\" height=\"587\" srcset=\"https:\/\/blogsaverroes.juntadeandalucia.es\/colemediterraneo\/files\/2025\/02\/IMG-20250219-WA0035-1024x769.jpg 1024w, https:\/\/blogsaverroes.juntadeandalucia.es\/colemediterraneo\/files\/2025\/02\/IMG-20250219-WA0035-300x225.jpg 300w, https:\/\/blogsaverroes.juntadeandalucia.es\/colemediterraneo\/files\/2025\/02\/IMG-20250219-WA0035-768x576.jpg 768w, https:\/\/blogsaverroes.juntadeandalucia.es\/colemediterraneo\/files\/2025\/02\/IMG-20250219-WA0035-1536x1153.jpg 1536w, https:\/\/blogsaverroes.juntadeandalucia.es\/colemediterraneo\/files\/2025\/02\/IMG-20250219-WA0035.jpg 1600w\" sizes=\"(max-width: 782px) 100vw, 782px\" \/> <img loading=\"lazy\" decoding=\"async\" class=\"alignnone size-large wp-image-37553\" src=\"https:\/\/blogsaverroes.juntadeandalucia.es\/colemediterraneo\/files\/2025\/02\/IMG-20250219-WA0034-1024x769.jpg\" alt=\"\" width=\"782\" height=\"587\" srcset=\"https:\/\/blogsaverroes.juntadeandalucia.es\/colemediterraneo\/files\/2025\/02\/IMG-20250219-WA0034-1024x769.jpg 1024w, https:\/\/blogsaverroes.juntadeandalucia.es\/colemediterraneo\/files\/2025\/02\/IMG-20250219-WA0034-300x225.jpg 300w, https:\/\/blogsaverroes.juntadeandalucia.es\/colemediterraneo\/files\/2025\/02\/IMG-20250219-WA0034-768x576.jpg 768w, https:\/\/blogsaverroes.juntadeandalucia.es\/colemediterraneo\/files\/2025\/02\/IMG-20250219-WA0034-1536x1153.jpg 1536w, https:\/\/blogsaverroes.juntadeandalucia.es\/colemediterraneo\/files\/2025\/02\/IMG-20250219-WA0034.jpg 1600w\" sizes=\"(max-width: 782px) 100vw, 782px\" \/> <img loading=\"lazy\" decoding=\"async\" class=\"alignnone size-large wp-image-37552\" src=\"https:\/\/blogsaverroes.juntadeandalucia.es\/colemediterraneo\/files\/2025\/02\/IMG-20250219-WA0033-1024x769.jpg\" alt=\"\" width=\"782\" height=\"587\" srcset=\"https:\/\/blogsaverroes.juntadeandalucia.es\/colemediterraneo\/files\/2025\/02\/IMG-20250219-WA0033-1024x769.jpg 1024w, https:\/\/blogsaverroes.juntadeandalucia.es\/colemediterraneo\/files\/2025\/02\/IMG-20250219-WA0033-300x225.jpg 300w, https:\/\/blogsaverroes.juntadeandalucia.es\/colemediterraneo\/files\/2025\/02\/IMG-20250219-WA0033-768x576.jpg 768w, https:\/\/blogsaverroes.juntadeandalucia.es\/colemediterraneo\/files\/2025\/02\/IMG-20250219-WA0033-1536x1153.jpg 1536w, https:\/\/blogsaverroes.juntadeandalucia.es\/colemediterraneo\/files\/2025\/02\/IMG-20250219-WA0033.jpg 1600w\" sizes=\"(max-width: 782px) 100vw, 782px\" \/> <img loading=\"lazy\" decoding=\"async\" class=\"alignnone size-large wp-image-37551\" src=\"https:\/\/blogsaverroes.juntadeandalucia.es\/colemediterraneo\/files\/2025\/02\/IMG-20250219-WA0032-1024x769.jpg\" alt=\"\" width=\"782\" height=\"587\" srcset=\"https:\/\/blogsaverroes.juntadeandalucia.es\/colemediterraneo\/files\/2025\/02\/IMG-20250219-WA0032-1024x769.jpg 1024w, https:\/\/blogsaverroes.juntadeandalucia.es\/colemediterraneo\/files\/2025\/02\/IMG-20250219-WA0032-300x225.jpg 300w, https:\/\/blogsaverroes.juntadeandalucia.es\/colemediterraneo\/files\/2025\/02\/IMG-20250219-WA0032-768x576.jpg 768w, https:\/\/blogsaverroes.juntadeandalucia.es\/colemediterraneo\/files\/2025\/02\/IMG-20250219-WA0032-1536x1153.jpg 1536w, https:\/\/blogsaverroes.juntadeandalucia.es\/colemediterraneo\/files\/2025\/02\/IMG-20250219-WA0032.jpg 1600w\" sizes=\"(max-width: 782px) 100vw, 782px\" \/> <img loading=\"lazy\" decoding=\"async\" class=\"alignnone size-large wp-image-37550\" src=\"https:\/\/blogsaverroes.juntadeandalucia.es\/colemediterraneo\/files\/2025\/02\/IMG-20250219-WA0031-1024x769.jpg\" alt=\"\" width=\"782\" height=\"587\" srcset=\"https:\/\/blogsaverroes.juntadeandalucia.es\/colemediterraneo\/files\/2025\/02\/IMG-20250219-WA0031-1024x769.jpg 1024w, https:\/\/blogsaverroes.juntadeandalucia.es\/colemediterraneo\/files\/2025\/02\/IMG-20250219-WA0031-300x225.jpg 300w, https:\/\/blogsaverroes.juntadeandalucia.es\/colemediterraneo\/files\/2025\/02\/IMG-20250219-WA0031-768x576.jpg 768w, https:\/\/blogsaverroes.juntadeandalucia.es\/colemediterraneo\/files\/2025\/02\/IMG-20250219-WA0031-1536x1153.jpg 1536w, https:\/\/blogsaverroes.juntadeandalucia.es\/colemediterraneo\/files\/2025\/02\/IMG-20250219-WA0031.jpg 1600w\" sizes=\"(max-width: 782px) 100vw, 782px\" \/> <img loading=\"lazy\" decoding=\"async\" class=\"alignnone size-large wp-image-37549\" src=\"https:\/\/blogsaverroes.juntadeandalucia.es\/colemediterraneo\/files\/2025\/02\/IMG-20250219-WA0030-1024x769.jpg\" alt=\"\" width=\"782\" height=\"587\" srcset=\"https:\/\/blogsaverroes.juntadeandalucia.es\/colemediterraneo\/files\/2025\/02\/IMG-20250219-WA0030-1024x769.jpg 1024w, https:\/\/blogsaverroes.juntadeandalucia.es\/colemediterraneo\/files\/2025\/02\/IMG-20250219-WA0030-300x225.jpg 300w, https:\/\/blogsaverroes.juntadeandalucia.es\/colemediterraneo\/files\/2025\/02\/IMG-20250219-WA0030-768x576.jpg 768w, https:\/\/blogsaverroes.juntadeandalucia.es\/colemediterraneo\/files\/2025\/02\/IMG-20250219-WA0030-1536x1153.jpg 1536w, https:\/\/blogsaverroes.juntadeandalucia.es\/colemediterraneo\/files\/2025\/02\/IMG-20250219-WA0030.jpg 1600w\" sizes=\"(max-width: 782px) 100vw, 782px\" \/> <img loading=\"lazy\" decoding=\"async\" class=\"alignnone size-large wp-image-37548\" src=\"https:\/\/blogsaverroes.juntadeandalucia.es\/colemediterraneo\/files\/2025\/02\/IMG-20250219-WA0029-1024x769.jpg\" alt=\"\" width=\"782\" height=\"587\" srcset=\"https:\/\/blogsaverroes.juntadeandalucia.es\/colemediterraneo\/files\/2025\/02\/IMG-20250219-WA0029-1024x769.jpg 1024w, https:\/\/blogsaverroes.juntadeandalucia.es\/colemediterraneo\/files\/2025\/02\/IMG-20250219-WA0029-300x225.jpg 300w, https:\/\/blogsaverroes.juntadeandalucia.es\/colemediterraneo\/files\/2025\/02\/IMG-20250219-WA0029-768x576.jpg 768w, https:\/\/blogsaverroes.juntadeandalucia.es\/colemediterraneo\/files\/2025\/02\/IMG-20250219-WA0029-1536x1153.jpg 1536w, https:\/\/blogsaverroes.juntadeandalucia.es\/colemediterraneo\/files\/2025\/02\/IMG-20250219-WA0029.jpg 1600w\" sizes=\"(max-width: 782px) 100vw, 782px\" \/> <img loading=\"lazy\" decoding=\"async\" class=\"alignnone size-large wp-image-37547\" src=\"https:\/\/blogsaverroes.juntadeandalucia.es\/colemediterraneo\/files\/2025\/02\/IMG-20250219-WA0028-1024x769.jpg\" alt=\"\" width=\"782\" height=\"587\" srcset=\"https:\/\/blogsaverroes.juntadeandalucia.es\/colemediterraneo\/files\/2025\/02\/IMG-20250219-WA0028-1024x769.jpg 1024w, https:\/\/blogsaverroes.juntadeandalucia.es\/colemediterraneo\/files\/2025\/02\/IMG-20250219-WA0028-300x225.jpg 300w, https:\/\/blogsaverroes.juntadeandalucia.es\/colemediterraneo\/files\/2025\/02\/IMG-20250219-WA0028-768x576.jpg 768w, https:\/\/blogsaverroes.juntadeandalucia.es\/colemediterraneo\/files\/2025\/02\/IMG-20250219-WA0028-1536x1153.jpg 1536w, https:\/\/blogsaverroes.juntadeandalucia.es\/colemediterraneo\/files\/2025\/02\/IMG-20250219-WA0028.jpg 1600w\" sizes=\"(max-width: 782px) 100vw, 782px\" \/><\/p>\n<p>&nbsp;<\/p>\n","protected":false},"excerpt":{"rendered":"<p>Desde infantil comenzamos el trabajo de aprendizaje de las distintas emociones.&nbsp; Aprendiendo a expresar c\u00f3mo se sienten son capaces de mejorar sus relaciones con iguales haci\u00e9ndoles saber qu\u00e9 cosas o actos pueden interferir en unas adecuadas relaciones con los dem\u00e1s.&nbsp; Adem\u00e1s de ayudarles a comunicarse mejor, desarrollan su empat\u00eda.&nbsp; Aqu\u00ed os mostramos algunas im\u00e1genes de &hellip; <\/p>\n<p><a class=\"more-link btn\" href=\"https:\/\/blogsaverroes.juntadeandalucia.es\/colemediterraneo\/cursos-anteriores\/educacion-infantil-8\/educacion-infantil-2\/trabajamos-las-emociones\/\">Seguir leyendo<\/a><\/p>\n","protected":false},"author":5888,"featured_media":0,"parent":37438,"menu_order":0,"comment_status":"closed","ping_status":"closed","template":"","meta":{"ngg_post_thumbnail":0,"footnotes":"","_mc_calendar":[]},"aioseo_notices":[],"post_mailing_queue_ids":[],"_links":{"self":[{"href":"https:\/\/blogsaverroes.juntadeandalucia.es\/colemediterraneo\/wp-json\/wp\/v2\/pages\/37546"}],"collection":[{"href":"https:\/\/blogsaverroes.juntadeandalucia.es\/colemediterraneo\/wp-json\/wp\/v2\/pages"}],"about":[{"href":"https:\/\/blogsaverroes.juntadeandalucia.es\/colemediterraneo\/wp-json\/wp\/v2\/types\/page"}],"author":[{"embeddable":true,"href":"https:\/\/blogsaverroes.juntadeandalucia.es\/colemediterraneo\/wp-json\/wp\/v2\/users\/5888"}],"replies":[{"embeddable":true,"href":"https:\/\/blogsaverroes.juntadeandalucia.es\/colemediterraneo\/wp-json\/wp\/v2\/comments?post=37546"}],"version-history":[{"count":2,"href":"https:\/\/blogsaverroes.juntadeandalucia.es\/colemediterraneo\/wp-json\/wp\/v2\/pages\/37546\/revisions"}],"predecessor-version":[{"id":37557,"href":"https:\/\/blogsaverroes.juntadeandalucia.es\/colemediterraneo\/wp-json\/wp\/v2\/pages\/37546\/revisions\/37557"}],"up":[{"embeddable":true,"href":"https:\/\/blogsaverroes.juntadeandalucia.es\/colemediterraneo\/wp-json\/wp\/v2\/pages\/37438"}],"wp:attachment":[{"href":"https:\/\/blogsaverroes.juntadeandalucia.es\/colemediterraneo\/wp-json\/wp\/v2\/media?parent=37546"}],"curies":[{"name":"wp","href":"https:\/\/api.w.org\/{rel}","templated":true}]}}