{"id":37628,"date":"2025-02-21T11:56:38","date_gmt":"2025-02-21T11:56:38","guid":{"rendered":"https:\/\/blogsaverroes.juntadeandalucia.es\/colemediterraneo\/?page_id=37628"},"modified":"2025-02-21T11:57:37","modified_gmt":"2025-02-21T11:57:37","slug":"trabajamos-van-gogh","status":"publish","type":"page","link":"https:\/\/blogsaverroes.juntadeandalucia.es\/colemediterraneo\/cursos-anteriores\/educacion-infantil-8\/educacion-infantil-2\/trabajamos-van-gogh\/","title":{"rendered":"Trabajamos Van Gogh"},"content":{"rendered":"<p>El alumnado de 4 a\u00f1os ha trabajado sobre la ciudad de \u00c1msterdam compar\u00e1ndola con la nuestra.&nbsp; Han aprendido muchas cosas curiosas de esta ciudad como el&nbsp; famoso pintor que all\u00ed naci\u00f3: Vincent&nbsp; van Gogh.&nbsp; Han aprendido muchas curiosidades a cerca de su vida y de su obra.&nbsp; Y para&nbsp; comparar con nuestra&nbsp; ciudad han aprendido la vida y obra de nuestro pintor cordob\u00e9s Julio Romero de Torres. Aqu\u00ed os dejamos una imagen:&nbsp;<\/p>\n<p><img loading=\"lazy\" decoding=\"async\" class=\"alignnone size-large wp-image-37629\" src=\"https:\/\/blogsaverroes.juntadeandalucia.es\/colemediterraneo\/files\/2025\/02\/IMG-20250219-WA0047-1-1024x766.jpg\" alt=\"\" width=\"782\" height=\"585\" srcset=\"https:\/\/blogsaverroes.juntadeandalucia.es\/colemediterraneo\/files\/2025\/02\/IMG-20250219-WA0047-1-1024x766.jpg 1024w, https:\/\/blogsaverroes.juntadeandalucia.es\/colemediterraneo\/files\/2025\/02\/IMG-20250219-WA0047-1-300x224.jpg 300w, https:\/\/blogsaverroes.juntadeandalucia.es\/colemediterraneo\/files\/2025\/02\/IMG-20250219-WA0047-1-768x575.jpg 768w, https:\/\/blogsaverroes.juntadeandalucia.es\/colemediterraneo\/files\/2025\/02\/IMG-20250219-WA0047-1-1536x1149.jpg 1536w, https:\/\/blogsaverroes.juntadeandalucia.es\/colemediterraneo\/files\/2025\/02\/IMG-20250219-WA0047-1.jpg 1699w\" sizes=\"(max-width: 782px) 100vw, 782px\" \/><\/p>\n","protected":false},"excerpt":{"rendered":"<p>El alumnado de 4 a\u00f1os ha trabajado sobre la ciudad de \u00c1msterdam compar\u00e1ndola con la nuestra.&nbsp; Han aprendido muchas cosas curiosas de esta ciudad como el&nbsp; famoso pintor que all\u00ed naci\u00f3: Vincent&nbsp; van Gogh.&nbsp; Han aprendido muchas curiosidades a cerca de su vida y de su obra.&nbsp; Y para&nbsp; comparar con nuestra&nbsp; ciudad han aprendido &hellip; <\/p>\n<p><a class=\"more-link btn\" href=\"https:\/\/blogsaverroes.juntadeandalucia.es\/colemediterraneo\/cursos-anteriores\/educacion-infantil-8\/educacion-infantil-2\/trabajamos-van-gogh\/\">Seguir leyendo<\/a><\/p>\n","protected":false},"author":5888,"featured_media":0,"parent":37438,"menu_order":0,"comment_status":"closed","ping_status":"closed","template":"","meta":{"ngg_post_thumbnail":0,"footnotes":"","_mc_calendar":[]},"aioseo_notices":[],"post_mailing_queue_ids":[],"_links":{"self":[{"href":"https:\/\/blogsaverroes.juntadeandalucia.es\/colemediterraneo\/wp-json\/wp\/v2\/pages\/37628"}],"collection":[{"href":"https:\/\/blogsaverroes.juntadeandalucia.es\/colemediterraneo\/wp-json\/wp\/v2\/pages"}],"about":[{"href":"https:\/\/blogsaverroes.juntadeandalucia.es\/colemediterraneo\/wp-json\/wp\/v2\/types\/page"}],"author":[{"embeddable":true,"href":"https:\/\/blogsaverroes.juntadeandalucia.es\/colemediterraneo\/wp-json\/wp\/v2\/users\/5888"}],"replies":[{"embeddable":true,"href":"https:\/\/blogsaverroes.juntadeandalucia.es\/colemediterraneo\/wp-json\/wp\/v2\/comments?post=37628"}],"version-history":[{"count":4,"href":"https:\/\/blogsaverroes.juntadeandalucia.es\/colemediterraneo\/wp-json\/wp\/v2\/pages\/37628\/revisions"}],"predecessor-version":[{"id":37634,"href":"https:\/\/blogsaverroes.juntadeandalucia.es\/colemediterraneo\/wp-json\/wp\/v2\/pages\/37628\/revisions\/37634"}],"up":[{"embeddable":true,"href":"https:\/\/blogsaverroes.juntadeandalucia.es\/colemediterraneo\/wp-json\/wp\/v2\/pages\/37438"}],"wp:attachment":[{"href":"https:\/\/blogsaverroes.juntadeandalucia.es\/colemediterraneo\/wp-json\/wp\/v2\/media?parent=37628"}],"curies":[{"name":"wp","href":"https:\/\/api.w.org\/{rel}","templated":true}]}}