{"id":37723,"date":"2025-03-03T12:29:36","date_gmt":"2025-03-03T12:29:36","guid":{"rendered":"https:\/\/blogsaverroes.juntadeandalucia.es\/colemediterraneo\/?page_id=37723"},"modified":"2025-10-24T17:21:37","modified_gmt":"2025-10-24T17:21:37","slug":"presentacion-del-libro","status":"publish","type":"page","link":"https:\/\/blogsaverroes.juntadeandalucia.es\/colemediterraneo\/ciclos\/tercer-ciclo\/presentacion-del-libro\/","title":{"rendered":"Cantes Flamencos- Libro"},"content":{"rendered":"<p>El pasado lunes 27 de febrero tuvo lugar en nuestro colegio una sesi\u00f3n muy especial&nbsp; relacionada con el flamenco. El escritor y&nbsp; maestro&nbsp; &nbsp;Jos\u00e9 Luis Chac\u00f3n nos visit\u00f3 y present\u00f3 su obra que es pionera en el tratamiento del flamenco a nivel educativo.&nbsp; Su novedosa propuesta \u00bb Cantes flamencos identitarios\u00bb&nbsp; acerca al alumnado al tema del flamenco gracias a su perspectiva did\u00e1ctica. Tras su exposici\u00f3n tuvo lugar una actuaci\u00f3n flamenca.<\/p>\n<p>Aqu\u00ed os dejamos unas breves instant\u00e1neas de esta actividad:<\/p>\n<p><img loading=\"lazy\" decoding=\"async\" class=\"alignnone size-large wp-image-37750\" src=\"https:\/\/blogsaverroes.juntadeandalucia.es\/colemediterraneo\/files\/2025\/03\/IMG-20250303-WA00461-1024x576.jpg\" alt=\"\" width=\"782\" height=\"440\" srcset=\"https:\/\/blogsaverroes.juntadeandalucia.es\/colemediterraneo\/files\/2025\/03\/IMG-20250303-WA00461-1024x576.jpg 1024w, https:\/\/blogsaverroes.juntadeandalucia.es\/colemediterraneo\/files\/2025\/03\/IMG-20250303-WA00461-300x169.jpg 300w, https:\/\/blogsaverroes.juntadeandalucia.es\/colemediterraneo\/files\/2025\/03\/IMG-20250303-WA00461-768x432.jpg 768w, https:\/\/blogsaverroes.juntadeandalucia.es\/colemediterraneo\/files\/2025\/03\/IMG-20250303-WA00461-1536x864.jpg 1536w, https:\/\/blogsaverroes.juntadeandalucia.es\/colemediterraneo\/files\/2025\/03\/IMG-20250303-WA00461.jpg 1599w\" sizes=\"(max-width: 782px) 100vw, 782px\" \/><\/p>\n<p><img loading=\"lazy\" decoding=\"async\" class=\"alignnone size-large wp-image-37753\" src=\"https:\/\/blogsaverroes.juntadeandalucia.es\/colemediterraneo\/files\/2025\/03\/IMG-20250303-WA00481-1024x576.jpg\" alt=\"\" width=\"782\" height=\"440\" srcset=\"https:\/\/blogsaverroes.juntadeandalucia.es\/colemediterraneo\/files\/2025\/03\/IMG-20250303-WA00481-1024x576.jpg 1024w, https:\/\/blogsaverroes.juntadeandalucia.es\/colemediterraneo\/files\/2025\/03\/IMG-20250303-WA00481-300x169.jpg 300w, https:\/\/blogsaverroes.juntadeandalucia.es\/colemediterraneo\/files\/2025\/03\/IMG-20250303-WA00481-768x432.jpg 768w, https:\/\/blogsaverroes.juntadeandalucia.es\/colemediterraneo\/files\/2025\/03\/IMG-20250303-WA00481-1536x864.jpg 1536w, https:\/\/blogsaverroes.juntadeandalucia.es\/colemediterraneo\/files\/2025\/03\/IMG-20250303-WA00481.jpg 1599w\" sizes=\"(max-width: 782px) 100vw, 782px\" \/><\/p>\n<p><img loading=\"lazy\" decoding=\"async\" class=\"alignnone wp-image-37755 size-large\" src=\"https:\/\/blogsaverroes.juntadeandalucia.es\/colemediterraneo\/files\/2025\/03\/IMG-20250303-WA00401-1-e1741022190863-1024x576.jpg\" alt=\"\" width=\"782\" height=\"440\" srcset=\"https:\/\/blogsaverroes.juntadeandalucia.es\/colemediterraneo\/files\/2025\/03\/IMG-20250303-WA00401-1-e1741022190863-1024x576.jpg 1024w, https:\/\/blogsaverroes.juntadeandalucia.es\/colemediterraneo\/files\/2025\/03\/IMG-20250303-WA00401-1-e1741022190863-300x169.jpg 300w, https:\/\/blogsaverroes.juntadeandalucia.es\/colemediterraneo\/files\/2025\/03\/IMG-20250303-WA00401-1-e1741022190863-768x432.jpg 768w, https:\/\/blogsaverroes.juntadeandalucia.es\/colemediterraneo\/files\/2025\/03\/IMG-20250303-WA00401-1-e1741022190863-1536x864.jpg 1536w, https:\/\/blogsaverroes.juntadeandalucia.es\/colemediterraneo\/files\/2025\/03\/IMG-20250303-WA00401-1-e1741022190863.jpg 1599w\" sizes=\"(max-width: 782px) 100vw, 782px\" \/><\/p>\n<p><img loading=\"lazy\" decoding=\"async\" class=\"alignnone size-large wp-image-37749\" src=\"https:\/\/blogsaverroes.juntadeandalucia.es\/colemediterraneo\/files\/2025\/03\/IMG-20250303-WA00421-1024x576.jpg\" alt=\"\" width=\"782\" height=\"440\" srcset=\"https:\/\/blogsaverroes.juntadeandalucia.es\/colemediterraneo\/files\/2025\/03\/IMG-20250303-WA00421-1024x576.jpg 1024w, https:\/\/blogsaverroes.juntadeandalucia.es\/colemediterraneo\/files\/2025\/03\/IMG-20250303-WA00421-300x169.jpg 300w, https:\/\/blogsaverroes.juntadeandalucia.es\/colemediterraneo\/files\/2025\/03\/IMG-20250303-WA00421-768x432.jpg 768w, https:\/\/blogsaverroes.juntadeandalucia.es\/colemediterraneo\/files\/2025\/03\/IMG-20250303-WA00421-1536x864.jpg 1536w, https:\/\/blogsaverroes.juntadeandalucia.es\/colemediterraneo\/files\/2025\/03\/IMG-20250303-WA00421.jpg 1599w\" sizes=\"(max-width: 782px) 100vw, 782px\" \/><\/p>\n<p><img loading=\"lazy\" decoding=\"async\" class=\" wp-image-37757 aligncenter\" src=\"https:\/\/blogsaverroes.juntadeandalucia.es\/colemediterraneo\/files\/2025\/03\/IMG-20250303-WA00441-576x1024.jpg\" alt=\"\" width=\"459\" height=\"816\" srcset=\"https:\/\/blogsaverroes.juntadeandalucia.es\/colemediterraneo\/files\/2025\/03\/IMG-20250303-WA00441-576x1024.jpg 576w, https:\/\/blogsaverroes.juntadeandalucia.es\/colemediterraneo\/files\/2025\/03\/IMG-20250303-WA00441-169x300.jpg 169w, https:\/\/blogsaverroes.juntadeandalucia.es\/colemediterraneo\/files\/2025\/03\/IMG-20250303-WA00441-768x1366.jpg 768w, https:\/\/blogsaverroes.juntadeandalucia.es\/colemediterraneo\/files\/2025\/03\/IMG-20250303-WA00441-864x1536.jpg 864w, https:\/\/blogsaverroes.juntadeandalucia.es\/colemediterraneo\/files\/2025\/03\/IMG-20250303-WA00441.jpg 899w\" sizes=\"(max-width: 459px) 100vw, 459px\" \/><\/p>\n<p><img loading=\"lazy\" decoding=\"async\" class=\"alignnone size-large wp-image-37748\" src=\"https:\/\/blogsaverroes.juntadeandalucia.es\/colemediterraneo\/files\/2025\/03\/IMG-20250303-WA00411-1024x576.jpg\" alt=\"\" width=\"782\" height=\"440\" srcset=\"https:\/\/blogsaverroes.juntadeandalucia.es\/colemediterraneo\/files\/2025\/03\/IMG-20250303-WA00411-1024x576.jpg 1024w, https:\/\/blogsaverroes.juntadeandalucia.es\/colemediterraneo\/files\/2025\/03\/IMG-20250303-WA00411-300x169.jpg 300w, https:\/\/blogsaverroes.juntadeandalucia.es\/colemediterraneo\/files\/2025\/03\/IMG-20250303-WA00411-768x432.jpg 768w, https:\/\/blogsaverroes.juntadeandalucia.es\/colemediterraneo\/files\/2025\/03\/IMG-20250303-WA00411-1536x864.jpg 1536w, https:\/\/blogsaverroes.juntadeandalucia.es\/colemediterraneo\/files\/2025\/03\/IMG-20250303-WA00411.jpg 1599w\" sizes=\"(max-width: 782px) 100vw, 782px\" \/><\/p>\n<p>&nbsp;<\/p>\n<p><img loading=\"lazy\" decoding=\"async\" class=\"size-large wp-image-37727 aligncenter\" src=\"https:\/\/blogsaverroes.juntadeandalucia.es\/colemediterraneo\/files\/2025\/03\/IMG_20250303_094619_754-1024x768.jpg\" alt=\"\" width=\"782\" height=\"587\" srcset=\"https:\/\/blogsaverroes.juntadeandalucia.es\/colemediterraneo\/files\/2025\/03\/IMG_20250303_094619_754-1024x768.jpg 1024w, https:\/\/blogsaverroes.juntadeandalucia.es\/colemediterraneo\/files\/2025\/03\/IMG_20250303_094619_754-300x225.jpg 300w, https:\/\/blogsaverroes.juntadeandalucia.es\/colemediterraneo\/files\/2025\/03\/IMG_20250303_094619_754-768x576.jpg 768w, https:\/\/blogsaverroes.juntadeandalucia.es\/colemediterraneo\/files\/2025\/03\/IMG_20250303_094619_754.jpg 1280w\" sizes=\"(max-width: 782px) 100vw, 782px\" \/><\/p>\n<p><img loading=\"lazy\" decoding=\"async\" class=\"size-large wp-image-37734 aligncenter\" src=\"https:\/\/blogsaverroes.juntadeandalucia.es\/colemediterraneo\/files\/2025\/03\/IMG-20250303-WA0000-1024x768.jpg\" alt=\"\" width=\"782\" height=\"587\" srcset=\"https:\/\/blogsaverroes.juntadeandalucia.es\/colemediterraneo\/files\/2025\/03\/IMG-20250303-WA0000-1024x768.jpg 1024w, https:\/\/blogsaverroes.juntadeandalucia.es\/colemediterraneo\/files\/2025\/03\/IMG-20250303-WA0000-300x225.jpg 300w, https:\/\/blogsaverroes.juntadeandalucia.es\/colemediterraneo\/files\/2025\/03\/IMG-20250303-WA0000-768x576.jpg 768w, https:\/\/blogsaverroes.juntadeandalucia.es\/colemediterraneo\/files\/2025\/03\/IMG-20250303-WA0000-1536x1152.jpg 1536w, https:\/\/blogsaverroes.juntadeandalucia.es\/colemediterraneo\/files\/2025\/03\/IMG-20250303-WA0000.jpg 1600w\" sizes=\"(max-width: 782px) 100vw, 782px\" \/><\/p>\n<p><img loading=\"lazy\" decoding=\"async\" class=\"size-large wp-image-37735 aligncenter\" src=\"https:\/\/blogsaverroes.juntadeandalucia.es\/colemediterraneo\/files\/2025\/03\/IMG-20250303-WA0002-1024x768.jpg\" alt=\"\" width=\"782\" height=\"587\" srcset=\"https:\/\/blogsaverroes.juntadeandalucia.es\/colemediterraneo\/files\/2025\/03\/IMG-20250303-WA0002-1024x768.jpg 1024w, https:\/\/blogsaverroes.juntadeandalucia.es\/colemediterraneo\/files\/2025\/03\/IMG-20250303-WA0002-300x225.jpg 300w, https:\/\/blogsaverroes.juntadeandalucia.es\/colemediterraneo\/files\/2025\/03\/IMG-20250303-WA0002-768x576.jpg 768w, https:\/\/blogsaverroes.juntadeandalucia.es\/colemediterraneo\/files\/2025\/03\/IMG-20250303-WA0002-1536x1152.jpg 1536w, https:\/\/blogsaverroes.juntadeandalucia.es\/colemediterraneo\/files\/2025\/03\/IMG-20250303-WA0002.jpg 1600w\" sizes=\"(max-width: 782px) 100vw, 782px\" \/><\/p>\n<p style=\"text-align: center\"><img loading=\"lazy\" decoding=\"async\" class=\"alignnone size-large wp-image-37725\" src=\"https:\/\/blogsaverroes.juntadeandalucia.es\/colemediterraneo\/files\/2025\/03\/IMG_20250303_094619_533-1024x768.jpg\" alt=\"\" width=\"782\" height=\"587\" srcset=\"https:\/\/blogsaverroes.juntadeandalucia.es\/colemediterraneo\/files\/2025\/03\/IMG_20250303_094619_533-1024x768.jpg 1024w, https:\/\/blogsaverroes.juntadeandalucia.es\/colemediterraneo\/files\/2025\/03\/IMG_20250303_094619_533-300x225.jpg 300w, https:\/\/blogsaverroes.juntadeandalucia.es\/colemediterraneo\/files\/2025\/03\/IMG_20250303_094619_533-768x576.jpg 768w, https:\/\/blogsaverroes.juntadeandalucia.es\/colemediterraneo\/files\/2025\/03\/IMG_20250303_094619_533.jpg 1280w\" sizes=\"(max-width: 782px) 100vw, 782px\" \/> <img loading=\"lazy\" decoding=\"async\" class=\"alignnone size-large wp-image-37726\" src=\"https:\/\/blogsaverroes.juntadeandalucia.es\/colemediterraneo\/files\/2025\/03\/IMG_20250303_094619_546-1024x768.jpg\" alt=\"\" width=\"782\" height=\"587\" srcset=\"https:\/\/blogsaverroes.juntadeandalucia.es\/colemediterraneo\/files\/2025\/03\/IMG_20250303_094619_546-1024x768.jpg 1024w, https:\/\/blogsaverroes.juntadeandalucia.es\/colemediterraneo\/files\/2025\/03\/IMG_20250303_094619_546-300x225.jpg 300w, https:\/\/blogsaverroes.juntadeandalucia.es\/colemediterraneo\/files\/2025\/03\/IMG_20250303_094619_546-768x576.jpg 768w, https:\/\/blogsaverroes.juntadeandalucia.es\/colemediterraneo\/files\/2025\/03\/IMG_20250303_094619_546.jpg 1280w\" sizes=\"(max-width: 782px) 100vw, 782px\" \/><\/p>\n<p><img loading=\"lazy\" decoding=\"async\" class=\"alignnone size-large wp-image-37730\" src=\"https:\/\/blogsaverroes.juntadeandalucia.es\/colemediterraneo\/files\/2025\/03\/IMG_20250303_094619_854-1024x768.jpg\" alt=\"\" width=\"782\" height=\"587\" srcset=\"https:\/\/blogsaverroes.juntadeandalucia.es\/colemediterraneo\/files\/2025\/03\/IMG_20250303_094619_854-1024x768.jpg 1024w, https:\/\/blogsaverroes.juntadeandalucia.es\/colemediterraneo\/files\/2025\/03\/IMG_20250303_094619_854-300x225.jpg 300w, https:\/\/blogsaverroes.juntadeandalucia.es\/colemediterraneo\/files\/2025\/03\/IMG_20250303_094619_854-768x576.jpg 768w, https:\/\/blogsaverroes.juntadeandalucia.es\/colemediterraneo\/files\/2025\/03\/IMG_20250303_094619_854.jpg 1280w\" sizes=\"(max-width: 782px) 100vw, 782px\" \/><\/p>\n<div style=\"width: 750px;\" class=\"wp-video\"><!--[if lt IE 9]><script>document.createElement('video');<\/script><![endif]-->\n<video class=\"wp-video-shortcode\" id=\"video-37723-1\" width=\"750\" height=\"425\" preload=\"metadata\" controls=\"controls\"><source type=\"video\/mp4\" src=\"https:\/\/blogsaverroes.juntadeandalucia.es\/colemediterraneo\/files\/2025\/03\/VID-20250303-WA0001.mp4?_=1\" \/><a href=\"https:\/\/blogsaverroes.juntadeandalucia.es\/colemediterraneo\/files\/2025\/03\/VID-20250303-WA0001.mp4\">https:\/\/blogsaverroes.juntadeandalucia.es\/colemediterraneo\/files\/2025\/03\/VID-20250303-WA0001.mp4<\/a><\/video><\/div>\n<p style=\"text-align: center\">&nbsp;&nbsp;&nbsp;<\/p>\n","protected":false},"excerpt":{"rendered":"<p>El pasado lunes 27 de febrero tuvo lugar en nuestro colegio una sesi\u00f3n muy especial&nbsp; relacionada con el flamenco. El escritor y&nbsp; maestro&nbsp; &nbsp;Jos\u00e9 Luis Chac\u00f3n nos visit\u00f3 y present\u00f3 su obra que es pionera en el tratamiento del flamenco a nivel educativo.&nbsp; Su novedosa propuesta \u00bb Cantes flamencos identitarios\u00bb&nbsp; acerca al alumnado al tema &hellip; <\/p>\n<p><a class=\"more-link btn\" href=\"https:\/\/blogsaverroes.juntadeandalucia.es\/colemediterraneo\/ciclos\/tercer-ciclo\/presentacion-del-libro\/\">Seguir leyendo<\/a><\/p>\n","protected":false},"author":5888,"featured_media":0,"parent":37444,"menu_order":0,"comment_status":"closed","ping_status":"closed","template":"","meta":{"ngg_post_thumbnail":0,"footnotes":"","_mc_calendar":[]},"aioseo_notices":[],"post_mailing_queue_ids":[],"_links":{"self":[{"href":"https:\/\/blogsaverroes.juntadeandalucia.es\/colemediterraneo\/wp-json\/wp\/v2\/pages\/37723"}],"collection":[{"href":"https:\/\/blogsaverroes.juntadeandalucia.es\/colemediterraneo\/wp-json\/wp\/v2\/pages"}],"about":[{"href":"https:\/\/blogsaverroes.juntadeandalucia.es\/colemediterraneo\/wp-json\/wp\/v2\/types\/page"}],"author":[{"embeddable":true,"href":"https:\/\/blogsaverroes.juntadeandalucia.es\/colemediterraneo\/wp-json\/wp\/v2\/users\/5888"}],"replies":[{"embeddable":true,"href":"https:\/\/blogsaverroes.juntadeandalucia.es\/colemediterraneo\/wp-json\/wp\/v2\/comments?post=37723"}],"version-history":[{"count":11,"href":"https:\/\/blogsaverroes.juntadeandalucia.es\/colemediterraneo\/wp-json\/wp\/v2\/pages\/37723\/revisions"}],"predecessor-version":[{"id":38254,"href":"https:\/\/blogsaverroes.juntadeandalucia.es\/colemediterraneo\/wp-json\/wp\/v2\/pages\/37723\/revisions\/38254"}],"up":[{"embeddable":true,"href":"https:\/\/blogsaverroes.juntadeandalucia.es\/colemediterraneo\/wp-json\/wp\/v2\/pages\/37444"}],"wp:attachment":[{"href":"https:\/\/blogsaverroes.juntadeandalucia.es\/colemediterraneo\/wp-json\/wp\/v2\/media?parent=37723"}],"curies":[{"name":"wp","href":"https:\/\/api.w.org\/{rel}","templated":true}]}}