{"id":37838,"date":"2025-03-28T13:02:09","date_gmt":"2025-03-28T13:02:09","guid":{"rendered":"https:\/\/blogsaverroes.juntadeandalucia.es\/colemediterraneo\/?page_id=37838"},"modified":"2025-03-28T13:02:09","modified_gmt":"2025-03-28T13:02:09","slug":"olimpiadas-matematicas","status":"publish","type":"page","link":"https:\/\/blogsaverroes.juntadeandalucia.es\/colemediterraneo\/ciclos\/tercer-ciclo\/olimpiadas-matematicas\/","title":{"rendered":"Olimpiadas matem\u00e1ticas"},"content":{"rendered":"<p>El pasado s\u00e1bado, 15 de marzo, una representaci\u00f3n de ni\u00f1os y ni\u00f1as de nuestro colegio particip\u00f3 en las II Olimpiadas Matem\u00e1ticas Alev\u00edn, celebradas en Rabanales.&nbsp; Acompa\u00f1ados del maestro Rafael&nbsp; Delgado disfrutaron de una jornada divertida junto a multitud de estudiantes de muy diversos centros.<\/p>\n<p style=\"text-align: center\"><img loading=\"lazy\" decoding=\"async\" class=\"alignnone size-large wp-image-37839\" src=\"https:\/\/blogsaverroes.juntadeandalucia.es\/colemediterraneo\/files\/2025\/03\/IMG-20250317-WA0005-1024x576.jpg\" alt=\"\" width=\"782\" height=\"440\" srcset=\"https:\/\/blogsaverroes.juntadeandalucia.es\/colemediterraneo\/files\/2025\/03\/IMG-20250317-WA0005-1024x576.jpg 1024w, https:\/\/blogsaverroes.juntadeandalucia.es\/colemediterraneo\/files\/2025\/03\/IMG-20250317-WA0005-300x169.jpg 300w, https:\/\/blogsaverroes.juntadeandalucia.es\/colemediterraneo\/files\/2025\/03\/IMG-20250317-WA0005-768x432.jpg 768w, https:\/\/blogsaverroes.juntadeandalucia.es\/colemediterraneo\/files\/2025\/03\/IMG-20250317-WA0005-1536x864.jpg 1536w, https:\/\/blogsaverroes.juntadeandalucia.es\/colemediterraneo\/files\/2025\/03\/IMG-20250317-WA0005.jpg 1600w\" sizes=\"(max-width: 782px) 100vw, 782px\" \/> <img loading=\"lazy\" decoding=\"async\" class=\"alignnone size-large wp-image-37840\" src=\"https:\/\/blogsaverroes.juntadeandalucia.es\/colemediterraneo\/files\/2025\/03\/IMG-20250317-WA0006-1024x576.jpg\" alt=\"\" width=\"782\" height=\"440\" srcset=\"https:\/\/blogsaverroes.juntadeandalucia.es\/colemediterraneo\/files\/2025\/03\/IMG-20250317-WA0006-1024x576.jpg 1024w, https:\/\/blogsaverroes.juntadeandalucia.es\/colemediterraneo\/files\/2025\/03\/IMG-20250317-WA0006-300x169.jpg 300w, https:\/\/blogsaverroes.juntadeandalucia.es\/colemediterraneo\/files\/2025\/03\/IMG-20250317-WA0006-768x432.jpg 768w, https:\/\/blogsaverroes.juntadeandalucia.es\/colemediterraneo\/files\/2025\/03\/IMG-20250317-WA0006-1536x864.jpg 1536w, https:\/\/blogsaverroes.juntadeandalucia.es\/colemediterraneo\/files\/2025\/03\/IMG-20250317-WA0006.jpg 1920w\" sizes=\"(max-width: 782px) 100vw, 782px\" \/><\/p>\n","protected":false},"excerpt":{"rendered":"<p>El pasado s\u00e1bado, 15 de marzo, una representaci\u00f3n de ni\u00f1os y ni\u00f1as de nuestro colegio particip\u00f3 en las II Olimpiadas Matem\u00e1ticas Alev\u00edn, celebradas en Rabanales.&nbsp; Acompa\u00f1ados del maestro Rafael&nbsp; Delgado disfrutaron de una jornada divertida junto a multitud de estudiantes de muy diversos centros.<\/p>\n","protected":false},"author":5888,"featured_media":0,"parent":37444,"menu_order":0,"comment_status":"closed","ping_status":"closed","template":"","meta":{"ngg_post_thumbnail":0,"footnotes":"","_mc_calendar":[]},"aioseo_notices":[],"post_mailing_queue_ids":[],"_links":{"self":[{"href":"https:\/\/blogsaverroes.juntadeandalucia.es\/colemediterraneo\/wp-json\/wp\/v2\/pages\/37838"}],"collection":[{"href":"https:\/\/blogsaverroes.juntadeandalucia.es\/colemediterraneo\/wp-json\/wp\/v2\/pages"}],"about":[{"href":"https:\/\/blogsaverroes.juntadeandalucia.es\/colemediterraneo\/wp-json\/wp\/v2\/types\/page"}],"author":[{"embeddable":true,"href":"https:\/\/blogsaverroes.juntadeandalucia.es\/colemediterraneo\/wp-json\/wp\/v2\/users\/5888"}],"replies":[{"embeddable":true,"href":"https:\/\/blogsaverroes.juntadeandalucia.es\/colemediterraneo\/wp-json\/wp\/v2\/comments?post=37838"}],"version-history":[{"count":1,"href":"https:\/\/blogsaverroes.juntadeandalucia.es\/colemediterraneo\/wp-json\/wp\/v2\/pages\/37838\/revisions"}],"predecessor-version":[{"id":37841,"href":"https:\/\/blogsaverroes.juntadeandalucia.es\/colemediterraneo\/wp-json\/wp\/v2\/pages\/37838\/revisions\/37841"}],"up":[{"embeddable":true,"href":"https:\/\/blogsaverroes.juntadeandalucia.es\/colemediterraneo\/wp-json\/wp\/v2\/pages\/37444"}],"wp:attachment":[{"href":"https:\/\/blogsaverroes.juntadeandalucia.es\/colemediterraneo\/wp-json\/wp\/v2\/media?parent=37838"}],"curies":[{"name":"wp","href":"https:\/\/api.w.org\/{rel}","templated":true}]}}