{"id":38264,"date":"2025-10-24T18:40:25","date_gmt":"2025-10-24T18:40:25","guid":{"rendered":"https:\/\/blogsaverroes.juntadeandalucia.es\/colemediterraneo\/?page_id=38264"},"modified":"2026-01-08T13:11:49","modified_gmt":"2026-01-08T13:11:49","slug":"comedor","status":"publish","type":"page","link":"https:\/\/blogsaverroes.juntadeandalucia.es\/colemediterraneo\/comedor\/","title":{"rendered":"MEN\u00daS"},"content":{"rendered":"<p>Nuestro comedor cuenta con cocina diaria en el centro, gestionado por la empresa Serunion. Puede ver m\u00e1s informaci\u00f3n en nuestro submen\u00fa de <a href=\"https:\/\/blogsaverroes.juntadeandalucia.es\/colemediterraneo\/proyectos-2\/plan-de-apoyo-a-las-familias\/\">\u00abPlan de Apoyo a las Familias\u00bb.<\/a><\/p>\n<p>Men\u00fas:&nbsp;<a href=\"https:\/\/blogsaverroes.juntadeandalucia.es\/colemediterraneo\/files\/2026\/01\/ENE-26-BASAL-PRIMARIA.pdf\">ENE 26 &#8211;&nbsp; PRIMARIA&nbsp;&nbsp;&nbsp; <\/a><a href=\"https:\/\/blogsaverroes.juntadeandalucia.es\/colemediterraneo\/files\/2026\/01\/ENE-26-BASAL-INFANTIL.pdf\">ENE 26 &#8211;&nbsp; INFANTIL<\/a><\/p>\n<p>Adem\u00e1s hay otros men\u00fas especiales&nbsp; SIN HUEVO o SIN LACTOSA o SIN GLUTEN&nbsp; o VEGETARIANO<\/p>\n","protected":false},"excerpt":{"rendered":"<p>Nuestro comedor cuenta con cocina diaria en el centro, gestionado por la empresa Serunion. Puede ver m\u00e1s informaci\u00f3n en nuestro submen\u00fa de \u00abPlan de Apoyo a las Familias\u00bb. Men\u00fas:&nbsp;ENE 26 &#8211;&nbsp; PRIMARIA&nbsp;&nbsp;&nbsp; ENE 26 &#8211;&nbsp; INFANTIL Adem\u00e1s hay otros men\u00fas especiales&nbsp; SIN HUEVO o SIN LACTOSA o SIN GLUTEN&nbsp; o VEGETARIANO<\/p>\n","protected":false},"author":5888,"featured_media":0,"parent":0,"menu_order":10,"comment_status":"closed","ping_status":"closed","template":"","meta":{"ngg_post_thumbnail":0,"footnotes":"","_mc_calendar":[]},"aioseo_notices":[],"post_mailing_queue_ids":[],"_links":{"self":[{"href":"https:\/\/blogsaverroes.juntadeandalucia.es\/colemediterraneo\/wp-json\/wp\/v2\/pages\/38264"}],"collection":[{"href":"https:\/\/blogsaverroes.juntadeandalucia.es\/colemediterraneo\/wp-json\/wp\/v2\/pages"}],"about":[{"href":"https:\/\/blogsaverroes.juntadeandalucia.es\/colemediterraneo\/wp-json\/wp\/v2\/types\/page"}],"author":[{"embeddable":true,"href":"https:\/\/blogsaverroes.juntadeandalucia.es\/colemediterraneo\/wp-json\/wp\/v2\/users\/5888"}],"replies":[{"embeddable":true,"href":"https:\/\/blogsaverroes.juntadeandalucia.es\/colemediterraneo\/wp-json\/wp\/v2\/comments?post=38264"}],"version-history":[{"count":7,"href":"https:\/\/blogsaverroes.juntadeandalucia.es\/colemediterraneo\/wp-json\/wp\/v2\/pages\/38264\/revisions"}],"predecessor-version":[{"id":38511,"href":"https:\/\/blogsaverroes.juntadeandalucia.es\/colemediterraneo\/wp-json\/wp\/v2\/pages\/38264\/revisions\/38511"}],"wp:attachment":[{"href":"https:\/\/blogsaverroes.juntadeandalucia.es\/colemediterraneo\/wp-json\/wp\/v2\/media?parent=38264"}],"curies":[{"name":"wp","href":"https:\/\/api.w.org\/{rel}","templated":true}]}}