{"id":38438,"date":"2025-11-21T17:59:33","date_gmt":"2025-11-21T17:59:33","guid":{"rendered":"https:\/\/blogsaverroes.juntadeandalucia.es\/colemediterraneo\/?page_id=38438"},"modified":"2025-11-21T18:45:04","modified_gmt":"2025-11-21T18:45:04","slug":"viernes-de-piscina-plan-de-equidad","status":"publish","type":"page","link":"https:\/\/blogsaverroes.juntadeandalucia.es\/colemediterraneo\/ciclos\/educacion-especial\/viernes-de-piscina-plan-de-equidad\/","title":{"rendered":"\u00a1Viernes de piscina! &#8211; Plan de Equidad"},"content":{"rendered":"<h4>Una de las actividades de nuestro<span style=\"text-decoration: underline\"><em><strong> Plan de Equidad<\/strong><\/em><\/span>, es la visita a la piscina de nuestro alumnado de las aulas Espec\u00edficas de Educaci\u00f3n Especial y la espec\u00edfica de Trastornos del Espectro Autista (TEA). Ambas se alternan cada viernes para dar la oportunidad a este alumnado de una experiencia \u00fanica compartida con sus compa\u00f1eros y compa\u00f1eras.<\/h4>\n<p><img loading=\"lazy\" decoding=\"async\" class=\"alignnone wp-image-38440\" src=\"https:\/\/blogsaverroes.juntadeandalucia.es\/colemediterraneo\/files\/2025\/11\/Piscina-1-940x1024.jpg\" alt=\"\" width=\"386\" height=\"420\" srcset=\"https:\/\/blogsaverroes.juntadeandalucia.es\/colemediterraneo\/files\/2025\/11\/Piscina-1-940x1024.jpg 940w, https:\/\/blogsaverroes.juntadeandalucia.es\/colemediterraneo\/files\/2025\/11\/Piscina-1-275x300.jpg 275w, https:\/\/blogsaverroes.juntadeandalucia.es\/colemediterraneo\/files\/2025\/11\/Piscina-1-768x836.jpg 768w, https:\/\/blogsaverroes.juntadeandalucia.es\/colemediterraneo\/files\/2025\/11\/Piscina-1-750x817.jpg 750w, https:\/\/blogsaverroes.juntadeandalucia.es\/colemediterraneo\/files\/2025\/11\/Piscina-1.jpg 1134w\" sizes=\"(max-width: 386px) 100vw, 386px\" \/>&nbsp; &nbsp; &nbsp; &nbsp;&nbsp; <img loading=\"lazy\" decoding=\"async\" class=\"alignnone wp-image-38444\" src=\"https:\/\/blogsaverroes.juntadeandalucia.es\/colemediterraneo\/files\/2025\/11\/piscina-2-576x1024.jpg\" alt=\"\" width=\"235\" height=\"418\" srcset=\"https:\/\/blogsaverroes.juntadeandalucia.es\/colemediterraneo\/files\/2025\/11\/piscina-2-576x1024.jpg 576w, https:\/\/blogsaverroes.juntadeandalucia.es\/colemediterraneo\/files\/2025\/11\/piscina-2-169x300.jpg 169w, https:\/\/blogsaverroes.juntadeandalucia.es\/colemediterraneo\/files\/2025\/11\/piscina-2-768x1365.jpg 768w, https:\/\/blogsaverroes.juntadeandalucia.es\/colemediterraneo\/files\/2025\/11\/piscina-2-864x1536.jpg 864w, https:\/\/blogsaverroes.juntadeandalucia.es\/colemediterraneo\/files\/2025\/11\/piscina-2-750x1333.jpg 750w, https:\/\/blogsaverroes.juntadeandalucia.es\/colemediterraneo\/files\/2025\/11\/piscina-2.jpg 900w\" sizes=\"(max-width: 235px) 100vw, 235px\" \/><\/p>\n<p>El centro ha tenido a bien regalarles estas toallas con el logotipo de nuestro colegio.<\/p>\n","protected":false},"excerpt":{"rendered":"<p>Una de las actividades de nuestro Plan de Equidad, es la visita a la piscina de nuestro alumnado de las aulas Espec\u00edficas de Educaci\u00f3n Especial y la espec\u00edfica de Trastornos del Espectro Autista (TEA). Ambas se alternan cada viernes para dar la oportunidad a este alumnado de una experiencia \u00fanica compartida con sus compa\u00f1eros y &hellip; <\/p>\n<p><a class=\"more-link btn\" href=\"https:\/\/blogsaverroes.juntadeandalucia.es\/colemediterraneo\/ciclos\/educacion-especial\/viernes-de-piscina-plan-de-equidad\/\">Seguir leyendo<\/a><\/p>\n","protected":false},"author":5888,"featured_media":0,"parent":35599,"menu_order":0,"comment_status":"closed","ping_status":"closed","template":"","meta":{"ngg_post_thumbnail":0,"footnotes":"","_mc_calendar":[]},"aioseo_notices":[],"post_mailing_queue_ids":[],"_links":{"self":[{"href":"https:\/\/blogsaverroes.juntadeandalucia.es\/colemediterraneo\/wp-json\/wp\/v2\/pages\/38438"}],"collection":[{"href":"https:\/\/blogsaverroes.juntadeandalucia.es\/colemediterraneo\/wp-json\/wp\/v2\/pages"}],"about":[{"href":"https:\/\/blogsaverroes.juntadeandalucia.es\/colemediterraneo\/wp-json\/wp\/v2\/types\/page"}],"author":[{"embeddable":true,"href":"https:\/\/blogsaverroes.juntadeandalucia.es\/colemediterraneo\/wp-json\/wp\/v2\/users\/5888"}],"replies":[{"embeddable":true,"href":"https:\/\/blogsaverroes.juntadeandalucia.es\/colemediterraneo\/wp-json\/wp\/v2\/comments?post=38438"}],"version-history":[{"count":3,"href":"https:\/\/blogsaverroes.juntadeandalucia.es\/colemediterraneo\/wp-json\/wp\/v2\/pages\/38438\/revisions"}],"predecessor-version":[{"id":38445,"href":"https:\/\/blogsaverroes.juntadeandalucia.es\/colemediterraneo\/wp-json\/wp\/v2\/pages\/38438\/revisions\/38445"}],"up":[{"embeddable":true,"href":"https:\/\/blogsaverroes.juntadeandalucia.es\/colemediterraneo\/wp-json\/wp\/v2\/pages\/35599"}],"wp:attachment":[{"href":"https:\/\/blogsaverroes.juntadeandalucia.es\/colemediterraneo\/wp-json\/wp\/v2\/media?parent=38438"}],"curies":[{"name":"wp","href":"https:\/\/api.w.org\/{rel}","templated":true}]}}