{"id":4281,"date":"2012-05-03T20:37:35","date_gmt":"2012-05-03T20:37:35","guid":{"rendered":"http:\/\/www.colemediterraneo.es\/?page_id=4281"},"modified":"2012-05-03T20:37:35","modified_gmt":"2012-05-03T20:37:35","slug":"cuentacuentos-poesias-trabajo-en-valores-y-mucho-mas-en-la-semana-del-libro","status":"publish","type":"page","link":"https:\/\/blogsaverroes.juntadeandalucia.es\/colemediterraneo\/cursos-anteriores\/a-nivel-de-centro\/feria-del-libro\/cuentacuentos-poesias-trabajo-en-valores-y-mucho-mas-en-la-semana-del-libro\/","title":{"rendered":"Cuentacuentos,  Poes\u00edas, trabajo en Valores y mucho m\u00e1s en la Semana del Libro"},"content":{"rendered":"<p style=\"text-align: justify\">Dentro de las muchas actividades programadas en la Semana del Libro, encontramos varios cuentacuentos (en espa\u00f1ol y en Ingl\u00e9s para los ni\u00f1os y ni\u00f1as de Ed. Infantil).\u00a0\u00a0 A nuestros alumnos y alumnas les han encantado.<\/p>\n<p style=\"text-align: justify\">En colaboraci\u00f3n con las familias se ha llevado a cabo una actividad titulada \u00abLas Estrellas de los Buenos Deseos\u00bb, consistente en la lectura de un cuento en casa en el que se trabajan diversos VALORES\u00a0 para su posterior puesta en com\u00fan en el aula.\u00a0\u00a0 Con las estrellas elaboradas por los alumnos\/as se han decorado las puertas de las clases.<\/p>\n<p style=\"text-align: justify\">Tambi\u00e9n se han elaborado peque\u00f1os libros a nivel individual en el Primer Ciclo, que posteriormente se han colgado de las puertas para que fuesen accesibles al resto de los alumnos\/as que quisieran leerlos.\u00a0 Pasado un tiempo, cada ni\u00f1o\/a se lo llevar\u00e1 a casa el suyo dentro de unas bonitas cajitas que han preparado para la ocasi\u00f3n.<\/p>\n<p style=\"text-align: justify\">Se han llevado a cabo diversas actividades de animaci\u00f3n a la lectura as\u00ed como el estudio de la vida y obra del poeta Federico Garc\u00eda Lorca.<\/p>\n<p style=\"text-align: justify\">Otra actividad que se ha llevado a cabo estuvo a cargo de nuestro director, Juan Manuel: nos regal\u00f3 varias poes\u00edas preciosas\u00a0que nos gustaron mucho.<\/p>\n<p style=\"text-align: justify\">Aqu\u00ed os dejamos algunas im\u00e1genes&#8230;<\/p>\n\n<p>&nbsp;<\/p>\n","protected":false},"excerpt":{"rendered":"<p>Dentro de las muchas actividades programadas en la Semana del Libro, encontramos varios cuentacuentos (en espa\u00f1ol y en Ingl\u00e9s para los ni\u00f1os y ni\u00f1as de Ed. Infantil).\u00a0\u00a0 A nuestros alumnos y alumnas les han encantado. En colaboraci\u00f3n con las familias se ha llevado a cabo una actividad titulada \u00abLas Estrellas de los Buenos Deseos\u00bb, consistente &hellip; <\/p>\n<p><a class=\"more-link btn\" href=\"https:\/\/blogsaverroes.juntadeandalucia.es\/colemediterraneo\/cursos-anteriores\/a-nivel-de-centro\/feria-del-libro\/cuentacuentos-poesias-trabajo-en-valores-y-mucho-mas-en-la-semana-del-libro\/\">Seguir leyendo<\/a><\/p>\n","protected":false},"author":5888,"featured_media":0,"parent":4131,"menu_order":0,"comment_status":"open","ping_status":"open","template":"","meta":{"ngg_post_thumbnail":0,"footnotes":"","_mc_calendar":[]},"aioseo_notices":[],"post_mailing_queue_ids":[],"_links":{"self":[{"href":"https:\/\/blogsaverroes.juntadeandalucia.es\/colemediterraneo\/wp-json\/wp\/v2\/pages\/4281"}],"collection":[{"href":"https:\/\/blogsaverroes.juntadeandalucia.es\/colemediterraneo\/wp-json\/wp\/v2\/pages"}],"about":[{"href":"https:\/\/blogsaverroes.juntadeandalucia.es\/colemediterraneo\/wp-json\/wp\/v2\/types\/page"}],"author":[{"embeddable":true,"href":"https:\/\/blogsaverroes.juntadeandalucia.es\/colemediterraneo\/wp-json\/wp\/v2\/users\/5888"}],"replies":[{"embeddable":true,"href":"https:\/\/blogsaverroes.juntadeandalucia.es\/colemediterraneo\/wp-json\/wp\/v2\/comments?post=4281"}],"version-history":[{"count":0,"href":"https:\/\/blogsaverroes.juntadeandalucia.es\/colemediterraneo\/wp-json\/wp\/v2\/pages\/4281\/revisions"}],"up":[{"embeddable":true,"href":"https:\/\/blogsaverroes.juntadeandalucia.es\/colemediterraneo\/wp-json\/wp\/v2\/pages\/4131"}],"wp:attachment":[{"href":"https:\/\/blogsaverroes.juntadeandalucia.es\/colemediterraneo\/wp-json\/wp\/v2\/media?parent=4281"}],"curies":[{"name":"wp","href":"https:\/\/api.w.org\/{rel}","templated":true}]}}