{"id":4427,"date":"2012-05-10T20:58:50","date_gmt":"2012-05-10T20:58:50","guid":{"rendered":"http:\/\/www.colemediterraneo.es\/?page_id=4427"},"modified":"2012-05-10T20:58:50","modified_gmt":"2012-05-10T20:58:50","slug":"excursion-a-la-sierrezuela-de-posadas","status":"publish","type":"page","link":"https:\/\/blogsaverroes.juntadeandalucia.es\/colemediterraneo\/cursos-anteriores\/tercer-ciclo\/excursion-a-la-sierrezuela-de-posadas\/","title":{"rendered":"Excursi\u00f3n a la Sierrezuela de Posadas"},"content":{"rendered":"<p style=\"text-align: justify\">Como viene siendo tradicional, desde hace unos a\u00f1os,\u00a0 el Tercer Ciclo de E. Primaria se desplaz\u00f3 el jueves, 10 de mayo, al Parque Periurbano de La Sierrezuela, en el t\u00e9rmino municipal de Posadas.\u00a0 El objetivo principal que se pretende conseguir es la convivencia entre el alumnado y el profesorado de dicho ciclo.<\/p>\n<p style=\"text-align: justify\">La jornada comenz\u00f3 a las 9:15 de la ma\u00f1ana cuando el alumnado se desplaz\u00f3 desde el Colegio, en dos autocares hasta el parque.\u00a0\u00a0 La primera actividad realizada fue un recorrido en grupo para conocer los atractivos que posee el parque.\u00a0\u00a0 Pudimos comprobar la riqueza y la variedad de la flora cordobesa, los restos megal\u00edticos que posee la zona,\u00a0 la fauna , los cultivos que nos rodean y las actividades f\u00edsicas que a modo de circuito deportivo completan la ruta principal.<\/p>\n<p style=\"text-align: justify\">Una vez reconocido el terreno, el alumnado y el profesorado disfrutaron de un agradable y merecido desayuno . La buena caminata nos abri\u00f3 las ganas de comer. \u00a1Qu\u00e9 rico estaba el bocadillo y el zumo!<\/p>\n<p style=\"text-align: justify\">Despu\u00e9s de desayunar y hasta las 13:30 el alumnado pudo elegir entre las actividades mostradas anteriormente por el profesorado para desarrollarlas en peque\u00f1os grupos.<\/p>\n<p style=\"text-align: justify\">Llegada la hora del almuerzo, compartimos un tiempo para descansar, relajarnos, charlar con nuestros compa\u00f1eros\/as y, por supuesto, para reponer las energ\u00edas perdidas durante los recorridos.\u00a0 Descanso y de nuevo actividades en la zona de juegos m\u00e1s tranquila.<\/p>\n<p style=\"text-align: justify\">\u00a1Anda ! si son las 4:30. \u00a1Qu\u00e9 pronto pasa el tiempo!\u00a0 Ya est\u00e1n aqu\u00ed los autocares. Cada oveja con su pareja.\u00a0\u00a0 De nuevo hay un recuento para comprobar que nadie se queda atr\u00e1s. Cuando nos dimos cuenta est\u00e1bamos en la puerta de nuestro Cole.<\/p>\n<p>\u00bf Cu\u00e1ndo ser\u00e1 la pr\u00f3xima?<\/p>\n<p style=\"text-align: right\">Antonio Moral L\u00f3pez<\/p>\n\n<div><\/div>\n","protected":false},"excerpt":{"rendered":"<p>Como viene siendo tradicional, desde hace unos a\u00f1os,\u00a0 el Tercer Ciclo de E. Primaria se desplaz\u00f3 el jueves, 10 de mayo, al Parque Periurbano de La Sierrezuela, en el t\u00e9rmino municipal de Posadas.\u00a0 El objetivo principal que se pretende conseguir es la convivencia entre el alumnado y el profesorado de dicho ciclo. La jornada comenz\u00f3 &hellip; <\/p>\n<p><a class=\"more-link btn\" href=\"https:\/\/blogsaverroes.juntadeandalucia.es\/colemediterraneo\/cursos-anteriores\/tercer-ciclo\/excursion-a-la-sierrezuela-de-posadas\/\">Seguir leyendo<\/a><\/p>\n","protected":false},"author":5888,"featured_media":0,"parent":108,"menu_order":0,"comment_status":"open","ping_status":"closed","template":"","meta":{"ngg_post_thumbnail":0,"footnotes":"","_mc_calendar":[]},"aioseo_notices":[],"post_mailing_queue_ids":[],"_links":{"self":[{"href":"https:\/\/blogsaverroes.juntadeandalucia.es\/colemediterraneo\/wp-json\/wp\/v2\/pages\/4427"}],"collection":[{"href":"https:\/\/blogsaverroes.juntadeandalucia.es\/colemediterraneo\/wp-json\/wp\/v2\/pages"}],"about":[{"href":"https:\/\/blogsaverroes.juntadeandalucia.es\/colemediterraneo\/wp-json\/wp\/v2\/types\/page"}],"author":[{"embeddable":true,"href":"https:\/\/blogsaverroes.juntadeandalucia.es\/colemediterraneo\/wp-json\/wp\/v2\/users\/5888"}],"replies":[{"embeddable":true,"href":"https:\/\/blogsaverroes.juntadeandalucia.es\/colemediterraneo\/wp-json\/wp\/v2\/comments?post=4427"}],"version-history":[{"count":0,"href":"https:\/\/blogsaverroes.juntadeandalucia.es\/colemediterraneo\/wp-json\/wp\/v2\/pages\/4427\/revisions"}],"up":[{"embeddable":true,"href":"https:\/\/blogsaverroes.juntadeandalucia.es\/colemediterraneo\/wp-json\/wp\/v2\/pages\/108"}],"wp:attachment":[{"href":"https:\/\/blogsaverroes.juntadeandalucia.es\/colemediterraneo\/wp-json\/wp\/v2\/media?parent=4427"}],"curies":[{"name":"wp","href":"https:\/\/api.w.org\/{rel}","templated":true}]}}