{"id":4460,"date":"2012-05-16T17:48:40","date_gmt":"2012-05-16T17:48:40","guid":{"rendered":"http:\/\/www.colemediterraneo.es\/?page_id=4460"},"modified":"2012-05-16T17:48:40","modified_gmt":"2012-05-16T17:48:40","slug":"teatro-avanti-los-tres-cerditos-en-ingles-inf-4-y-5-1o-ciclo","status":"publish","type":"page","link":"https:\/\/blogsaverroes.juntadeandalucia.es\/colemediterraneo\/cursos-anteriores\/a-nivel-de-centro\/teatro-avanti-los-tres-cerditos-en-ingles-inf-4-y-5-1o-ciclo\/","title":{"rendered":"Teatro Avanti: Los tres cerditos en Ingl\u00e9s (Inf. 4 y 5-1\u00ba Ciclo)"},"content":{"rendered":"<p style=\"text-align: justify\">Los alumnos y alumnas de Infantil de 4 y 5 a\u00f1os junto con el alumnado de Primer Ciclo se desplazaron el pasado d\u00eda 15 de mayo al Teatro Avanti de nuestra ciudad para disfrutar de la obra de teatro en Ingl\u00e9s: Los tres cerditos.\u00a0 Aqu\u00ed os dejamos unas fotos de este precioso teatro.<\/p>\n\n","protected":false},"excerpt":{"rendered":"<p>Los alumnos y alumnas de Infantil de 4 y 5 a\u00f1os junto con el alumnado de Primer Ciclo se desplazaron el pasado d\u00eda 15 de mayo al Teatro Avanti de nuestra ciudad para disfrutar de la obra de teatro en Ingl\u00e9s: Los tres cerditos.\u00a0 Aqu\u00ed os dejamos unas fotos de este precioso teatro.<\/p>\n","protected":false},"author":5888,"featured_media":0,"parent":160,"menu_order":0,"comment_status":"open","ping_status":"open","template":"","meta":{"ngg_post_thumbnail":0,"footnotes":"","_mc_calendar":[]},"aioseo_notices":[],"post_mailing_queue_ids":[],"_links":{"self":[{"href":"https:\/\/blogsaverroes.juntadeandalucia.es\/colemediterraneo\/wp-json\/wp\/v2\/pages\/4460"}],"collection":[{"href":"https:\/\/blogsaverroes.juntadeandalucia.es\/colemediterraneo\/wp-json\/wp\/v2\/pages"}],"about":[{"href":"https:\/\/blogsaverroes.juntadeandalucia.es\/colemediterraneo\/wp-json\/wp\/v2\/types\/page"}],"author":[{"embeddable":true,"href":"https:\/\/blogsaverroes.juntadeandalucia.es\/colemediterraneo\/wp-json\/wp\/v2\/users\/5888"}],"replies":[{"embeddable":true,"href":"https:\/\/blogsaverroes.juntadeandalucia.es\/colemediterraneo\/wp-json\/wp\/v2\/comments?post=4460"}],"version-history":[{"count":0,"href":"https:\/\/blogsaverroes.juntadeandalucia.es\/colemediterraneo\/wp-json\/wp\/v2\/pages\/4460\/revisions"}],"up":[{"embeddable":true,"href":"https:\/\/blogsaverroes.juntadeandalucia.es\/colemediterraneo\/wp-json\/wp\/v2\/pages\/160"}],"wp:attachment":[{"href":"https:\/\/blogsaverroes.juntadeandalucia.es\/colemediterraneo\/wp-json\/wp\/v2\/media?parent=4460"}],"curies":[{"name":"wp","href":"https:\/\/api.w.org\/{rel}","templated":true}]}}