{"id":5728,"date":"2012-12-20T18:03:33","date_gmt":"2012-12-20T18:03:33","guid":{"rendered":"http:\/\/www.colemediterraneo.es\/?page_id=5728"},"modified":"2012-12-20T18:03:33","modified_gmt":"2012-12-20T18:03:33","slug":"teatro-las-tres-reinas-magas-gloria-fuertes","status":"publish","type":"page","link":"https:\/\/blogsaverroes.juntadeandalucia.es\/colemediterraneo\/cursos-anteriores\/curso-2012-2013\/tercer-ciclo-2\/teatro-las-tres-reinas-magas-gloria-fuertes\/","title":{"rendered":"Teatro: Las tres Reinas Magas (Gloria Fuertes)"},"content":{"rendered":"<p style=\"text-align: justify\">\u00a0 Un grupo de alumnas de la clase de 6\u00ba B han preparado la obra de teatro \u00abLas tres Reinas Magas\u00bb, escrita por la autora Gloria Fuertes.\u00a0\u00a0 Con su representaci\u00f3n ha disfrutado todo el alumnado que asist\u00eda de p\u00fablico.\u00a0\u00a0 Queremos felicitarlas por lo bien que lo han hecho a pesar de los nervios y aprovechamos para felicitar a su tutora por el esfuerzo de organizar la obra y al maestro D. Florentino que se ha encargado de la m\u00fasica, sonido, luces y dem\u00e1s aspectos t\u00e9cnicos.\u00a0 Un fuerte aplauso desde aqu\u00ed tambi\u00e9n.\u00a0\u00a0 Os dejamos unas fotos para que las disfrut\u00e9is&#8230;<\/p>\n<p style=\"text-align: justify\">\n<p style=\"text-align: justify\">\n\n","protected":false},"excerpt":{"rendered":"<p>\u00a0 Un grupo de alumnas de la clase de 6\u00ba B han preparado la obra de teatro \u00abLas tres Reinas Magas\u00bb, escrita por la autora Gloria Fuertes.\u00a0\u00a0 Con su representaci\u00f3n ha disfrutado todo el alumnado que asist\u00eda de p\u00fablico.\u00a0\u00a0 Queremos felicitarlas por lo bien que lo han hecho a pesar de los nervios y aprovechamos &hellip; <\/p>\n<p><a class=\"more-link btn\" href=\"https:\/\/blogsaverroes.juntadeandalucia.es\/colemediterraneo\/cursos-anteriores\/curso-2012-2013\/tercer-ciclo-2\/teatro-las-tres-reinas-magas-gloria-fuertes\/\">Seguir leyendo<\/a><\/p>\n","protected":false},"author":5888,"featured_media":0,"parent":5059,"menu_order":0,"comment_status":"open","ping_status":"open","template":"","meta":{"ngg_post_thumbnail":0,"footnotes":"","_mc_calendar":[]},"aioseo_notices":[],"post_mailing_queue_ids":[],"_links":{"self":[{"href":"https:\/\/blogsaverroes.juntadeandalucia.es\/colemediterraneo\/wp-json\/wp\/v2\/pages\/5728"}],"collection":[{"href":"https:\/\/blogsaverroes.juntadeandalucia.es\/colemediterraneo\/wp-json\/wp\/v2\/pages"}],"about":[{"href":"https:\/\/blogsaverroes.juntadeandalucia.es\/colemediterraneo\/wp-json\/wp\/v2\/types\/page"}],"author":[{"embeddable":true,"href":"https:\/\/blogsaverroes.juntadeandalucia.es\/colemediterraneo\/wp-json\/wp\/v2\/users\/5888"}],"replies":[{"embeddable":true,"href":"https:\/\/blogsaverroes.juntadeandalucia.es\/colemediterraneo\/wp-json\/wp\/v2\/comments?post=5728"}],"version-history":[{"count":0,"href":"https:\/\/blogsaverroes.juntadeandalucia.es\/colemediterraneo\/wp-json\/wp\/v2\/pages\/5728\/revisions"}],"up":[{"embeddable":true,"href":"https:\/\/blogsaverroes.juntadeandalucia.es\/colemediterraneo\/wp-json\/wp\/v2\/pages\/5059"}],"wp:attachment":[{"href":"https:\/\/blogsaverroes.juntadeandalucia.es\/colemediterraneo\/wp-json\/wp\/v2\/media?parent=5728"}],"curies":[{"name":"wp","href":"https:\/\/api.w.org\/{rel}","templated":true}]}}