{"id":6052,"date":"2013-01-23T21:40:41","date_gmt":"2013-01-23T21:40:41","guid":{"rendered":"http:\/\/www.colemediterraneo.es\/?page_id=6052"},"modified":"2013-01-23T21:40:41","modified_gmt":"2013-01-23T21:40:41","slug":"en-los-pasillos-tambien-se-educa","status":"publish","type":"page","link":"https:\/\/blogsaverroes.juntadeandalucia.es\/colemediterraneo\/cursos-anteriores\/curso-2012-2013\/a-nivel-de-centro-2\/en-los-pasillos-tambien-se-educa\/","title":{"rendered":"En los pasillos tambi\u00e9n se educa&#8230;"},"content":{"rendered":"<p style=\"text-align: justify\">\u00a0 Los cambios de clase suelen ser momentos generadores de conflictos en frecuentes ocasiones.\u00a0 Por ello, es muy importante que nuestros alumnos y alumnas aprendan a ir de un sitio a otro respetando unas normas b\u00e1sicas: ir en fila, no hacer ruidos para no molestar al resto de las clases, respetar el orden, etc.\u00a0\u00a0 Florentino, -uno de nuestros maestros de educaci\u00f3n f\u00edsica- se ha convertido en un verdadero experto en hacer de estos \u00abpaseos\u00bb una muestra de educaci\u00f3n y convivencia fant\u00e1stica&#8230;.\u00a0\u00a0 De esta manera que os muestran las fotos consigue que d\u00eda a d\u00eda el alumnado vaya a la clase de educaci\u00f3n f\u00edsica y de regreso a sus propias aulas en perfecto orden, incluidos los m\u00e1s inquietos&#8230;.<\/p>\n\n<p style=\"text-align: justify\">\n","protected":false},"excerpt":{"rendered":"<p>\u00a0 Los cambios de clase suelen ser momentos generadores de conflictos en frecuentes ocasiones.\u00a0 Por ello, es muy importante que nuestros alumnos y alumnas aprendan a ir de un sitio a otro respetando unas normas b\u00e1sicas: ir en fila, no hacer ruidos para no molestar al resto de las clases, respetar el orden, etc.\u00a0\u00a0 Florentino, &hellip; <\/p>\n<p><a class=\"more-link btn\" href=\"https:\/\/blogsaverroes.juntadeandalucia.es\/colemediterraneo\/cursos-anteriores\/curso-2012-2013\/a-nivel-de-centro-2\/en-los-pasillos-tambien-se-educa\/\">Seguir leyendo<\/a><\/p>\n","protected":false},"author":5888,"featured_media":0,"parent":5063,"menu_order":0,"comment_status":"open","ping_status":"open","template":"","meta":{"ngg_post_thumbnail":0,"footnotes":"","_mc_calendar":[]},"aioseo_notices":[],"post_mailing_queue_ids":[],"_links":{"self":[{"href":"https:\/\/blogsaverroes.juntadeandalucia.es\/colemediterraneo\/wp-json\/wp\/v2\/pages\/6052"}],"collection":[{"href":"https:\/\/blogsaverroes.juntadeandalucia.es\/colemediterraneo\/wp-json\/wp\/v2\/pages"}],"about":[{"href":"https:\/\/blogsaverroes.juntadeandalucia.es\/colemediterraneo\/wp-json\/wp\/v2\/types\/page"}],"author":[{"embeddable":true,"href":"https:\/\/blogsaverroes.juntadeandalucia.es\/colemediterraneo\/wp-json\/wp\/v2\/users\/5888"}],"replies":[{"embeddable":true,"href":"https:\/\/blogsaverroes.juntadeandalucia.es\/colemediterraneo\/wp-json\/wp\/v2\/comments?post=6052"}],"version-history":[{"count":0,"href":"https:\/\/blogsaverroes.juntadeandalucia.es\/colemediterraneo\/wp-json\/wp\/v2\/pages\/6052\/revisions"}],"up":[{"embeddable":true,"href":"https:\/\/blogsaverroes.juntadeandalucia.es\/colemediterraneo\/wp-json\/wp\/v2\/pages\/5063"}],"wp:attachment":[{"href":"https:\/\/blogsaverroes.juntadeandalucia.es\/colemediterraneo\/wp-json\/wp\/v2\/media?parent=6052"}],"curies":[{"name":"wp","href":"https:\/\/api.w.org\/{rel}","templated":true}]}}