{"id":741,"date":"2012-02-10T23:30:09","date_gmt":"2012-02-10T23:30:09","guid":{"rendered":"http:\/\/www.colemediterraneo.es\/?page_id=741"},"modified":"2012-02-10T23:30:09","modified_gmt":"2012-02-10T23:30:09","slug":"fomentando-la-lectura","status":"publish","type":"page","link":"https:\/\/blogsaverroes.juntadeandalucia.es\/colemediterraneo\/cursos-anteriores\/segundo-ciclo\/fomentando-la-lectura\/","title":{"rendered":"Fomentando la lectura"},"content":{"rendered":"<p>Con el objetivo de fomentar entre nuestro alumnado el gusto y afici\u00f3n por la lectura, se est\u00e1n trabajando con\u00a0 nuestros alumnos del segundo ciclo textos adaptados de libros de aventuras.\u00a0 Entre ellos han trabajado los viajes de Ulises y aqu\u00ed v\u00e9is c\u00f3mo van reflejando sus experiencias&#8230;<\/p>\n","protected":false},"excerpt":{"rendered":"<p>Con el objetivo de fomentar entre nuestro alumnado el gusto y afici\u00f3n por la lectura, se est\u00e1n trabajando con\u00a0 nuestros alumnos del segundo ciclo textos adaptados de libros de aventuras.\u00a0 Entre ellos han trabajado los viajes de Ulises y aqu\u00ed v\u00e9is c\u00f3mo van reflejando sus experiencias&#8230;<\/p>\n","protected":false},"author":5888,"featured_media":0,"parent":105,"menu_order":0,"comment_status":"open","ping_status":"open","template":"","meta":{"ngg_post_thumbnail":0,"footnotes":"","_mc_calendar":[]},"aioseo_notices":[],"post_mailing_queue_ids":[],"_links":{"self":[{"href":"https:\/\/blogsaverroes.juntadeandalucia.es\/colemediterraneo\/wp-json\/wp\/v2\/pages\/741"}],"collection":[{"href":"https:\/\/blogsaverroes.juntadeandalucia.es\/colemediterraneo\/wp-json\/wp\/v2\/pages"}],"about":[{"href":"https:\/\/blogsaverroes.juntadeandalucia.es\/colemediterraneo\/wp-json\/wp\/v2\/types\/page"}],"author":[{"embeddable":true,"href":"https:\/\/blogsaverroes.juntadeandalucia.es\/colemediterraneo\/wp-json\/wp\/v2\/users\/5888"}],"replies":[{"embeddable":true,"href":"https:\/\/blogsaverroes.juntadeandalucia.es\/colemediterraneo\/wp-json\/wp\/v2\/comments?post=741"}],"version-history":[{"count":0,"href":"https:\/\/blogsaverroes.juntadeandalucia.es\/colemediterraneo\/wp-json\/wp\/v2\/pages\/741\/revisions"}],"up":[{"embeddable":true,"href":"https:\/\/blogsaverroes.juntadeandalucia.es\/colemediterraneo\/wp-json\/wp\/v2\/pages\/105"}],"wp:attachment":[{"href":"https:\/\/blogsaverroes.juntadeandalucia.es\/colemediterraneo\/wp-json\/wp\/v2\/media?parent=741"}],"curies":[{"name":"wp","href":"https:\/\/api.w.org\/{rel}","templated":true}]}}