{"id":7594,"date":"2013-05-12T10:48:01","date_gmt":"2013-05-12T10:48:01","guid":{"rendered":"http:\/\/www.colemediterraneo.es\/?page_id=7594"},"modified":"2013-05-12T10:48:01","modified_gmt":"2013-05-12T10:48:01","slug":"excursion-final-de-etapa-de-infantil","status":"publish","type":"page","link":"https:\/\/blogsaverroes.juntadeandalucia.es\/colemediterraneo\/ciclos\/educacion-infantil-3\/excursion-final-de-etapa-de-infantil\/","title":{"rendered":"Excursi\u00f3n final de Etapa de Infantil"},"content":{"rendered":"<p style=\"text-align: justify\">\u00a0\u00a0 El pasado d\u00eda 10 de mayo el alumnado de infantil de 5 a\u00f1os visit\u00f3 la Facultad de Filosof\u00eda y Letras de nuestra ciudad para ser por un d\u00eda arque\u00f3logos e historiadores.\u00a0 Viajaron en el tiempo\u00a0 m\u00e1s de dos mil a\u00f1os atr\u00e1s\u00a0para aprender c\u00f3mo era la vida en la C\u00f3rdoba romana.\u00a0 Los grupos pasaron por tres talleres diferentes acompa\u00f1ados por estudiantes de esta Facultad para hacer tres actividades distintas:<\/p>\n<p style=\"text-align: justify\">-Taller de mosaicos: donde les explicaron qu\u00e9 eran los mosaicos, c\u00f3mo y d\u00f3nde se hac\u00edan y cada ni\u00f1o\/a hizo el suyo propio.<\/p>\n<p style=\"text-align: justify\">-Taller de arqueolog\u00eda: donde aprendieron la manera en que los arque\u00f3logos trabajan para encontrar restos antiguos para su posterior estudio.<\/p>\n<p style=\"text-align: justify\">-Paseo por la Juder\u00eda: visitando la Sinagoga, la Mezquita (el patio de los Naranjos) y un patio t\u00edpico.<\/p>\n<p style=\"text-align: justify\">\u00a0\u00a0 Nuestros ni\u00f1os y ni\u00f1as se portaron estupendamente y aprendieron m\u00e1s sobre la riqueza de nuestra ciudad.\u00a0 Aqu\u00ed os dejamos unas fotos de esta preciosa excursi\u00f3n en la que echamos mucho de menos a la se\u00f1o M. Mar Rodr\u00edguez, una de las tutoras del grupo que no pudo acompa\u00f1arnos (esperamos su pronta recuperaci\u00f3n y le mandamos un abrazo).<\/p>\n\n<p>&nbsp;<\/p>\n<p>&nbsp;<\/p>\n","protected":false},"excerpt":{"rendered":"<p>\u00a0\u00a0 El pasado d\u00eda 10 de mayo el alumnado de infantil de 5 a\u00f1os visit\u00f3 la Facultad de Filosof\u00eda y Letras de nuestra ciudad para ser por un d\u00eda arque\u00f3logos e historiadores.\u00a0 Viajaron en el tiempo\u00a0 m\u00e1s de dos mil a\u00f1os atr\u00e1s\u00a0para aprender c\u00f3mo era la vida en la C\u00f3rdoba romana.\u00a0 Los grupos pasaron por &hellip; <\/p>\n<p><a class=\"more-link btn\" href=\"https:\/\/blogsaverroes.juntadeandalucia.es\/colemediterraneo\/ciclos\/educacion-infantil-3\/excursion-final-de-etapa-de-infantil\/\">Seguir leyendo<\/a><\/p>\n","protected":false},"author":5888,"featured_media":0,"parent":5046,"menu_order":0,"comment_status":"open","ping_status":"open","template":"","meta":{"ngg_post_thumbnail":0,"footnotes":"","_mc_calendar":[]},"aioseo_notices":[],"post_mailing_queue_ids":[],"_links":{"self":[{"href":"https:\/\/blogsaverroes.juntadeandalucia.es\/colemediterraneo\/wp-json\/wp\/v2\/pages\/7594"}],"collection":[{"href":"https:\/\/blogsaverroes.juntadeandalucia.es\/colemediterraneo\/wp-json\/wp\/v2\/pages"}],"about":[{"href":"https:\/\/blogsaverroes.juntadeandalucia.es\/colemediterraneo\/wp-json\/wp\/v2\/types\/page"}],"author":[{"embeddable":true,"href":"https:\/\/blogsaverroes.juntadeandalucia.es\/colemediterraneo\/wp-json\/wp\/v2\/users\/5888"}],"replies":[{"embeddable":true,"href":"https:\/\/blogsaverroes.juntadeandalucia.es\/colemediterraneo\/wp-json\/wp\/v2\/comments?post=7594"}],"version-history":[{"count":0,"href":"https:\/\/blogsaverroes.juntadeandalucia.es\/colemediterraneo\/wp-json\/wp\/v2\/pages\/7594\/revisions"}],"up":[{"embeddable":true,"href":"https:\/\/blogsaverroes.juntadeandalucia.es\/colemediterraneo\/wp-json\/wp\/v2\/pages\/5046"}],"wp:attachment":[{"href":"https:\/\/blogsaverroes.juntadeandalucia.es\/colemediterraneo\/wp-json\/wp\/v2\/media?parent=7594"}],"curies":[{"name":"wp","href":"https:\/\/api.w.org\/{rel}","templated":true}]}}