{"id":912,"date":"2012-02-14T16:20:49","date_gmt":"2012-02-14T16:20:49","guid":{"rendered":"http:\/\/www.colemediterraneo.es\/?page_id=912"},"modified":"2012-02-14T16:20:49","modified_gmt":"2012-02-14T16:20:49","slug":"nuestros-experimentos","status":"publish","type":"page","link":"https:\/\/blogsaverroes.juntadeandalucia.es\/colemediterraneo\/cursos-anteriores\/primer-ciclo\/nuestros-experimentos\/","title":{"rendered":"Nuestros experimentos"},"content":{"rendered":"<p>Los ni\u00f1os y ni\u00f1as de primero hemos plantado semillas para ver c\u00f3mo van creciendo d\u00eda a d\u00eda.\u00a0 Algunos hemos elegido lentejas, otros habichuelas y otros garbanzos\u2026 Las cuidamos cada d\u00eda ech\u00e1ndoles el agua necesaria y poni\u00e9ndolas cerca de la ventana para que les entre la luz del Sol.\u00a0\u00a0 As\u00ed las vemos crecer poco a poco\u2026\u00a0 Aqu\u00ed las ten\u00e9is\u2026<\/p>\n<p style=\"text-align: center\"><a href=\"http:\/\/www.colemediterraneo.es\/wp-content\/uploads\/2012\/02\/DSC04768.jpg\"><img loading=\"lazy\" decoding=\"async\" class=\"aligncenter size-large wp-image-913\" title=\"DSC04768\" src=\"http:\/\/www.colemediterraneo.es\/wp-content\/uploads\/2012\/02\/DSC04768-1024x768.jpg\" alt=\"\" width=\"640\" height=\"480\" \/><\/a><\/p>\n<p>&nbsp;<\/p>\n","protected":false},"excerpt":{"rendered":"<p>Los ni\u00f1os y ni\u00f1as de primero hemos plantado semillas para ver c\u00f3mo van creciendo d\u00eda a d\u00eda.\u00a0 Algunos hemos elegido lentejas, otros habichuelas y otros garbanzos\u2026 Las cuidamos cada d\u00eda ech\u00e1ndoles el agua necesaria y poni\u00e9ndolas cerca de la ventana para que les entre la luz del Sol.\u00a0\u00a0 As\u00ed las vemos crecer poco a poco\u2026\u00a0 &hellip; <\/p>\n<p><a class=\"more-link btn\" href=\"https:\/\/blogsaverroes.juntadeandalucia.es\/colemediterraneo\/cursos-anteriores\/primer-ciclo\/nuestros-experimentos\/\">Seguir leyendo<\/a><\/p>\n","protected":false},"author":5888,"featured_media":0,"parent":92,"menu_order":0,"comment_status":"open","ping_status":"open","template":"","meta":{"ngg_post_thumbnail":0,"footnotes":"","_mc_calendar":[]},"aioseo_notices":[],"post_mailing_queue_ids":[],"_links":{"self":[{"href":"https:\/\/blogsaverroes.juntadeandalucia.es\/colemediterraneo\/wp-json\/wp\/v2\/pages\/912"}],"collection":[{"href":"https:\/\/blogsaverroes.juntadeandalucia.es\/colemediterraneo\/wp-json\/wp\/v2\/pages"}],"about":[{"href":"https:\/\/blogsaverroes.juntadeandalucia.es\/colemediterraneo\/wp-json\/wp\/v2\/types\/page"}],"author":[{"embeddable":true,"href":"https:\/\/blogsaverroes.juntadeandalucia.es\/colemediterraneo\/wp-json\/wp\/v2\/users\/5888"}],"replies":[{"embeddable":true,"href":"https:\/\/blogsaverroes.juntadeandalucia.es\/colemediterraneo\/wp-json\/wp\/v2\/comments?post=912"}],"version-history":[{"count":0,"href":"https:\/\/blogsaverroes.juntadeandalucia.es\/colemediterraneo\/wp-json\/wp\/v2\/pages\/912\/revisions"}],"up":[{"embeddable":true,"href":"https:\/\/blogsaverroes.juntadeandalucia.es\/colemediterraneo\/wp-json\/wp\/v2\/pages\/92"}],"wp:attachment":[{"href":"https:\/\/blogsaverroes.juntadeandalucia.es\/colemediterraneo\/wp-json\/wp\/v2\/media?parent=912"}],"curies":[{"name":"wp","href":"https:\/\/api.w.org\/{rel}","templated":true}]}}