{"id":198,"date":"2015-03-17T09:55:36","date_gmt":"2015-03-17T09:55:36","guid":{"rendered":"http:\/\/blogsaverroes.juntadeandalucia.es\/pre\/ceip\/?page_id=198"},"modified":"2021-01-25T15:21:07","modified_gmt":"2021-01-25T15:21:07","slug":"que-es-el-ampa","status":"publish","type":"page","link":"https:\/\/blogsaverroes.juntadeandalucia.es\/colenoriego\/que-es-el-ampa\/","title":{"rendered":"AMPA San Mart\u00edn"},"content":{"rendered":"<p><img loading=\"lazy\" decoding=\"async\" class=\"aligncenter wp-image-2762\" src=\"https:\/\/blogsaverroes.juntadeandalucia.es\/colenoriego\/files\/2020\/10\/Captura-de-pantalla-2020-10-27-a-las-20.43.15.png\" alt=\"\" width=\"300\" height=\"133\" srcset=\"https:\/\/blogsaverroes.juntadeandalucia.es\/colenoriego\/files\/2020\/10\/Captura-de-pantalla-2020-10-27-a-las-20.43.15.png 996w, https:\/\/blogsaverroes.juntadeandalucia.es\/colenoriego\/files\/2020\/10\/Captura-de-pantalla-2020-10-27-a-las-20.43.15-300x134.png 300w, https:\/\/blogsaverroes.juntadeandalucia.es\/colenoriego\/files\/2020\/10\/Captura-de-pantalla-2020-10-27-a-las-20.43.15-768x342.png 768w, https:\/\/blogsaverroes.juntadeandalucia.es\/colenoriego\/files\/2020\/10\/Captura-de-pantalla-2020-10-27-a-las-20.43.15-24x11.png 24w, https:\/\/blogsaverroes.juntadeandalucia.es\/colenoriego\/files\/2020\/10\/Captura-de-pantalla-2020-10-27-a-las-20.43.15-36x16.png 36w, https:\/\/blogsaverroes.juntadeandalucia.es\/colenoriego\/files\/2020\/10\/Captura-de-pantalla-2020-10-27-a-las-20.43.15-48x21.png 48w\" sizes=\"(max-width: 300px) 100vw, 300px\" \/><\/p>\n<h3 style=\"text-align: left\">La Asociaci\u00f3n de Madres y Padres del C.E.I.P. Nuestra Se\u00f1ora De la Pe\u00f1a (AMPA&nbsp;&#8220;San Mart\u00edn&#8221;)&nbsp;&nbsp;esta&nbsp;&nbsp;gestionada por la siguiente &nbsp;<strong>Junta Directiva<\/strong>.<\/h3>\n<ul>\n<li>\n<h4>M\u00aa Jose Pedrajas Olmo (Presidenta y Tesorer\u00eda)&nbsp;<\/h4>\n<\/li>\n<li>\n<h4>Ana Bel\u00e9n R\u00edsquez Madrid (Vicepresidencia)&nbsp;<\/h4>\n<\/li>\n<li>\n<h4>Julia Rubio Olmo (Secretar\u00eda)<\/h4>\n<\/li>\n<li>\n<h4>Maria Isabel R\u00edsquez S\u00e1nchez (Vocal)<\/h4>\n<\/li>\n<li>\n<h4>Antonio Bravo L\u00f3pez (Vocal)<\/h4>\n<\/li>\n<li>\n<h4>Mar\u00eda Isabel Espejo C\u00e1\u00f1elo (Vocal)<\/h4>\n<\/li>\n<li>\n<h4>Mar\u00eda Isabel Gonz\u00e1lez Gonz\u00e1lez (Vocal)&nbsp;<\/h4>\n<\/li>\n<li>\n<h4>Mar\u00eda Jos\u00e9 Medina S\u00e1nchez &nbsp;(Vocal)<\/h4>\n<\/li>\n<\/ul>\n<h3>Puedes ponerte en contacto con nosotros\/as en el email: ampasanmartin2016@gmail.com<\/h3>\n<h3>Y puede ver m\u00e1s informaci\u00f3n &nbsp;en &nbsp;su p\u00e1gina de Facebook :<a href=\"https:\/\/www.facebook.com\/Ampa-San-Mart%C3%ADn-de-A\u00f1ora-1700945200220879\/?ref=page_internal\"><img loading=\"lazy\" decoding=\"async\" class=\"aligncenter wp-image-2763\" src=\"https:\/\/blogsaverroes.juntadeandalucia.es\/colenoriego\/files\/2020\/10\/image.png\" alt=\"\" width=\"211\" height=\"119\" srcset=\"https:\/\/blogsaverroes.juntadeandalucia.es\/colenoriego\/files\/2020\/10\/image-24x13.png 24w, https:\/\/blogsaverroes.juntadeandalucia.es\/colenoriego\/files\/2020\/10\/image-36x20.png 36w, https:\/\/blogsaverroes.juntadeandalucia.es\/colenoriego\/files\/2020\/10\/image-48x27.png 48w\" sizes=\"(max-width: 211px) 100vw, 211px\" \/><\/a><\/h3>\n<p>_______________________________________________________________________________________________________________________________________________<\/p>\n<h3 style=\"text-align: justify\">\u00bfQU\u00c9 ES EL AMPA?&nbsp;<\/h3>\n<p style=\"text-align: justify\">El <strong>AMPA<\/strong> es una asociaci\u00f3n sin \u00e1nimo de lucro que formada por los padres y madres de todo el alumnado del Colegio.<\/p>\n<p>Es un punto de encuentro y de trabajo independiente, abierto y plural.<\/p>\n<p>Desde el AMPA podemos contribuir a la mejora de la calidad de la educaci\u00f3n, la convivencia del centro y de las instalaciones.<\/p>\n<p>\u00bfpor qu\u00e9 es importante vuestra participaci\u00f3n?<\/p>\n<p>En el colegio existen espacios de participaci\u00f3n, siendo el AMPA &nbsp;el \u00fanico espacio de participaci\u00f3n aut\u00f3nomo de padres y madres. El AMPA es importante porque:<\/p>\n<ul style=\"text-align: justify\">\n<li>Somos corresponsables de la educaci\u00f3n que nuestros hijos\/as reciben en el colegio.<\/li>\n<li>Es un espacio para aportar iniciativas y trabajar con la direcci\u00f3n del Centro, sin depender de esta.<\/li>\n<\/ul>\n<p style=\"text-align: justify\">\u00bfc\u00f3mo puedes participar?<\/p>\n<p>Participar en el AMPA es muy f\u00e1cil y cada uno decide el nivel de implicaci\u00f3n.<\/p>\n<ul style=\"text-align: justify\">\n<li>Podemos asociarnos en cualquier momento, aunque se entrega a las familias una ficha de inscripci\u00f3n con la matr\u00edcula en la que se indica la cuota anual por cada familia (la cuota es por familia no por ni\u00f1o\/a)<\/li>\n<li>Podemos tambi\u00e9n participar a trav\u00e9s de las asambleas, incorpor\u00e1ndote a las reuniones&nbsp;abiertas que se convoquen.<\/li>\n<li>Podemos colaborar en los diferentes grupos de trabajo o&nbsp;en actividades puntuales que se organizan desde el AMPA a lo largo del curso.<\/li>\n<li>Podemos proponer iniciativas, plantear temas de debate, organizar actividades, etc., &nbsp;dirigi\u00e9ndote a cualquier miembro de la junta directiva o a trav\u00e9s del blog.<\/li>\n<\/ul>\n<p style=\"text-align: justify\">Como ves, hay muchas formas de participar y es muy importante que m\u00e1s padres y madres pasemos a la participa-ACCI\u00d3N,&nbsp;&nbsp;de forma activa y colectiva.<\/p>\n<p>\u00bfpara qu\u00e9 sirve?<\/p>\n<ul style=\"text-align: justify\">\n<li>Para defender y velar por el derecho a una educaci\u00f3n de calidad, democr\u00e1tica, atendiendo a las necesidades de todos los ni\u00f1os\/as &nbsp;y cr\u00edtica.<\/li>\n<li>Para promover la participaci\u00f3n de padres y madres en la vida del centro, defendiendo los intereses del alumnado y de toda la comunidad educativa.<\/li>\n<li>Para buscar soluciones de forma colectiva a temas relacionados con la ense\u00f1anza y educaci\u00f3n de nuestros hijos\/as.<\/li>\n<li>Para crear espacios de encuentro y trabajo en el resto de la comunidad educativa y con el entorno.<\/li>\n<li>Para crear espacios de reflexi\u00f3n y participaci\u00f3n compartida sobre la educaci\u00f3n de nuestros hijos\/asPara participar en la gesti\u00f3n del colegio.<\/li>\n<\/ul>\n<p style=\"text-align: justify\">\u00bfc\u00f3mo se financia?<\/p>\n<p>El AMPA &nbsp;se financia a trav\u00e9s de las cuotas de socios\/as.<br \/>\nLa cuota de socios\/as es el \u00fanico pago que realizan las familias y que gestiona el AMPA para el beneficio exclusivo de la comunidad educativa y en definitiva de la educaci\u00f3n que reciben&nbsp; nuestros hijos\/as en el centro.<\/p>\n","protected":false},"excerpt":{"rendered":"<p>La Asociaci\u00f3n de Madres y Padres del C.E.I.P. Nuestra Se\u00f1ora De la Pe\u00f1a (AMPA&nbsp;&#8220;San Mart\u00edn&#8221;)&nbsp;&nbsp;esta&nbsp;&nbsp;gestionada por la siguiente &nbsp;Junta Directiva. M\u00aa Jose Pedrajas Olmo (Presidenta y Tesorer\u00eda)&nbsp; Ana Bel\u00e9n R\u00edsquez&#46;&#46;&#46;<\/p>\n","protected":false},"author":1,"featured_media":0,"parent":0,"menu_order":0,"comment_status":"open","ping_status":"open","template":"page-templates\/child-menu.php","meta":{"ngg_post_thumbnail":0,"footnotes":"","_mc_calendar":[]},"aioseo_notices":[],"post_mailing_queue_ids":[],"_links":{"self":[{"href":"https:\/\/blogsaverroes.juntadeandalucia.es\/colenoriego\/wp-json\/wp\/v2\/pages\/198"}],"collection":[{"href":"https:\/\/blogsaverroes.juntadeandalucia.es\/colenoriego\/wp-json\/wp\/v2\/pages"}],"about":[{"href":"https:\/\/blogsaverroes.juntadeandalucia.es\/colenoriego\/wp-json\/wp\/v2\/types\/page"}],"author":[{"embeddable":true,"href":"https:\/\/blogsaverroes.juntadeandalucia.es\/colenoriego\/wp-json\/wp\/v2\/users\/1"}],"replies":[{"embeddable":true,"href":"https:\/\/blogsaverroes.juntadeandalucia.es\/colenoriego\/wp-json\/wp\/v2\/comments?post=198"}],"version-history":[{"count":8,"href":"https:\/\/blogsaverroes.juntadeandalucia.es\/colenoriego\/wp-json\/wp\/v2\/pages\/198\/revisions"}],"predecessor-version":[{"id":3324,"href":"https:\/\/blogsaverroes.juntadeandalucia.es\/colenoriego\/wp-json\/wp\/v2\/pages\/198\/revisions\/3324"}],"wp:attachment":[{"href":"https:\/\/blogsaverroes.juntadeandalucia.es\/colenoriego\/wp-json\/wp\/v2\/media?parent=198"}],"curies":[{"name":"wp","href":"https:\/\/api.w.org\/{rel}","templated":true}]}}