{"id":35,"date":"2015-03-13T08:21:43","date_gmt":"2015-03-13T08:21:43","guid":{"rendered":"http:\/\/blogsaverroes.juntadeandalucia.es\/pre\/ceip\/?page_id=35"},"modified":"2020-04-14T21:51:06","modified_gmt":"2020-04-14T21:51:06","slug":"el-centro-2","status":"publish","type":"page","link":"https:\/\/blogsaverroes.juntadeandalucia.es\/colenoriego\/el-centro-2\/","title":{"rendered":"Datos del centro"},"content":{"rendered":"<p>[googlemaps https:\/\/www.google.com\/maps\/embed?pb=!1m14!1m8!1m3!1d3126.3056934543965!2d-4.898616648580027!3d38.41129977041034!3m2!1i1024!2i768!4f13.1!3m3!1m2!1s0x0%3A0x1c302acbf9b17ed4!2sColegio%20P%C3%BAblico%20Ntra.%20Sra.%20de%20la%20Pe%C3%B1a!5e0!3m2!1ses!2ses!4v1586899486503!5m2!1ses!2ses&amp;w=800&amp;h=600]<\/p>\n<p>&nbsp;<\/p>\n<p><strong>Direcci\u00f3n<\/strong>: Barrio Amargura, 88<\/p>\n<p>CP 14450 A\u00f1ora (C\u00f3rdoba)<\/p>\n<p>&nbsp;<strong>Tfno:<\/strong> 957 139 800 \/\/ 957 139 801 &nbsp;Fax: 957 139 800 &nbsp;<\/p>\n<p><strong>Correo corporativo:<\/strong> 14000355.edu@juntadeandalucia.es&nbsp;<\/p>\n<p><strong>web:<\/strong> https:\/\/blogsaverroes.juntadeandalucia.es\/colenoriego<\/p>\n<p>&nbsp;<\/p>\n<p><strong>A\u00d1ORA<\/strong><\/p>\n<p>Pueblo en pleno coraz\u00f3n de Los Pedroches, a 80 k. de C\u00f3rdoba, &nbsp;con tradiciones y costumbres &nbsp;arraigadas como son: las Cruces de Mayo, Sus Olimpiadas Rurales, &nbsp;la jota Noriega, las fiestas de San Ant\u00f3n , la Candelaria, el d\u00eda de los Hornazos, San Mart\u00edn, y la feria en honor a la Virgen De la Pe\u00f1a.<\/p>\n<p><a href=\"https:\/\/blogsaverroes.juntadeandalucia.es\/colenoriego\/files\/2020\/04\/Captura-de-pantalla-2020-04-14-a-las-23.32.17.png\"><img loading=\"lazy\" decoding=\"async\" class=\"alignnone size-large wp-image-2280\" src=\"https:\/\/blogsaverroes.juntadeandalucia.es\/colenoriego\/files\/2020\/04\/Captura-de-pantalla-2020-04-14-a-las-23.32.17-1015x1024.png\" alt=\"\" width=\"1015\" height=\"1024\" srcset=\"https:\/\/blogsaverroes.juntadeandalucia.es\/colenoriego\/files\/2020\/04\/Captura-de-pantalla-2020-04-14-a-las-23.32.17-1015x1024.png 1015w, https:\/\/blogsaverroes.juntadeandalucia.es\/colenoriego\/files\/2020\/04\/Captura-de-pantalla-2020-04-14-a-las-23.32.17-150x150.png 150w, https:\/\/blogsaverroes.juntadeandalucia.es\/colenoriego\/files\/2020\/04\/Captura-de-pantalla-2020-04-14-a-las-23.32.17-297x300.png 297w, https:\/\/blogsaverroes.juntadeandalucia.es\/colenoriego\/files\/2020\/04\/Captura-de-pantalla-2020-04-14-a-las-23.32.17-768x774.png 768w, https:\/\/blogsaverroes.juntadeandalucia.es\/colenoriego\/files\/2020\/04\/Captura-de-pantalla-2020-04-14-a-las-23.32.17-100x100.png 100w, https:\/\/blogsaverroes.juntadeandalucia.es\/colenoriego\/files\/2020\/04\/Captura-de-pantalla-2020-04-14-a-las-23.32.17-160x160.png 160w, https:\/\/blogsaverroes.juntadeandalucia.es\/colenoriego\/files\/2020\/04\/Captura-de-pantalla-2020-04-14-a-las-23.32.17-24x24.png 24w, https:\/\/blogsaverroes.juntadeandalucia.es\/colenoriego\/files\/2020\/04\/Captura-de-pantalla-2020-04-14-a-las-23.32.17-36x36.png 36w, https:\/\/blogsaverroes.juntadeandalucia.es\/colenoriego\/files\/2020\/04\/Captura-de-pantalla-2020-04-14-a-las-23.32.17-48x48.png 48w, https:\/\/blogsaverroes.juntadeandalucia.es\/colenoriego\/files\/2020\/04\/Captura-de-pantalla-2020-04-14-a-las-23.32.17.png 1418w\" sizes=\"(max-width: 1015px) 100vw, 1015px\" \/><\/a><\/p>\n","protected":false},"excerpt":{"rendered":"<p>[googlemaps https:\/\/www.google.com\/maps\/embed?pb=!1m14!1m8!1m3!1d3126.3056934543965!2d-4.898616648580027!3d38.41129977041034!3m2!1i1024!2i768!4f13.1!3m3!1m2!1s0x0%3A0x1c302acbf9b17ed4!2sColegio%20P%C3%BAblico%20Ntra.%20Sra.%20de%20la%20Pe%C3%B1a!5e0!3m2!1ses!2ses!4v1586899486503!5m2!1ses!2ses&amp;w=800&amp;h=600] &nbsp; Direcci\u00f3n: Barrio Amargura, 88 CP 14450 A\u00f1ora (C\u00f3rdoba) &nbsp;Tfno: 957 139 800 \/\/ 957 139 801 &nbsp;Fax: 957 139 800 &nbsp; Correo corporativo: 14000355.edu@juntadeandalucia.es&nbsp; web: https:\/\/blogsaverroes.juntadeandalucia.es\/colenoriego &nbsp;&#46;&#46;&#46;<\/p>\n","protected":false},"author":1,"featured_media":0,"parent":0,"menu_order":0,"comment_status":"open","ping_status":"open","template":"","meta":{"ngg_post_thumbnail":0,"footnotes":"","_mc_calendar":[]},"aioseo_notices":[],"post_mailing_queue_ids":[],"_links":{"self":[{"href":"https:\/\/blogsaverroes.juntadeandalucia.es\/colenoriego\/wp-json\/wp\/v2\/pages\/35"}],"collection":[{"href":"https:\/\/blogsaverroes.juntadeandalucia.es\/colenoriego\/wp-json\/wp\/v2\/pages"}],"about":[{"href":"https:\/\/blogsaverroes.juntadeandalucia.es\/colenoriego\/wp-json\/wp\/v2\/types\/page"}],"author":[{"embeddable":true,"href":"https:\/\/blogsaverroes.juntadeandalucia.es\/colenoriego\/wp-json\/wp\/v2\/users\/1"}],"replies":[{"embeddable":true,"href":"https:\/\/blogsaverroes.juntadeandalucia.es\/colenoriego\/wp-json\/wp\/v2\/comments?post=35"}],"version-history":[{"count":34,"href":"https:\/\/blogsaverroes.juntadeandalucia.es\/colenoriego\/wp-json\/wp\/v2\/pages\/35\/revisions"}],"predecessor-version":[{"id":2282,"href":"https:\/\/blogsaverroes.juntadeandalucia.es\/colenoriego\/wp-json\/wp\/v2\/pages\/35\/revisions\/2282"}],"wp:attachment":[{"href":"https:\/\/blogsaverroes.juntadeandalucia.es\/colenoriego\/wp-json\/wp\/v2\/media?parent=35"}],"curies":[{"name":"wp","href":"https:\/\/api.w.org\/{rel}","templated":true}]}}