{"id":44,"date":"2015-03-13T08:42:15","date_gmt":"2015-03-13T08:42:15","guid":{"rendered":"http:\/\/blogsaverroes.juntadeandalucia.es\/pre\/ceip\/?page_id=44"},"modified":"2021-01-25T18:41:32","modified_gmt":"2021-01-25T18:41:32","slug":"planes-y-proyectos","status":"publish","type":"page","link":"https:\/\/blogsaverroes.juntadeandalucia.es\/colenoriego\/planes-y-proyectos\/","title":{"rendered":"Planes y Programas"},"content":{"rendered":"<p><img loading=\"lazy\" decoding=\"async\" class=\"wp-image-3325 alignnone\" src=\"https:\/\/blogsaverroes.juntadeandalucia.es\/colenoriego\/files\/2021\/01\/planesyprogramas.png\" alt=\"\" width=\"697\" height=\"282\" srcset=\"https:\/\/blogsaverroes.juntadeandalucia.es\/colenoriego\/files\/2021\/01\/planesyprogramas.png 370w, https:\/\/blogsaverroes.juntadeandalucia.es\/colenoriego\/files\/2021\/01\/planesyprogramas-300x122.png 300w, https:\/\/blogsaverroes.juntadeandalucia.es\/colenoriego\/files\/2021\/01\/planesyprogramas-24x10.png 24w, https:\/\/blogsaverroes.juntadeandalucia.es\/colenoriego\/files\/2021\/01\/planesyprogramas-36x15.png 36w, https:\/\/blogsaverroes.juntadeandalucia.es\/colenoriego\/files\/2021\/01\/planesyprogramas-48x19.png 48w\" sizes=\"(max-width: 697px) 100vw, 697px\" \/><\/p>\n<p>Desde nuestro centro &nbsp;los Planes y Programas que se desarrollan son: &nbsp;<\/p>\n<ul>\n<li style=\"list-style-type: none\">\n<ul>\n<li style=\"list-style-type: none\">\n<ul>\n<li><strong>Programa de Transformaci\u00f3n Digital Educativo<\/strong><\/li>\n<li style=\"text-align: left\"><strong>Plan de Igualdad de G\u00e9nero en Educaci\u00f3n<\/strong><\/li>\n<li style=\"text-align: left\"><strong>Prevenci\u00f3n de la Violencia de G\u00e9nero.<\/strong><\/li>\n<li><strong>Plan de apertura: Actividades Extraescolares<\/strong><\/li>\n<li><strong>Escuelas Deportivas<\/strong><\/li>\n<li><strong>Red Andaluza Escuela &#8220;Espacio de Paz&#8221;.<\/strong><\/li>\n<li><strong>Plan de Biblioteca Escolar<\/strong><\/li>\n<li><strong>Programa Creciendo en Salud. <\/strong>(Consumo de frutas y l\u00e1cteos)<\/li>\n<li><strong>Aula de Cine<\/strong><\/li>\n<li><strong>Plan de Salud Laboral y P.R.L.<\/strong><\/li>\n<li><strong>Pr\u00e1cticum Grado Maestro<\/strong><\/li>\n<\/ul>\n<\/li>\n<\/ul>\n<\/li>\n<\/ul>\n<p>&nbsp;<\/p>\n","protected":false},"excerpt":{"rendered":"<p>Desde nuestro centro &nbsp;los Planes y Programas que se desarrollan son: &nbsp; Programa de Transformaci\u00f3n Digital Educativo Plan de Igualdad de G\u00e9nero en Educaci\u00f3n Prevenci\u00f3n de la Violencia de G\u00e9nero.&#46;&#46;&#46;<\/p>\n","protected":false},"author":1,"featured_media":0,"parent":0,"menu_order":0,"comment_status":"open","ping_status":"closed","template":"page-templates\/child-menu.php","meta":{"ngg_post_thumbnail":0,"footnotes":"","_mc_calendar":[]},"aioseo_notices":[],"post_mailing_queue_ids":[],"_links":{"self":[{"href":"https:\/\/blogsaverroes.juntadeandalucia.es\/colenoriego\/wp-json\/wp\/v2\/pages\/44"}],"collection":[{"href":"https:\/\/blogsaverroes.juntadeandalucia.es\/colenoriego\/wp-json\/wp\/v2\/pages"}],"about":[{"href":"https:\/\/blogsaverroes.juntadeandalucia.es\/colenoriego\/wp-json\/wp\/v2\/types\/page"}],"author":[{"embeddable":true,"href":"https:\/\/blogsaverroes.juntadeandalucia.es\/colenoriego\/wp-json\/wp\/v2\/users\/1"}],"replies":[{"embeddable":true,"href":"https:\/\/blogsaverroes.juntadeandalucia.es\/colenoriego\/wp-json\/wp\/v2\/comments?post=44"}],"version-history":[{"count":15,"href":"https:\/\/blogsaverroes.juntadeandalucia.es\/colenoriego\/wp-json\/wp\/v2\/pages\/44\/revisions"}],"predecessor-version":[{"id":3334,"href":"https:\/\/blogsaverroes.juntadeandalucia.es\/colenoriego\/wp-json\/wp\/v2\/pages\/44\/revisions\/3334"}],"wp:attachment":[{"href":"https:\/\/blogsaverroes.juntadeandalucia.es\/colenoriego\/wp-json\/wp\/v2\/media?parent=44"}],"curies":[{"name":"wp","href":"https:\/\/api.w.org\/{rel}","templated":true}]}}