{"id":49,"date":"2015-03-13T08:47:05","date_gmt":"2015-03-13T08:47:05","guid":{"rendered":"http:\/\/blogsaverroes.juntadeandalucia.es\/pre\/ceip\/?page_id=49"},"modified":"2021-01-25T18:27:39","modified_gmt":"2021-01-25T18:27:39","slug":"proyecto-educativo","status":"publish","type":"page","link":"https:\/\/blogsaverroes.juntadeandalucia.es\/colenoriego\/proyecto-educativo\/","title":{"rendered":"Proyecto Educativo"},"content":{"rendered":"<p><img loading=\"lazy\" decoding=\"async\" class=\"aligncenter  wp-image-2772\" src=\"https:\/\/blogsaverroes.juntadeandalucia.es\/colenoriego\/files\/2020\/10\/Captura-de-pantalla-2020-10-27-a-las-21.19.01.png\" alt=\"\" width=\"234\" height=\"230\" srcset=\"https:\/\/blogsaverroes.juntadeandalucia.es\/colenoriego\/files\/2020\/10\/Captura-de-pantalla-2020-10-27-a-las-21.19.01.png 938w, https:\/\/blogsaverroes.juntadeandalucia.es\/colenoriego\/files\/2020\/10\/Captura-de-pantalla-2020-10-27-a-las-21.19.01-300x296.png 300w, https:\/\/blogsaverroes.juntadeandalucia.es\/colenoriego\/files\/2020\/10\/Captura-de-pantalla-2020-10-27-a-las-21.19.01-768x757.png 768w, https:\/\/blogsaverroes.juntadeandalucia.es\/colenoriego\/files\/2020\/10\/Captura-de-pantalla-2020-10-27-a-las-21.19.01-80x80.png 80w, https:\/\/blogsaverroes.juntadeandalucia.es\/colenoriego\/files\/2020\/10\/Captura-de-pantalla-2020-10-27-a-las-21.19.01-24x24.png 24w, https:\/\/blogsaverroes.juntadeandalucia.es\/colenoriego\/files\/2020\/10\/Captura-de-pantalla-2020-10-27-a-las-21.19.01-36x36.png 36w, https:\/\/blogsaverroes.juntadeandalucia.es\/colenoriego\/files\/2020\/10\/Captura-de-pantalla-2020-10-27-a-las-21.19.01-48x48.png 48w\" sizes=\"(max-width: 234px) 100vw, 234px\" \/><\/p>\n<p>&nbsp;<\/p>\n<p>&nbsp;<\/p>\n<p>Un centro se define en gran medida por su <strong>Proyecto Educativo<\/strong>. En \u00e9l se plasma el modelo educativo y la concreci\u00f3n de la normativa que un centro realiza respecto a las ense\u00f1anzas que imparte. Aspectos tales como las finales educativas, objetivos, atenci\u00f3n a la diversidad, etc.<\/p>\n<p>Desde nuestro centro apostamos por la &nbsp;<strong>transparencia<\/strong>.<\/p>\n<p style=\"text-align: center\"><strong>NUESTRO PROYECTO EDUCATIVO<\/strong> (PDF) (haz clic)&nbsp;<\/p>\n<p><img loading=\"lazy\" decoding=\"async\" class=\" wp-image-1662 aligncenter\" src=\"http:\/\/blogsaverroes.juntadeandalucia.es\/temahueman\/files\/2015\/03\/proyecto-300x266.png\" alt=\"proyecto\" width=\"189\" height=\"167\" srcset=\"https:\/\/blogsaverroes.juntadeandalucia.es\/colenoriego\/files\/2015\/03\/proyecto-300x266.png 300w, https:\/\/blogsaverroes.juntadeandalucia.es\/colenoriego\/files\/2015\/03\/proyecto.png 640w\" sizes=\"(max-width: 189px) 100vw, 189px\" \/><\/p>\n","protected":false},"excerpt":{"rendered":"<p>&nbsp; &nbsp; Un centro se define en gran medida por su Proyecto Educativo. En \u00e9l se plasma el modelo educativo y la concreci\u00f3n de la normativa que un centro realiza&#46;&#46;&#46;<\/p>\n","protected":false},"author":1,"featured_media":0,"parent":0,"menu_order":0,"comment_status":"open","ping_status":"open","template":"page-templates\/child-menu.php","meta":{"ngg_post_thumbnail":0,"footnotes":"","_mc_calendar":[]},"aioseo_notices":[],"post_mailing_queue_ids":[],"_links":{"self":[{"href":"https:\/\/blogsaverroes.juntadeandalucia.es\/colenoriego\/wp-json\/wp\/v2\/pages\/49"}],"collection":[{"href":"https:\/\/blogsaverroes.juntadeandalucia.es\/colenoriego\/wp-json\/wp\/v2\/pages"}],"about":[{"href":"https:\/\/blogsaverroes.juntadeandalucia.es\/colenoriego\/wp-json\/wp\/v2\/types\/page"}],"author":[{"embeddable":true,"href":"https:\/\/blogsaverroes.juntadeandalucia.es\/colenoriego\/wp-json\/wp\/v2\/users\/1"}],"replies":[{"embeddable":true,"href":"https:\/\/blogsaverroes.juntadeandalucia.es\/colenoriego\/wp-json\/wp\/v2\/comments?post=49"}],"version-history":[{"count":11,"href":"https:\/\/blogsaverroes.juntadeandalucia.es\/colenoriego\/wp-json\/wp\/v2\/pages\/49\/revisions"}],"predecessor-version":[{"id":3330,"href":"https:\/\/blogsaverroes.juntadeandalucia.es\/colenoriego\/wp-json\/wp\/v2\/pages\/49\/revisions\/3330"}],"wp:attachment":[{"href":"https:\/\/blogsaverroes.juntadeandalucia.es\/colenoriego\/wp-json\/wp\/v2\/media?parent=49"}],"curies":[{"name":"wp","href":"https:\/\/api.w.org\/{rel}","templated":true}]}}