{"id":77,"date":"2015-03-16T06:54:56","date_gmt":"2015-03-16T06:54:56","guid":{"rendered":"http:\/\/blogsaverroes.juntadeandalucia.es\/pre\/ceip\/?page_id=77"},"modified":"2022-09-02T08:43:02","modified_gmt":"2022-09-02T08:43:02","slug":"secretaria","status":"publish","type":"page","link":"https:\/\/blogsaverroes.juntadeandalucia.es\/colenoriego\/secretaria\/","title":{"rendered":"Secretar\u00eda"},"content":{"rendered":"<p>La <strong>Secretar\u00eda del CEIP Nuestra Se\u00f1ora&nbsp;De la Pe\u00f1a<\/strong>&nbsp;desarrolla muchas funciones importantes en la vida de nuestro centro, especialmente en la relaci\u00f3n que mantiene con las familias en los diferentes tr\u00e1mites administrativos a lo largo de la escolarizaci\u00f3n: admisi\u00f3n, matr\u00edcula, becas, etc. con el objetivo de conseguir una mayor <strong>transparencia, agilidad y eficiencia, <\/strong>establecemos este canal de comunicaci\u00f3n en nuestra p\u00e1gina web. &nbsp;<\/p>\n<h3><strong>HORARIO DE SECRETAR\u00cdA&nbsp;<\/strong><\/h3>\n<p>Martes y Viernes de 9:00 a 13:00<\/p>\n<p>Para cualquier informaci\u00f3n estamos disponibles en el tel\u00e9fono : 9571398800<\/p>\n<h3><strong>DOCUMENTACI\u00d3N&nbsp;<\/strong><\/h3>\n<p style=\"padding-left: 40px\">Salidas en horario escolar &nbsp;<a href=\"https:\/\/blogsaverroes.juntadeandalucia.es\/colenoriego\/files\/2020\/04\/SALIDAS-EN-HORARIO-ESCOLAR.pdf\">PDF<\/a><\/p>\n<p style=\"padding-left: 40px\">Justificante de Faltas de Asistencia <a href=\"https:\/\/blogsaverroes.juntadeandalucia.es\/colenoriego\/files\/2020\/04\/justificante-falta-de-alumnos.pdf\">PDF<\/a><\/p>\n","protected":false},"excerpt":{"rendered":"<p>La Secretar\u00eda del CEIP Nuestra Se\u00f1ora&nbsp;De la Pe\u00f1a&nbsp;desarrolla muchas funciones importantes en la vida de nuestro centro, especialmente en la relaci\u00f3n que mantiene con las familias en los diferentes tr\u00e1mites&#46;&#46;&#46;<\/p>\n","protected":false},"author":1,"featured_media":0,"parent":0,"menu_order":0,"comment_status":"open","ping_status":"open","template":"page-templates\/child-menu.php","meta":{"ngg_post_thumbnail":0,"footnotes":"","_mc_calendar":[]},"aioseo_notices":[],"post_mailing_queue_ids":[],"_links":{"self":[{"href":"https:\/\/blogsaverroes.juntadeandalucia.es\/colenoriego\/wp-json\/wp\/v2\/pages\/77"}],"collection":[{"href":"https:\/\/blogsaverroes.juntadeandalucia.es\/colenoriego\/wp-json\/wp\/v2\/pages"}],"about":[{"href":"https:\/\/blogsaverroes.juntadeandalucia.es\/colenoriego\/wp-json\/wp\/v2\/types\/page"}],"author":[{"embeddable":true,"href":"https:\/\/blogsaverroes.juntadeandalucia.es\/colenoriego\/wp-json\/wp\/v2\/users\/1"}],"replies":[{"embeddable":true,"href":"https:\/\/blogsaverroes.juntadeandalucia.es\/colenoriego\/wp-json\/wp\/v2\/comments?post=77"}],"version-history":[{"count":16,"href":"https:\/\/blogsaverroes.juntadeandalucia.es\/colenoriego\/wp-json\/wp\/v2\/pages\/77\/revisions"}],"predecessor-version":[{"id":5427,"href":"https:\/\/blogsaverroes.juntadeandalucia.es\/colenoriego\/wp-json\/wp\/v2\/pages\/77\/revisions\/5427"}],"wp:attachment":[{"href":"https:\/\/blogsaverroes.juntadeandalucia.es\/colenoriego\/wp-json\/wp\/v2\/media?parent=77"}],"curies":[{"name":"wp","href":"https:\/\/api.w.org\/{rel}","templated":true}]}}