{"id":706,"date":"2024-05-25T17:45:59","date_gmt":"2024-05-25T17:45:59","guid":{"rendered":"https:\/\/blogsaverroes.juntadeandalucia.es\/colepadrejesus\/?page_id=706"},"modified":"2025-02-14T09:16:10","modified_gmt":"2025-02-14T09:16:10","slug":"aula-matinal","status":"publish","type":"page","link":"https:\/\/blogsaverroes.juntadeandalucia.es\/colepadrejesus\/plan-de-apertura\/aula-matinal\/","title":{"rendered":"Aula Matinal"},"content":{"rendered":"\t\t<div data-elementor-type=\"wp-page\" data-elementor-id=\"706\" class=\"elementor elementor-706\">\n\t\t\t\t\t\t<section class=\"elementor-section elementor-top-section elementor-element elementor-element-3467f0ed elementor-section-content-middle elementor-section-boxed elementor-section-height-default elementor-section-height-default\" data-id=\"3467f0ed\" data-element_type=\"section\">\n\t\t\t\t\t\t<div class=\"elementor-container elementor-column-gap-no\">\n\t\t\t\t\t<div class=\"elementor-column elementor-col-50 elementor-top-column elementor-element elementor-element-38f40695\" data-id=\"38f40695\" data-element_type=\"column\">\n\t\t\t<div class=\"elementor-widget-wrap elementor-element-populated\">\n\t\t\t\t\t\t<div class=\"elementor-element elementor-element-6a91add4 elementor-widget elementor-widget-image\" data-id=\"6a91add4\" data-element_type=\"widget\" data-widget_type=\"image.default\">\n\t\t\t\t<div class=\"elementor-widget-container\">\n\t\t\t\t\t\t\t\t\t\t\t\t\t\t\t<img fetchpriority=\"high\" decoding=\"async\" width=\"900\" height=\"2000\" src=\"https:\/\/blogsaverroes.juntadeandalucia.es\/colepadrejesus\/files\/2025\/02\/WhatsApp-Image-2025-02-14-at-10.08.09-1.jpeg\" class=\"attachment-full size-full wp-image-741\" alt=\"\" srcset=\"https:\/\/blogsaverroes.juntadeandalucia.es\/colepadrejesus\/files\/2025\/02\/WhatsApp-Image-2025-02-14-at-10.08.09-1.jpeg 900w, https:\/\/blogsaverroes.juntadeandalucia.es\/colepadrejesus\/files\/2025\/02\/WhatsApp-Image-2025-02-14-at-10.08.09-1-135x300.jpeg 135w, https:\/\/blogsaverroes.juntadeandalucia.es\/colepadrejesus\/files\/2025\/02\/WhatsApp-Image-2025-02-14-at-10.08.09-1-461x1024.jpeg 461w, https:\/\/blogsaverroes.juntadeandalucia.es\/colepadrejesus\/files\/2025\/02\/WhatsApp-Image-2025-02-14-at-10.08.09-1-768x1707.jpeg 768w, https:\/\/blogsaverroes.juntadeandalucia.es\/colepadrejesus\/files\/2025\/02\/WhatsApp-Image-2025-02-14-at-10.08.09-1-691x1536.jpeg 691w\" sizes=\"(max-width: 900px) 100vw, 900px\" \/>\t\t\t\t\t\t\t\t\t\t\t\t\t\t\t<\/div>\n\t\t\t\t<\/div>\n\t\t\t\t\t<\/div>\n\t\t<\/div>\n\t\t\t\t<div class=\"elementor-column elementor-col-50 elementor-top-column elementor-element elementor-element-6f7723b2\" data-id=\"6f7723b2\" data-element_type=\"column\">\n\t\t\t<div class=\"elementor-widget-wrap elementor-element-populated\">\n\t\t\t\t\t\t<div class=\"elementor-element elementor-element-599159e3 elementor-widget elementor-widget-heading\" data-id=\"599159e3\" data-element_type=\"widget\" data-widget_type=\"heading.default\">\n\t\t\t\t<div class=\"elementor-widget-container\">\n\t\t\t\t\t<h4 class=\"elementor-heading-title elementor-size-default\"><b><u><i>Aula Matinal.<\/i><\/u><\/b><\/h4>\t\t\t\t<\/div>\n\t\t\t\t<\/div>\n\t\t\t\t<div class=\"elementor-element elementor-element-16246d09 elementor-widget elementor-widget-text-editor\" data-id=\"16246d09\" data-element_type=\"widget\" data-widget_type=\"text-editor.default\">\n\t\t\t\t<div class=\"elementor-widget-container\">\n\t\t\t\t\t\t\t\t\t<p dir=\"ltr\" style=\"line-height: 1.7243096351623535;text-indent: 0.5759963989257812pt;text-align: justify;margin: 13.19598388671875pt 8.456692913385865pt 0pt 28.77199935913086pt\"><span style=\"font-size: 12pt;font-family: Arial,sans-serif;color: #000000;background-color: transparent;font-weight: 400;font-style: normal;font-variant: normal;text-decoration: none;vertical-align: baseline\">El Colegio dispone desde este curso 23-24 de un aula matinal con capacidad hasta 60 usuarios, que atiende al alumnado desde las 7:30 de la ma\u00f1ana hasta las 9:00 que comienzan las clases. Se encuentra ubicada en uno de los edificios de infantil y es atendido por dos monitoras (ampliada a tres por la atenci\u00f3n de alumnado con NEE) dependientes de una empresa externa (este curso 23-24 se denomina \u201cAulas Formativas\u201d) subcontratada por la Junta de Andaluc\u00eda que la gestiona, dota de material y realiza los cobros a las familias.<\/span><\/p><p dir=\"ltr\" style=\"line-height: 1.7243096351623535;text-indent: 0.5759963989257812pt;text-align: justify;margin: 13.19598388671875pt 8.456692913385865pt 0pt 28.77199935913086pt\"><span style=\"font-size: 12pt;font-family: Arial,sans-serif;color: #000000;background-color: transparent;font-weight: 400;font-style: normal;font-variant: normal;text-decoration: none;vertical-align: baseline\">Para una mejor atenci\u00f3n del alumnado las monitoras permanecer\u00e1n siempre en el interior del aula y ser\u00e1n las familias las que abrir\u00e1n la cancela y llevar\u00e1n al alumno hasta el interior del aula. Posteriormente se asegurar\u00e1n de volver a dejar cerrada la cancela para garantizar la seguridad en el recinto.<\/span><\/p><p>\u00a0<\/p><p dir=\"ltr\" style=\"line-height: 1.7243096351623535;text-indent: 0.5759963989257812pt;text-align: justify;margin: 13.19598388671875pt 8.456692913385865pt 0pt 28.77199935913086pt\"><span style=\"font-size: 12pt;font-family: Arial,sans-serif;color: #000000;background-color: transparent;font-weight: 400;font-style: normal;font-variant: normal;text-decoration: none;vertical-align: baseline\">Al t\u00e9rmino del horario del aula, sobre 8:55 las monitoras se desplazar\u00e1n a llevar a dicho alumnado a sus filas correspondientes donde se quedar\u00e1n custodiados por sus tutores o especialista con quien comiencen la jornada ese d\u00eda.<\/span><\/p>\t\t\t\t\t\t\t\t<\/div>\n\t\t\t\t<\/div>\n\t\t\t\t\t<\/div>\n\t\t<\/div>\n\t\t\t\t\t<\/div>\n\t\t<\/section>\n\t\t\t\t<section class=\"elementor-section elementor-top-section elementor-element elementor-element-d7777a8 elementor-section-boxed elementor-section-height-default elementor-section-height-default\" data-id=\"d7777a8\" data-element_type=\"section\">\n\t\t\t\t\t\t<div class=\"elementor-container elementor-column-gap-default\">\n\t\t\t\t\t<div class=\"elementor-column elementor-col-50 elementor-top-column elementor-element elementor-element-91cb82b\" data-id=\"91cb82b\" data-element_type=\"column\">\n\t\t\t<div class=\"elementor-widget-wrap elementor-element-populated\">\n\t\t\t\t\t\t<div class=\"elementor-element elementor-element-f0112eb elementor-widget elementor-widget-image\" data-id=\"f0112eb\" data-element_type=\"widget\" data-widget_type=\"image.default\">\n\t\t\t\t<div class=\"elementor-widget-container\">\n\t\t\t\t\t\t\t\t\t\t\t\t\t\t\t<img decoding=\"async\" width=\"768\" height=\"346\" src=\"https:\/\/blogsaverroes.juntadeandalucia.es\/colepadrejesus\/files\/2025\/02\/WhatsApp-Image-2025-02-14-at-10.08.09-3-768x346.jpeg\" class=\"attachment-medium_large size-medium_large wp-image-739\" alt=\"\" srcset=\"https:\/\/blogsaverroes.juntadeandalucia.es\/colepadrejesus\/files\/2025\/02\/WhatsApp-Image-2025-02-14-at-10.08.09-3-768x346.jpeg 768w, https:\/\/blogsaverroes.juntadeandalucia.es\/colepadrejesus\/files\/2025\/02\/WhatsApp-Image-2025-02-14-at-10.08.09-3-300x135.jpeg 300w, https:\/\/blogsaverroes.juntadeandalucia.es\/colepadrejesus\/files\/2025\/02\/WhatsApp-Image-2025-02-14-at-10.08.09-3-1024x461.jpeg 1024w, https:\/\/blogsaverroes.juntadeandalucia.es\/colepadrejesus\/files\/2025\/02\/WhatsApp-Image-2025-02-14-at-10.08.09-3-1536x691.jpeg 1536w, https:\/\/blogsaverroes.juntadeandalucia.es\/colepadrejesus\/files\/2025\/02\/WhatsApp-Image-2025-02-14-at-10.08.09-3.jpeg 2000w\" sizes=\"(max-width: 768px) 100vw, 768px\" \/>\t\t\t\t\t\t\t\t\t\t\t\t\t\t\t<\/div>\n\t\t\t\t<\/div>\n\t\t\t\t\t<\/div>\n\t\t<\/div>\n\t\t\t\t<div class=\"elementor-column elementor-col-50 elementor-top-column elementor-element elementor-element-00b3d27\" data-id=\"00b3d27\" data-element_type=\"column\">\n\t\t\t<div class=\"elementor-widget-wrap elementor-element-populated\">\n\t\t\t\t\t\t<div class=\"elementor-element elementor-element-08badd2 elementor-widget elementor-widget-image\" data-id=\"08badd2\" data-element_type=\"widget\" data-widget_type=\"image.default\">\n\t\t\t\t<div class=\"elementor-widget-container\">\n\t\t\t\t\t\t\t\t\t\t\t\t\t\t\t<img decoding=\"async\" width=\"1536\" height=\"691\" src=\"https:\/\/blogsaverroes.juntadeandalucia.es\/colepadrejesus\/files\/2025\/02\/WhatsApp-Image-2025-02-14-at-10.08.09-2-1536x691.jpeg\" class=\"attachment-1536x1536 size-1536x1536 wp-image-740\" alt=\"\" srcset=\"https:\/\/blogsaverroes.juntadeandalucia.es\/colepadrejesus\/files\/2025\/02\/WhatsApp-Image-2025-02-14-at-10.08.09-2-1536x691.jpeg 1536w, https:\/\/blogsaverroes.juntadeandalucia.es\/colepadrejesus\/files\/2025\/02\/WhatsApp-Image-2025-02-14-at-10.08.09-2-300x135.jpeg 300w, https:\/\/blogsaverroes.juntadeandalucia.es\/colepadrejesus\/files\/2025\/02\/WhatsApp-Image-2025-02-14-at-10.08.09-2-1024x461.jpeg 1024w, https:\/\/blogsaverroes.juntadeandalucia.es\/colepadrejesus\/files\/2025\/02\/WhatsApp-Image-2025-02-14-at-10.08.09-2-768x346.jpeg 768w, https:\/\/blogsaverroes.juntadeandalucia.es\/colepadrejesus\/files\/2025\/02\/WhatsApp-Image-2025-02-14-at-10.08.09-2.jpeg 2000w\" sizes=\"(max-width: 1536px) 100vw, 1536px\" \/>\t\t\t\t\t\t\t\t\t\t\t\t\t\t\t<\/div>\n\t\t\t\t<\/div>\n\t\t\t\t\t<\/div>\n\t\t<\/div>\n\t\t\t\t\t<\/div>\n\t\t<\/section>\n\t\t\t\t<\/div>\n\t\t","protected":false},"excerpt":{"rendered":"<p>Aula Matinal. El Colegio dispone desde este curso 23-24 de un aula matinal con capacidad hasta 60 usuarios, que atiende al alumnado desde las 7:30 de la ma\u00f1ana hasta las 9:00 que comienzan las clases. Se encuentra ubicada en uno de los edificios de infantil y es atendido por dos monitoras (ampliada a tres por [&hellip;]<\/p>\n","protected":false},"author":11554,"featured_media":0,"parent":86,"menu_order":0,"comment_status":"closed","ping_status":"closed","template":"","meta":{"ngg_post_thumbnail":0,"footnotes":""},"aioseo_notices":[],"_links":{"self":[{"href":"https:\/\/blogsaverroes.juntadeandalucia.es\/colepadrejesus\/wp-json\/wp\/v2\/pages\/706"}],"collection":[{"href":"https:\/\/blogsaverroes.juntadeandalucia.es\/colepadrejesus\/wp-json\/wp\/v2\/pages"}],"about":[{"href":"https:\/\/blogsaverroes.juntadeandalucia.es\/colepadrejesus\/wp-json\/wp\/v2\/types\/page"}],"author":[{"embeddable":true,"href":"https:\/\/blogsaverroes.juntadeandalucia.es\/colepadrejesus\/wp-json\/wp\/v2\/users\/11554"}],"replies":[{"embeddable":true,"href":"https:\/\/blogsaverroes.juntadeandalucia.es\/colepadrejesus\/wp-json\/wp\/v2\/comments?post=706"}],"version-history":[{"count":10,"href":"https:\/\/blogsaverroes.juntadeandalucia.es\/colepadrejesus\/wp-json\/wp\/v2\/pages\/706\/revisions"}],"predecessor-version":[{"id":745,"href":"https:\/\/blogsaverroes.juntadeandalucia.es\/colepadrejesus\/wp-json\/wp\/v2\/pages\/706\/revisions\/745"}],"up":[{"embeddable":true,"href":"https:\/\/blogsaverroes.juntadeandalucia.es\/colepadrejesus\/wp-json\/wp\/v2\/pages\/86"}],"wp:attachment":[{"href":"https:\/\/blogsaverroes.juntadeandalucia.es\/colepadrejesus\/wp-json\/wp\/v2\/media?parent=706"}],"curies":[{"name":"wp","href":"https:\/\/api.w.org\/{rel}","templated":true}]}}