{"id":86,"date":"2021-05-12T17:33:26","date_gmt":"2021-05-12T17:33:26","guid":{"rendered":"https:\/\/blogsaverroes.juntadeandalucia.es\/colepadrejesus\/?page_id=86"},"modified":"2024-05-25T17:57:35","modified_gmt":"2024-05-25T17:57:35","slug":"plan-de-apertura","status":"publish","type":"page","link":"https:\/\/blogsaverroes.juntadeandalucia.es\/colepadrejesus\/plan-de-apertura\/","title":{"rendered":"Plan de Apertura"},"content":{"rendered":"\t\t<div data-elementor-type=\"wp-page\" data-elementor-id=\"86\" class=\"elementor elementor-86\">\n\t\t\t\t\t\t<section class=\"elementor-section elementor-top-section elementor-element elementor-element-489c7b1 elementor-section-boxed elementor-section-height-default elementor-section-height-default\" data-id=\"489c7b1\" data-element_type=\"section\">\n\t\t\t\t\t\t<div class=\"elementor-container elementor-column-gap-default\">\n\t\t\t\t\t<div class=\"elementor-column elementor-col-100 elementor-top-column elementor-element elementor-element-980e1f5\" data-id=\"980e1f5\" data-element_type=\"column\">\n\t\t\t<div class=\"elementor-widget-wrap elementor-element-populated\">\n\t\t\t\t\t\t<section class=\"elementor-section elementor-inner-section elementor-element elementor-element-6dc1137 elementor-section-boxed elementor-section-height-default elementor-section-height-default\" data-id=\"6dc1137\" data-element_type=\"section\">\n\t\t\t\t\t\t<div class=\"elementor-container elementor-column-gap-default\">\n\t\t\t\t\t<div class=\"elementor-column elementor-col-100 elementor-inner-column elementor-element elementor-element-3b3d63f\" data-id=\"3b3d63f\" data-element_type=\"column\">\n\t\t\t<div class=\"elementor-widget-wrap elementor-element-populated\">\n\t\t\t\t\t\t<div class=\"elementor-element elementor-element-3093894 elementor-widget elementor-widget-text-editor\" data-id=\"3093894\" data-element_type=\"widget\" data-widget_type=\"text-editor.default\">\n\t\t\t\t<div class=\"elementor-widget-container\">\n\t\t\t\t\t\t\t\t\t<p>Los servicios conexos a la ense\u00f1anza son de gran relevancia para la conciliaci\u00f3n de la vida laboral y familiar, por tanto, los servicios complementarios de aula matinal, comedor escolar y actividades extraescolares se han ido manteniendo dentro del Sistema P\u00fablico Educativo Andaluz desde su implantaci\u00f3n.<\/p><p>Nuestro centro imparte las etapas de educaci\u00f3n infantil y primaria y ofrece algunos servicios escolares complementarios: Comedor escolar de gesti\u00f3n propia, Trasporte y Actividades Extraescolares organizadas por el AMPA \u00abSanta Gadea\u00bb. Saber de qu\u00e9 servicios dispone un centro puede ser un criterio importante en el momento de elegir la preferencia por uno u otro para solicitar la admisi\u00f3n.<\/p><p>Dentro del Plan de Apoyo a las Familias Andaluzas, la Consejer\u00eda de Educaci\u00f3n persigue que los centros docentes, m\u00e1s all\u00e1 de la jornada lectiva tradicional, sean capaces de ofrecer al alumnado y sus familias una oferta de jornada escolar completa, de forma que encuentren en sus centros las actividades que necesitan para completar su formaci\u00f3n y para utilizar de una manera educativa su tiempo libre.<\/p>\t\t\t\t\t\t\t\t<\/div>\n\t\t\t\t<\/div>\n\t\t\t\t<div class=\"elementor-element elementor-element-432ab1c elementor-widget elementor-widget-image\" data-id=\"432ab1c\" data-element_type=\"widget\" data-widget_type=\"image.default\">\n\t\t\t\t<div class=\"elementor-widget-container\">\n\t\t\t\t\t\t\t\t\t\t\t\t\t\t\t<img fetchpriority=\"high\" decoding=\"async\" width=\"389\" height=\"285\" src=\"https:\/\/blogsaverroes.juntadeandalucia.es\/colepadrejesus\/files\/2021\/08\/Plan-de-apertura.jpg\" class=\"attachment-large size-large wp-image-436\" alt=\"\" srcset=\"https:\/\/blogsaverroes.juntadeandalucia.es\/colepadrejesus\/files\/2021\/08\/Plan-de-apertura.jpg 389w, https:\/\/blogsaverroes.juntadeandalucia.es\/colepadrejesus\/files\/2021\/08\/Plan-de-apertura-300x220.jpg 300w, https:\/\/blogsaverroes.juntadeandalucia.es\/colepadrejesus\/files\/2021\/08\/Plan-de-apertura-24x18.jpg 24w, https:\/\/blogsaverroes.juntadeandalucia.es\/colepadrejesus\/files\/2021\/08\/Plan-de-apertura-36x26.jpg 36w, https:\/\/blogsaverroes.juntadeandalucia.es\/colepadrejesus\/files\/2021\/08\/Plan-de-apertura-48x35.jpg 48w\" sizes=\"(max-width: 389px) 100vw, 389px\" \/>\t\t\t\t\t\t\t\t\t\t\t\t\t\t\t<\/div>\n\t\t\t\t<\/div>\n\t\t\t\t\t<\/div>\n\t\t<\/div>\n\t\t\t\t\t<\/div>\n\t\t<\/section>\n\t\t\t\t\t<\/div>\n\t\t<\/div>\n\t\t\t\t\t<\/div>\n\t\t<\/section>\n\t\t\t\t<\/div>\n\t\t","protected":false},"excerpt":{"rendered":"<p>Los servicios conexos a la ense\u00f1anza son de gran relevancia para la conciliaci\u00f3n de la vida laboral y familiar, por tanto, los servicios complementarios de aula matinal, comedor escolar y actividades extraescolares se han ido manteniendo dentro del Sistema P\u00fablico Educativo Andaluz desde su implantaci\u00f3n. Nuestro centro imparte las etapas de educaci\u00f3n infantil y primaria [&hellip;]<\/p>\n","protected":false},"author":11554,"featured_media":0,"parent":0,"menu_order":3,"comment_status":"closed","ping_status":"closed","template":"","meta":{"ngg_post_thumbnail":0,"footnotes":""},"aioseo_notices":[],"_links":{"self":[{"href":"https:\/\/blogsaverroes.juntadeandalucia.es\/colepadrejesus\/wp-json\/wp\/v2\/pages\/86"}],"collection":[{"href":"https:\/\/blogsaverroes.juntadeandalucia.es\/colepadrejesus\/wp-json\/wp\/v2\/pages"}],"about":[{"href":"https:\/\/blogsaverroes.juntadeandalucia.es\/colepadrejesus\/wp-json\/wp\/v2\/types\/page"}],"author":[{"embeddable":true,"href":"https:\/\/blogsaverroes.juntadeandalucia.es\/colepadrejesus\/wp-json\/wp\/v2\/users\/11554"}],"replies":[{"embeddable":true,"href":"https:\/\/blogsaverroes.juntadeandalucia.es\/colepadrejesus\/wp-json\/wp\/v2\/comments?post=86"}],"version-history":[{"count":3,"href":"https:\/\/blogsaverroes.juntadeandalucia.es\/colepadrejesus\/wp-json\/wp\/v2\/pages\/86\/revisions"}],"predecessor-version":[{"id":437,"href":"https:\/\/blogsaverroes.juntadeandalucia.es\/colepadrejesus\/wp-json\/wp\/v2\/pages\/86\/revisions\/437"}],"wp:attachment":[{"href":"https:\/\/blogsaverroes.juntadeandalucia.es\/colepadrejesus\/wp-json\/wp\/v2\/media?parent=86"}],"curies":[{"name":"wp","href":"https:\/\/api.w.org\/{rel}","templated":true}]}}