{"id":39,"date":"2020-01-09T12:44:11","date_gmt":"2020-01-09T11:44:11","guid":{"rendered":"http:\/\/blogsaverroes.juntadeandalucia.es\/pre\/nuevoceip2v2\/?page_id=39"},"modified":"2024-04-30T08:25:08","modified_gmt":"2024-04-30T07:25:08","slug":"comedor-escolar","status":"publish","type":"page","link":"https:\/\/blogsaverroes.juntadeandalucia.es\/colepicasso\/comedor-escolar\/","title":{"rendered":"Comedor escolar"},"content":{"rendered":"<p>&nbsp;<\/p>\n<p><img loading=\"lazy\" decoding=\"async\" class=\"alignnone size-medium wp-image-912\" src=\"https:\/\/blogsaverroes.juntadeandalucia.es\/colepicasso\/files\/2024\/02\/logo-comedor-atenea-300x92.png\" alt=\"\" width=\"300\" height=\"92\" srcset=\"https:\/\/blogsaverroes.juntadeandalucia.es\/colepicasso\/files\/2024\/02\/logo-comedor-atenea-300x92.png 300w, https:\/\/blogsaverroes.juntadeandalucia.es\/colepicasso\/files\/2024\/02\/logo-comedor-atenea-1024x313.png 1024w, https:\/\/blogsaverroes.juntadeandalucia.es\/colepicasso\/files\/2024\/02\/logo-comedor-atenea-768x235.png 768w, https:\/\/blogsaverroes.juntadeandalucia.es\/colepicasso\/files\/2024\/02\/logo-comedor-atenea-1536x470.png 1536w, https:\/\/blogsaverroes.juntadeandalucia.es\/colepicasso\/files\/2024\/02\/logo-comedor-atenea.png 1760w\" sizes=\"(max-width: 300px) 100vw, 300px\" \/><a href=\"https:\/\/www.aramark.es\/sectores\/educacion\/colegios\"> <img loading=\"lazy\" decoding=\"async\" class=\"alignnone size-medium wp-image-913\" src=\"https:\/\/blogsaverroes.juntadeandalucia.es\/colepicasso\/files\/2024\/02\/aramark-elegido-proveedor-oficial-del-servicio-gastronomico-en-los-juegos-mediterraneos-tarragona-2018-300x87.png\" alt=\"\" width=\"300\" height=\"87\" srcset=\"https:\/\/blogsaverroes.juntadeandalucia.es\/colepicasso\/files\/2024\/02\/aramark-elegido-proveedor-oficial-del-servicio-gastronomico-en-los-juegos-mediterraneos-tarragona-2018-300x87.png 300w, https:\/\/blogsaverroes.juntadeandalucia.es\/colepicasso\/files\/2024\/02\/aramark-elegido-proveedor-oficial-del-servicio-gastronomico-en-los-juegos-mediterraneos-tarragona-2018-1024x296.png 1024w, https:\/\/blogsaverroes.juntadeandalucia.es\/colepicasso\/files\/2024\/02\/aramark-elegido-proveedor-oficial-del-servicio-gastronomico-en-los-juegos-mediterraneos-tarragona-2018-768x222.png 768w, https:\/\/blogsaverroes.juntadeandalucia.es\/colepicasso\/files\/2024\/02\/aramark-elegido-proveedor-oficial-del-servicio-gastronomico-en-los-juegos-mediterraneos-tarragona-2018-1536x445.png 1536w, https:\/\/blogsaverroes.juntadeandalucia.es\/colepicasso\/files\/2024\/02\/aramark-elegido-proveedor-oficial-del-servicio-gastronomico-en-los-juegos-mediterraneos-tarragona-2018-2048x593.png 2048w\" sizes=\"(max-width: 300px) 100vw, 300px\" \/><\/a><\/p>\n<p>Menu por meses: <a href=\"https:\/\/blogsaverroes.juntadeandalucia.es\/colepicasso\/files\/2024\/04\/MENU-MAYO.pdf\">MENU MAYO 2024<\/a><\/p>\n<p style=\"text-align: justify\"><span style=\"font-weight: 400\">Los comedores escolares son un servicio complementario que resulta de gran utilidad a padres y madres para ayudarles a&nbsp;conciliar la vida laboral y familiar. Tienen una duraci\u00f3n de hasta dos horas desde que acaba la jornada escolar de la ma\u00f1ana (de 14.00 a 16.00 horas).<\/span><\/p>\n<p style=\"text-align: justify\"><span style=\"font-weight: 400\">Los comedores son adem\u00e1s una pieza importante&nbsp;en todas las medidas dirigidas a mejorar los h\u00e1bitos alimenticios de los ni\u00f1os y ni\u00f1as y prevenir problemas de salud como la obesidad.<\/span><\/p>\n<p style=\"text-align: justify\"><span style=\"font-weight: 400\">Los comedores escolares de los centros p\u00fablicos andaluces promueven una alimentaci\u00f3n saludable que est\u00e1 supervisada por nutricionistas y que, entre otros aspectos, se caracteriza por:<\/span><\/p>\n<ul>\n<li style=\"font-weight: 400;text-align: justify\"><span style=\"font-weight: 400\">Una mayor proporci\u00f3n de verdura en los men\u00fas.<\/span><\/li>\n<li style=\"font-weight: 400;text-align: justify\"><span style=\"font-weight: 400\">Fruta fresca como postre al menos cuatro d\u00edas a la semana.<\/span><\/li>\n<li style=\"font-weight: 400;text-align: justify\"><span style=\"font-weight: 400\">Uso de aceite de oliva virgen extra.<\/span><\/li>\n<li style=\"font-weight: 400;text-align: justify\"><span style=\"font-weight: 400\">Apuesta por la dieta mediterr\u00e1nea y los productos ecol\u00f3gicos.<\/span><\/li>\n<\/ul>\n","protected":false},"excerpt":{"rendered":"<p>&nbsp; Menu por meses: MENU MAYO 2024 Los comedores escolares son un servicio complementario que resulta de gran utilidad a padres y madres para ayudarles a&nbsp;conciliar la vida laboral y familiar. Tienen una duraci\u00f3n de hasta dos horas desde que acaba la jornada escolar de la ma\u00f1ana (de 14.00 a 16.00 horas). Los comedores son [&hellip;]<\/p>\n","protected":false},"author":15134,"featured_media":0,"parent":0,"menu_order":0,"comment_status":"closed","ping_status":"closed","template":"","meta":{"_et_pb_use_builder":"on","_et_pb_old_content":"","_et_gb_content_width":"","_exactmetrics_skip_tracking":false,"_exactmetrics_sitenote_active":false,"_exactmetrics_sitenote_note":"","_exactmetrics_sitenote_category":0,"ngg_post_thumbnail":0,"footnotes":""},"aioseo_notices":[],"_links":{"self":[{"href":"https:\/\/blogsaverroes.juntadeandalucia.es\/colepicasso\/wp-json\/wp\/v2\/pages\/39"}],"collection":[{"href":"https:\/\/blogsaverroes.juntadeandalucia.es\/colepicasso\/wp-json\/wp\/v2\/pages"}],"about":[{"href":"https:\/\/blogsaverroes.juntadeandalucia.es\/colepicasso\/wp-json\/wp\/v2\/types\/page"}],"author":[{"embeddable":true,"href":"https:\/\/blogsaverroes.juntadeandalucia.es\/colepicasso\/wp-json\/wp\/v2\/users\/15134"}],"replies":[{"embeddable":true,"href":"https:\/\/blogsaverroes.juntadeandalucia.es\/colepicasso\/wp-json\/wp\/v2\/comments?post=39"}],"version-history":[{"count":7,"href":"https:\/\/blogsaverroes.juntadeandalucia.es\/colepicasso\/wp-json\/wp\/v2\/pages\/39\/revisions"}],"predecessor-version":[{"id":1607,"href":"https:\/\/blogsaverroes.juntadeandalucia.es\/colepicasso\/wp-json\/wp\/v2\/pages\/39\/revisions\/1607"}],"wp:attachment":[{"href":"https:\/\/blogsaverroes.juntadeandalucia.es\/colepicasso\/wp-json\/wp\/v2\/media?parent=39"}],"curies":[{"name":"wp","href":"https:\/\/api.w.org\/{rel}","templated":true}]}}