{"id":626,"date":"2023-11-28T09:09:53","date_gmt":"2023-11-28T08:09:53","guid":{"rendered":"https:\/\/blogsaverroes.juntadeandalucia.es\/colepicasso\/?page_id=626"},"modified":"2024-01-16T19:15:06","modified_gmt":"2024-01-16T18:15:06","slug":"plan-de-centro","status":"publish","type":"page","link":"https:\/\/blogsaverroes.juntadeandalucia.es\/colepicasso\/plan-de-centro\/","title":{"rendered":"Plan de centro"},"content":{"rendered":"<p>El <strong>Plan de Centro<\/strong> es el documento que expresa nuestras se\u00f1as de identidad. Es el aut\u00e9ntico referente, con car\u00e1cter sist\u00e9mico e integrador, del principio de autonom\u00eda pedag\u00f3gica, de organizaci\u00f3n y de gesti\u00f3n .<\/p>\n<p>La Ley 17\/2007, de 10 de diciembre, de Educaci\u00f3n de Andaluc\u00eda, establece, en su Art.126, los documentos que integran el Plan de Centro . Son los siguientes:<\/p>\n<p>\u2013 El Proyecto Educativo.<br \/>\n\u2013 El Reglamento de Organizaci\u00f3n y Funcionamiento.<br \/>\n\u2013 El Proyecto de Gesti\u00f3n del Centro.<\/p>\n<p>&nbsp;<\/p>\n<p>El Plan de Centro se revisa de forma anual, es decir se elabora cada a\u00f1o adapt\u00e1ndose a las circunstancias actuales de ese momento y es aprobado por el Claustro y el Consejo Escolar. Al final del curso cuando se eval\u00faa el grado de cumplimiento del Plan de Centro.Las conclusiones m\u00e1s relevantes son recogidas en una Memoria Final, que ser\u00e1 la base para la elaboraci\u00f3n del Plan de centro para el siguiente curso.<br \/>\nNuestro Colegio es de titularidad p\u00fablica, pertenece a la Juanta de Andaluc\u00eda y organizamos nuestros documentos siguiendo las directrices que recoge la normativa de ense\u00f1anzas m\u00ednimas.<\/p>\n<p><img loading=\"lazy\" decoding=\"async\" class=\"alignnone size-medium wp-image-672\" src=\"https:\/\/blogsaverroes.juntadeandalucia.es\/colepicasso\/files\/2024\/01\/Captura-de-pantalla-2024-01-16-a-las-19.12.09-300x222.png\" alt=\"\" width=\"300\" height=\"222\" srcset=\"https:\/\/blogsaverroes.juntadeandalucia.es\/colepicasso\/files\/2024\/01\/Captura-de-pantalla-2024-01-16-a-las-19.12.09-300x222.png 300w, https:\/\/blogsaverroes.juntadeandalucia.es\/colepicasso\/files\/2024\/01\/Captura-de-pantalla-2024-01-16-a-las-19.12.09.png 557w\" sizes=\"(max-width: 300px) 100vw, 300px\" \/><\/p>\n","protected":false},"excerpt":{"rendered":"<p>El Plan de Centro es el documento que expresa nuestras se\u00f1as de identidad. Es el aut\u00e9ntico referente, con car\u00e1cter sist\u00e9mico e integrador, del principio de autonom\u00eda pedag\u00f3gica, de organizaci\u00f3n y de gesti\u00f3n . La Ley 17\/2007, de 10 de diciembre, de Educaci\u00f3n de Andaluc\u00eda, establece, en su Art.126, los documentos que integran el Plan de [&hellip;]<\/p>\n","protected":false},"author":15134,"featured_media":0,"parent":0,"menu_order":0,"comment_status":"closed","ping_status":"closed","template":"","meta":{"_et_pb_use_builder":"","_et_pb_old_content":"","_et_gb_content_width":"","_exactmetrics_skip_tracking":false,"_exactmetrics_sitenote_active":false,"_exactmetrics_sitenote_note":"","_exactmetrics_sitenote_category":0,"ngg_post_thumbnail":0,"footnotes":""},"aioseo_notices":[],"_links":{"self":[{"href":"https:\/\/blogsaverroes.juntadeandalucia.es\/colepicasso\/wp-json\/wp\/v2\/pages\/626"}],"collection":[{"href":"https:\/\/blogsaverroes.juntadeandalucia.es\/colepicasso\/wp-json\/wp\/v2\/pages"}],"about":[{"href":"https:\/\/blogsaverroes.juntadeandalucia.es\/colepicasso\/wp-json\/wp\/v2\/types\/page"}],"author":[{"embeddable":true,"href":"https:\/\/blogsaverroes.juntadeandalucia.es\/colepicasso\/wp-json\/wp\/v2\/users\/15134"}],"replies":[{"embeddable":true,"href":"https:\/\/blogsaverroes.juntadeandalucia.es\/colepicasso\/wp-json\/wp\/v2\/comments?post=626"}],"version-history":[{"count":5,"href":"https:\/\/blogsaverroes.juntadeandalucia.es\/colepicasso\/wp-json\/wp\/v2\/pages\/626\/revisions"}],"predecessor-version":[{"id":675,"href":"https:\/\/blogsaverroes.juntadeandalucia.es\/colepicasso\/wp-json\/wp\/v2\/pages\/626\/revisions\/675"}],"wp:attachment":[{"href":"https:\/\/blogsaverroes.juntadeandalucia.es\/colepicasso\/wp-json\/wp\/v2\/media?parent=626"}],"curies":[{"name":"wp","href":"https:\/\/api.w.org\/{rel}","templated":true}]}}