{"id":641,"date":"2023-11-30T10:49:32","date_gmt":"2023-11-30T09:49:32","guid":{"rendered":"https:\/\/blogsaverroes.juntadeandalucia.es\/colepicasso\/?page_id=641"},"modified":"2024-01-26T17:33:24","modified_gmt":"2024-01-26T16:33:24","slug":"presentacion-ciclo-infantil","status":"publish","type":"page","link":"https:\/\/blogsaverroes.juntadeandalucia.es\/colepicasso\/presentacion-ciclo-infantil\/","title":{"rendered":"Presentaci\u00f3n ciclo Infantil"},"content":{"rendered":"<p><em><strong>Presentaci\u00f3n ciclo infantil<\/strong><\/em><\/p>\n<p><span style=\"font-weight: 400\">La etapa de Educaci\u00f3n Infantil supone el primer contacto con la escuela y su objetivo es el desarrollo integral del individuo desde un enfoque l\u00fadico, activo, interdisciplinar, funcional significativo y contextualizado en la realidad en la que est\u00e1n inmersos. Por eso abogamos por una pr\u00e1ctica del&nbsp; proceso de aprendizaje present\u00e1ndonos como mediadoras entre la cultura y el alumnado, favoreciendo la funci\u00f3n compensadora de la escuela y creando cauces de colaboraci\u00f3n junto con la familia y otras instituciones cercanas, entendiendo que la escuela es un organismo <em><strong>abierto a la vida.&nbsp;<\/strong><\/em><\/span><\/p>\n<p><span style=\"font-weight: 400\">Entendemos el proceso de aprendizaje y ense\u00f1anza como algo vivo y siguiendo a las hermanas Abelleiras: las horas que el alumnado permanece con nosotros deben tener el sentido de vida, una vida que se rige por unas normas, por unos tiempos y por unos modos de hacer&nbsp; con traslaci\u00f3n a otros contextos. una vida en com\u00fan donde, como comunidad, debemos acogernos, aceptarnos, querernos, ayudarnos, compartir, abrirnos posibilidades,&#8230; Por ello, nunca hablamos de que realizamos proyectos ni unidades, ni secuencias, sino proyectos de vida. Experiencia entre las que procuramos que haya algunas vivencias inolvidables.<\/span><\/p>\n<p>Esperemos que disfrut\u00e9is de nuestro <a href=\"https:\/\/blogsaverroes.juntadeandalucia.es\/colepicasso\/category\/momentos-en-infantil\/\">momentos<\/a> en infantil.<\/p>\n<p><span style=\"font-weight: 400\">Las maestras que componemos este equipo docente somos:<\/span><\/p>\n<p><span style=\"font-weight: 400\">Inma Mel\u00e9ndez Mayo.<\/span><\/p>\n<p><span style=\"font-weight: 400\">Esmeralda Real Mart\u00ednez.<\/span><\/p>\n<p><span style=\"font-weight: 400\">Maria Teresa Guisado Perza.<\/span><\/p>\n<p><span style=\"font-weight: 400\">Ana Amalia Begines Cerrada.<\/span><\/p>\n<p><span style=\"font-weight: 400\">Roc\u00edo Mu\u00f1oz Pi\u00f1ero.<\/span><\/p>\n<p><span style=\"font-weight: 400\">Mar\u00eda Teresa Fern\u00e1ndez L\u00f3pez.<\/span><\/p>\n<p><span style=\"font-weight: 400\">Mari Carmen Dorado Castillo.<\/span><\/p>\n<p><span style=\"font-weight: 400\">Cristina Guill\u00e9n. (Ingles)<\/span><\/p>\n<p><span style=\"font-weight: 400\">Mar\u00eda Jes\u00fas Jim\u00e9nez (Ingl\u00e9s)<\/span><\/p>\n<p><span style=\"font-weight: 400\">Pepi Begines. (Religi\u00f3n)<\/span><\/p>\n<p><span style=\"font-weight: 400\">Ana Amuedo. (Religi\u00f3n)<\/span><\/p>\n<p><span style=\"font-weight: 400\">Susan Espinar Hern\u00e1ndez. (P. T)<\/span><\/p>\n<p><span style=\"font-weight: 400\">Nieves F. S\u00e1nchez. (A.L)<\/span><\/p>\n<p><img loading=\"lazy\" decoding=\"async\" class=\"alignnone  wp-image-768\" src=\"https:\/\/blogsaverroes.juntadeandalucia.es\/colepicasso\/files\/2024\/01\/WhatsApp-Image-2024-01-24-at-16.51.48-2-300x300.jpeg\" alt=\"\" width=\"454\" height=\"454\" srcset=\"https:\/\/blogsaverroes.juntadeandalucia.es\/colepicasso\/files\/2024\/01\/WhatsApp-Image-2024-01-24-at-16.51.48-2-300x300.jpeg 300w, https:\/\/blogsaverroes.juntadeandalucia.es\/colepicasso\/files\/2024\/01\/WhatsApp-Image-2024-01-24-at-16.51.48-2-1024x1024.jpeg 1024w, https:\/\/blogsaverroes.juntadeandalucia.es\/colepicasso\/files\/2024\/01\/WhatsApp-Image-2024-01-24-at-16.51.48-2-150x150.jpeg 150w, https:\/\/blogsaverroes.juntadeandalucia.es\/colepicasso\/files\/2024\/01\/WhatsApp-Image-2024-01-24-at-16.51.48-2-768x768.jpeg 768w, https:\/\/blogsaverroes.juntadeandalucia.es\/colepicasso\/files\/2024\/01\/WhatsApp-Image-2024-01-24-at-16.51.48-2-1536x1536.jpeg 1536w, https:\/\/blogsaverroes.juntadeandalucia.es\/colepicasso\/files\/2024\/01\/WhatsApp-Image-2024-01-24-at-16.51.48-2.jpeg 2048w, https:\/\/blogsaverroes.juntadeandalucia.es\/colepicasso\/files\/2024\/01\/WhatsApp-Image-2024-01-24-at-16.51.48-2-80x80.jpeg 80w, https:\/\/blogsaverroes.juntadeandalucia.es\/colepicasso\/files\/2024\/01\/WhatsApp-Image-2024-01-24-at-16.51.48-2-320x320.jpeg 320w\" sizes=\"(max-width: 454px) 100vw, 454px\" \/><\/p>\n<p>&nbsp;<\/p>\n<p>&nbsp;<\/p>\n<p>&nbsp;<\/p>\n","protected":false},"excerpt":{"rendered":"<p>Presentaci\u00f3n ciclo infantil La etapa de Educaci\u00f3n Infantil supone el primer contacto con la escuela y su objetivo es el desarrollo integral del individuo desde un enfoque l\u00fadico, activo, interdisciplinar, funcional significativo y contextualizado en la realidad en la que est\u00e1n inmersos. Por eso abogamos por una pr\u00e1ctica del&nbsp; proceso de aprendizaje present\u00e1ndonos como mediadoras [&hellip;]<\/p>\n","protected":false},"author":15134,"featured_media":0,"parent":0,"menu_order":0,"comment_status":"closed","ping_status":"closed","template":"","meta":{"_et_pb_use_builder":"","_et_pb_old_content":"","_et_gb_content_width":"","_exactmetrics_skip_tracking":false,"_exactmetrics_sitenote_active":false,"_exactmetrics_sitenote_note":"","_exactmetrics_sitenote_category":0,"ngg_post_thumbnail":0,"footnotes":""},"aioseo_notices":[],"_links":{"self":[{"href":"https:\/\/blogsaverroes.juntadeandalucia.es\/colepicasso\/wp-json\/wp\/v2\/pages\/641"}],"collection":[{"href":"https:\/\/blogsaverroes.juntadeandalucia.es\/colepicasso\/wp-json\/wp\/v2\/pages"}],"about":[{"href":"https:\/\/blogsaverroes.juntadeandalucia.es\/colepicasso\/wp-json\/wp\/v2\/types\/page"}],"author":[{"embeddable":true,"href":"https:\/\/blogsaverroes.juntadeandalucia.es\/colepicasso\/wp-json\/wp\/v2\/users\/15134"}],"replies":[{"embeddable":true,"href":"https:\/\/blogsaverroes.juntadeandalucia.es\/colepicasso\/wp-json\/wp\/v2\/comments?post=641"}],"version-history":[{"count":3,"href":"https:\/\/blogsaverroes.juntadeandalucia.es\/colepicasso\/wp-json\/wp\/v2\/pages\/641\/revisions"}],"predecessor-version":[{"id":769,"href":"https:\/\/blogsaverroes.juntadeandalucia.es\/colepicasso\/wp-json\/wp\/v2\/pages\/641\/revisions\/769"}],"wp:attachment":[{"href":"https:\/\/blogsaverroes.juntadeandalucia.es\/colepicasso\/wp-json\/wp\/v2\/media?parent=641"}],"curies":[{"name":"wp","href":"https:\/\/api.w.org\/{rel}","templated":true}]}}