{"id":676,"date":"2024-01-17T11:20:48","date_gmt":"2024-01-17T10:20:48","guid":{"rendered":"https:\/\/blogsaverroes.juntadeandalucia.es\/colepicasso\/?page_id=676"},"modified":"2024-07-04T10:11:29","modified_gmt":"2024-07-04T09:11:29","slug":"proyecto-educativo","status":"publish","type":"page","link":"https:\/\/blogsaverroes.juntadeandalucia.es\/colepicasso\/proyecto-educativo\/","title":{"rendered":"Proyecto educativo"},"content":{"rendered":"<blockquote>\n<div><span lang=\"ES-TRAD\"><span style=\"font-family: 'courier new', courier, monospace\">El<\/span> <b><i>proyecto educativo de centro<\/i><\/b>. <b>Seraf\u00edn Ant\u00fanez y Joaqu\u00edn Gair\u00edn (2008)<\/b> lo definen como <i>\u201cun conjunto coherente de declaraciones, destinadas a dirigir un proceso de intervenci\u00f3n educativa: principios de identidad, objetivos a conseguir y estructura organizativa\u201d. <\/i><\/span><\/div>\n<\/blockquote>\n<p style=\"text-align: center\"><strong><span style=\"font-family: 'book antiqua', palatino, serif\"><span style=\"font-size: 18pt\">Ep\u00edgrafes del Proyecto educativo.<\/span><img loading=\"lazy\" decoding=\"async\" class=\"size-medium wp-image-1900 alignright\" src=\"https:\/\/blogsaverroes.juntadeandalucia.es\/colepicasso\/files\/2024\/07\/Copia-de-LOGO-DEL-COLE-257x300.jpg\" alt=\"\" width=\"257\" height=\"300\" srcset=\"https:\/\/blogsaverroes.juntadeandalucia.es\/colepicasso\/files\/2024\/07\/Copia-de-LOGO-DEL-COLE-257x300.jpg 257w, https:\/\/blogsaverroes.juntadeandalucia.es\/colepicasso\/files\/2024\/07\/Copia-de-LOGO-DEL-COLE-877x1024.jpg 877w, https:\/\/blogsaverroes.juntadeandalucia.es\/colepicasso\/files\/2024\/07\/Copia-de-LOGO-DEL-COLE-768x897.jpg 768w, https:\/\/blogsaverroes.juntadeandalucia.es\/colepicasso\/files\/2024\/07\/Copia-de-LOGO-DEL-COLE-1315x1536.jpg 1315w, https:\/\/blogsaverroes.juntadeandalucia.es\/colepicasso\/files\/2024\/07\/Copia-de-LOGO-DEL-COLE.jpg 1370w\" sizes=\"(max-width: 257px) 100vw, 257px\" \/><\/span><\/strong><\/p>\n<ol style=\"text-align: justify\">\n<li><a href=\"https:\/\/drive.google.com\/file\/d\/1LPMtm-63yQPJFpxbxjuP33wZG1Uot1Ht\/view?usp=sharing\">Introducci\u00f3n.<\/a><\/li>\n<li>Conceptos previos.<\/li>\n<li>Contexto.\n<ol>\n<li>Entorno.<\/li>\n<li>Centro.<\/li>\n<li>Familias.<\/li>\n<li>Alumnado.<\/li>\n<\/ol>\n<\/li>\n<li><a href=\"https:\/\/drive.google.com\/file\/d\/13uTKP13ia_inA_Ytl9_-9rAK-CkJT5vM\/view?usp=sharing\">Objetivos propios para la mejora del desarrollo de las competencias clave previstas en los perfiles competenciales.<\/a><\/li>\n<li><a href=\"https:\/\/drive.google.com\/file\/d\/1bdRpnD7iUeoLDt9PIg_Xq0e9T3ynzhSv\/view?usp=sharing\">Principios generales de las distintas etapas, principios pedag\u00f3gicos y metodol\u00f3gicos del centro.<\/a><\/li>\n<li style=\"text-align: justify\"><a href=\"https:\/\/drive.google.com\/file\/d\/1Tj9DS_8UWDPwxntIqUz_NHio8uXq1F76\/view?usp=sharing\">Coordinaci\u00f3n y concreci\u00f3n de los contenidos curriculares, as\u00ed como el tratamiento transversal en las \u00e1reas de la educaci\u00f3n en valores y otras ense\u00f1anzas, integrando la igualdad de g\u00e9nero como un objetivo primordial.<\/a><\/li>\n<li><a href=\"https:\/\/drive.google.com\/file\/d\/1PN9bc96gv4JyZiFSyMTJ9TXbE3mALW6Y\/view?usp=sharing\">Los criterios pedag\u00f3gicos para la determinaci\u00f3n de los \u00f3rganos de coordinaci\u00f3n docente del centro y del horario de dicci\u00f3n de las personas responsables de los mismos para la realizaci\u00f3n de sus funciones, de conformidad con el n\u00famero total de horas que, a tales efectos se establezca por orden de la persona titular de la consejer\u00eda competente en materia de educaci\u00f3n.<\/a><\/li>\n<li><a href=\"https:\/\/drive.google.com\/file\/d\/1vQtXYlXagQ91iLzBv1k5tExBXEyKdRTT\/view?usp=sharing\">Los procedimientos y criterios de evaluaci\u00f3n y promoci\u00f3n del alumnado.<\/a><\/li>\n<li>Medidas de atenci\u00f3n a la diversidad y a las diferencias individuales.<\/li>\n<li>La organizaci\u00f3n de las actividades de recuperaci\u00f3n para el alumnado con \u00e1reas pendientes de evaluaci\u00f3n positiva.<\/li>\n<li><a href=\"https:\/\/drive.google.com\/file\/d\/10yT2TApdW-x5H9h-Dg3ctYm17OXrSlcJ\/view?usp=sharing\">Plan de orientaci\u00f3n y acci\u00f3n tutorial.<\/a><\/li>\n<li><a href=\"https:\/\/drive.google.com\/file\/d\/1t3sd_NEmFiYUmB4oYLjJD6LVGd6ZSAoH\/view?usp=sharing\">El procedimiento para suscribir compromisos educativos y de convivencia con las familias, de acuerdo con lo que se establezca por orden de la persona titular de la consejer\u00eda competente en \u00e1rea de educaci\u00f3n.<\/a><\/li>\n<li><a href=\"https:\/\/blogsaverroes.juntadeandalucia.es\/colepicasso\/files\/2024\/04\/PLAN-DE-CONVIVENCIA-1.pdf\">Plan de convivencia a desarrollar para prevenir la aparici\u00f3n de conductas contrarias a las normas de convivencia y facilitar un adecuado clima escolar a que se refiere el art\u00edculo 22.<\/a><\/li>\n<li><a href=\"https:\/\/blogsaverroes.juntadeandalucia.es\/colepicasso\/files\/2024\/01\/PLAN-DE-FORMACI\u00d3N-DEL-PROFESORADO-23_24-con-logo.pdf\">Plan de formaci\u00f3n del profesorado<\/a>.<\/li>\n<li>Los criterios para organizar y distribuir el tiempo escolar, as\u00ed como los objetivos y programas de intervenci\u00f3n en el tiempo extraescolar.<\/li>\n<li><a href=\"https:\/\/drive.google.com\/file\/d\/1bPwlnUWbydD1IAMJCWrqayaNLANXbnLO\/view?usp=sharing\">Los procedimientos de evaluaci\u00f3n interna.<\/a><\/li>\n<li style=\"text-align: justify\"><a href=\"https:\/\/drive.google.com\/file\/d\/1xwEpBieS4ntO4S_udDW0If17UgjgRUsn\/view?usp=sharing\">Los criterios para establecer los agrupamientos del alumnado y la asignaci\u00f3n de las tutor\u00edas, de acuerdo con las l\u00edneas generales de actuaci\u00f3n pedag\u00f3gica del centro y orientados a favorecer el \u00e9xito escolar del alumnado.<\/a><\/li>\n<li><a href=\"https:\/\/drive.google.com\/file\/d\/1_FuMLOfRVPnsK1pCSb_HzLFxlAIxlT2x\/view?usp=sharing\">Los criterios generales para la elaboraci\u00f3n de las programaciones did\u00e1cticas de las \u00e1reas de la educaci\u00f3n primaria y de la educaci\u00f3n especial y las propuestas pedag\u00f3gicas de la educaci\u00f3n infantil.<\/a><\/li>\n<li>Los planes estrat\u00e9gicos que, en su caso, se desarrollen en el centro.<\/li>\n<li>Cualesquiera otros que le sean atribuidos por orden de la persona titular de la consejer\u00eda competente en \u00e1rea de educaci\u00f3n.<\/li>\n<li>Modificaci\u00f3n del proyecto educativo y elementos que los integran.<\/li>\n<li>Normativa.<\/li>\n<\/ol>\n<blockquote>\n<p style=\"text-align: justify\"><span style=\"font-family: 'courier new', courier, monospace\"><strong><img loading=\"lazy\" decoding=\"async\" class=\" wp-image-1903 alignleft\" src=\"https:\/\/blogsaverroes.juntadeandalucia.es\/colepicasso\/files\/2024\/07\/foco_home04-152x300.png\" alt=\"\" width=\"144\" height=\"284\" srcset=\"https:\/\/blogsaverroes.juntadeandalucia.es\/colepicasso\/files\/2024\/07\/foco_home04-152x300.png 152w, https:\/\/blogsaverroes.juntadeandalucia.es\/colepicasso\/files\/2024\/07\/foco_home04.png 233w\" sizes=\"(max-width: 144px) 100vw, 144px\" \/><\/strong><\/span><\/p>\n<p>&nbsp;<\/p>\n<p>&nbsp;<\/p>\n<p style=\"text-align: justify\"><span style=\"font-family: 'courier new', courier, monospace\"><strong>La educaci\u00f3n no cambia al mundo,<\/strong> cambia a las personas que van a cambiar el mundo (Paulo Freire).<\/span><\/p>\n<\/blockquote>\n<p>&nbsp;<\/p>\n","protected":false},"excerpt":{"rendered":"<p>El proyecto educativo de centro. Seraf\u00edn Ant\u00fanez y Joaqu\u00edn Gair\u00edn (2008) lo definen como \u201cun conjunto coherente de declaraciones, destinadas a dirigir un proceso de intervenci\u00f3n educativa: principios de identidad, objetivos a conseguir y estructura organizativa\u201d. Ep\u00edgrafes del Proyecto educativo. Introducci\u00f3n. Conceptos previos. Contexto. Entorno. Centro. Familias. Alumnado. Objetivos propios para la mejora del desarrollo [&hellip;]<\/p>\n","protected":false},"author":15134,"featured_media":0,"parent":0,"menu_order":0,"comment_status":"closed","ping_status":"closed","template":"","meta":{"_et_pb_use_builder":"","_et_pb_old_content":"","_et_gb_content_width":"","_exactmetrics_skip_tracking":false,"_exactmetrics_sitenote_active":false,"_exactmetrics_sitenote_note":"","_exactmetrics_sitenote_category":0,"ngg_post_thumbnail":0,"footnotes":""},"aioseo_notices":[],"_links":{"self":[{"href":"https:\/\/blogsaverroes.juntadeandalucia.es\/colepicasso\/wp-json\/wp\/v2\/pages\/676"}],"collection":[{"href":"https:\/\/blogsaverroes.juntadeandalucia.es\/colepicasso\/wp-json\/wp\/v2\/pages"}],"about":[{"href":"https:\/\/blogsaverroes.juntadeandalucia.es\/colepicasso\/wp-json\/wp\/v2\/types\/page"}],"author":[{"embeddable":true,"href":"https:\/\/blogsaverroes.juntadeandalucia.es\/colepicasso\/wp-json\/wp\/v2\/users\/15134"}],"replies":[{"embeddable":true,"href":"https:\/\/blogsaverroes.juntadeandalucia.es\/colepicasso\/wp-json\/wp\/v2\/comments?post=676"}],"version-history":[{"count":18,"href":"https:\/\/blogsaverroes.juntadeandalucia.es\/colepicasso\/wp-json\/wp\/v2\/pages\/676\/revisions"}],"predecessor-version":[{"id":1906,"href":"https:\/\/blogsaverroes.juntadeandalucia.es\/colepicasso\/wp-json\/wp\/v2\/pages\/676\/revisions\/1906"}],"wp:attachment":[{"href":"https:\/\/blogsaverroes.juntadeandalucia.es\/colepicasso\/wp-json\/wp\/v2\/media?parent=676"}],"curies":[{"name":"wp","href":"https:\/\/api.w.org\/{rel}","templated":true}]}}