{"id":697,"date":"2024-01-17T18:53:35","date_gmt":"2024-01-17T17:53:35","guid":{"rendered":"https:\/\/blogsaverroes.juntadeandalucia.es\/colepicasso\/?page_id=697"},"modified":"2024-02-14T21:13:05","modified_gmt":"2024-02-14T20:13:05","slug":"datos-del-centro","status":"publish","type":"page","link":"https:\/\/blogsaverroes.juntadeandalucia.es\/colepicasso\/datos-del-centro\/","title":{"rendered":"Datos del centro"},"content":{"rendered":"<h4>Datos de contacto<\/h4>\n<p>CEIP PABLO RUIZ PICASSO&nbsp;<\/p>\n<p><strong>&nbsp;Direcci\u00f3n:<\/strong>&nbsp; Calle Alonso S\u00e1nchez Pinz\u00f3n, 27. Los Palacios y Villafranca (Sevilla). &nbsp; &nbsp;<strong>C.P.:<\/strong> 41720<\/p>\n<p><strong>Tel\u00e9fono: <\/strong>955839615<br \/>\n<strong>Email:<\/strong> 41009974.edu@juntadeandalucia.es \/ 41009974.blogdelcentro@g.educaand.es<\/p>\n<h4><strong>Horarios<\/strong><\/h4>\n<ul>\n<li>Secretaria:\n<ul>\n<li>9:15 a 11:00 \/ 11:30 a 13:15.<\/li>\n<li>mcarfer513@g.educaand.es<\/li>\n<li>Le atender\u00e1 Carmen.<\/li>\n<\/ul>\n<\/li>\n<\/ul>\n<p>&nbsp;<\/p>\n","protected":false},"excerpt":{"rendered":"<p>Datos de contacto CEIP PABLO RUIZ PICASSO&nbsp; &nbsp;Direcci\u00f3n:&nbsp; Calle Alonso S\u00e1nchez Pinz\u00f3n, 27. Los Palacios y Villafranca (Sevilla). &nbsp; &nbsp;C.P.: 41720 Tel\u00e9fono: 955839615 Email: 41009974.edu@juntadeandalucia.es \/ 41009974.blogdelcentro@g.educaand.es Horarios Secretaria: 9:15 a 11:00 \/ 11:30 a 13:15. mcarfer513@g.educaand.es Le atender\u00e1 Carmen. &nbsp;<\/p>\n","protected":false},"author":15134,"featured_media":0,"parent":0,"menu_order":0,"comment_status":"closed","ping_status":"closed","template":"","meta":{"_et_pb_use_builder":"","_et_pb_old_content":"","_et_gb_content_width":"","_exactmetrics_skip_tracking":false,"_exactmetrics_sitenote_active":false,"_exactmetrics_sitenote_note":"","_exactmetrics_sitenote_category":0,"ngg_post_thumbnail":0,"footnotes":""},"aioseo_notices":[],"_links":{"self":[{"href":"https:\/\/blogsaverroes.juntadeandalucia.es\/colepicasso\/wp-json\/wp\/v2\/pages\/697"}],"collection":[{"href":"https:\/\/blogsaverroes.juntadeandalucia.es\/colepicasso\/wp-json\/wp\/v2\/pages"}],"about":[{"href":"https:\/\/blogsaverroes.juntadeandalucia.es\/colepicasso\/wp-json\/wp\/v2\/types\/page"}],"author":[{"embeddable":true,"href":"https:\/\/blogsaverroes.juntadeandalucia.es\/colepicasso\/wp-json\/wp\/v2\/users\/15134"}],"replies":[{"embeddable":true,"href":"https:\/\/blogsaverroes.juntadeandalucia.es\/colepicasso\/wp-json\/wp\/v2\/comments?post=697"}],"version-history":[{"count":4,"href":"https:\/\/blogsaverroes.juntadeandalucia.es\/colepicasso\/wp-json\/wp\/v2\/pages\/697\/revisions"}],"predecessor-version":[{"id":910,"href":"https:\/\/blogsaverroes.juntadeandalucia.es\/colepicasso\/wp-json\/wp\/v2\/pages\/697\/revisions\/910"}],"wp:attachment":[{"href":"https:\/\/blogsaverroes.juntadeandalucia.es\/colepicasso\/wp-json\/wp\/v2\/media?parent=697"}],"curies":[{"name":"wp","href":"https:\/\/api.w.org\/{rel}","templated":true}]}}