{"id":783,"date":"2024-01-26T18:45:32","date_gmt":"2024-01-26T17:45:32","guid":{"rendered":"https:\/\/blogsaverroes.juntadeandalucia.es\/colepicasso\/?page_id=783"},"modified":"2024-02-13T17:04:27","modified_gmt":"2024-02-13T16:04:27","slug":"presentacion-del-segundo-ciclo","status":"publish","type":"page","link":"https:\/\/blogsaverroes.juntadeandalucia.es\/colepicasso\/presentacion-del-segundo-ciclo\/","title":{"rendered":"Presentaci\u00f3n del segundo ciclo"},"content":{"rendered":"<p><span style=\"font-weight: 400\">Bienvenidos\/as al <em><strong>segundo ciclo de primaria<\/strong><\/em>:<\/span><\/p>\n<p><span style=\"font-weight: 400\">Nuestro ciclo, aunque parezca un ciclo intermedio, tiene una gran importancia pedag\u00f3gica, pues el nivel de autonom\u00eda y h\u00e1bitos de trabajo cambian, dado que pasamos de utilizar un material did\u00e1ctico fungible a un material no fungible, de no tener agenda a tenerla, con transici\u00f3n de materiales m\u00e1s manipulativos a m\u00e1s simb\u00f3licos.<\/span><\/p>\n<p>Esperamos que disfruten de <a href=\"https:\/\/blogsaverroes.juntadeandalucia.es\/colepicasso\/category\/momentos-en-el-segundo-ciclo\/\">nuestros momentos<\/a>.<\/p>\n<p><span style=\"font-weight: 400\">Los <em><strong>componentes<\/strong><\/em> del ciclo son los siguientes:<\/span><\/p>\n<p><span style=\"font-weight: 400\">&#8211; 3\u00ba A Ana M. Zarco Andrades, sustituta de Carolina Ru\u00edz Garriga.<\/span><\/p>\n<p><span style=\"font-weight: 400\">&#8211; 3\u00ba B Luc\u00eda Florido Infante, sustituta de M\u00aa Jos\u00e9 Alcal\u00e1 Gil.<\/span><\/p>\n<p><span style=\"font-weight: 400\">&#8211; 3\u00ba C Yolanda M\u00e1rquez Aguilar. (coordinadora 2\u00ba Ciclo).<\/span><\/p>\n<p><span style=\"font-weight: 400\">&#8211; 4\u00ba A Antonia Lourdes Torres Bonilla (especialista de E.F. y Secretar\u00eda Equipo Directivo).<\/span><\/p>\n<p><span style=\"font-weight: 400\">&#8211; 4\u00ba B Juan Manuel Labrador Gayango (especialista de E.F.)<\/span><\/p>\n<p><span style=\"font-weight: 400\">&#8211; Josefa Begines Fern\u00e1ndez (maestra de religi\u00f3n).<\/span><\/p>\n<p><img loading=\"lazy\" decoding=\"async\" class=\"alignnone  wp-image-895\" src=\"https:\/\/blogsaverroes.juntadeandalucia.es\/colepicasso\/files\/2024\/02\/IMG_5369-300x225.jpeg\" alt=\"\" width=\"557\" height=\"418\" srcset=\"https:\/\/blogsaverroes.juntadeandalucia.es\/colepicasso\/files\/2024\/02\/IMG_5369-300x225.jpeg 300w, https:\/\/blogsaverroes.juntadeandalucia.es\/colepicasso\/files\/2024\/02\/IMG_5369-1024x768.jpeg 1024w, https:\/\/blogsaverroes.juntadeandalucia.es\/colepicasso\/files\/2024\/02\/IMG_5369-768x576.jpeg 768w, https:\/\/blogsaverroes.juntadeandalucia.es\/colepicasso\/files\/2024\/02\/IMG_5369-1536x1152.jpeg 1536w, https:\/\/blogsaverroes.juntadeandalucia.es\/colepicasso\/files\/2024\/02\/IMG_5369-2048x1536.jpeg 2048w\" sizes=\"(max-width: 557px) 100vw, 557px\" \/><br style=\"font-weight: 400\"><br style=\"font-weight: 400\"><\/p>\n","protected":false},"excerpt":{"rendered":"<p>Bienvenidos\/as al segundo ciclo de primaria: Nuestro ciclo, aunque parezca un ciclo intermedio, tiene una gran importancia pedag\u00f3gica, pues el nivel de autonom\u00eda y h\u00e1bitos de trabajo cambian, dado que pasamos de utilizar un material did\u00e1ctico fungible a un material no fungible, de no tener agenda a tenerla, con transici\u00f3n de materiales m\u00e1s manipulativos a [&hellip;]<\/p>\n","protected":false},"author":15134,"featured_media":0,"parent":0,"menu_order":0,"comment_status":"closed","ping_status":"closed","template":"","meta":{"_et_pb_use_builder":"","_et_pb_old_content":"","_et_gb_content_width":"","_exactmetrics_skip_tracking":false,"_exactmetrics_sitenote_active":false,"_exactmetrics_sitenote_note":"","_exactmetrics_sitenote_category":0,"ngg_post_thumbnail":0,"footnotes":""},"aioseo_notices":[],"_links":{"self":[{"href":"https:\/\/blogsaverroes.juntadeandalucia.es\/colepicasso\/wp-json\/wp\/v2\/pages\/783"}],"collection":[{"href":"https:\/\/blogsaverroes.juntadeandalucia.es\/colepicasso\/wp-json\/wp\/v2\/pages"}],"about":[{"href":"https:\/\/blogsaverroes.juntadeandalucia.es\/colepicasso\/wp-json\/wp\/v2\/types\/page"}],"author":[{"embeddable":true,"href":"https:\/\/blogsaverroes.juntadeandalucia.es\/colepicasso\/wp-json\/wp\/v2\/users\/15134"}],"replies":[{"embeddable":true,"href":"https:\/\/blogsaverroes.juntadeandalucia.es\/colepicasso\/wp-json\/wp\/v2\/comments?post=783"}],"version-history":[{"count":3,"href":"https:\/\/blogsaverroes.juntadeandalucia.es\/colepicasso\/wp-json\/wp\/v2\/pages\/783\/revisions"}],"predecessor-version":[{"id":897,"href":"https:\/\/blogsaverroes.juntadeandalucia.es\/colepicasso\/wp-json\/wp\/v2\/pages\/783\/revisions\/897"}],"wp:attachment":[{"href":"https:\/\/blogsaverroes.juntadeandalucia.es\/colepicasso\/wp-json\/wp\/v2\/media?parent=783"}],"curies":[{"name":"wp","href":"https:\/\/api.w.org\/{rel}","templated":true}]}}