{"id":6792,"date":"2021-11-24T20:58:52","date_gmt":"2021-11-24T19:58:52","guid":{"rendered":"https:\/\/blogsaverroes.juntadeandalucia.es\/colesanjuandelacruz\/?page_id=6792"},"modified":"2025-12-10T18:37:30","modified_gmt":"2025-12-10T17:37:30","slug":"claustro","status":"publish","type":"page","link":"https:\/\/blogsaverroes.juntadeandalucia.es\/colesanjuandelacruz\/claustro\/","title":{"rendered":"Claustro actual."},"content":{"rendered":"<p style=\"text-align: center\"><span style=\"text-decoration: underline\"><span style=\"font-size: 16pt;color: #993366;text-decoration: underline\">CLAUSTRO 2025-26<\/span><\/span><\/p>\n<div class=\"osc-res-tab tabbable   osc-tabs-left\"><div style=\"clear:both;width: 100%;\"><ul class=\"nav osc-res-nav nav-tabs osc-tabs-left-ul\" id=\"oscitas-restabs-1-claustro-90965\"><li class=\"active\"><a href=\"#ert_pane1-0\" data-toggle=\"tab\">Infantil<\/a><\/li><li class=\"\"><a href=\"#ert_pane1-1\" data-toggle=\"tab\">1\u00ba Ciclo<\/a><\/li><li class=\"\"><a href=\"#ert_pane1-2\" data-toggle=\"tab\">&nbsp;2\u00ba Ciclo<\/a><\/li><li class=\"\"><a href=\"#ert_pane1-3\" data-toggle=\"tab\">3\u00ba Ciclo<\/a><\/li><li class=\"\"><a href=\"#ert_pane1-4\" data-toggle=\"tab\">Especialistas<\/a><\/li><li class=\"\"><a href=\"#ert_pane1-5\" data-toggle=\"tab\">Eq Orientaci\u00f3n<\/a><\/li><\/ul><\/div><div style=\"clear:both;width: 100%;\"><ul class=\"tab-content\" id=\"oscitas-restabcontent-1-claustro-90965\"><li class=\"tab-pane active\" id=\"ert_pane1-0\"><ul>\n<li>3 a\u00f1os: Sandra Ferr\u00e1n<\/li>\n<li>4 a\u00f1os: Mar\u00eda de los \u00c1ngeles Redondo<\/li>\n<li>5 a\u00f1os:&nbsp;Maribel S\u00e1nchez Abad.<\/li>\n<li>Apoyo Infantil: Sara Mira<\/li>\n<\/ul><\/li><li class=\"tab-pane \" id=\"ert_pane1-1\"><ul>\n<li>Tutora de 1\u00ba: Inma Reina.<\/li>\n<li>Tutora de 2\u00ba: Charo Jim\u00e9nez<\/li>\n<\/ul><\/li><li class=\"tab-pane \" id=\"ert_pane1-2\"><ul>\n<li>Tutor de 3\u00baA: Carlos Cielos<\/li>\n<li>Tutora de 3\u00baB: Irene Nevado<\/li>\n<li>Tutor de 4\u00ba: Mario Regod\u00f3n.<\/li>\n<\/ul>\n<div>&nbsp;<\/div><\/li><li class=\"tab-pane \" id=\"ert_pane1-3\"><ul>\n<li>Tutor de 5\u00ba: Lola Rodr\u00edguez.<\/li>\n<li>Tutora de 6\u00ba: <span style=\"font-family: 'Open Sans', sans-serif;font-size: 15px;font-style: normal;font-weight: 400\">Victoriano Serrano<\/span>.<\/li>\n<\/ul><\/li><li class=\"tab-pane \" id=\"ert_pane1-4\"><ul>\n<li>Profesor de M\u00fasica: Charo Jim\u00e9nes<\/li>\n<li>Profesora de Religi\u00f3n Cat\u00f3lica: M\u00aa \u00c1ngeles Pe\u00f1a. Charo Tapia<\/li>\n<li>Profesor de Religi\u00f3n Isl\u00e1mica: Carlos P\u00e9rez.<\/li>\n<li>Profesores de Idioma. Ingl\u00e9s: Mariv\u00ed Olea.<\/li>\n<li>Profesora de Idioma. Franc\u00e9s: Irene Nevado<\/li>\n<li>Profesores de Educaci\u00f3n F\u00edsica: Lola Rodr\u00edguez; Carlos Cielos<\/li>\n<li>Profesor de Apoyo: Jos\u00e9 Manuel Capilla.<\/li>\n<\/ul><\/li><li class=\"tab-pane \" id=\"ert_pane1-5\"><ul>\n<li>Profesora de PT: Josefina Garc\u00eda.<\/li>\n<li>Profesora de AL: Lourdes Agundo y Leticia<\/li>\n<li>Profesora de PT-TGC: M\u00aa Cruz G\u00f3mez.<\/li>\n<li>Orientadora: M\u00aa \u00c1ngeles Gonz\u00e1lez Luque.<\/li>\n<\/ul><\/li><\/ul><\/div><\/div>\n","protected":false},"excerpt":{"rendered":"<p>CLAUSTRO 2025-26<\/p>\n","protected":false},"author":7619,"featured_media":0,"parent":0,"menu_order":0,"comment_status":"closed","ping_status":"closed","template":"","meta":{"ngg_post_thumbnail":0,"footnotes":"","_mc_calendar":[]},"aioseo_notices":[],"_links":{"self":[{"href":"https:\/\/blogsaverroes.juntadeandalucia.es\/colesanjuandelacruz\/wp-json\/wp\/v2\/pages\/6792"}],"collection":[{"href":"https:\/\/blogsaverroes.juntadeandalucia.es\/colesanjuandelacruz\/wp-json\/wp\/v2\/pages"}],"about":[{"href":"https:\/\/blogsaverroes.juntadeandalucia.es\/colesanjuandelacruz\/wp-json\/wp\/v2\/types\/page"}],"author":[{"embeddable":true,"href":"https:\/\/blogsaverroes.juntadeandalucia.es\/colesanjuandelacruz\/wp-json\/wp\/v2\/users\/7619"}],"replies":[{"embeddable":true,"href":"https:\/\/blogsaverroes.juntadeandalucia.es\/colesanjuandelacruz\/wp-json\/wp\/v2\/comments?post=6792"}],"version-history":[{"count":23,"href":"https:\/\/blogsaverroes.juntadeandalucia.es\/colesanjuandelacruz\/wp-json\/wp\/v2\/pages\/6792\/revisions"}],"predecessor-version":[{"id":8471,"href":"https:\/\/blogsaverroes.juntadeandalucia.es\/colesanjuandelacruz\/wp-json\/wp\/v2\/pages\/6792\/revisions\/8471"}],"wp:attachment":[{"href":"https:\/\/blogsaverroes.juntadeandalucia.es\/colesanjuandelacruz\/wp-json\/wp\/v2\/media?parent=6792"}],"curies":[{"name":"wp","href":"https:\/\/api.w.org\/{rel}","templated":true}]}}