{"id":8088,"date":"2024-10-04T22:08:01","date_gmt":"2024-10-04T21:08:01","guid":{"rendered":"https:\/\/blogsaverroes.juntadeandalucia.es\/colesanjuandelacruz\/?page_id=8088"},"modified":"2025-05-06T22:53:40","modified_gmt":"2025-05-06T21:53:40","slug":"proyecto-de-gestion_","status":"publish","type":"page","link":"https:\/\/blogsaverroes.juntadeandalucia.es\/colesanjuandelacruz\/documentos-del-centro\/proyecto-de-gestion_\/","title":{"rendered":"Proyecto de Gesti\u00f3n_"},"content":{"rendered":"<p style=\"text-align: justify\">El <strong data-start=\"1422\" data-end=\"1445\">Proyecto de Gesti\u00f3n<\/strong> detalla la organizaci\u00f3n de los recursos materiales, humanos y econ\u00f3micos del centro. Su objetivo es garantizar un uso eficiente y equitativo de los medios disponibles, en coherencia con los principios del Proyecto Educativo. Este documento recoge los criterios para la elaboraci\u00f3n del presupuesto, la gesti\u00f3n de infraestructuras y equipamientos, as\u00ed como la planificaci\u00f3n de los recursos personales. Es una herramienta fundamental para asegurar la sostenibilidad y la mejora continua del centro.<\/p>\n<p>&nbsp;<\/p>\n<p><iframe loading=\"lazy\" src=\"https:\/\/drive.google.com\/file\/d\/1zPcXtLKTuc98J6Zsm87Y9cKJ8gZ2aCcp\/preview\" width=\"640\" height=\"480\"><\/iframe><\/p>\n<p><strong>Consulta tambi\u00e9n otros documentos del centro:<\/strong><\/p>\n<table style=\"border-collapse: collapse;width: 100%;height: 24px\">\n<tbody>\n<tr style=\"height: 24px\">\n<td style=\"width: 33.3333%;text-align: center;height: 24px\"><a title=\"Proyecto Educativo_\" href=\"https:\/\/blogsaverroes.juntadeandalucia.es\/colesanjuandelacruz\/documentos-del-centro\/proyecto-educativo_\/\"><img loading=\"lazy\" decoding=\"async\" class=\"alignnone size-medium wp-image-8280\" src=\"https:\/\/blogsaverroes.juntadeandalucia.es\/colesanjuandelacruz\/files\/2025\/05\/Imagen-Proyecto-Educativo-300x200.png\" alt=\"\" width=\"300\" height=\"200\" srcset=\"https:\/\/blogsaverroes.juntadeandalucia.es\/colesanjuandelacruz\/files\/2025\/05\/Imagen-Proyecto-Educativo-300x200.png 300w, https:\/\/blogsaverroes.juntadeandalucia.es\/colesanjuandelacruz\/files\/2025\/05\/Imagen-Proyecto-Educativo-768x512.png 768w, https:\/\/blogsaverroes.juntadeandalucia.es\/colesanjuandelacruz\/files\/2025\/05\/Imagen-Proyecto-Educativo.png 800w\" sizes=\"(max-width: 300px) 100vw, 300px\" \/><\/a><\/td>\n<td style=\"width: 33.3333%;text-align: center;height: 24px\"><a title=\"Programaci\u00f3n General Anual\" href=\"https:\/\/blogsaverroes.juntadeandalucia.es\/colesanjuandelacruz\/documentos-del-centro\/programacion-general-anual\/\"><img loading=\"lazy\" decoding=\"async\" class=\"alignnone size-medium wp-image-8279\" src=\"https:\/\/blogsaverroes.juntadeandalucia.es\/colesanjuandelacruz\/files\/2025\/05\/Imagen-PGA-300x158.png\" alt=\"\" width=\"300\" height=\"158\" srcset=\"https:\/\/blogsaverroes.juntadeandalucia.es\/colesanjuandelacruz\/files\/2025\/05\/Imagen-PGA-300x158.png 300w, https:\/\/blogsaverroes.juntadeandalucia.es\/colesanjuandelacruz\/files\/2025\/05\/Imagen-PGA.png 768w\" sizes=\"(max-width: 300px) 100vw, 300px\" \/><\/a><\/td>\n<td style=\"width: 33.3333%;text-align: center;height: 24px\"><a title=\"Documentos del Centro.\" href=\"https:\/\/blogsaverroes.juntadeandalucia.es\/colesanjuandelacruz\/documentos-del-centro\/\"><img loading=\"lazy\" decoding=\"async\" class=\"alignnone size-medium wp-image-8278\" src=\"https:\/\/blogsaverroes.juntadeandalucia.es\/colesanjuandelacruz\/files\/2025\/05\/Imagen-DocumentoCentro-300x200.png\" alt=\"\" width=\"300\" height=\"200\" srcset=\"https:\/\/blogsaverroes.juntadeandalucia.es\/colesanjuandelacruz\/files\/2025\/05\/Imagen-DocumentoCentro-300x200.png 300w, https:\/\/blogsaverroes.juntadeandalucia.es\/colesanjuandelacruz\/files\/2025\/05\/Imagen-DocumentoCentro-768x512.png 768w, https:\/\/blogsaverroes.juntadeandalucia.es\/colesanjuandelacruz\/files\/2025\/05\/Imagen-DocumentoCentro.png 800w\" sizes=\"(max-width: 300px) 100vw, 300px\" \/><\/a><\/td>\n<\/tr>\n<\/tbody>\n<\/table>\n","protected":false},"excerpt":{"rendered":"<p>El Proyecto de Gesti\u00f3n detalla la organizaci\u00f3n de los recursos materiales, humanos y econ\u00f3micos del centro. Su objetivo es garantizar un uso eficiente y equitativo de los medios disponibles, en coherencia con los principios&#46;&#46;&#46;<\/p>\n","protected":false},"author":7619,"featured_media":8281,"parent":8273,"menu_order":0,"comment_status":"closed","ping_status":"closed","template":"","meta":{"ngg_post_thumbnail":0,"footnotes":"","_mc_calendar":[]},"aioseo_notices":[],"_links":{"self":[{"href":"https:\/\/blogsaverroes.juntadeandalucia.es\/colesanjuandelacruz\/wp-json\/wp\/v2\/pages\/8088"}],"collection":[{"href":"https:\/\/blogsaverroes.juntadeandalucia.es\/colesanjuandelacruz\/wp-json\/wp\/v2\/pages"}],"about":[{"href":"https:\/\/blogsaverroes.juntadeandalucia.es\/colesanjuandelacruz\/wp-json\/wp\/v2\/types\/page"}],"author":[{"embeddable":true,"href":"https:\/\/blogsaverroes.juntadeandalucia.es\/colesanjuandelacruz\/wp-json\/wp\/v2\/users\/7619"}],"replies":[{"embeddable":true,"href":"https:\/\/blogsaverroes.juntadeandalucia.es\/colesanjuandelacruz\/wp-json\/wp\/v2\/comments?post=8088"}],"version-history":[{"count":5,"href":"https:\/\/blogsaverroes.juntadeandalucia.es\/colesanjuandelacruz\/wp-json\/wp\/v2\/pages\/8088\/revisions"}],"predecessor-version":[{"id":8295,"href":"https:\/\/blogsaverroes.juntadeandalucia.es\/colesanjuandelacruz\/wp-json\/wp\/v2\/pages\/8088\/revisions\/8295"}],"up":[{"embeddable":true,"href":"https:\/\/blogsaverroes.juntadeandalucia.es\/colesanjuandelacruz\/wp-json\/wp\/v2\/pages\/8273"}],"wp:featuredmedia":[{"embeddable":true,"href":"https:\/\/blogsaverroes.juntadeandalucia.es\/colesanjuandelacruz\/wp-json\/wp\/v2\/media\/8281"}],"wp:attachment":[{"href":"https:\/\/blogsaverroes.juntadeandalucia.es\/colesanjuandelacruz\/wp-json\/wp\/v2\/media?parent=8088"}],"curies":[{"name":"wp","href":"https:\/\/api.w.org\/{rel}","templated":true}]}}