{"id":8273,"date":"2025-05-06T09:42:27","date_gmt":"2025-05-06T08:42:27","guid":{"rendered":"https:\/\/blogsaverroes.juntadeandalucia.es\/colesanjuandelacruz\/?page_id=8273"},"modified":"2026-01-28T13:23:29","modified_gmt":"2026-01-28T12:23:29","slug":"documentos-del-centro","status":"publish","type":"page","link":"https:\/\/blogsaverroes.juntadeandalucia.es\/colesanjuandelacruz\/documentos-del-centro\/","title":{"rendered":"Documentos del Centro."},"content":{"rendered":"<p style=\"text-align: justify\">Bienvenido a la secci\u00f3n de Documentos del Centro. Aqu\u00ed encontrar\u00e1s informaci\u00f3n fundamental sobre la organizaci\u00f3n, planificaci\u00f3n y gesti\u00f3n de nuestro centro educativo.<\/p>\n<p style=\"text-align: justify\">Estos documentos recogen la misi\u00f3n, visi\u00f3n y estrategia del centro, garantizando un desarrollo educativo alineado con nuestros valores y objetivos.<\/p>\n<p style=\"text-align: justify\">\ud83d\udccc <a href=\"https:\/\/blogsaverroes.juntadeandalucia.es\/colesanjuandelacruz\/documentos-del-centro\/proyecto-de-gestion_\/\"><strong>Proyecto de gesti\u00f3n<\/strong><\/a> \u2013 Normas de organizaci\u00f3n y funcionamiento del centro.<\/p>\n<p style=\"text-align: justify\">\ud83d\udccc <a href=\"https:\/\/blogsaverroes.juntadeandalucia.es\/colesanjuandelacruz\/documentos-del-centro\/proyecto-educativo_\/\"><strong>Proyecto educativo<\/strong><\/a> \u2013 Principios pedag\u00f3gicos y metodol\u00f3gicos.<\/p>\n<p style=\"text-align: justify\">\ud83d\udccc <a href=\"https:\/\/blogsaverroes.juntadeandalucia.es\/colesanjuandelacruz\/programacion-general-anual\/\"><strong>Programaci\u00f3n General Anual<\/strong><\/a> \u2013 Planificaci\u00f3n y objetivos del curso escolar.<\/p>\n<p>\ud83d\udccc <a href=\"https:\/\/drive.google.com\/file\/d\/1WQIpCG0nAjHxlmYNVPY3pLry10uK9w1v\/view?usp=sharing\" target=\"_blank\" rel=\"noopener\"><strong>Plan de convivencia<\/strong><\/a> \u2013 C\u00f3mo tratamos la convivencia en el centro.<\/p>\n<p style=\"text-align: justify\">Puedes acceder a cada documento en su respectiva secci\u00f3n, donde tambi\u00e9n encontrar\u00e1s versiones anteriores y actualizaciones. Si necesitas m\u00e1s informaci\u00f3n, no dudes en ponerte en contacto con nosotros.<\/p>\n","protected":false},"excerpt":{"rendered":"<p>Bienvenido a la secci\u00f3n de Documentos del Centro. Aqu\u00ed encontrar\u00e1s informaci\u00f3n fundamental sobre la organizaci\u00f3n, planificaci\u00f3n y gesti\u00f3n de nuestro centro educativo. Estos documentos recogen la misi\u00f3n, visi\u00f3n y estrategia del centro, garantizando un&#46;&#46;&#46;<\/p>\n","protected":false},"author":7619,"featured_media":8278,"parent":0,"menu_order":0,"comment_status":"closed","ping_status":"closed","template":"","meta":{"ngg_post_thumbnail":0,"footnotes":"","_mc_calendar":[]},"aioseo_notices":[],"_links":{"self":[{"href":"https:\/\/blogsaverroes.juntadeandalucia.es\/colesanjuandelacruz\/wp-json\/wp\/v2\/pages\/8273"}],"collection":[{"href":"https:\/\/blogsaverroes.juntadeandalucia.es\/colesanjuandelacruz\/wp-json\/wp\/v2\/pages"}],"about":[{"href":"https:\/\/blogsaverroes.juntadeandalucia.es\/colesanjuandelacruz\/wp-json\/wp\/v2\/types\/page"}],"author":[{"embeddable":true,"href":"https:\/\/blogsaverroes.juntadeandalucia.es\/colesanjuandelacruz\/wp-json\/wp\/v2\/users\/7619"}],"replies":[{"embeddable":true,"href":"https:\/\/blogsaverroes.juntadeandalucia.es\/colesanjuandelacruz\/wp-json\/wp\/v2\/comments?post=8273"}],"version-history":[{"count":7,"href":"https:\/\/blogsaverroes.juntadeandalucia.es\/colesanjuandelacruz\/wp-json\/wp\/v2\/pages\/8273\/revisions"}],"predecessor-version":[{"id":8479,"href":"https:\/\/blogsaverroes.juntadeandalucia.es\/colesanjuandelacruz\/wp-json\/wp\/v2\/pages\/8273\/revisions\/8479"}],"wp:featuredmedia":[{"embeddable":true,"href":"https:\/\/blogsaverroes.juntadeandalucia.es\/colesanjuandelacruz\/wp-json\/wp\/v2\/media\/8278"}],"wp:attachment":[{"href":"https:\/\/blogsaverroes.juntadeandalucia.es\/colesanjuandelacruz\/wp-json\/wp\/v2\/media?parent=8273"}],"curies":[{"name":"wp","href":"https:\/\/api.w.org\/{rel}","templated":true}]}}