{"id":1113,"date":"2020-05-04T12:15:55","date_gmt":"2020-05-04T12:15:55","guid":{"rendered":"http:\/\/blogsaverroes.juntadeandalucia.es\/pre\/ceip\/?page_id=2"},"modified":"2022-10-09T19:32:09","modified_gmt":"2022-10-09T19:32:09","slug":"pagina-ejemplo-2","status":"publish","type":"page","link":"https:\/\/blogsaverroes.juntadeandalucia.es\/colinadelsol\/","title":{"rendered":"Inicio"},"content":{"rendered":"<!-- This slideshow output is generated with Advanced post slider a multipurpose responsive WordPress slideshow plugin - http:\/\/www.wpcue.com\/wordpress-plugins\/advanced-post-slider\/ -->\r\n<style>\r\n#advps_container1 .bx-wrapper .bx-viewport {\r\n\t\t-moz-box-shadow: 0px 1px 4px #000000;\r\n\t-webkit-box-shadow: 0px 1px 4px #000000;\r\n\tbox-shadow: 0px 1px 4px #000000;\r\n\t\tborder: 1px solid #444444;\r\n\t\tbackground:#FFFFFF;\r\n}\r\n#advps_container1 .bx-wrapper .bx-pager{\r\n\ttext-align: center;\r\n\t;\r\n}\r\n#advps_container1 .bx-wrapper .bx-pager\r\n{\r\n\tbottom:-35px;\r\n\tz-index:999;\r\n}\r\n#advps_container1 .bx-wrapper .bx-controls-auto\r\n{\r\n\tbottom:6px;\r\n}\r\n#advps_container1 .bx-wrapper .bx-controls.bx-has-controls-auto.bx-has-pager .bx-pager {\r\n\ttext-align: center;\r\n}\r\n#advps_container1 .bx-wrapper .bx-controls-auto {\r\n\tz-index:99999;\r\n\ttext-align:center;width:100%;}\r\n\r\n#advps_container1 .bx-wrapper .bx-pager.bx-default-pager a {\r\n\tbackground: #666;\r\n\ttext-indent: -9999px;\r\n\tdisplay: block;\r\n\twidth: 10px;\r\n\theight: 10px;\r\n\tmargin: 0 5px;\r\n\toutline: 0;\r\n\t-moz-border-radius: 5px;\r\n\t-webkit-border-radius: 5px;\r\n\tborder-radius: 5px;\r\n\ttext-align:left;\r\n}\r\n#advps_container1 .bx-wrapper .bx-pager.bx-default-pager a:hover,\r\n#advps_container1 .bx-wrapper .bx-pager.bx-default-pager a.active {\r\n\tbackground: #000;\r\n}\r\n\r\n\/* thumbnail pager*\/\r\n#advps_container1 #bx-pager\r\n{\r\n\twidth:100%;\r\n\tposition:absolute;\r\n\tbottom:-35px;\r\n    text-align: center;\r\n\tz-index: 9999;\r\n}\r\n#advps_container1 #bx-pager a img\r\n{\r\n\tborder: 1px solid #CCCCCC;\r\n    padding: 3px;\r\n}\r\n#advps_container1 #bx-pager a:hover img, #advps_container1 #bx-pager a.active img\r\n{\r\n\tborder: 1px solid #666666;\r\n}\r\n\/* medai queries *\/\r\n#advps_container1 .advs-title,#advps_container1 .advs-title a\r\n{\r\n\tfont-size:20px;\r\n\tline-height:20px;\r\n}\r\n#advps_container1 .advps-slide p\r\n{\r\n\tfont-size:14px;\r\n\tline-height:14px;\r\n}\r\n@media screen and (max-width: 1024px){\r\n\t#advps_container1 .advs-title,#advps_container1 .advs-title a\r\n\t{\r\n\t\tfont-size:18px;\r\n\t\tline-height:18px;\r\n\t}\r\n\t#advps_container1 .advps-slide p\r\n\t{\r\n\t\tfont-size:12px;\r\n\t\tline-height:12px;\r\n\t}\r\n}\r\n@media screen and (max-width: 768px){\r\n\t#advps_container1 h2.advs-title, #advps_container1 h2.advs-title a\r\n\t{\r\n\t\tfont-size:16px;\r\n\t\tline-height:16px;\r\n\t}\r\n\t#advps_container1 .advps-slide p\r\n\t{\r\n\t\tfont-size:12px;\r\n\t\tline-height:12px;\r\n\t}\r\n}\r\n@media screen and (max-width: 650px){\r\n\t#advps_container1 h2.advs-title, #advps_container1 h2.advs-title a\r\n\t{\r\n\t\tfont-size:15px;\r\n\t\tline-height:15px;\r\n\t}\r\n\t#advps_container1 .advps-slide p\r\n\t{\r\n\t\tfont-size:12px;\r\n\t\tline-height:12px;\r\n\t}\r\n}\r\n@media screen and (max-width: 480px){\r\n\t#advps_container1 h2.advs-title, #advps_container1 h2.advs-title a\r\n\t{\r\n\t\tfont-size:15px;\r\n\t\tline-height:15px;\r\n\t}\r\n\t#advps_container1 .advps-slide p\r\n\t{\r\n\t\tfont-size:12px;\r\n\t\tline-height:12px;\r\n\t}\r\n}\r\n@media screen and (max-width: 320px){\r\n\t#advps_container1 h2.advs-title, #advps_container1 h2.advs-title a\r\n\t{\r\n\t\tfont-size:15px;\r\n\t\tline-height:15px;\r\n\t}\r\n\t#advps_container1 .advps-slide p\r\n\t{\r\n\t\tfont-size:12px;\r\n\t\tline-height:12px;\r\n\t}\r\n}\r\n<\/style>\r\n<script type=\"text\/javascript\">\r\n\t\tjQuery(document).ready(function($){\r\n\t\t\t$('#advpsslideshow_1').bxSlider({\r\n\t\t\t\tuseCSS:1,\r\n\t\t\t\tslideMargin: 0,\r\n\t\t\t\tspeed: 5000,\t\t\t\t\r\n\t\t\t\t\t\t\t\tmode: 'fade',\r\n\t\t\t\t\t\t\t\t\t\t\t\tauto: 1,\r\n\t\t\t\tautoHover: 1,\r\n\t\t\t\tpause: 3000,\r\n\t\t\t\teasing: 'linear',\r\n\t\t\t\tcontrols: 1,\r\n\t\t\t\tpager: 1,\r\n  \t\t\t\tautoControls: 1\t\t\t\t\t\t\t});\r\n\t\t\t\t\t\t\t$(\"#advpsslideshow_1 .advs-title a\").hover(function(){\r\n\t\t\t\t\t$(this).css('color','#c9c9c9');\r\n\t\t\t\t},function(){\r\n\t\t\t\t\t$(this).css('color','#FFFFFF');\r\n\t\t\t\t});\r\n\t\t\t\t\t\t$(\"#advpsslideshow_1 .advps-slide\").hover(function(){\r\n\t\t\t\t  \t\t\t},function(){\r\n\t\t\t\t\t\t\t});\r\n\t\t});\r\n\t<\/script>\r\n<div id=\"advps_container1\" class=\"advps-slide-container\" style=\"overflow:hidden;max-width:1024px;margin:auto;\">\r\n \r\n  <div id=\"advpsslideshow_1\">\r\n        <div class=\"advps-slide\">\r\n\t<a target=\"_self\" href=\"https:\/\/blogsaverroes.juntadeandalucia.es\/colinadelsol\/2015\/05\/22\/blogsaverroes-y-wordpress\/\" >      <img loading=\"lazy\" decoding=\"async\" width=\"720\" height=\"340\" src=\"https:\/\/blogsaverroes.juntadeandalucia.es\/colinadelsol\/files\/2015\/05\/intro11.jpg\" class=\"attachment-full size-full wp-post-image\" alt=\"\" srcset=\"https:\/\/blogsaverroes.juntadeandalucia.es\/colinadelsol\/files\/2015\/05\/intro11.jpg 720w, https:\/\/blogsaverroes.juntadeandalucia.es\/colinadelsol\/files\/2015\/05\/intro11-300x141.jpg 300w, https:\/\/blogsaverroes.juntadeandalucia.es\/colinadelsol\/files\/2015\/05\/intro11-520x245.jpg 520w\" sizes=\"(max-width: 720px) 100vw, 720px\" \/>      <\/a>       \r\n      <div class=\"advps-excerpt-one\" style=\"width:30%;height:100%;top:0; right:0;\">\r\n      \t<div class=\"advps-overlay-one\" style=\"background-color:#000000; -moz-opacity:0.6;filter:alpha(opacity=60);opacity:0.6;\"><\/div>\r\n        <div class=\"advps-excerpt-block-one\" style=\"text-align:left;color:#FFFFFF;-moz-opacity:1;filter:alpha(opacity=100);opacity:1;\">        \r\n        <h2 class=\"advs-title\" style=\"margin:5px 0px 10px 0px;color:#FFFFFF\"><a target=\"_self\" href=\"https:\/\/blogsaverroes.juntadeandalucia.es\/colinadelsol\/2015\/05\/22\/blogsaverroes-y-wordpress\/\" style=\"margin:5px 0px 10px 0px;color:#FFFFFF\" >BlogsAverroes y WordPress<\/a><\/h2>\r\n          \r\n                    <\/div>\r\n      <\/div>\r\n    <\/div>\r\n        <div class=\"advps-slide\">\r\n\t<a target=\"_self\" href=\"https:\/\/blogsaverroes.juntadeandalucia.es\/colinadelsol\/2015\/05\/22\/hueman\/\" >      <img loading=\"lazy\" decoding=\"async\" width=\"720\" height=\"340\" src=\"https:\/\/blogsaverroes.juntadeandalucia.es\/colinadelsol\/files\/2015\/05\/intro12.jpg\" class=\"attachment-full size-full wp-post-image\" alt=\"\" srcset=\"https:\/\/blogsaverroes.juntadeandalucia.es\/colinadelsol\/files\/2015\/05\/intro12.jpg 720w, https:\/\/blogsaverroes.juntadeandalucia.es\/colinadelsol\/files\/2015\/05\/intro12-300x141.jpg 300w, https:\/\/blogsaverroes.juntadeandalucia.es\/colinadelsol\/files\/2015\/05\/intro12-520x245.jpg 520w\" sizes=\"(max-width: 720px) 100vw, 720px\" \/>      <\/a>       \r\n      <div class=\"advps-excerpt-one\" style=\"width:30%;height:100%;top:0; right:0;\">\r\n      \t<div class=\"advps-overlay-one\" style=\"background-color:#000000; -moz-opacity:0.6;filter:alpha(opacity=60);opacity:0.6;\"><\/div>\r\n        <div class=\"advps-excerpt-block-one\" style=\"text-align:left;color:#FFFFFF;-moz-opacity:1;filter:alpha(opacity=100);opacity:1;\">        \r\n        <h2 class=\"advs-title\" style=\"margin:5px 0px 10px 0px;color:#FFFFFF\"><a target=\"_self\" href=\"https:\/\/blogsaverroes.juntadeandalucia.es\/colinadelsol\/2015\/05\/22\/hueman\/\" style=\"margin:5px 0px 10px 0px;color:#FFFFFF\" >Hueman<\/a><\/h2>\r\n          \r\n            <p>Plantilla Hueman Las plantillas o templates son los archivos que controlan como in sitio de WordPress ser\u00e1 mostrado en la Web. Estos archivos generan el&#46;&#46;&#46;<\/p>\n        <\/div>\r\n      <\/div>\r\n    <\/div>\r\n        <div class=\"advps-slide\">\r\n\t<a target=\"_self\" href=\"https:\/\/blogsaverroes.juntadeandalucia.es\/colinadelsol\/2015\/05\/22\/paginas-y-menus\/\" >      <img loading=\"lazy\" decoding=\"async\" width=\"720\" height=\"340\" src=\"https:\/\/blogsaverroes.juntadeandalucia.es\/colinadelsol\/files\/2015\/05\/intro13.jpg\" class=\"attachment-full size-full wp-post-image\" alt=\"\" srcset=\"https:\/\/blogsaverroes.juntadeandalucia.es\/colinadelsol\/files\/2015\/05\/intro13.jpg 720w, https:\/\/blogsaverroes.juntadeandalucia.es\/colinadelsol\/files\/2015\/05\/intro13-300x141.jpg 300w, https:\/\/blogsaverroes.juntadeandalucia.es\/colinadelsol\/files\/2015\/05\/intro13-520x245.jpg 520w\" sizes=\"(max-width: 720px) 100vw, 720px\" \/>      <\/a>       \r\n      <div class=\"advps-excerpt-one\" style=\"width:30%;height:100%;top:0; right:0;\">\r\n      \t<div class=\"advps-overlay-one\" style=\"background-color:#000000; -moz-opacity:0.6;filter:alpha(opacity=60);opacity:0.6;\"><\/div>\r\n        <div class=\"advps-excerpt-block-one\" style=\"text-align:left;color:#FFFFFF;-moz-opacity:1;filter:alpha(opacity=100);opacity:1;\">        \r\n        <h2 class=\"advs-title\" style=\"margin:5px 0px 10px 0px;color:#FFFFFF\"><a target=\"_self\" href=\"https:\/\/blogsaverroes.juntadeandalucia.es\/colinadelsol\/2015\/05\/22\/paginas-y-menus\/\" style=\"margin:5px 0px 10px 0px;color:#FFFFFF\" >P\u00e1ginas y Men\u00fas<\/a><\/h2>\r\n          \r\n            <p>Aunque WordPress es por defecto un blog, ha incorporado funcionalidades que permiten tambien construir una Web. Las p\u00e1ginas no son entradas o posts del blog&#46;&#46;&#46;<\/p>\n        <\/div>\r\n      <\/div>\r\n    <\/div>\r\n        <div class=\"advps-slide\">\r\n\t<a target=\"_self\" href=\"https:\/\/blogsaverroes.juntadeandalucia.es\/colinadelsol\/2015\/05\/22\/entradas-y-categorias\/\" >      <img loading=\"lazy\" decoding=\"async\" width=\"720\" height=\"340\" src=\"https:\/\/blogsaverroes.juntadeandalucia.es\/colinadelsol\/files\/2015\/05\/intro14.jpg\" class=\"attachment-full size-full wp-post-image\" alt=\"\" srcset=\"https:\/\/blogsaverroes.juntadeandalucia.es\/colinadelsol\/files\/2015\/05\/intro14.jpg 720w, https:\/\/blogsaverroes.juntadeandalucia.es\/colinadelsol\/files\/2015\/05\/intro14-300x141.jpg 300w, https:\/\/blogsaverroes.juntadeandalucia.es\/colinadelsol\/files\/2015\/05\/intro14-520x245.jpg 520w\" sizes=\"(max-width: 720px) 100vw, 720px\" \/>      <\/a>       \r\n      <div class=\"advps-excerpt-one\" style=\"width:30%;height:100%;top:0; right:0;\">\r\n      \t<div class=\"advps-overlay-one\" style=\"background-color:#000000; -moz-opacity:0.6;filter:alpha(opacity=60);opacity:0.6;\"><\/div>\r\n        <div class=\"advps-excerpt-block-one\" style=\"text-align:left;color:#FFFFFF;-moz-opacity:1;filter:alpha(opacity=100);opacity:1;\">        \r\n        <h2 class=\"advs-title\" style=\"margin:5px 0px 10px 0px;color:#FFFFFF\"><a target=\"_self\" href=\"https:\/\/blogsaverroes.juntadeandalucia.es\/colinadelsol\/2015\/05\/22\/entradas-y-categorias\/\" style=\"margin:5px 0px 10px 0px;color:#FFFFFF\" >Entradas y Categor\u00edas<\/a><\/h2>\r\n          \r\n            <p>Categor\u00edas El sistema de jerarquizaci\u00f3n de contenidos mediante categor\u00edas hace m\u00e1s sencillo organizar las entradas del blog. Con estas, podemos ofrecer al lector listados organizados&#46;&#46;&#46;<\/p>\n        <\/div>\r\n      <\/div>\r\n    <\/div>\r\n      <\/div>\r\n  <\/div><!-- end advps-slide-container -->\r\n<!-- \/ Advanced post slider a multipurpose responsive slideshow plugin -->\r\n\n<div class=\"osc-res-tab tabbable   osc-tabs-left\"><div style=\"clear:both;width: 100%;\"><ul class=\"nav osc-res-nav nav-tabs osc-tabs-left-ul\" id=\"oscitas-restabs-1-entradas-y-categorias-35271\"><li class=\"active\"><a href=\"#ert_pane1-0\" data-toggle=\"tab\">Nuestro centro<\/a><\/li><li class=\"\"><a href=\"#ert_pane1-1\" data-toggle=\"tab\">Nuestro blog<\/a><\/li><li class=\"\"><a href=\"#ert_pane1-2\" data-toggle=\"tab\">P\u00e1ginas y Men\u00fas<\/a><\/li><li class=\"\"><a href=\"#ert_pane1-3\" data-toggle=\"tab\">Normativa de inter\u00e9s<\/a><\/li><li class=\"\"><a href=\"#ert_pane1-4\" data-toggle=\"tab\">Educaci\u00f3n Junta de Andaluc\u00eda<\/a><\/li><li class=\"\"><a href=\"#ert_pane1-5\" data-toggle=\"tab\">Secretar\u00eda Virtual<\/a><\/li><\/ul><\/div><div style=\"clear:both;width: 100%;\"><ul class=\"tab-content\" id=\"oscitas-restabcontent-1-entradas-y-categorias-35271\"><li class=\"tab-pane active\" id=\"ert_pane1-0\"><\/p>\n<p><strong>CEIP Colina del Sol<\/strong><\/p>\n<p>El CEIP Colina del Sol es un Centro P\u00fablico de Infantil y Primaria situado en la localidad de Torrox (M\u00e1laga) en la Costa del Sol oriental malague\u00f1a.<\/p>\n<p>Se trata de un Centro Biling\u00fce alem\u00e1n de una l\u00ednea desde 3 a\u00f1os de Infantil hasta 6\u00ba de Primaria.<\/p>\n<div><strong>Oferta Educativa<\/strong><\/div>\n<ul>\n<li>Educaci\u00f3n infantil<\/li>\n<li>Educaci\u00f3n primaria<\/li>\n<li>Educaci\u00f3n especial<\/li>\n<\/ul>\n<div><strong>Pluriling\u00fcismo<\/strong><\/div>\n<ul>\n<li>Centro biling\u00fce Espa\u00f1ol &#8211; Alem\u00e1n:<br \/>\n&nbsp;&nbsp;&nbsp;&nbsp;&nbsp;&nbsp;&nbsp;&nbsp;&nbsp;&nbsp;Educaci\u00f3n infantil<br \/>\n&nbsp;&nbsp;&nbsp;&nbsp;&nbsp;&nbsp;&nbsp;&nbsp;&nbsp;&nbsp;Educaci\u00f3n primaria<\/li>\n<\/ul>\n<p>&nbsp;<\/p>\n<p style=\"text-align: center\"><a href=\"https:\/\/www.juntadeandalucia.es\/andalucia.html\" target=\"_blank\" rel=\"noopener noreferrer\">Andaluc\u00eda<\/a>&nbsp; &nbsp;<a href=\"http:\/\/www.malaga.eu\" target=\"_blank\" rel=\"noopener noreferrer\">M\u00e1laga<\/a> &nbsp;&nbsp; <a href=\"https:\/\/es.wikipedia.org\/wiki\/La_Axarqu\u00eda\" target=\"_blank\" rel=\"noopener noreferrer\">Axarqu\u00eda<\/a> &nbsp;&nbsp; <a href=\"http:\/\/www.torrox.es\" target=\"_blank\" rel=\"noopener noreferrer\">Torrox<\/a><\/p>\n<p><\/li><li class=\"tab-pane \" id=\"ert_pane1-1\"><br \/>\nEs de sofware librey se distribuye bajo licencia GNU General Public License.<\/p>\n<p>Es muy f\u00e1cil de usar. Dispone de una interfaz amigable e intuitiva.<\/p>\n<p>Se adapta a los dispositivos desde el que se visualiza como tabletas, smartphone, PC, port\u00e1tiles,\u2026<\/p>\n<p><\/li><li class=\"tab-pane \" id=\"ert_pane1-2\"><\/p>\n<p>Al acceder a este sitio Web, encontrar\u00e1s informaci\u00f3n sobre distintos contenidos relacionado con nuestro centro escolar y su Comunidad Educativa. En breve se ir\u00e1 completando esta p\u00e1gina. Garcias.<\/p>\n<p>&nbsp;<\/p>\n<p><\/li><li class=\"tab-pane \" id=\"ert_pane1-3\"><\/p>\n<p>Curso 2022\/2023:<\/p>\n<p>&nbsp;Elecciones Consejos Escolares 2022:<\/p>\n<p>El Consejo escolar es un \u00f3rgano colegiado de Participaci\u00f3n de la comunidad educativa en el gobierno del centro. La Constituci\u00f3n Espa\u00f1ola, en su art\u00edculo 27, establece que \u00abLos profesores, los padres y, en su caso, los alumnos intervendr\u00e1n en el control y gesti\u00f3n de todos los centros sostenidos por la Administraci\u00f3n con fondos p\u00fablicos\u00bb; este principio de participaci\u00f3n constituye el principal instrumento para que toda la comunidad educativa pueda implicarse directamente en la toma de decisiones del mismo.<\/p>\n<p><a title=\"Resoluci\u00f3n\" href=\"https:\/\/www.juntadeandalucia.es\/educacion\/portals\/web\/ced\/consejos-escolares\" target=\"_blank\" rel=\"noopener noreferrer\">RESOLUCI\u00d3N de 12 de septiembre de 2022, de la Direcci\u00f3n General de Ordenaci\u00f3n, Inclusi\u00f3n, Participaci\u00f3n y Evaluaci\u00f3n Educativa.<\/a><\/p>\n<p>&nbsp;<\/p>\n<p>&nbsp;<\/p>\n<p><\/li><li class=\"tab-pane \" id=\"ert_pane1-4\"><\/p>\n<p>En este apartado podr\u00e1s consultar toda las noticias y novedades sobre alumnado, profesorado, familias, centros y actualidad.<\/p>\n<ul id=\"child-menu-nivel-0\" role=\"menubar\" aria-label=\"P\u00e1ginas del sitio web\">\n<li id=\"layout_2\" class=\" item-home-img\" role=\"presentation\"><a title=\"Acceder a Inicio\" role=\"menuitem\" href=\"https:\/\/www.juntadeandalucia.es\/educacion\/portals\/web\/ced\/inicio\">Inicio<\/a><\/li>\n<li id=\"layout_1\" class=\" hasChildren\" role=\"presentation\"><a role=\"menuitem\" href=\"https:\/\/www.juntadeandalucia.es\/educacion\/portals\/web\/ced\/alumnado\" aria-labelledby=\"layout_1\">Alumnado<\/a><span id=\"go-to-nivel-1\" class=\"go-to-menu to-next\" data-childmenu=\"child-menu-nivel-1\" aria-hidden=\"true\"><\/span><\/li>\n<li id=\"layout_3\" class=\"selected page-selected hasChildren\" role=\"presentation\"><a role=\"menuitem\" href=\"https:\/\/www.juntadeandalucia.es\/educacion\/portals\/web\/ced\/profesorado\" aria-labelledby=\"layout_3\">Profesorado<\/a><span id=\"go-to-nivel-3\" class=\"go-to-menu to-next\" data-childmenu=\"child-menu-nivel-3\" aria-hidden=\"true\"><\/span><\/li>\n<li id=\"layout_4\" class=\" hasChildren\" role=\"presentation\"><a role=\"menuitem\" href=\"https:\/\/www.juntadeandalucia.es\/educacion\/portals\/web\/ced\/familias\" aria-labelledby=\"layout_4\">Familias<\/a><span id=\"go-to-nivel-4\" class=\"go-to-menu to-next\" data-childmenu=\"child-menu-nivel-4\" aria-hidden=\"true\"><\/span><\/li>\n<li id=\"layout_5\" class=\" hasChildren\" role=\"presentation\"><a role=\"menuitem\" href=\"https:\/\/www.juntadeandalucia.es\/educacion\/portals\/web\/ced\/centros\" aria-labelledby=\"layout_5\">Centros<\/a><span id=\"go-to-nivel-5\" class=\"go-to-menu to-next\" data-childmenu=\"child-menu-nivel-5\" aria-hidden=\"true\"><\/span><\/li>\n<li id=\"layout_748\" class=\"\" role=\"presentation\"><a role=\"menuitem\" href=\"https:\/\/www.juntadeandalucia.es\/educacion\/portals\/web\/ced\/actualidad\" aria-labelledby=\"layout_748\">Actualidad<\/a><\/li>\n<\/ul>\n<p>&nbsp;<\/p>\n<p>Pulsa <a href=\"https:\/\/www.juntadeandalucia.es\/educacion\/portals\/web\/ced\" target=\"_blank\" rel=\"noopener noreferrer\">aqu\u00ed.<\/a><\/p>\n<p><\/li><li class=\"tab-pane \" id=\"ert_pane1-5\"><\/p>\n<p>Para acceder al la SECRETAR\u00cdA VIRTUAL pulsa <a href=\"https:\/\/www.juntadeandalucia.es\/educacion\/secretariavirtual\/\" target=\"_blank\" rel=\"noopener noreferrer\">aqu\u00ed.<\/a><\/p>\n<p><\/li><\/ul><\/div><\/div>\n","protected":false},"excerpt":{"rendered":"","protected":false},"author":1,"featured_media":0,"parent":0,"menu_order":0,"comment_status":"open","ping_status":"open","template":"","meta":{"ngg_post_thumbnail":0,"footnotes":"","_mc_calendar":[]},"aioseo_notices":[],"_links":{"self":[{"href":"https:\/\/blogsaverroes.juntadeandalucia.es\/colinadelsol\/wp-json\/wp\/v2\/pages\/1113"}],"collection":[{"href":"https:\/\/blogsaverroes.juntadeandalucia.es\/colinadelsol\/wp-json\/wp\/v2\/pages"}],"about":[{"href":"https:\/\/blogsaverroes.juntadeandalucia.es\/colinadelsol\/wp-json\/wp\/v2\/types\/page"}],"author":[{"embeddable":true,"href":"https:\/\/blogsaverroes.juntadeandalucia.es\/colinadelsol\/wp-json\/wp\/v2\/users\/1"}],"replies":[{"embeddable":true,"href":"https:\/\/blogsaverroes.juntadeandalucia.es\/colinadelsol\/wp-json\/wp\/v2\/comments?post=1113"}],"version-history":[{"count":26,"href":"https:\/\/blogsaverroes.juntadeandalucia.es\/colinadelsol\/wp-json\/wp\/v2\/pages\/1113\/revisions"}],"predecessor-version":[{"id":2102,"href":"https:\/\/blogsaverroes.juntadeandalucia.es\/colinadelsol\/wp-json\/wp\/v2\/pages\/1113\/revisions\/2102"}],"wp:attachment":[{"href":"https:\/\/blogsaverroes.juntadeandalucia.es\/colinadelsol\/wp-json\/wp\/v2\/media?parent=1113"}],"curies":[{"name":"wp","href":"https:\/\/api.w.org\/{rel}","templated":true}]}}