{"id":42,"date":"2015-03-13T08:40:47","date_gmt":"2015-03-13T08:40:47","guid":{"rendered":"http:\/\/blogsaverroes.juntadeandalucia.es\/pre\/ceip\/?page_id=42"},"modified":"2022-10-09T17:03:44","modified_gmt":"2022-10-09T17:03:44","slug":"equipo-directivo","status":"publish","type":"page","link":"https:\/\/blogsaverroes.juntadeandalucia.es\/colinadelsol\/equipo-directivo\/","title":{"rendered":"Equipo directivo"},"content":{"rendered":"<p>Componentes del Equipo Directivo Curso 2022\/2023<\/p>\n<p><strong>Direcci\u00f3n: Ant\u00ba Javier Ruiz Ortega<\/strong><\/p>\n<p><strong>Jefatura de estudios: Mar\u00eda Jos\u00e9 Huertas Lucena<br \/>\n<\/strong><\/p>\n<p><strong>Secretar\u00eda: Raquel Esther Ortiz N\u00fa\u00f1ez<br \/>\n<\/strong><\/p>\n","protected":false},"excerpt":{"rendered":"<p>Componentes del Equipo Directivo Curso 2022\/2023 Direcci\u00f3n: Ant\u00ba Javier Ruiz Ortega Jefatura de estudios: Mar\u00eda Jos\u00e9 Huertas Lucena Secretar\u00eda: Raquel Esther Ortiz N\u00fa\u00f1ez<\/p>\n","protected":false},"author":1,"featured_media":0,"parent":0,"menu_order":0,"comment_status":"open","ping_status":"open","template":"page-templates\/child-menu.php","meta":{"ngg_post_thumbnail":0,"footnotes":"","_mc_calendar":[]},"aioseo_notices":[],"_links":{"self":[{"href":"https:\/\/blogsaverroes.juntadeandalucia.es\/colinadelsol\/wp-json\/wp\/v2\/pages\/42"}],"collection":[{"href":"https:\/\/blogsaverroes.juntadeandalucia.es\/colinadelsol\/wp-json\/wp\/v2\/pages"}],"about":[{"href":"https:\/\/blogsaverroes.juntadeandalucia.es\/colinadelsol\/wp-json\/wp\/v2\/types\/page"}],"author":[{"embeddable":true,"href":"https:\/\/blogsaverroes.juntadeandalucia.es\/colinadelsol\/wp-json\/wp\/v2\/users\/1"}],"replies":[{"embeddable":true,"href":"https:\/\/blogsaverroes.juntadeandalucia.es\/colinadelsol\/wp-json\/wp\/v2\/comments?post=42"}],"version-history":[{"count":7,"href":"https:\/\/blogsaverroes.juntadeandalucia.es\/colinadelsol\/wp-json\/wp\/v2\/pages\/42\/revisions"}],"predecessor-version":[{"id":2177,"href":"https:\/\/blogsaverroes.juntadeandalucia.es\/colinadelsol\/wp-json\/wp\/v2\/pages\/42\/revisions\/2177"}],"wp:attachment":[{"href":"https:\/\/blogsaverroes.juntadeandalucia.es\/colinadelsol\/wp-json\/wp\/v2\/media?parent=42"}],"curies":[{"name":"wp","href":"https:\/\/api.w.org\/{rel}","templated":true}]}}