{"id":44,"date":"2020-05-04T08:42:15","date_gmt":"2020-05-04T08:42:15","guid":{"rendered":"http:\/\/blogsaverroes.juntadeandalucia.es\/pre\/ceip\/?page_id=44"},"modified":"2020-05-04T21:53:22","modified_gmt":"2020-05-04T21:53:22","slug":"planes-y-proyectos","status":"publish","type":"page","link":"https:\/\/blogsaverroes.juntadeandalucia.es\/colinadelsol\/planes-y-proyectos\/","title":{"rendered":"Planes y Programas"},"content":{"rendered":"<p><img loading=\"lazy\" decoding=\"async\" class=\"alignnone size-medium wp-image-1667\" src=\"http:\/\/blogsaverroes.juntadeandalucia.es\/colinadelsol\/files\/2015\/03\/planes-300x150.png\" alt=\"planes\" width=\"300\" height=\"150\" srcset=\"https:\/\/blogsaverroes.juntadeandalucia.es\/colinadelsol\/files\/2015\/03\/planes-300x150.png 300w, https:\/\/blogsaverroes.juntadeandalucia.es\/colinadelsol\/files\/2015\/03\/planes.png 640w\" sizes=\"(max-width: 300px) 100vw, 300px\" \/><\/p>\n<p>Cada centro personaliza y adapta su Proyecto Educativo adheriendose a diferentes <strong>Planes y Programas<\/strong> promovidos desde la Consejer\u00eda de Educaci\u00f3n, Cultura y Deporte.<\/p>\n<p>Este apartado recoger\u00eda la descripci\u00f3n, finalidades, actividades, coordinador\/a, etc. de estos Planes y Programas desarrollados por el centro. A continuaci\u00f3n se muestran algunos de ellos.<\/p>\n<p><strong>Planes y Proyectos.<\/strong><br \/>\n2.1.1 <a href=\"https:\/\/drive.google.com\/file\/d\/1XFz51MmbO6KlszfZIdWIOYt0_eooeMeM\/view\" target=\"_blank\" rel=\"noopener noreferrer\">Creciendo en salud.<\/a><br \/>\n2.1.2<a href=\"https:\/\/drive.google.com\/file\/d\/1E3_YMuL_nRhwLFSVVs6sHsWC10fYDESS\/view\" target=\"_blank\" rel=\"noopener noreferrer\"> Escuela TIC 2.0.<\/a><br \/>\n2.1.3 <a href=\"https:\/\/drive.google.com\/file\/d\/1pDK0KBEojPtqMbh1OJHTTY32ql_Z2ciL\/view\" target=\"_blank\" rel=\"noopener noreferrer\">Pr\u00e1cticum Grado Maestro.<\/a><br \/>\n2.1.4 Plan de Salud Laboral y P.R.L.<br \/>\n2.1.5 Escuelas Deportivas.<br \/>\n2.1.6 <a href=\"https:\/\/drive.google.com\/file\/d\/1hwECEiibQmI-xKC1-vpgHSKu_ovGlPiS\/view\" target=\"_blank\" rel=\"noopener noreferrer\">Proyectos Centros T.I.C.<\/a><br \/>\n2.1.7 <a href=\"https:\/\/drive.google.com\/file\/d\/1eO-MfclwOza4_vZ6tnn6hYk2ygWk0l31\/view\" target=\"_blank\" rel=\"noopener noreferrer\">Programa de Centro biling\u00fce \u2013 Alem\u00e1n.<\/a><br \/>\n2.1.8 <a href=\"https:\/\/drive.google.com\/file\/d\/1EaqRLCx7h-fhYB9xrFteD5qcAf-raH0p\/view\" target=\"_blank\" rel=\"noopener noreferrer\">Plan de apertura de centros docentes.<\/a><br \/>\n2.1.9<a href=\"https:\/\/drive.google.com\/file\/d\/177mSqZPcMNwnx7TmqB9upGQ_xTv3Daqz\/view\" target=\"_blank\" rel=\"noopener noreferrer\"> Plan de igualdad entre hombres y mujeres en la educaci\u00f3n.<\/a><br \/>\n2.1.10<a href=\"https:\/\/drive.google.com\/file\/d\/1C4dT27tZtRgJOqXIOD0OFGjfT0K3Q6mf\/view\" target=\"_blank\" rel=\"noopener noreferrer\"> Biblioteca escolar.<\/a><\/p>\n","protected":false},"excerpt":{"rendered":"<p>Cada centro personaliza y adapta su Proyecto Educativo adheriendose a diferentes Planes y Programas promovidos desde la Consejer\u00eda de Educaci\u00f3n, Cultura y Deporte. Este apartado recoger\u00eda la descripci\u00f3n, finalidades, actividades, coordinador\/a, etc. de estos&#46;&#46;&#46;<\/p>\n","protected":false},"author":1,"featured_media":0,"parent":0,"menu_order":0,"comment_status":"open","ping_status":"closed","template":"page-templates\/child-menu.php","meta":{"ngg_post_thumbnail":0,"footnotes":"","_mc_calendar":[]},"aioseo_notices":[],"_links":{"self":[{"href":"https:\/\/blogsaverroes.juntadeandalucia.es\/colinadelsol\/wp-json\/wp\/v2\/pages\/44"}],"collection":[{"href":"https:\/\/blogsaverroes.juntadeandalucia.es\/colinadelsol\/wp-json\/wp\/v2\/pages"}],"about":[{"href":"https:\/\/blogsaverroes.juntadeandalucia.es\/colinadelsol\/wp-json\/wp\/v2\/types\/page"}],"author":[{"embeddable":true,"href":"https:\/\/blogsaverroes.juntadeandalucia.es\/colinadelsol\/wp-json\/wp\/v2\/users\/1"}],"replies":[{"embeddable":true,"href":"https:\/\/blogsaverroes.juntadeandalucia.es\/colinadelsol\/wp-json\/wp\/v2\/comments?post=44"}],"version-history":[{"count":7,"href":"https:\/\/blogsaverroes.juntadeandalucia.es\/colinadelsol\/wp-json\/wp\/v2\/pages\/44\/revisions"}],"predecessor-version":[{"id":2116,"href":"https:\/\/blogsaverroes.juntadeandalucia.es\/colinadelsol\/wp-json\/wp\/v2\/pages\/44\/revisions\/2116"}],"wp:attachment":[{"href":"https:\/\/blogsaverroes.juntadeandalucia.es\/colinadelsol\/wp-json\/wp\/v2\/media?parent=44"}],"curies":[{"name":"wp","href":"https:\/\/api.w.org\/{rel}","templated":true}]}}