{"id":77,"date":"2020-05-05T06:54:56","date_gmt":"2020-05-05T06:54:56","guid":{"rendered":"http:\/\/blogsaverroes.juntadeandalucia.es\/pre\/ceip\/?page_id=77"},"modified":"2020-05-04T22:12:39","modified_gmt":"2020-05-04T22:12:39","slug":"secretaria","status":"publish","type":"page","link":"https:\/\/blogsaverroes.juntadeandalucia.es\/colinadelsol\/secretaria\/","title":{"rendered":"Secretar\u00eda"},"content":{"rendered":"<p>La <strong>Secretar\u00eda<\/strong> desarrolla muchas funciones importantes en la vida de un centro, especialmente en la relaci\u00f3n que mantiene con las familias en los diferentes tr\u00e1mites administrativos a lo largo de la escolarizaci\u00f3n: admisi\u00f3n, matr\u00edcula, comedor escolar, becas, etc.<\/p>\n<p>Es por esto que la Web, como puerta de entrada y canal de informaci\u00f3n a la comunidad educativa, deber\u00eda informar sobre el horario de la secretar\u00eda, tr\u00e1mites a realizar, plazos, documentaci\u00f3n, etc., con el objetivo de conseguir una mayor <strong>transparencia, agilidad y eficiencia.<\/strong><\/p>\n<p>Adem\u00e1s el uso de las nuevas tecnolog\u00edas nos permiten estar en conexi\u00f3n mediante recursos que permiten agilizar nuestra vida. Prueba de ello es el cambio en cuanto al uso del papel por documentaci\u00f3n digital. Adem\u00e1s, existen enlaces relacionado con la gesti\u00f3n de procedimientos como por ejemplo <a href=\"http:\/\/www.juntadeandalucia.es\/educacion\/portals\/web\/escolarizacion\/infantil-a-bachillerato\/sobre-matricula\" target=\"_blank\" rel=\"noopener noreferrer\">matriculaci\u00f3n telem\u00e1tica<\/a> o la plataforma <a href=\"https:\/\/www.juntadeandalucia.es\/educacion\/portalseneca\/web\/seneca\/ipasen\" target=\"_blank\" rel=\"noopener noreferrer\">iPasen<\/a> entre otras.<\/p>\n<p>Enlaces de inter\u00e9s:<\/p>\n<p><a href=\"https:\/\/www.juntadeandalucia.es\/educacion\/portalseneca\/web\/pasen\/inicio\" target=\"_blank\" rel=\"noopener noreferrer\">Acceso a Pasen<\/a><\/p>\n<p><a href=\"https:\/\/www.juntadeandalucia.es\/educacion\/portalseneca\/web\/seneca\/ipasen\" target=\"_blank\" rel=\"noopener noreferrer\">iPasen<\/a><\/p>\n<p>Matriculaci\u00f3n<\/p>\n","protected":false},"excerpt":{"rendered":"<p>La Secretar\u00eda desarrolla muchas funciones importantes en la vida de un centro, especialmente en la relaci\u00f3n que mantiene con las familias en los diferentes tr\u00e1mites administrativos a lo largo de la escolarizaci\u00f3n: admisi\u00f3n, matr\u00edcula,&#46;&#46;&#46;<\/p>\n","protected":false},"author":1,"featured_media":0,"parent":0,"menu_order":0,"comment_status":"open","ping_status":"open","template":"page-templates\/child-menu.php","meta":{"ngg_post_thumbnail":0,"footnotes":"","_mc_calendar":[]},"aioseo_notices":[],"_links":{"self":[{"href":"https:\/\/blogsaverroes.juntadeandalucia.es\/colinadelsol\/wp-json\/wp\/v2\/pages\/77"}],"collection":[{"href":"https:\/\/blogsaverroes.juntadeandalucia.es\/colinadelsol\/wp-json\/wp\/v2\/pages"}],"about":[{"href":"https:\/\/blogsaverroes.juntadeandalucia.es\/colinadelsol\/wp-json\/wp\/v2\/types\/page"}],"author":[{"embeddable":true,"href":"https:\/\/blogsaverroes.juntadeandalucia.es\/colinadelsol\/wp-json\/wp\/v2\/users\/1"}],"replies":[{"embeddable":true,"href":"https:\/\/blogsaverroes.juntadeandalucia.es\/colinadelsol\/wp-json\/wp\/v2\/comments?post=77"}],"version-history":[{"count":6,"href":"https:\/\/blogsaverroes.juntadeandalucia.es\/colinadelsol\/wp-json\/wp\/v2\/pages\/77\/revisions"}],"predecessor-version":[{"id":2120,"href":"https:\/\/blogsaverroes.juntadeandalucia.es\/colinadelsol\/wp-json\/wp\/v2\/pages\/77\/revisions\/2120"}],"wp:attachment":[{"href":"https:\/\/blogsaverroes.juntadeandalucia.es\/colinadelsol\/wp-json\/wp\/v2\/media?parent=77"}],"curies":[{"name":"wp","href":"https:\/\/api.w.org\/{rel}","templated":true}]}}