{"id":871,"date":"2015-03-16T07:25:46","date_gmt":"2015-03-16T07:25:46","guid":{"rendered":"http:\/\/blogsaverroes.juntadeandalucia.es\/pre\/ceip\/?page_id=106"},"modified":"2022-10-09T20:02:15","modified_gmt":"2022-10-09T20:02:15","slug":"actividades-extraescolares","status":"publish","type":"page","link":"https:\/\/blogsaverroes.juntadeandalucia.es\/colinadelsol\/actividades-extraescolares\/","title":{"rendered":"Actividades extraescolares"},"content":{"rendered":"<h4>Informaci\u00f3n sobre las actividades extraescolares<\/h4>\n<p style=\"text-align: left\"><a href=\"http:\/\/blogsaverroes.juntadeandalucia.es\/colinadelsol\/files\/2015\/03\/talleres.jpg\"><img loading=\"lazy\" decoding=\"async\" class=\" alignnone wp-image-228 size-medium alignleft\" src=\"http:\/\/blogsaverroes.juntadeandalucia.es\/colinadelsol\/files\/2015\/03\/talleres-300x199.jpg\" alt=\"\" width=\"300\" height=\"199\" srcset=\"https:\/\/blogsaverroes.juntadeandalucia.es\/colinadelsol\/files\/2015\/03\/talleres-300x199.jpg 300w, https:\/\/blogsaverroes.juntadeandalucia.es\/colinadelsol\/files\/2015\/03\/talleres-1024x682.jpg 1024w, https:\/\/blogsaverroes.juntadeandalucia.es\/colinadelsol\/files\/2015\/03\/talleres.jpg 1280w\" sizes=\"(max-width: 300px) 100vw, 300px\" \/><\/a>Las actividades extraescolares tienen lugar en horario de tarde, hasta las 18.00, y abarcan aspectos como la lectura, el deporte, los idiomas, la danza o el teatro, entre otras actividades l\u00fadicas y formativas.<\/p>\n<p>Para hacer posible la realizaci\u00f3n de estas actividades fuera del horario lectivo, los centros pueden abrir sus instalaciones hasta las 18.00 todos los d\u00edas lectivos con excepci\u00f3n de los viernes*, en los que el cierre se establece a las 16.00.<\/p>\n<p>&nbsp;<\/p>\n<p>&nbsp;<\/p>\n<p>&nbsp;<\/p>\n<p><strong>Actividades extraescolares: de 16:00 a 18:00 h. de lunes a viernes.<\/strong><\/p>\n<ul>\n<li><strong>Teatro:<\/strong> Lunes&nbsp; de 16:00 a 18:00. Gimnasio.<\/li>\n<li><strong>Ingl\u00e9s:<\/strong> Martes y&nbsp; jueves de 16:00 a 17:00 Aula 11.<\/li>\n<li><strong>Alem\u00e1n:<\/strong> Martes y&nbsp; jueves de 17:00 a 18:00.&nbsp; Aula 11.<\/li>\n<li><strong>Refuerzo:<\/strong> Mi\u00e9rcoles de 16:00 a 18:00.&nbsp; Aula 11.<\/li>\n<li><strong>Deporte en la escuela<\/strong>: Viernes:&nbsp; (por concretar)<\/li>\n<\/ul>\n","protected":false},"excerpt":{"rendered":"<p>Informaci\u00f3n sobre las actividades extraescolares Las actividades extraescolares tienen lugar en horario de tarde, hasta las 18.00, y abarcan aspectos como la lectura, el deporte, los idiomas, la danza o el teatro, entre otras&#46;&#46;&#46;<\/p>\n","protected":false},"author":1,"featured_media":0,"parent":0,"menu_order":0,"comment_status":"open","ping_status":"open","template":"page-templates\/child-menu.php","meta":{"ngg_post_thumbnail":0,"footnotes":"","_mc_calendar":[]},"aioseo_notices":[],"_links":{"self":[{"href":"https:\/\/blogsaverroes.juntadeandalucia.es\/colinadelsol\/wp-json\/wp\/v2\/pages\/871"}],"collection":[{"href":"https:\/\/blogsaverroes.juntadeandalucia.es\/colinadelsol\/wp-json\/wp\/v2\/pages"}],"about":[{"href":"https:\/\/blogsaverroes.juntadeandalucia.es\/colinadelsol\/wp-json\/wp\/v2\/types\/page"}],"author":[{"embeddable":true,"href":"https:\/\/blogsaverroes.juntadeandalucia.es\/colinadelsol\/wp-json\/wp\/v2\/users\/1"}],"replies":[{"embeddable":true,"href":"https:\/\/blogsaverroes.juntadeandalucia.es\/colinadelsol\/wp-json\/wp\/v2\/comments?post=871"}],"version-history":[{"count":9,"href":"https:\/\/blogsaverroes.juntadeandalucia.es\/colinadelsol\/wp-json\/wp\/v2\/pages\/871\/revisions"}],"predecessor-version":[{"id":2191,"href":"https:\/\/blogsaverroes.juntadeandalucia.es\/colinadelsol\/wp-json\/wp\/v2\/pages\/871\/revisions\/2191"}],"wp:attachment":[{"href":"https:\/\/blogsaverroes.juntadeandalucia.es\/colinadelsol\/wp-json\/wp\/v2\/media?parent=871"}],"curies":[{"name":"wp","href":"https:\/\/api.w.org\/{rel}","templated":true}]}}