{"id":99,"date":"2015-03-16T07:22:54","date_gmt":"2015-03-16T07:22:54","guid":{"rendered":"http:\/\/blogsaverroes.juntadeandalucia.es\/pre\/ceip\/?page_id=99"},"modified":"2022-10-09T20:31:49","modified_gmt":"2022-10-09T20:31:49","slug":"comedor-escolar","status":"publish","type":"page","link":"https:\/\/blogsaverroes.juntadeandalucia.es\/colinadelsol\/comedor-escolar\/","title":{"rendered":"Comedor escolar"},"content":{"rendered":"<h4>Ejemplo de informaci\u00f3n sobre el comedor escolar<\/h4>\n<p>Los comedores escolares son un servicio complementario que resulta de gran utilidad a padres y madres para ayudarles a&nbsp;conciliar la vida laboral y familiar. Tienen una duraci\u00f3n de hasta dos horas desde que acaba la jornada escolar de la ma\u00f1ana (de 14.00 a 16.00 horas).<\/p>\n<p>Los comedores son adem\u00e1s una pieza importante&nbsp;en todas las medidas dirigidas a mejorar los h\u00e1bitos alimenticios de los ni\u00f1os y ni\u00f1as y prevenir problemas de salud como la obesidad.<\/p>\n<p><a href=\"https:\/\/blogsaverroes.juntadeandalucia.es\/colinadelsol\/files\/2015\/03\/educacion1.jpg\"><img loading=\"lazy\" decoding=\"async\" class=\"size-medium wp-image-1615 aligncenter\" src=\"https:\/\/blogsaverroes.juntadeandalucia.es\/colinadelsol\/files\/2015\/03\/educacion1-300x182.jpg\" alt=\"\" width=\"300\" height=\"182\" srcset=\"https:\/\/blogsaverroes.juntadeandalucia.es\/colinadelsol\/files\/2015\/03\/educacion1-300x182.jpg 300w, https:\/\/blogsaverroes.juntadeandalucia.es\/colinadelsol\/files\/2015\/03\/educacion1.jpg 512w\" sizes=\"(max-width: 300px) 100vw, 300px\" \/><\/a><\/p>\n<p>Los comedores escolares de los centros p\u00fablicos andaluces promueven una alimentaci\u00f3n saludable que est\u00e1 supervisada por nutricionistas y que, entre otros aspectos, se caracteriza por:<\/p>\n<p>Una mayor proporci\u00f3n de verdura en los men\u00fas<\/p>\n<p>Fruta fresca como postre al menos cuatro d\u00edas a la semana<\/p>\n<p>Uso de aceite de oliva virgen extra<\/p>\n<p>M\u00e1s pescado que carne, que debe ser magra<\/p>\n<p>Prohibici\u00f3n de los alimentos precocinados y limitaci\u00f3n de los fritos<\/p>\n<p>Apuesta por la dieta mediterr\u00e1nea y los productos ecol\u00f3gicos<\/p>\n<p>&nbsp;<\/p>\n<h2 style=\"text-align: center\"><strong>Esta secci\u00f3n servir\u00eda para informar&nbsp; acerca de cuestiones como:<\/strong><\/h2>\n<p><strong>Solicitudes (Secretar\u00eda del Centro)<br \/>\n<\/strong><\/p>\n<p><strong>Normativa<br \/>\n<\/strong><\/p>\n<p><strong>Empresa catering <a href=\"http:\/\/www.cateringelcantaro.com\/3xl-comedores_escolares.php\" target=\"_blank\" rel=\"noopener noreferrer\">\u00abEl C\u00e1ntaro\u00bb<\/a>&nbsp;<br \/>\n<\/strong><\/p>\n<p>Calle de Ram\u00f3n Hern\u00e1ndez, N\u00ba 15, Pol. Ind. Villa Rosa, 29004, M\u00e1laga, Espa\u00f1a<\/p>\n<table>\n<tbody>\n<tr>\n<td><b>Tel\u00e9fono:<\/b><\/td>\n<td>951 10 27 48<\/td>\n<\/tr>\n<tr>\n<td><b>Fax:<\/b><\/td>\n<td>952 24 28 70<\/td>\n<\/tr>\n<tr>\n<td><b>Email:<\/b><\/td>\n<td><a href=\"mailto:recibos@cateringelcantaro.com\">recibos@cateringelcantaro.com<\/a> (Asistencia y recibos)<\/td>\n<\/tr>\n<tr>\n<td>&nbsp;<\/td>\n<td><a href=\"mailto:info@cateringelcantaro.com\">info@cateringelcantaro.com<\/a> (Otros temas)<\/td>\n<\/tr>\n<tr>\n<td><b>Horario de oficina:<\/b><\/td>\n<td>De lunes a viernes de 9:00 a 18:00<\/td>\n<\/tr>\n<\/tbody>\n<\/table>\n<p>&nbsp;<\/p>\n<h3><strong>Men\u00fas:&nbsp; <a href=\"https:\/\/drive.google.com\/drive\/folders\/1211GFnuAn9GLLzVBRVKjXcbQLdFPv3tJ?usp=sharing\" target=\"_blank\" rel=\"noopener noreferrer\">\u00abOCTUBRE 22\u00bb<\/a><br \/>\n<\/strong><\/h3>\n","protected":false},"excerpt":{"rendered":"<p>Ejemplo de informaci\u00f3n sobre el comedor escolar Los comedores escolares son un servicio complementario que resulta de gran utilidad a padres y madres para ayudarles a&nbsp;conciliar la vida laboral y familiar. Tienen una duraci\u00f3n&#46;&#46;&#46;<\/p>\n","protected":false},"author":1,"featured_media":0,"parent":0,"menu_order":0,"comment_status":"open","ping_status":"open","template":"page-templates\/child-menu.php","meta":{"ngg_post_thumbnail":0,"footnotes":"","_mc_calendar":[]},"aioseo_notices":[],"_links":{"self":[{"href":"https:\/\/blogsaverroes.juntadeandalucia.es\/colinadelsol\/wp-json\/wp\/v2\/pages\/99"}],"collection":[{"href":"https:\/\/blogsaverroes.juntadeandalucia.es\/colinadelsol\/wp-json\/wp\/v2\/pages"}],"about":[{"href":"https:\/\/blogsaverroes.juntadeandalucia.es\/colinadelsol\/wp-json\/wp\/v2\/types\/page"}],"author":[{"embeddable":true,"href":"https:\/\/blogsaverroes.juntadeandalucia.es\/colinadelsol\/wp-json\/wp\/v2\/users\/1"}],"replies":[{"embeddable":true,"href":"https:\/\/blogsaverroes.juntadeandalucia.es\/colinadelsol\/wp-json\/wp\/v2\/comments?post=99"}],"version-history":[{"count":7,"href":"https:\/\/blogsaverroes.juntadeandalucia.es\/colinadelsol\/wp-json\/wp\/v2\/pages\/99\/revisions"}],"predecessor-version":[{"id":2194,"href":"https:\/\/blogsaverroes.juntadeandalucia.es\/colinadelsol\/wp-json\/wp\/v2\/pages\/99\/revisions\/2194"}],"wp:attachment":[{"href":"https:\/\/blogsaverroes.juntadeandalucia.es\/colinadelsol\/wp-json\/wp\/v2\/media?parent=99"}],"curies":[{"name":"wp","href":"https:\/\/api.w.org\/{rel}","templated":true}]}}