{"id":256,"date":"2018-01-23T10:12:05","date_gmt":"2018-01-23T09:12:05","guid":{"rendered":"http:\/\/blogsaverroes.juntadeandalucia.es\/competencias\/?page_id=256"},"modified":"2018-01-29T19:15:09","modified_gmt":"2018-01-29T18:15:09","slug":"normativasecundaria","status":"publish","type":"page","link":"https:\/\/blogsaverroes.juntadeandalucia.es\/competencias\/normativasecundaria\/","title":{"rendered":"Normativa &#8211; Secundaria y Bachillerato"},"content":{"rendered":"<p>Recomendaciones Parlamento Europeo<\/p>\n<ul style=\"list-style-type: circle\">\n<li><a href=\"http:\/\/eur-lex.europa.eu\/legal-content\/ES\/TXT\/PDF\/?uri=CELEX:32006H0962&amp;from=ES\" target=\"_blank\" rel=\"noopener\">http:\/\/eur-lex.europa.eu\/legal-content\/ES\/TXT\/PDF\/?uri=CELEX:32006H0962&amp;from=ES<\/a><\/li>\n<\/ul>\n<p>Nivel Estatal<\/p>\n<ul style=\"list-style-type: circle\">\n<li class=\"documento-tit\"><a href=\"https:\/\/www.boe.es\/diario_boe\/txt.php?id=BOE-A-2015-37\" target=\"_blank\" rel=\"noopener\">Real Decreto 1105\/2014, de 26 de diciembre, por el que se establece el curr\u00edculo b\u00e1sico de la Educaci\u00f3n Secundaria Obligatoria y del Bachillerato.<\/a><\/li>\n<li>\n<p class=\"documento-tit\"><a href=\"http:\/\/www.boe.es\/diario_boe\/txt.php?id=BOE-A-2015-738\" target=\"_blank\" rel=\"noopener\">Orden ECD\/65\/2015, de 21 de enero, por la que se describen las relaciones entre las competencias, los contenidos y los criterios de evaluaci\u00f3n de la educaci\u00f3n primaria, la educaci\u00f3n secundaria obligatoria y el bachillerato.<\/a><\/p>\n<\/li>\n<\/ul>\n<p>En Andaluc\u00eda<\/p>\n<ul style=\"list-style-type: circle\">\n<li style=\"text-align: justify\"><a href=\"http:\/\/juntadeandalucia.es\/boja\/2016\/144\/BOJA16-144-00289-13500-01_00095875.pdf\" target=\"_blank\" rel=\"noopener\">Orden de 14 de julio de 2016, por la que se desarrolla el curr\u00edculo correspondiente a la Educaci\u00f3n Secundaria Obligatoria en la Comunidad Aut\u00f3noma de Andaluc\u00eda, se regulan determinados aspectos de la atenci\u00f3n a la diversidad y se establece la ordenaci\u00f3n de la evaluaci\u00f3n del proceso de aprendizaje del alumnado.<\/a><\/li>\n<li style=\"text-align: justify\"><a href=\"http:\/\/juntadeandalucia.es\/boja\/2016\/122\/BOJA16-122-00019-11633-01_00094130.pdf\" target=\"_blank\" rel=\"noopener\">Decreto 111\/2016, de 14 de junio, por el que se establece la ordenaci\u00f3n y el curr\u00edculo de la Educaci\u00f3n Secundaria Obligatoria en la Comunidad Aut\u00f3noma de Andaluc\u00eda.<\/a><\/li>\n<li style=\"text-align: justify\"><a href=\"http:\/\/juntadeandalucia.es\/boja\/2016\/144\/BOJA16-144-00289-13500-01_00095875.pdf\" target=\"_blank\" rel=\"noopener\">Orden de 14 de julio de 2016, por la que se desarrolla el curr\u00edculo correspondiente a la Educaci\u00f3n Secundaria Obligatoria en la Comunidad Aut\u00f3noma de Andaluc\u00eda, se regulan determinados aspectos de la atenci\u00f3n a la diversidad y se establece la ordenaci\u00f3n de la evaluaci\u00f3n del proceso de aprendizaje del alumnado.<\/a><\/li>\n<\/ul>\n","protected":false},"excerpt":{"rendered":"<p>Recomendaciones Parlamento Europeo http:\/\/eur-lex.europa.eu\/legal-content\/ES\/TXT\/PDF\/?uri=CELEX:32006H0962&amp;from=ES Nivel Estatal Real Decreto 1105\/2014, de 26 de diciembre, por el que se establece el curr\u00edculo b\u00e1sico de la Educaci\u00f3n Secundaria Obligatoria y del Bachillerato. Orden ECD\/65\/2015, de 21 de&#46;&#46;&#46;<\/p>\n","protected":false},"author":2335,"featured_media":0,"parent":0,"menu_order":0,"comment_status":"closed","ping_status":"closed","template":"","meta":{"ngg_post_thumbnail":0,"footnotes":""},"aioseo_notices":[],"_links":{"self":[{"href":"https:\/\/blogsaverroes.juntadeandalucia.es\/competencias\/wp-json\/wp\/v2\/pages\/256"}],"collection":[{"href":"https:\/\/blogsaverroes.juntadeandalucia.es\/competencias\/wp-json\/wp\/v2\/pages"}],"about":[{"href":"https:\/\/blogsaverroes.juntadeandalucia.es\/competencias\/wp-json\/wp\/v2\/types\/page"}],"author":[{"embeddable":true,"href":"https:\/\/blogsaverroes.juntadeandalucia.es\/competencias\/wp-json\/wp\/v2\/users\/2335"}],"replies":[{"embeddable":true,"href":"https:\/\/blogsaverroes.juntadeandalucia.es\/competencias\/wp-json\/wp\/v2\/comments?post=256"}],"version-history":[{"count":10,"href":"https:\/\/blogsaverroes.juntadeandalucia.es\/competencias\/wp-json\/wp\/v2\/pages\/256\/revisions"}],"predecessor-version":[{"id":295,"href":"https:\/\/blogsaverroes.juntadeandalucia.es\/competencias\/wp-json\/wp\/v2\/pages\/256\/revisions\/295"}],"wp:attachment":[{"href":"https:\/\/blogsaverroes.juntadeandalucia.es\/competencias\/wp-json\/wp\/v2\/media?parent=256"}],"curies":[{"name":"wp","href":"https:\/\/api.w.org\/{rel}","templated":true}]}}