{"id":260,"date":"2018-01-23T10:23:01","date_gmt":"2018-01-23T09:23:01","guid":{"rendered":"http:\/\/blogsaverroes.juntadeandalucia.es\/competencias\/?page_id=260"},"modified":"2022-11-19T11:47:46","modified_gmt":"2022-11-19T10:47:46","slug":"normativaprimaria","status":"publish","type":"page","link":"https:\/\/blogsaverroes.juntadeandalucia.es\/competencias\/normativaprimaria\/","title":{"rendered":"Normativa &#8211; Primaria"},"content":{"rendered":"<p>Recomendaciones Parlamento Europeo<\/p>\n<ul style=\"list-style-type: circle\">\n<li><a href=\"http:\/\/eur-lex.europa.eu\/legal-content\/ES\/TXT\/PDF\/?uri=CELEX:32006H0962&amp;from=ES\" target=\"_blank\" rel=\"noopener noreferrer\">http:\/\/eur-lex.europa.eu\/legal-content\/ES\/TXT\/PDF\/?uri=CELEX:32006H0962&amp;from=ES<\/a><\/li>\n<\/ul>\n<p>A nivel Estatal<\/p>\n<ul style=\"list-style-type: circle\">\n<li>\n<p class=\"documento-tit\"><a href=\"https:\/\/www.boe.es\/diario_boe\/txt.php?id=BOE-A-2014-2222\" target=\"_blank\" rel=\"noopener noreferrer\">Real Decreto 126\/2014, de 28 de febrero, por el que se establece el curr\u00edculo b\u00e1sico de la Educaci\u00f3n Primaria.<\/a><\/p>\n<\/li>\n<li>\n<p class=\"documento-tit\"><a href=\"http:\/\/www.boe.es\/diario_boe\/txt.php?id=BOE-A-2015-738\" target=\"_blank\" rel=\"noopener noreferrer\">Orden ECD\/65\/2015, de 21 de enero, por la que se describen las relaciones entre las competencias, los contenidos y los criterios de evaluaci\u00f3n de la educaci\u00f3n primaria, la educaci\u00f3n secundaria obligatoria y el bachillerato.<\/a><\/p>\n<\/li>\n<\/ul>\n<p>En Andaluc\u00eda<\/p>\n<p>&nbsp;<\/p>\n<p>&nbsp;<\/p>\n","protected":false},"excerpt":{"rendered":"<p>Recomendaciones Parlamento Europeo http:\/\/eur-lex.europa.eu\/legal-content\/ES\/TXT\/PDF\/?uri=CELEX:32006H0962&amp;from=ES A nivel Estatal Real Decreto 126\/2014, de 28 de febrero, por el que se establece el curr\u00edculo b\u00e1sico de la Educaci\u00f3n Primaria. Orden ECD\/65\/2015, de 21 de enero, por la&#46;&#46;&#46;<\/p>\n","protected":false},"author":2335,"featured_media":0,"parent":0,"menu_order":0,"comment_status":"closed","ping_status":"closed","template":"","meta":{"ngg_post_thumbnail":0,"footnotes":""},"aioseo_notices":[],"_links":{"self":[{"href":"https:\/\/blogsaverroes.juntadeandalucia.es\/competencias\/wp-json\/wp\/v2\/pages\/260"}],"collection":[{"href":"https:\/\/blogsaverroes.juntadeandalucia.es\/competencias\/wp-json\/wp\/v2\/pages"}],"about":[{"href":"https:\/\/blogsaverroes.juntadeandalucia.es\/competencias\/wp-json\/wp\/v2\/types\/page"}],"author":[{"embeddable":true,"href":"https:\/\/blogsaverroes.juntadeandalucia.es\/competencias\/wp-json\/wp\/v2\/users\/2335"}],"replies":[{"embeddable":true,"href":"https:\/\/blogsaverroes.juntadeandalucia.es\/competencias\/wp-json\/wp\/v2\/comments?post=260"}],"version-history":[{"count":7,"href":"https:\/\/blogsaverroes.juntadeandalucia.es\/competencias\/wp-json\/wp\/v2\/pages\/260\/revisions"}],"predecessor-version":[{"id":327,"href":"https:\/\/blogsaverroes.juntadeandalucia.es\/competencias\/wp-json\/wp\/v2\/pages\/260\/revisions\/327"}],"wp:attachment":[{"href":"https:\/\/blogsaverroes.juntadeandalucia.es\/competencias\/wp-json\/wp\/v2\/media?parent=260"}],"curies":[{"name":"wp","href":"https:\/\/api.w.org\/{rel}","templated":true}]}}