{"id":58,"date":"2018-12-18T11:57:39","date_gmt":"2018-12-18T11:57:39","guid":{"rendered":"https:\/\/blogsaverroes.juntadeandalucia.es\/comunicaiesramonycajal\/?page_id=58"},"modified":"2019-01-10T13:48:36","modified_gmt":"2019-01-10T13:48:36","slug":"exposiciones","status":"publish","type":"page","link":"https:\/\/blogsaverroes.juntadeandalucia.es\/comunicaiesramonycajal\/exposiciones\/","title":{"rendered":"Exposiciones"},"content":{"rendered":"<ul style=\"list-style-type: square\">\n<li>&nbsp; &nbsp;<em>En<span style=\"color: #ff6600\"> <strong><u>2\u00ba ESO A<\/u><\/strong> <\/span>se han trabajado exposiciones de tema libre, elegido por el alumnado, y bajo la supervisi\u00f3n del profesor<\/em><img loading=\"lazy\" decoding=\"async\" class=\"wp-image-59 alignright\" src=\"https:\/\/blogsaverroes.juntadeandalucia.es\/comunicaiesramonycajal\/files\/2018\/12\/expo.jpg\" alt=\"\" width=\"179\" height=\"178\" srcset=\"https:\/\/blogsaverroes.juntadeandalucia.es\/comunicaiesramonycajal\/files\/2018\/12\/expo.jpg 225w, https:\/\/blogsaverroes.juntadeandalucia.es\/comunicaiesramonycajal\/files\/2018\/12\/expo-150x150.jpg 150w, https:\/\/blogsaverroes.juntadeandalucia.es\/comunicaiesramonycajal\/files\/2018\/12\/expo-100x100.jpg 100w, https:\/\/blogsaverroes.juntadeandalucia.es\/comunicaiesramonycajal\/files\/2018\/12\/expo-24x24.jpg 24w, https:\/\/blogsaverroes.juntadeandalucia.es\/comunicaiesramonycajal\/files\/2018\/12\/expo-36x36.jpg 36w, https:\/\/blogsaverroes.juntadeandalucia.es\/comunicaiesramonycajal\/files\/2018\/12\/expo-48x48.jpg 48w\" sizes=\"(max-width: 179px) 100vw, 179px\" \/><em>. A<\/em><em>lgunas de ellas son las siguientes:<\/em>\n<ul>\n<li><strong><em>Los reptiles<\/em><\/strong><\/li>\n<li><strong><em> Los conejos marinos<\/em><\/strong><\/li>\n<li><strong><em> Feminismo y machismo<\/em><\/strong><\/li>\n<li><strong><em> Las redes sociales<\/em><\/strong><\/li>\n<\/ul>\n<table>\n<tbody>\n<tr>\n<td><img loading=\"lazy\" decoding=\"async\" class=\"alignnone size-full wp-image-86\" src=\"https:\/\/blogsaverroes.juntadeandalucia.es\/comunicaiesramonycajal\/files\/2019\/01\/Exposiciones-2\u00ba-ESO-A-e1547127744700.jpg\" alt=\"\" width=\"500\" height=\"375\"><\/td>\n<td><img loading=\"lazy\" decoding=\"async\" class=\"alignnone size-full wp-image-85\" src=\"https:\/\/blogsaverroes.juntadeandalucia.es\/comunicaiesramonycajal\/files\/2019\/01\/Exposiciones-2\u00ba-ESO-A-II-e1547127764619.jpg\" alt=\"\" width=\"500\" height=\"375\"><\/td>\n<\/tr>\n<\/tbody>\n<\/table>\n<\/li>\n<li>&nbsp;<em>En <span style=\"color: #ff6600\"><strong><u>3\u00ba ESO PMAR<\/u><\/strong><\/span>, al igual que en 2\u00ba ESO, la tem\u00e1tica ha sido elegida por el alumnado; Por ejemplo, las tituladas:<\/em>\n<ul>\n<li><em><strong> \u201cLa historia de los coches\u201d<\/strong> <\/em><\/li>\n<li><strong><em> \u201cLos felinos\u201d.<\/em><\/strong><\/li>\n<\/ul>\n<p>&nbsp;<img loading=\"lazy\" decoding=\"async\" class=\"size-full wp-image-87 aligncenter\" src=\"https:\/\/blogsaverroes.juntadeandalucia.es\/comunicaiesramonycajal\/files\/2019\/01\/PMAR-e1547127800117.jpg\" alt=\"\" width=\"500\" height=\"375\"><\/li>\n<li><em>En <strong><span style=\"color: #ff6600\">4\u00ba ESO A<\/span>, <\/strong>el alumnado ha preparado exposiciones relacionadas con el contenido del curr\u00edculo, m\u00e1s concretamente el <strong>bloque de Educaci\u00f3n Literaria<\/strong>,&nbsp; la \u00e9poca del <strong>Romanticismo: teatro, prosa\u2026<\/strong><\/em><em><strong>&nbsp;&nbsp; <\/strong>Destacamos algunas de ellas:<\/em>\n<ul>\n<li><em><strong> <u>Los amantes de Teruel<\/u><\/strong>, de J.E. Hartzenbusch.<\/em><\/li>\n<li><em><strong> <u>La conjuraci\u00f3n de Venecia<\/u><\/strong>, de F. Mart\u00ednez de la Rosa.<\/em><\/li>\n<li><em> Larra y sus <strong><u>Art\u00edculos de costumbre<\/u><\/strong><\/em><\/li>\n<li><em> Victor Hugo y <strong><u>Los miserables<\/u><\/strong><\/em><\/li>\n<li><em> Alejandro Dumas y <strong><u>Los tres mosqueteros<\/u><\/strong><\/em><\/li>\n<\/ul>\n<\/li>\n<\/ul>\n<table>\n<tbody>\n<tr>\n<td><img loading=\"lazy\" decoding=\"async\" class=\"alignnone size-full wp-image-81\" src=\"https:\/\/blogsaverroes.juntadeandalucia.es\/comunicaiesramonycajal\/files\/2019\/01\/4\u00ba-ESO-A-e1547127883532.jpg\" alt=\"\" width=\"500\" height=\"375\"><\/td>\n<td><img loading=\"lazy\" decoding=\"async\" class=\"alignnone size-full wp-image-79\" src=\"https:\/\/blogsaverroes.juntadeandalucia.es\/comunicaiesramonycajal\/files\/2019\/01\/4\u00ba-ESO-A-II-e1547127905590.jpg\" alt=\"\" width=\"500\" height=\"375\"><\/td>\n<\/tr>\n<tr>\n<td><img loading=\"lazy\" decoding=\"async\" class=\"alignnone size-full wp-image-80\" src=\"https:\/\/blogsaverroes.juntadeandalucia.es\/comunicaiesramonycajal\/files\/2019\/01\/4\u00ba-ESO-A-III-e1547127931302.jpg\" alt=\"\" width=\"500\" height=\"375\"><\/td>\n<td><img loading=\"lazy\" decoding=\"async\" class=\"alignnone size-full wp-image-82\" src=\"https:\/\/blogsaverroes.juntadeandalucia.es\/comunicaiesramonycajal\/files\/2019\/01\/4\u00ba-ESO-IV-e1547127952434.jpg\" alt=\"\" width=\"500\" height=\"375\"><\/td>\n<\/tr>\n<tr>\n<td><img loading=\"lazy\" decoding=\"async\" class=\"alignnone size-full wp-image-83\" src=\"https:\/\/blogsaverroes.juntadeandalucia.es\/comunicaiesramonycajal\/files\/2019\/01\/4\u00ba-eso-V-e1547127976549.jpg\" alt=\"\" width=\"500\" height=\"375\"><\/td>\n<td><img loading=\"lazy\" decoding=\"async\" class=\"alignnone size-full wp-image-84\" src=\"https:\/\/blogsaverroes.juntadeandalucia.es\/comunicaiesramonycajal\/files\/2019\/01\/4\u00ba-ESO-VI-e1547127996303.jpg\" alt=\"\" width=\"500\" height=\"375\"><\/td>\n<\/tr>\n<\/tbody>\n<\/table>\nngg_shortcode_0_placeholder\n<ul style=\"list-style-type: square\">\n<li><strong><span style=\"color: #ff6600\">4\u00ba ESO B.<\/span> <\/strong>\n<ul style=\"list-style-type: circle\">\n<li><a href=\"https:\/\/blogsaverroes.juntadeandalucia.es\/comunicaiesramonycajal\/exposiciones\/63-2\/\">Exposiciones de alumnos y alumnas de Lat\u00edn de 4\u00ba de ESO B. Mitolog\u00eda cl\u00e1sica.&nbsp;<\/a><\/li>\n<\/ul>\n<\/li>\n<\/ul>\n<ul style=\"list-style-type: square\">\n<li><span style=\"color: #ff6600\"><strong>2\u00ba Bachillerato A<\/strong><\/span>\n<ul style=\"list-style-type: circle\">\n<li><a href=\"https:\/\/blogsaverroes.juntadeandalucia.es\/comunicaiesramonycajal\/exposiciones\/68-2\/\">Exposici\u00f3n oral de alumnos y alumnas de 2\u00ba de Bachillerato A de Lat\u00edn. Importancia del lat\u00edn y el griego en las lenguas de Europa.<\/a><\/li>\n<\/ul>\n<\/li>\n<\/ul>\n","protected":false},"excerpt":{"rendered":"<p>&nbsp; &nbsp;En 2\u00ba ESO A se han trabajado exposiciones de tema libre, elegido por el alumnado, y bajo la supervisi\u00f3n del profesor. Algunas de ellas son las siguientes: Los reptiles Los conejos marinos Feminismo y machismo Las redes sociales &nbsp;En 3\u00ba ESO PMAR, al igual que en 2\u00ba ESO, la tem\u00e1tica ha sido elegida por [&hellip;]<\/p>\n","protected":false},"author":2391,"featured_media":0,"parent":0,"menu_order":0,"comment_status":"closed","ping_status":"closed","template":"","meta":{"ngg_post_thumbnail":0,"footnotes":""},"aioseo_notices":[],"_links":{"self":[{"href":"https:\/\/blogsaverroes.juntadeandalucia.es\/comunicaiesramonycajal\/wp-json\/wp\/v2\/pages\/58"}],"collection":[{"href":"https:\/\/blogsaverroes.juntadeandalucia.es\/comunicaiesramonycajal\/wp-json\/wp\/v2\/pages"}],"about":[{"href":"https:\/\/blogsaverroes.juntadeandalucia.es\/comunicaiesramonycajal\/wp-json\/wp\/v2\/types\/page"}],"author":[{"embeddable":true,"href":"https:\/\/blogsaverroes.juntadeandalucia.es\/comunicaiesramonycajal\/wp-json\/wp\/v2\/users\/2391"}],"replies":[{"embeddable":true,"href":"https:\/\/blogsaverroes.juntadeandalucia.es\/comunicaiesramonycajal\/wp-json\/wp\/v2\/comments?post=58"}],"version-history":[{"count":10,"href":"https:\/\/blogsaverroes.juntadeandalucia.es\/comunicaiesramonycajal\/wp-json\/wp\/v2\/pages\/58\/revisions"}],"predecessor-version":[{"id":109,"href":"https:\/\/blogsaverroes.juntadeandalucia.es\/comunicaiesramonycajal\/wp-json\/wp\/v2\/pages\/58\/revisions\/109"}],"wp:attachment":[{"href":"https:\/\/blogsaverroes.juntadeandalucia.es\/comunicaiesramonycajal\/wp-json\/wp\/v2\/media?parent=58"}],"curies":[{"name":"wp","href":"https:\/\/api.w.org\/{rel}","templated":true}]}}