{"id":68,"date":"2018-12-18T17:21:30","date_gmt":"2018-12-18T17:21:30","guid":{"rendered":"https:\/\/blogsaverroes.juntadeandalucia.es\/comunicaiesramonycajal\/?page_id=68"},"modified":"2018-12-18T17:24:37","modified_gmt":"2018-12-18T17:24:37","slug":"68-2","status":"publish","type":"page","link":"https:\/\/blogsaverroes.juntadeandalucia.es\/comunicaiesramonycajal\/exposiciones\/68-2\/","title":{"rendered":"Importancia del lat\u00edn y el griego en las lenguas de Europa"},"content":{"rendered":"<p><a href=\"https:\/\/blogsaverroes.juntadeandalucia.es\/comunicaiesramonycajal\/exposiciones\/\">\u21d0Volver a exposiciones<\/a><\/p>\n<p><strong>Exposici\u00f3n oral de <span style=\"color: #008000\">alumnos y alumnas de 2\u00ba de Bachillerato A de Lat\u00edn<\/span> ante alumnos de 3\u00ba de ESO A y B acerca de la <span style=\"color: #ff6600\">importancia del lat\u00edn y el griego en las lenguas de Europa<\/span>, con motivo del d\u00eda Europeo de las Lenguas, que se celebr\u00f3 el 26 de septiembre pasado.<\/strong><\/p>\n<p style=\"text-align: center\">&nbsp;<a title=\"Exposici\u00f3n Lat\u00edn 2\u00ba Bach A\" href=\"https:\/\/www.flickr.com\/photos\/147552640@N03\/albums\/72157703290212581\"><img loading=\"lazy\" decoding=\"async\" src=\"https:\/\/farm5.staticflickr.com\/4860\/46366304631_093151f330_z.jpg\" alt=\"Exposici\u00f3n Lat\u00edn 2\u00ba Bach A\" width=\"640\" height=\"480\"><\/a><\/p>\n","protected":false},"excerpt":{"rendered":"<p>\u21d0Volver a exposiciones Exposici\u00f3n oral de alumnos y alumnas de 2\u00ba de Bachillerato A de Lat\u00edn ante alumnos de 3\u00ba de ESO A y B acerca de la importancia del lat\u00edn y el griego en las lenguas de Europa, con motivo del d\u00eda Europeo de las Lenguas, que se celebr\u00f3 el 26 de septiembre pasado. [&hellip;]<\/p>\n","protected":false},"author":2391,"featured_media":0,"parent":58,"menu_order":0,"comment_status":"closed","ping_status":"closed","template":"","meta":{"ngg_post_thumbnail":0,"footnotes":""},"aioseo_notices":[],"_links":{"self":[{"href":"https:\/\/blogsaverroes.juntadeandalucia.es\/comunicaiesramonycajal\/wp-json\/wp\/v2\/pages\/68"}],"collection":[{"href":"https:\/\/blogsaverroes.juntadeandalucia.es\/comunicaiesramonycajal\/wp-json\/wp\/v2\/pages"}],"about":[{"href":"https:\/\/blogsaverroes.juntadeandalucia.es\/comunicaiesramonycajal\/wp-json\/wp\/v2\/types\/page"}],"author":[{"embeddable":true,"href":"https:\/\/blogsaverroes.juntadeandalucia.es\/comunicaiesramonycajal\/wp-json\/wp\/v2\/users\/2391"}],"replies":[{"embeddable":true,"href":"https:\/\/blogsaverroes.juntadeandalucia.es\/comunicaiesramonycajal\/wp-json\/wp\/v2\/comments?post=68"}],"version-history":[{"count":4,"href":"https:\/\/blogsaverroes.juntadeandalucia.es\/comunicaiesramonycajal\/wp-json\/wp\/v2\/pages\/68\/revisions"}],"predecessor-version":[{"id":74,"href":"https:\/\/blogsaverroes.juntadeandalucia.es\/comunicaiesramonycajal\/wp-json\/wp\/v2\/pages\/68\/revisions\/74"}],"up":[{"embeddable":true,"href":"https:\/\/blogsaverroes.juntadeandalucia.es\/comunicaiesramonycajal\/wp-json\/wp\/v2\/pages\/58"}],"wp:attachment":[{"href":"https:\/\/blogsaverroes.juntadeandalucia.es\/comunicaiesramonycajal\/wp-json\/wp\/v2\/media?parent=68"}],"curies":[{"name":"wp","href":"https:\/\/api.w.org\/{rel}","templated":true}]}}