{"id":1129,"date":"2023-10-09T21:22:23","date_gmt":"2023-10-09T20:22:23","guid":{"rendered":"https:\/\/blogsaverroes.juntadeandalucia.es\/condesadelasquemadas\/?page_id=1129"},"modified":"2023-10-26T17:57:18","modified_gmt":"2023-10-26T16:57:18","slug":"datos-del-centro","status":"publish","type":"page","link":"https:\/\/blogsaverroes.juntadeandalucia.es\/condesadelasquemadas\/datos-del-centro\/","title":{"rendered":"Datos del centro"},"content":{"rendered":"<!--themify_builder_content-->\n<div id=\"themify_builder_content-1129\" data-postid=\"1129\" class=\"themify_builder_content themify_builder_content-1129 themify_builder tf_clear\">\n                    <div  data-lazy=\"1\" class=\"module_row themify_builder_row tb_n79s28 tb_first tf_w\">\n                        <div class=\"row_inner col_align_top tb_col_count_2 tf_box tf_rel\">\n                        <div  data-lazy=\"1\" class=\"module_column tb-column col2-1 tb_20vt28 first\">\n                    <!-- module text -->\n<div  class=\"module module-text tb_by1w29   \" data-lazy=\"1\">\n    <h3 class=\"module-title\">DATOS DEL CENTRO<\/h3>    <div  class=\"tb_text_wrap\">\n        <table style=\"width: 101.519%; background-color: #ffffff; border-style: solid;\">\n<tbody>\n<tr style=\"background-color: #60ccf7;\">\n<td style=\"width: 26.1072%; background-color: #ffffff; vertical-align: middle; border-style: solid; border-color: #000000;\"><span style=\"color: #000000; font-size: 14pt;\"><strong>C\u00f3digo del Centro<\/strong><\/span><\/td>\n<td style=\"width: 97.1011%; background-color: #ffffff; border-style: solid; border-color: #000000;\"><span style=\"color: #000000; font-size: 14pt;\">\u00a014001608<\/span><\/td>\n<\/tr>\n<tr>\n<td style=\"vertical-align: middle; width: 26.1072%; border-style: solid; border-color: #000000;\"><span style=\"color: #000000; font-size: 14pt;\"><strong>Direcci\u00f3n\u00a0<\/strong><\/span><\/td>\n<td style=\"width: 97.1011%; border-style: solid; border-color: #000000;\"><span style=\"color: #000000; font-size: 14pt;\">\u00a0c\/ Murcia, 2<\/span><\/td>\n<\/tr>\n<tr style=\"background-color: #60ccf7;\">\n<td style=\"vertical-align: middle; width: 26.1072%; background-color: #ffffff; border-style: solid; border-color: #000000;\"><span style=\"color: #000000; font-size: 14pt;\"><strong>C\u00f3digo Postal<\/strong><\/span><\/td>\n<td style=\"width: 97.1011%; background-color: #ffffff; border-style: solid; border-color: #000000;\"><span style=\"color: #000000; font-size: 14pt;\">\u00a014010\u00a0<\/span><\/td>\n<\/tr>\n<tr>\n<td style=\"vertical-align: middle; width: 26.1072%; background-color: #ffffff; border-style: solid; border-color: #000000;\"><span style=\"color: #000000; font-size: 14pt;\"><strong>Localidad<\/strong><\/span><\/td>\n<td style=\"width: 97.1011%; background-color: #ffffff; border-style: solid; border-color: #000000;\"><span style=\"color: #000000; font-size: 14pt;\">C\u00f3rdoba<\/span><\/td>\n<\/tr>\n<tr style=\"background-color: #60ccf7;\">\n<td style=\"vertical-align: middle; width: 26.1072%; background-color: #ffffff; border-style: solid; border-color: #000000;\"><span style=\"color: #000000; font-size: 14pt;\"><strong>Provincia\u00a0<\/strong><\/span><\/td>\n<td style=\"width: 97.1011%; background-color: #ffffff; border-style: solid; border-color: #000000;\"><span style=\"color: #000000; font-size: 14pt;\">\u00a0C\u00f3rdoba<\/span><\/td>\n<\/tr>\n<tr>\n<td style=\"vertical-align: middle; width: 26.1072%; background-color: #ffffff; border-style: solid; border-color: #000000;\"><span style=\"color: #000000; font-size: 14pt;\"><strong>Tel\u00e9fonos<\/strong><\/span><\/td>\n<td style=\"width: 97.1011%; background-color: #ffffff; border-style: solid; border-color: #000000;\">\n<p><span style=\"color: #000000; font-size: 14pt;\">Direcci\u00f3n: 697 951 765<\/span><\/p>\n<p><span style=\"color: #000000; font-size: 14pt;\">Secretar\u00eda: 957 379 968<\/span><\/p>\n<p><span style=\"color: #000000; font-size: 14pt;\">Corporativo: 58 29 68<\/span><\/p>\n<\/td>\n<\/tr>\n<tr>\n<td style=\"vertical-align: middle; width: 26.1072%; background-color: #ffffff; border-style: solid; border-color: #000000;\"><span style=\"color: #000000; font-size: 14pt;\"><strong>Fax\u00a0<\/strong><\/span><\/td>\n<td style=\"width: 97.1011%; background-color: #ffffff; border-style: solid; border-color: #000000;\"><span style=\"color: #000000; font-size: 14pt;\"> 957379970<\/span><\/td>\n<\/tr>\n<tr style=\"background-color: #60ccf7;\">\n<td style=\"vertical-align: middle; width: 26.1072%; background-color: #ffffff; border-style: solid; border-color: #000000;\"><span style=\"color: #000000; font-size: 14pt;\"><strong>Correo electr\u00f3nico<\/strong><\/span><\/td>\n<td style=\"width: 97.1011%; background-color: #ffffff; border-style: solid; border-color: #000000;\"><span style=\"color: #000000; font-size: 14pt;\"> 14001608.edu@juntadeandalucia.es<\/span><\/td>\n<\/tr>\n<tr>\n<td style=\"vertical-align: middle; width: 26.1072%; background-color: #ffffff; border-style: solid; border-color: #000000;\"><span style=\"color: #000000; font-size: 14pt;\"><strong>P\u00e1gina web<\/strong><\/span><\/td>\n<td style=\"width: 97.1011%; background-color: #ffffff; border-style: solid; border-color: #000000;\"><span style=\"color: #000000; font-size: 14pt;\"><a style=\"color: #000000;\" href=\"https:\/\/blogsaverroes.juntadeandalucia.es\/ceipramonhernandez\" target=\"_blank\" rel=\"noopener noreferrer\">Web del centro<\/a><\/span><\/td>\n<\/tr>\n<tr style=\"background-color: #60ccf7;\">\n<td style=\"width: 26.1072%; vertical-align: middle; background-color: #ffffff; border-style: solid; border-color: #000000;\"><span style=\"color: #000000; font-size: 14pt;\"><strong>Oferta Educativa<\/strong><\/span><\/td>\n<td style=\"width: 97.1011%; background-color: #ffffff; border-style: solid; border-color: #000000;\">\n<p style=\"text-align: left;\"><span style=\"color: #000000; font-size: 14pt;\">Segundo ciclo de Educaci\u00f3n Infantil<\/span><\/p>\n<p style=\"text-align: left;\"><span style=\"color: #000000; font-size: 14pt;\">Educaci\u00f3n Primaria<\/span><\/p>\n<p style=\"text-align: left;\"><span style=\"color: #000000; font-size: 14pt;\">Educaci\u00f3n B\u00e1sica Especial<\/span><\/p>\n<ul>\n<li style=\"list-style-type: none;\">\n<ul>\n<li style=\"text-align: left;\"><span style=\"color: #000000; font-size: 14pt;\">E<\/span><span style=\"font-size: 14pt; color: #000000;\">ducaci\u00f3n especial apoyo a la integraci\u00f3n<\/span><\/li>\n<li style=\"text-align: left;\"><span style=\"font-size: 14pt; color: #000000;\">Audici\u00f3n y lenguaje apoyo a la integraci\u00f3n<\/span><\/li>\n<li style=\"text-align: left;\"><span style=\"font-size: 14pt; color: #000000;\">Aula TEA<\/span><\/li>\n<\/ul>\n<\/li>\n<\/ul>\n<\/td>\n<\/tr>\n<\/tbody>\n<\/table>    <\/div>\n<\/div>\n<!-- \/module text -->        <\/div>\n                    <div  data-lazy=\"1\" class=\"module_column tb-column col2-1 tb_uadb31 last\">\n                    <!-- module text -->\n<div  class=\"module module-text tb_xknx32   \" data-lazy=\"1\">\n    <h3 class=\"module-title\">LOCALIZACI\u00d3N<\/h3>    <div  class=\"tb_text_wrap\">\n        <h1 style=\"text-align: center;\"><iframe loading=\"lazy\" style=\"border: 0;\" src=\"https:\/\/www.google.com\/maps\/embed?pb=!1m18!1m12!1m3!1d634.465671594396!2d-4.76589871816018!3d37.88944221785302!2m3!1f0!2f0!3f0!3m2!1i1024!2i768!4f13.1!3m3!1m2!1s0xd6cdf83eada42b5%3A0xe2e6ce1fc974069!2sColegio%20P%C3%BAblico%20Condesa%20de%20las%20Quemadas!5e1!3m2!1ses!2ses!4v1697384614836!5m2!1ses!2ses\" width=\"600\" height=\"450\" allowfullscreen=\"allowfullscreen\"><\/iframe><\/h1>    <\/div>\n<\/div>\n<!-- \/module text -->        <\/div>\n                        <\/div>\n        <\/div>\n        <\/div>\n<!--\/themify_builder_content-->\n<p>&nbsp;<\/p>\n<p>&nbsp;<\/p>","protected":false},"excerpt":{"rendered":"<p>DATOS DEL CENTRO C\u00f3digo del Centro \u00a014001608 Direcci\u00f3n\u00a0 \u00a0c\/ Murcia, 2 C\u00f3digo Postal \u00a014010\u00a0 Localidad C\u00f3rdoba Provincia\u00a0 \u00a0C\u00f3rdoba Tel\u00e9fonos Direcci\u00f3n: 697 951 765 Secretar\u00eda: 957 379 968 Corporativo: 58 29 68 Fax\u00a0 957379970 Correo electr\u00f3nico 14001608.edu@juntadeandalucia.es P\u00e1gina web Web del centro Oferta Educativa Segundo ciclo de Educaci\u00f3n Infantil Educaci\u00f3n Primaria Educaci\u00f3n B\u00e1sica Especial Educaci\u00f3n especial [&hellip;]<\/p>\n","protected":false},"author":15404,"featured_media":0,"parent":0,"menu_order":0,"comment_status":"closed","ping_status":"closed","template":"","meta":{"ngg_post_thumbnail":0,"footnotes":""},"aioseo_notices":[],"_links":{"self":[{"href":"https:\/\/blogsaverroes.juntadeandalucia.es\/condesadelasquemadas\/wp-json\/wp\/v2\/pages\/1129"}],"collection":[{"href":"https:\/\/blogsaverroes.juntadeandalucia.es\/condesadelasquemadas\/wp-json\/wp\/v2\/pages"}],"about":[{"href":"https:\/\/blogsaverroes.juntadeandalucia.es\/condesadelasquemadas\/wp-json\/wp\/v2\/types\/page"}],"author":[{"embeddable":true,"href":"https:\/\/blogsaverroes.juntadeandalucia.es\/condesadelasquemadas\/wp-json\/wp\/v2\/users\/15404"}],"replies":[{"embeddable":true,"href":"https:\/\/blogsaverroes.juntadeandalucia.es\/condesadelasquemadas\/wp-json\/wp\/v2\/comments?post=1129"}],"version-history":[{"count":24,"href":"https:\/\/blogsaverroes.juntadeandalucia.es\/condesadelasquemadas\/wp-json\/wp\/v2\/pages\/1129\/revisions"}],"predecessor-version":[{"id":1389,"href":"https:\/\/blogsaverroes.juntadeandalucia.es\/condesadelasquemadas\/wp-json\/wp\/v2\/pages\/1129\/revisions\/1389"}],"wp:attachment":[{"href":"https:\/\/blogsaverroes.juntadeandalucia.es\/condesadelasquemadas\/wp-json\/wp\/v2\/media?parent=1129"}],"curies":[{"name":"wp","href":"https:\/\/api.w.org\/{rel}","templated":true}]}}